{"id":9764,"date":"2011-07-12T22:03:30","date_gmt":"2011-07-12T20:03:30","guid":{"rendered":"http:\/\/www.denkfried.de\/wp\/?page_id=9764"},"modified":"2011-07-12T22:03:30","modified_gmt":"2011-07-12T20:03:30","slug":"loupeigne-90","status":"publish","type":"page","link":"http:\/\/www.denkfried.de\/wp\/?page_id=9764","title":{"rendered":"Loupeigne  (90)"},"content":{"rendered":"<p>&nbsp;<\/p>\n<p><span style=\"text-decoration: underline;\"><strong>02130 Loupeigne<\/strong><\/span><\/p>\n<p>Aus dem Reisebericht von Hubert M. :<\/p>\n<p>&#8222;Jetzt besuchen wir den deutschen Soldatenfriedhof des Ersten Weltkriegs Loupeigne Nr.91. Der Friedhof liegt an der D 79 zwischen Loupeigne und Mareull.<br \/>\nVon franz\u00f6sischen Milit\u00e4rbeh\u00f6rden \u00a0f\u00fcr Gefallene aus 19 Gemeinden angelegt. Hier liegen 478 Deutsche begraben.<br \/>\n1914 starben viele \u00a0beim Vormarsch der deutschen Truppen bis zur Marne, beim R\u00fcckzug auf das Aisnetal und dem Chemin-des-Dames.<br \/>\n1972 wechselte der Volksbund die Holzkreuze gegen Steinkreuze aus. F\u00fcr meinen Bekannten ist dies schon der zweite Besuch auf diesem Soldatenfriedhof, denn der Grossvater seiner Frau, der Major Eberhard Freiherr G\u00f6ler von Ravensburg gefallen am 29.06.1918 ist hier zur letzten Ruhe gebettet. Wir bringen an seinem Grab frische Blumen an und entz\u00fcnden eine Kerze. Wir singen ihnen noch das Lied vom Kameraden und machen anschliesend eine kleine Mittagspause, dann geht es wieder weiter. Neben dem deutschen Gr\u00e4berfeld sind 657 franz\u00f6sische \u00a0Gefallene in einem eigenen Gr\u00e4berfeld beigesetzt.&#8220;<\/p>\n<div id='gallery-1' class='gallery galleryid-9764 gallery-columns-3 gallery-size-thumbnail'><dl class='gallery-item'>\n\t\t\t<dt class='gallery-icon landscape'>\n\t\t\t\t<a href='http:\/\/www.denkfried.de\/wp\/?attachment_id=9768'><img loading=\"lazy\" decoding=\"async\" width=\"150\" height=\"150\" src=\"http:\/\/www.denkfried.de\/wp\/wp-content\/uploads\/2011\/07\/Loupeigne-Aufgang-01-150x150.jpg\" class=\"attachment-thumbnail size-thumbnail\" alt=\"\" \/><\/a>\n\t\t\t<\/dt><\/dl><dl class='gallery-item'>\n\t\t\t<dt class='gallery-icon landscape'>\n\t\t\t\t<a href='http:\/\/www.denkfried.de\/wp\/?attachment_id=9771'><img loading=\"lazy\" decoding=\"async\" width=\"150\" height=\"150\" src=\"http:\/\/www.denkfried.de\/wp\/wp-content\/uploads\/2011\/07\/Loupeigne-Hinweisplatte-02-150x150.jpg\" class=\"attachment-thumbnail size-thumbnail\" alt=\"\" \/><\/a>\n\t\t\t<\/dt><\/dl><dl class='gallery-item'>\n\t\t\t<dt class='gallery-icon portrait'>\n\t\t\t\t<a href='http:\/\/www.denkfried.de\/wp\/?attachment_id=9769'><img loading=\"lazy\" decoding=\"async\" width=\"150\" height=\"150\" src=\"http:\/\/www.denkfried.de\/wp\/wp-content\/uploads\/2011\/07\/Loupeigne-Eberhard-Fr.G\u00f6ler-v.Ravensburg-sen.-03-150x150.jpg\" class=\"attachment-thumbnail size-thumbnail\" alt=\"\" \/><\/a>\n\t\t\t<\/dt><\/dl><br style=\"clear: both\" \/><dl class='gallery-item'>\n\t\t\t<dt class='gallery-icon landscape'>\n\t\t\t\t<a href='http:\/\/www.denkfried.de\/wp\/?attachment_id=9767'><img loading=\"lazy\" decoding=\"async\" width=\"150\" height=\"150\" src=\"http:\/\/www.denkfried.de\/wp\/wp-content\/uploads\/2011\/07\/Loupeigne-Ansicht-Grabreihen-04-150x150.jpg\" class=\"attachment-thumbnail size-thumbnail\" alt=\"\" \/><\/a>\n\t\t\t<\/dt><\/dl><dl class='gallery-item'>\n\t\t\t<dt class='gallery-icon landscape'>\n\t\t\t\t<a href='http:\/\/www.denkfried.de\/wp\/?attachment_id=9770'><img loading=\"lazy\" decoding=\"async\" width=\"150\" height=\"150\" src=\"http:\/\/www.denkfried.de\/wp\/wp-content\/uploads\/2011\/07\/Loupeigne-Gr\u00e4berfeld-05-150x150.jpg\" class=\"attachment-thumbnail size-thumbnail\" alt=\"\" \/><\/a>\n\t\t\t<\/dt><\/dl><dl class='gallery-item'>\n\t\t\t<dt class='gallery-icon landscape'>\n\t\t\t\t<a href='http:\/\/www.denkfried.de\/wp\/?attachment_id=9766'><img loading=\"lazy\" decoding=\"async\" width=\"150\" height=\"150\" src=\"http:\/\/www.denkfried.de\/wp\/wp-content\/uploads\/2011\/07\/Loupeigne-Kreuzreihen-06-150x150.jpg\" class=\"attachment-thumbnail size-thumbnail\" alt=\"\" \/><\/a>\n\t\t\t<\/dt><\/dl><br style=\"clear: both\" \/>\n\t\t<\/div>\n\n","protected":false},"excerpt":{"rendered":"<p>&nbsp; 02130 Loupeigne Aus dem Reisebericht von Hubert M. : &#8222;Jetzt besuchen wir den deutschen Soldatenfriedhof des Ersten Weltkriegs Loupeigne Nr.91. Der Friedhof liegt an der D 79 zwischen Loupeigne und Mareull. Von franz\u00f6sischen Milit\u00e4rbeh\u00f6rden \u00a0f\u00fcr Gefallene aus 19 Gemeinden &hellip; <a href=\"http:\/\/www.denkfried.de\/wp\/?page_id=9764\">Weiterlesen <span class=\"meta-nav\">&rarr;<\/span><\/a><\/p>\n","protected":false},"author":2,"featured_media":0,"parent":8209,"menu_order":0,"comment_status":"closed","ping_status":"open","template":"","meta":{"footnotes":""},"class_list":["post-9764","page","type-page","status-publish","hentry"],"_links":{"self":[{"href":"http:\/\/www.denkfried.de\/wp\/index.php?rest_route=\/wp\/v2\/pages\/9764","targetHints":{"allow":["GET"]}}],"collection":[{"href":"http:\/\/www.denkfried.de\/wp\/index.php?rest_route=\/wp\/v2\/pages"}],"about":[{"href":"http:\/\/www.denkfried.de\/wp\/index.php?rest_route=\/wp\/v2\/types\/page"}],"author":[{"embeddable":true,"href":"http:\/\/www.denkfried.de\/wp\/index.php?rest_route=\/wp\/v2\/users\/2"}],"replies":[{"embeddable":true,"href":"http:\/\/www.denkfried.de\/wp\/index.php?rest_route=%2Fwp%2Fv2%2Fcomments&post=9764"}],"version-history":[{"count":3,"href":"http:\/\/www.denkfried.de\/wp\/index.php?rest_route=\/wp\/v2\/pages\/9764\/revisions"}],"predecessor-version":[{"id":9773,"href":"http:\/\/www.denkfried.de\/wp\/index.php?rest_route=\/wp\/v2\/pages\/9764\/revisions\/9773"}],"up":[{"embeddable":true,"href":"http:\/\/www.denkfried.de\/wp\/index.php?rest_route=\/wp\/v2\/pages\/8209"}],"wp:attachment":[{"href":"http:\/\/www.denkfried.de\/wp\/index.php?rest_route=%2Fwp%2Fv2%2Fmedia&parent=9764"}],"curies":[{"name":"wp","href":"https:\/\/api.w.org\/{rel}","templated":true}]}}