{"id":9708,"date":"2011-07-11T21:54:59","date_gmt":"2011-07-11T19:54:59","guid":{"rendered":"http:\/\/www.denkfried.de\/wp\/?page_id=9708"},"modified":"2011-07-11T21:59:56","modified_gmt":"2011-07-11T19:59:56","slug":"zborov","status":"publish","type":"page","link":"http:\/\/www.denkfried.de\/wp\/?page_id=9708","title":{"rendered":"Zborov"},"content":{"rendered":"<p>&nbsp;<\/p>\n<p><span style=\"text-decoration: underline;\"><strong>086 33 Zborov<\/strong><\/span><\/p>\n<p><strong>Soldatenfriedhof Zborov<\/strong><\/p>\n<p>Auf dem Gemeindefriedhof von Zborov war ein Gro\u00dfteil der w\u00e4hrend der Kriegszeit angelegten Gr\u00e4ber erhalten geblieben. Durch die gute Zusammenarbeit mit der Gemeindeverwaltung entstand hier der erste Soldatenfriedhof in der Slowakischen F\u00f6deration der ehemaligen CSFR.<\/p>\n<p>Die Ausbauarbeiten begannen 1991 mit der Exhumierung des Gr\u00e4berfeldes, das anschlie\u00dfend neu geordnet wurde, so dass Zubettungsfl\u00e4chen f\u00fcr weitere Tote entstanden.<\/p>\n<p>Auf den Gr\u00e4bern stehen Granitkreuze mit den Namen und Daten von jeweils drei Toten pro Seite. Die Zubettungsarbeiten wurden 1997 abgeschlossen und die letzten Kreuze wurden im Herbst 1999 versetzt, ebenso wie die Namenstafeln f\u00fcr die in den Ausbettungsbereichen nicht geborgenen Toten.<\/p>\n<p>1.137 Tote ruhen auf dem am 19. September 1993 eingeweihtem Friedhof.<\/p>\n<p>Mit freundlicher Genehmigung von Kurt A.<\/p>\n<p><a href=\"http:\/\/www.denkfried.de\/wp\/?attachment_id=9709\" rel=\"attachment wp-att-9709\"><img loading=\"lazy\" decoding=\"async\" class=\"alignnone size-medium wp-image-9709\" title=\"Zbov1\" src=\"http:\/\/www.denkfried.de\/wp\/wp-content\/uploads\/2011\/07\/Zbov1-300x225.jpg\" alt=\"\" width=\"300\" height=\"225\" srcset=\"http:\/\/www.denkfried.de\/wp\/wp-content\/uploads\/2011\/07\/Zbov1-300x225.jpg 300w, http:\/\/www.denkfried.de\/wp\/wp-content\/uploads\/2011\/07\/Zbov1.jpg 640w\" sizes=\"auto, (max-width: 300px) 100vw, 300px\" \/><\/a><\/p>\n","protected":false},"excerpt":{"rendered":"<p>&nbsp; 086 33 Zborov Soldatenfriedhof Zborov Auf dem Gemeindefriedhof von Zborov war ein Gro\u00dfteil der w\u00e4hrend der Kriegszeit angelegten Gr\u00e4ber erhalten geblieben. Durch die gute Zusammenarbeit mit der Gemeindeverwaltung entstand hier der erste Soldatenfriedhof in der Slowakischen F\u00f6deration der ehemaligen &hellip; <a href=\"http:\/\/www.denkfried.de\/wp\/?page_id=9708\">Weiterlesen <span class=\"meta-nav\">&rarr;<\/span><\/a><\/p>\n","protected":false},"author":2,"featured_media":0,"parent":349,"menu_order":0,"comment_status":"closed","ping_status":"open","template":"","meta":{"footnotes":""},"class_list":["post-9708","page","type-page","status-publish","hentry"],"_links":{"self":[{"href":"http:\/\/www.denkfried.de\/wp\/index.php?rest_route=\/wp\/v2\/pages\/9708","targetHints":{"allow":["GET"]}}],"collection":[{"href":"http:\/\/www.denkfried.de\/wp\/index.php?rest_route=\/wp\/v2\/pages"}],"about":[{"href":"http:\/\/www.denkfried.de\/wp\/index.php?rest_route=\/wp\/v2\/types\/page"}],"author":[{"embeddable":true,"href":"http:\/\/www.denkfried.de\/wp\/index.php?rest_route=\/wp\/v2\/users\/2"}],"replies":[{"embeddable":true,"href":"http:\/\/www.denkfried.de\/wp\/index.php?rest_route=%2Fwp%2Fv2%2Fcomments&post=9708"}],"version-history":[{"count":7,"href":"http:\/\/www.denkfried.de\/wp\/index.php?rest_route=\/wp\/v2\/pages\/9708\/revisions"}],"predecessor-version":[{"id":9714,"href":"http:\/\/www.denkfried.de\/wp\/index.php?rest_route=\/wp\/v2\/pages\/9708\/revisions\/9714"}],"up":[{"embeddable":true,"href":"http:\/\/www.denkfried.de\/wp\/index.php?rest_route=\/wp\/v2\/pages\/349"}],"wp:attachment":[{"href":"http:\/\/www.denkfried.de\/wp\/index.php?rest_route=%2Fwp%2Fv2%2Fmedia&parent=9708"}],"curies":[{"name":"wp","href":"https:\/\/api.w.org\/{rel}","templated":true}]}}