{"id":9682,"date":"2011-07-10T23:43:01","date_gmt":"2011-07-10T21:43:01","guid":{"rendered":"http:\/\/www.denkfried.de\/wp\/?page_id=9682"},"modified":"2011-07-10T23:43:01","modified_gmt":"2011-07-10T21:43:01","slug":"sologubowka","status":"publish","type":"page","link":"http:\/\/www.denkfried.de\/wp\/?page_id=9682","title":{"rendered":"Sologubowka"},"content":{"rendered":"<p>&nbsp;<\/p>\n<p><span style=\"text-decoration: underline;\"><strong>Sologubowka<\/strong><\/span><\/p>\n<p>Oblast Leningrad<\/p>\n<p>Ein Bericht von Josef M.\u00a0\u00a0\u00a0\u00a0\u00a0\u00a0\u00a0\u00a0\u00a0 Fotos von Kurt A.<\/p>\n<p>1994 begann der Volksbund mit der Suche nach einem geeigneten Gel\u00e4nde f\u00fcr einen gro\u00dfen Sammelfriedhof. Zahlreiche, w\u00e4hrend des Krieges angelegte deutsche Soldatenfriedh\u00f6fe wurden begutachtet. Hier im Ort Sologubowka (Ortsteil Lezje), etwa 70 Kilometer von St. Petersburg entfernt, bot sich ein ausreichend gro\u00dfes Gel\u00e4nde an, zumal es bereits in der direkten Umgebung des heutigen Friedhofes vier kleinere Gr\u00e4berfelder mit insgesamt 3.198 Toten gab.<\/p>\n<p>Der Volksbund erhielt f\u00fcr den Bau des Friedhofes ein f\u00fcnf Hektar gro\u00dfes Gel\u00e4nde auf kircheneigenem Grund. Ein russischer Architekt aus St. Petersburg erstellte auf der Grundlage von Vorgaben des Volksbundes die Gestaltungsplanung. Das Projekt gliedert sich in drei Teilbereiche: den Friedhof mit Zubettungsm\u00f6glichkeiten f\u00fcr bis zu 68.000 Toten als Ort der Erinnerung und Mahnung, einen anschlie\u00dfenden Friedenspark und der Kirche Mari\u00e4 Himmelfahrt.<\/p>\n<p>Die Kirche wurde 1851 eingeweiht und 1880 mit einem Glockenturm versehen. In den zwanziger und drei\u00dfiger Jahren ausgepl\u00fcndert, wurde sie 1937 geschlossen. W\u00e4hrend der Kriegsjahre befand sich im Keller der Kirche ein Lazarett f\u00fcr deutsche Soldaten.<\/p>\n<p>Mit freundlicher Genehmigung Kurt A.<\/p>\n<div id='gallery-1' class='gallery galleryid-9682 gallery-columns-4 gallery-size-thumbnail'><dl class='gallery-item'>\n\t\t\t<dt class='gallery-icon landscape'>\n\t\t\t\t<a href='http:\/\/www.denkfried.de\/wp\/?attachment_id=9687'><img loading=\"lazy\" decoding=\"async\" width=\"150\" height=\"150\" src=\"http:\/\/www.denkfried.de\/wp\/wp-content\/uploads\/2011\/07\/SG1-150x150.jpg\" class=\"attachment-thumbnail size-thumbnail\" alt=\"\" \/><\/a>\n\t\t\t<\/dt><\/dl><dl class='gallery-item'>\n\t\t\t<dt class='gallery-icon landscape'>\n\t\t\t\t<a href='http:\/\/www.denkfried.de\/wp\/?attachment_id=9688'><img loading=\"lazy\" decoding=\"async\" width=\"150\" height=\"150\" src=\"http:\/\/www.denkfried.de\/wp\/wp-content\/uploads\/2011\/07\/SG2-150x150.jpg\" class=\"attachment-thumbnail size-thumbnail\" alt=\"\" \/><\/a>\n\t\t\t<\/dt><\/dl><dl class='gallery-item'>\n\t\t\t<dt class='gallery-icon landscape'>\n\t\t\t\t<a href='http:\/\/www.denkfried.de\/wp\/?attachment_id=9689'><img loading=\"lazy\" decoding=\"async\" width=\"150\" height=\"150\" src=\"http:\/\/www.denkfried.de\/wp\/wp-content\/uploads\/2011\/07\/SG3-150x150.jpg\" class=\"attachment-thumbnail size-thumbnail\" alt=\"\" \/><\/a>\n\t\t\t<\/dt><\/dl><dl class='gallery-item'>\n\t\t\t<dt class='gallery-icon landscape'>\n\t\t\t\t<a href='http:\/\/www.denkfried.de\/wp\/?attachment_id=9690'><img loading=\"lazy\" decoding=\"async\" width=\"150\" height=\"150\" src=\"http:\/\/www.denkfried.de\/wp\/wp-content\/uploads\/2011\/07\/SG4-150x150.jpg\" class=\"attachment-thumbnail size-thumbnail\" alt=\"\" \/><\/a>\n\t\t\t<\/dt><\/dl><br style=\"clear: both\" \/><dl class='gallery-item'>\n\t\t\t<dt class='gallery-icon landscape'>\n\t\t\t\t<a href='http:\/\/www.denkfried.de\/wp\/?attachment_id=9683'><img loading=\"lazy\" decoding=\"async\" width=\"150\" height=\"150\" src=\"http:\/\/www.denkfried.de\/wp\/wp-content\/uploads\/2011\/07\/SG5-150x150.jpg\" class=\"attachment-thumbnail size-thumbnail\" alt=\"\" \/><\/a>\n\t\t\t<\/dt><\/dl><dl class='gallery-item'>\n\t\t\t<dt class='gallery-icon landscape'>\n\t\t\t\t<a href='http:\/\/www.denkfried.de\/wp\/?attachment_id=9684'><img loading=\"lazy\" decoding=\"async\" width=\"150\" height=\"150\" src=\"http:\/\/www.denkfried.de\/wp\/wp-content\/uploads\/2011\/07\/SG7-150x150.jpg\" class=\"attachment-thumbnail size-thumbnail\" alt=\"\" \/><\/a>\n\t\t\t<\/dt><\/dl><dl class='gallery-item'>\n\t\t\t<dt class='gallery-icon landscape'>\n\t\t\t\t<a href='http:\/\/www.denkfried.de\/wp\/?attachment_id=9685'><img loading=\"lazy\" decoding=\"async\" width=\"150\" height=\"150\" src=\"http:\/\/www.denkfried.de\/wp\/wp-content\/uploads\/2011\/07\/SG8-150x150.jpg\" class=\"attachment-thumbnail size-thumbnail\" alt=\"\" \/><\/a>\n\t\t\t<\/dt><\/dl><dl class='gallery-item'>\n\t\t\t<dt class='gallery-icon landscape'>\n\t\t\t\t<a href='http:\/\/www.denkfried.de\/wp\/?attachment_id=9686'><img loading=\"lazy\" decoding=\"async\" width=\"150\" height=\"150\" src=\"http:\/\/www.denkfried.de\/wp\/wp-content\/uploads\/2011\/07\/SG9-150x150.jpg\" class=\"attachment-thumbnail size-thumbnail\" alt=\"\" \/><\/a>\n\t\t\t<\/dt><\/dl><br style=\"clear: both\" \/>\n\t\t<\/div>\n\n","protected":false},"excerpt":{"rendered":"<p>&nbsp; Sologubowka Oblast Leningrad Ein Bericht von Josef M.\u00a0\u00a0\u00a0\u00a0\u00a0\u00a0\u00a0\u00a0\u00a0 Fotos von Kurt A. 1994 begann der Volksbund mit der Suche nach einem geeigneten Gel\u00e4nde f\u00fcr einen gro\u00dfen Sammelfriedhof. Zahlreiche, w\u00e4hrend des Krieges angelegte deutsche Soldatenfriedh\u00f6fe wurden begutachtet. Hier im Ort &hellip; <a href=\"http:\/\/www.denkfried.de\/wp\/?page_id=9682\">Weiterlesen <span class=\"meta-nav\">&rarr;<\/span><\/a><\/p>\n","protected":false},"author":2,"featured_media":0,"parent":340,"menu_order":0,"comment_status":"closed","ping_status":"open","template":"","meta":{"footnotes":""},"class_list":["post-9682","page","type-page","status-publish","hentry"],"_links":{"self":[{"href":"http:\/\/www.denkfried.de\/wp\/index.php?rest_route=\/wp\/v2\/pages\/9682","targetHints":{"allow":["GET"]}}],"collection":[{"href":"http:\/\/www.denkfried.de\/wp\/index.php?rest_route=\/wp\/v2\/pages"}],"about":[{"href":"http:\/\/www.denkfried.de\/wp\/index.php?rest_route=\/wp\/v2\/types\/page"}],"author":[{"embeddable":true,"href":"http:\/\/www.denkfried.de\/wp\/index.php?rest_route=\/wp\/v2\/users\/2"}],"replies":[{"embeddable":true,"href":"http:\/\/www.denkfried.de\/wp\/index.php?rest_route=%2Fwp%2Fv2%2Fcomments&post=9682"}],"version-history":[{"count":2,"href":"http:\/\/www.denkfried.de\/wp\/index.php?rest_route=\/wp\/v2\/pages\/9682\/revisions"}],"predecessor-version":[{"id":9692,"href":"http:\/\/www.denkfried.de\/wp\/index.php?rest_route=\/wp\/v2\/pages\/9682\/revisions\/9692"}],"up":[{"embeddable":true,"href":"http:\/\/www.denkfried.de\/wp\/index.php?rest_route=\/wp\/v2\/pages\/340"}],"wp:attachment":[{"href":"http:\/\/www.denkfried.de\/wp\/index.php?rest_route=%2Fwp%2Fv2%2Fmedia&parent=9682"}],"curies":[{"name":"wp","href":"https:\/\/api.w.org\/{rel}","templated":true}]}}