{"id":9659,"date":"2011-07-10T23:04:34","date_gmt":"2011-07-10T21:04:34","guid":{"rendered":"http:\/\/www.denkfried.de\/wp\/?page_id=9659"},"modified":"2011-07-10T23:04:34","modified_gmt":"2011-07-10T21:04:34","slug":"consenvoye-150","status":"publish","type":"page","link":"http:\/\/www.denkfried.de\/wp\/?page_id=9659","title":{"rendered":"Consenvoye  (150)"},"content":{"rendered":"<p>&nbsp;<\/p>\n<p><span style=\"text-decoration: underline;\"><strong>55110 Consenvoye<\/strong><\/span><\/p>\n<p><em>Aus dem Reisebericht von Hubert M. :<\/em><\/p>\n<p><em>&#8222;Hier mal Bilder meiner Eindr\u00fccke des deutschen Soldatenfriedhofs 1.WK Consenvoyen Nr.150 in Frankreich, an einem Hang gegen\u00fcber des Maastales gelegen. Hier sind 8609 gefallene Soldaten in Einzelgr\u00e4ber und 2537 im Kameradengrab beigesetzt.<\/em><br \/>\n<em>Der Friedhof wurde 1920 von franz.Milit\u00e4rbeh\u00f6rden f\u00fcr die Gefallenen angelegt, die zwischen Verdun und Stenay, links und rechts der Maas, bei den K\u00e4mpfen 1914 in provisorischen Feldgr\u00e4ber bestattet waren.<\/em><br \/>\n<em>1943 bettet der Amtliche Deutsche Gr\u00e4berdienst 6000 Gefallene aus den Friedh\u00f6fen aus dem Maastal und aus Regimentsfriedh\u00f6fen aus dem Argonner Wald hierher um. Die Gr\u00e4ber wurden mit kleinen Eichenpfl\u00f6cken mit Kupferabdeckung gekennzeichnet. Kreuzgruppen die fr\u00fcher auf den Gr\u00e4berfeld verteilt \u00a0standen betonen heute das Kameradengrab von denen nur 1501 namentlich bekannt sind. Am 21.Sept.1984 legten nach dem gemeinsamen Besuch des Gebeinhauses in Verdun der Staatspr\u00e4sident Mitterand und der Bundeskanzler Kohl auf diesem Friedhof einen Kranz nieder. Eine Bronzetafel beim Kameradengrab erinnert an diesen Tag.<\/em><\/p>\n<p><em>Bei meinem Bild Nr.8 mu\u00df man sich den Himmel im Sonnenuntergang rot vorstellen, Bild ist leider nicht so geworden.&#8220;<\/em><\/p>\n<div id='gallery-1' class='gallery galleryid-9659 gallery-columns-4 gallery-size-thumbnail'><dl class='gallery-item'>\n\t\t\t<dt class='gallery-icon landscape'>\n\t\t\t\t<a href='http:\/\/www.denkfried.de\/wp\/?attachment_id=9662'><img loading=\"lazy\" decoding=\"async\" width=\"150\" height=\"150\" src=\"http:\/\/www.denkfried.de\/wp\/wp-content\/uploads\/2011\/07\/Consenvoye-Eingang-1-150x150.jpg\" class=\"attachment-thumbnail size-thumbnail\" alt=\"\" \/><\/a>\n\t\t\t<\/dt><\/dl><dl class='gallery-item'>\n\t\t\t<dt class='gallery-icon landscape'>\n\t\t\t\t<a href='http:\/\/www.denkfried.de\/wp\/?attachment_id=9667'><img loading=\"lazy\" decoding=\"async\" width=\"150\" height=\"150\" src=\"http:\/\/www.denkfried.de\/wp\/wp-content\/uploads\/2011\/07\/Verdun-franz.Gr\u00e4berfeld-0051-150x150.jpg\" class=\"attachment-thumbnail size-thumbnail\" alt=\"\" \/><\/a>\n\t\t\t<\/dt><\/dl><dl class='gallery-item'>\n\t\t\t<dt class='gallery-icon portrait'>\n\t\t\t\t<a href='http:\/\/www.denkfried.de\/wp\/?attachment_id=9665'><img loading=\"lazy\" decoding=\"async\" width=\"150\" height=\"150\" src=\"http:\/\/www.denkfried.de\/wp\/wp-content\/uploads\/2011\/07\/Consenvoyen-Namentafeln-Kam.Grab_.-4-150x150.jpg\" class=\"attachment-thumbnail size-thumbnail\" alt=\"\" \/><\/a>\n\t\t\t<\/dt><\/dl><dl class='gallery-item'>\n\t\t\t<dt class='gallery-icon landscape'>\n\t\t\t\t<a href='http:\/\/www.denkfried.de\/wp\/?attachment_id=9664'><img loading=\"lazy\" decoding=\"async\" width=\"150\" height=\"150\" src=\"http:\/\/www.denkfried.de\/wp\/wp-content\/uploads\/2011\/07\/Consenvoye-Obere-Gr\u00e4ber-6-150x150.jpg\" class=\"attachment-thumbnail size-thumbnail\" alt=\"\" \/><\/a>\n\t\t\t<\/dt><\/dl><br style=\"clear: both\" \/><dl class='gallery-item'>\n\t\t\t<dt class='gallery-icon portrait'>\n\t\t\t\t<a href='http:\/\/www.denkfried.de\/wp\/?attachment_id=9663'><img loading=\"lazy\" decoding=\"async\" width=\"150\" height=\"150\" src=\"http:\/\/www.denkfried.de\/wp\/wp-content\/uploads\/2011\/07\/Consenvoye-Fritz-v.Reitzenstein-3-150x150.jpg\" class=\"attachment-thumbnail size-thumbnail\" alt=\"\" \/><\/a>\n\t\t\t<\/dt><\/dl><dl class='gallery-item'>\n\t\t\t<dt class='gallery-icon landscape'>\n\t\t\t\t<a href='http:\/\/www.denkfried.de\/wp\/?attachment_id=9661'><img loading=\"lazy\" decoding=\"async\" width=\"150\" height=\"150\" src=\"http:\/\/www.denkfried.de\/wp\/wp-content\/uploads\/2011\/07\/Verdun-muslimische-Gr\u00e4ber-0091-150x150.jpg\" class=\"attachment-thumbnail size-thumbnail\" alt=\"\" \/><\/a>\n\t\t\t<\/dt><\/dl><dl class='gallery-item'>\n\t\t\t<dt class='gallery-icon landscape'>\n\t\t\t\t<a href='http:\/\/www.denkfried.de\/wp\/?attachment_id=9660'><img loading=\"lazy\" decoding=\"async\" width=\"150\" height=\"150\" src=\"http:\/\/www.denkfried.de\/wp\/wp-content\/uploads\/2011\/07\/Verdun-meine-Gebeine-0101-150x150.jpg\" class=\"attachment-thumbnail size-thumbnail\" alt=\"\" \/><\/a>\n\t\t\t<\/dt><\/dl><dl class='gallery-item'>\n\t\t\t<dt class='gallery-icon landscape'>\n\t\t\t\t<a href='http:\/\/www.denkfried.de\/wp\/?attachment_id=9666'><img loading=\"lazy\" decoding=\"async\" width=\"150\" height=\"150\" src=\"http:\/\/www.denkfried.de\/wp\/wp-content\/uploads\/2011\/07\/Consevoyen-Blick-Maas-Tal-8-150x150.jpg\" class=\"attachment-thumbnail size-thumbnail\" alt=\"\" \/><\/a>\n\t\t\t<\/dt><\/dl><br style=\"clear: both\" \/>\n\t\t<\/div>\n\n","protected":false},"excerpt":{"rendered":"<p>&nbsp; 55110 Consenvoye Aus dem Reisebericht von Hubert M. : &#8222;Hier mal Bilder meiner Eindr\u00fccke des deutschen Soldatenfriedhofs 1.WK Consenvoyen Nr.150 in Frankreich, an einem Hang gegen\u00fcber des Maastales gelegen. Hier sind 8609 gefallene Soldaten in Einzelgr\u00e4ber und 2537 im &hellip; <a href=\"http:\/\/www.denkfried.de\/wp\/?page_id=9659\">Weiterlesen <span class=\"meta-nav\">&rarr;<\/span><\/a><\/p>\n","protected":false},"author":2,"featured_media":0,"parent":8262,"menu_order":0,"comment_status":"closed","ping_status":"open","template":"","meta":{"footnotes":""},"class_list":["post-9659","page","type-page","status-publish","hentry"],"_links":{"self":[{"href":"http:\/\/www.denkfried.de\/wp\/index.php?rest_route=\/wp\/v2\/pages\/9659","targetHints":{"allow":["GET"]}}],"collection":[{"href":"http:\/\/www.denkfried.de\/wp\/index.php?rest_route=\/wp\/v2\/pages"}],"about":[{"href":"http:\/\/www.denkfried.de\/wp\/index.php?rest_route=\/wp\/v2\/types\/page"}],"author":[{"embeddable":true,"href":"http:\/\/www.denkfried.de\/wp\/index.php?rest_route=\/wp\/v2\/users\/2"}],"replies":[{"embeddable":true,"href":"http:\/\/www.denkfried.de\/wp\/index.php?rest_route=%2Fwp%2Fv2%2Fcomments&post=9659"}],"version-history":[{"count":3,"href":"http:\/\/www.denkfried.de\/wp\/index.php?rest_route=\/wp\/v2\/pages\/9659\/revisions"}],"predecessor-version":[{"id":9670,"href":"http:\/\/www.denkfried.de\/wp\/index.php?rest_route=\/wp\/v2\/pages\/9659\/revisions\/9670"}],"up":[{"embeddable":true,"href":"http:\/\/www.denkfried.de\/wp\/index.php?rest_route=\/wp\/v2\/pages\/8262"}],"wp:attachment":[{"href":"http:\/\/www.denkfried.de\/wp\/index.php?rest_route=%2Fwp%2Fv2%2Fmedia&parent=9659"}],"curies":[{"name":"wp","href":"https:\/\/api.w.org\/{rel}","templated":true}]}}