{"id":9562,"date":"2011-07-10T14:06:54","date_gmt":"2011-07-10T12:06:54","guid":{"rendered":"http:\/\/www.denkfried.de\/wp\/?page_id=9562"},"modified":"2011-07-10T14:06:54","modified_gmt":"2011-07-10T12:06:54","slug":"wambrechies-15","status":"publish","type":"page","link":"http:\/\/www.denkfried.de\/wp\/?page_id=9562","title":{"rendered":"Wambrechies  (15)"},"content":{"rendered":"<p>&nbsp;<\/p>\n<p><span style=\"text-decoration: underline;\"><strong>59118 Wambrechies<\/strong><\/span>, Rue du Quesnoy<\/p>\n<p><em>Aus dem Reisebericht von Hubert M. :<\/em><\/p>\n<p><em>&#8222;Am n\u00e4chsten Morgen nach dem Unwetter (18.02.2006) machen wir uns auf den Weg zum Deutschen Soldatenfriedhof Wambrechis Nr.15 in Frankreich, nahe der D108 zwischen Wambrechis und Quesnoy gelegen. Auf diesem Gr\u00e4berfeld sind 2.348 gefallene Soldaten bestattet. 1916 wurde der Friedhof von der bayerischen Truppe angelegt und nach Kriegsende von den franz\u00f6sischen Milit\u00e4rbeh\u00f6rden vergr\u00f6\u00dfert. Fast die H\u00e4lfte der hier Ruhenden starb 1916 im Raume s\u00fcdlich von Ypern\/Belgien. 1929 pflanzte der Volksbund Ahorn und Rosen, errichtete ein Denkmal aus hellem Sandstein mit der Inschrift &#8222;Hier ruhen deutsche Soldaten&#8220; und legten ein Eingangstor an. 1979 wurden die Holzkreuze gegen Metallkreuze ausgetauscht. Wir hatten noch einen Grund um uns Wambrechis anzusehen: Bekannte meines Sammlerfreundes hatten einen Verwandten der im Ersten Krieg gefallen ist und hierher bestattet wurde.&#8220;<\/em><\/p>\n<p><em><strong>Andreas Bachhuber<\/strong>\u00a0\u00a0\u00a0 \u00a0\u00a0\u00a0\u00a0\u00a0\u00a0\u00a0\u00a0\u00a0\u00a0\u00a0\u00a0\u00a0\u00a0\u00a0\u00a0\u00a0\u00a0\u00a0\u00a0\u00a0 geb.:6.11.1894 zu Dietfurt<\/em><\/p>\n<p><em>Infanterist beim kngl.5.Inf.Reg.1.Komp.<\/em><\/p>\n<p><em>verwundet durch ein Inf.Gescho\u00df am 30.Sept. westlich von Lille, gestorben am 1.10.1916 im Laz. zu Lille,\u00a0\u00a0 begraben in Wambrechis Grab 325 Block 3<\/em><\/p>\n<p><em>Wir haben ein Sterbebild am Kreuz angebracht, mit Blumen geschm\u00fcckt und ein Foto f\u00fcr die Hinterbliebenen gemacht.<\/em><\/p>\n<div id='gallery-1' class='gallery galleryid-9562 gallery-columns-3 gallery-size-thumbnail'><dl class='gallery-item'>\n\t\t\t<dt class='gallery-icon landscape'>\n\t\t\t\t<a href='http:\/\/www.denkfried.de\/wp\/?attachment_id=9564'><img loading=\"lazy\" decoding=\"async\" width=\"150\" height=\"150\" src=\"http:\/\/www.denkfried.de\/wp\/wp-content\/uploads\/2011\/07\/Wambrechis-Eingang-001-150x150.jpg\" class=\"attachment-thumbnail size-thumbnail\" alt=\"\" \/><\/a>\n\t\t\t<\/dt><\/dl><dl class='gallery-item'>\n\t\t\t<dt class='gallery-icon landscape'>\n\t\t\t\t<a href='http:\/\/www.denkfried.de\/wp\/?attachment_id=9566'><img loading=\"lazy\" decoding=\"async\" width=\"150\" height=\"150\" src=\"http:\/\/www.denkfried.de\/wp\/wp-content\/uploads\/2011\/07\/Wambrechis-Gr\u00e4berfeld-002-150x150.jpg\" class=\"attachment-thumbnail size-thumbnail\" alt=\"\" \/><\/a>\n\t\t\t<\/dt><\/dl><dl class='gallery-item'>\n\t\t\t<dt class='gallery-icon landscape'>\n\t\t\t\t<a href='http:\/\/www.denkfried.de\/wp\/?attachment_id=9563'><img loading=\"lazy\" decoding=\"async\" width=\"150\" height=\"150\" src=\"http:\/\/www.denkfried.de\/wp\/wp-content\/uploads\/2011\/07\/Wambrechis-Hochkreutz-003-150x150.jpg\" class=\"attachment-thumbnail size-thumbnail\" alt=\"\" \/><\/a>\n\t\t\t<\/dt><\/dl><br style=\"clear: both\" \/><dl class='gallery-item'>\n\t\t\t<dt class='gallery-icon landscape'>\n\t\t\t\t<a href='http:\/\/www.denkfried.de\/wp\/?attachment_id=9567'><img loading=\"lazy\" decoding=\"async\" width=\"150\" height=\"150\" src=\"http:\/\/www.denkfried.de\/wp\/wp-content\/uploads\/2011\/07\/Wambrechis-Gr\u00e4berfeld-von-Vorne-004-150x150.jpg\" class=\"attachment-thumbnail size-thumbnail\" alt=\"\" \/><\/a>\n\t\t\t<\/dt><\/dl><dl class='gallery-item'>\n\t\t\t<dt class='gallery-icon portrait'>\n\t\t\t\t<a href='http:\/\/www.denkfried.de\/wp\/?attachment_id=9568'><img loading=\"lazy\" decoding=\"async\" width=\"150\" height=\"150\" src=\"http:\/\/www.denkfried.de\/wp\/wp-content\/uploads\/2011\/07\/Wambrechis-Grabschmuck-Bachhuber-150x150.jpg\" class=\"attachment-thumbnail size-thumbnail\" alt=\"\" \/><\/a>\n\t\t\t<\/dt><\/dl><dl class='gallery-item'>\n\t\t\t<dt class='gallery-icon landscape'>\n\t\t\t\t<a href='http:\/\/www.denkfried.de\/wp\/?attachment_id=9565'><img loading=\"lazy\" decoding=\"async\" width=\"150\" height=\"150\" src=\"http:\/\/www.denkfried.de\/wp\/wp-content\/uploads\/2011\/07\/Wambrechis-Grab-Bachhuber-150x150.jpg\" class=\"attachment-thumbnail size-thumbnail\" alt=\"\" \/><\/a>\n\t\t\t<\/dt><\/dl><br style=\"clear: both\" \/>\n\t\t<\/div>\n\n","protected":false},"excerpt":{"rendered":"<p>&nbsp; 59118 Wambrechies, Rue du Quesnoy Aus dem Reisebericht von Hubert M. : &#8222;Am n\u00e4chsten Morgen nach dem Unwetter (18.02.2006) machen wir uns auf den Weg zum Deutschen Soldatenfriedhof Wambrechis Nr.15 in Frankreich, nahe der D108 zwischen Wambrechis und Quesnoy &hellip; <a href=\"http:\/\/www.denkfried.de\/wp\/?page_id=9562\">Weiterlesen <span class=\"meta-nav\">&rarr;<\/span><\/a><\/p>\n","protected":false},"author":2,"featured_media":0,"parent":8271,"menu_order":0,"comment_status":"closed","ping_status":"open","template":"","meta":{"footnotes":""},"class_list":["post-9562","page","type-page","status-publish","hentry"],"_links":{"self":[{"href":"http:\/\/www.denkfried.de\/wp\/index.php?rest_route=\/wp\/v2\/pages\/9562","targetHints":{"allow":["GET"]}}],"collection":[{"href":"http:\/\/www.denkfried.de\/wp\/index.php?rest_route=\/wp\/v2\/pages"}],"about":[{"href":"http:\/\/www.denkfried.de\/wp\/index.php?rest_route=\/wp\/v2\/types\/page"}],"author":[{"embeddable":true,"href":"http:\/\/www.denkfried.de\/wp\/index.php?rest_route=\/wp\/v2\/users\/2"}],"replies":[{"embeddable":true,"href":"http:\/\/www.denkfried.de\/wp\/index.php?rest_route=%2Fwp%2Fv2%2Fcomments&post=9562"}],"version-history":[{"count":3,"href":"http:\/\/www.denkfried.de\/wp\/index.php?rest_route=\/wp\/v2\/pages\/9562\/revisions"}],"predecessor-version":[{"id":9571,"href":"http:\/\/www.denkfried.de\/wp\/index.php?rest_route=\/wp\/v2\/pages\/9562\/revisions\/9571"}],"up":[{"embeddable":true,"href":"http:\/\/www.denkfried.de\/wp\/index.php?rest_route=\/wp\/v2\/pages\/8271"}],"wp:attachment":[{"href":"http:\/\/www.denkfried.de\/wp\/index.php?rest_route=%2Fwp%2Fv2%2Fmedia&parent=9562"}],"curies":[{"name":"wp","href":"https:\/\/api.w.org\/{rel}","templated":true}]}}