{"id":9453,"date":"2011-07-09T20:48:47","date_gmt":"2011-07-09T18:48:47","guid":{"rendered":"http:\/\/www.denkfried.de\/wp\/?page_id=9453"},"modified":"2011-07-09T21:23:30","modified_gmt":"2011-07-09T19:23:30","slug":"salome-27","status":"publish","type":"page","link":"http:\/\/www.denkfried.de\/wp\/?page_id=9453","title":{"rendered":"Salom\u00e8  (27)"},"content":{"rendered":"<p>&nbsp;<\/p>\n<p><span style=\"text-decoration: underline;\"><strong>59496 Salom\u00e8<\/strong><\/span>, Rue de L&#8217;Egalite<\/p>\n<p><em>Aus dem Reisebericht von Hubert M. :<\/em><\/p>\n<p><em>&#8222;Wir sind beim deutschen Soldatenfriedhof Salom\u00e8 Nr.27 angekommen. Es hat wieder stark geregnet und nach einer Pause im Auto besichtigen wir das Gr\u00e4berfeld. Auf diesem Soldatenfriedhof sind 2552 deutsche Soldaten des Ersten Weltkrieges bestattet, darunter 2 \u00d6sterreich \/Ungarn. Auch zwei unbekannte Portugiesen hat man auf dem Gr\u00e4berfeld zur Ruhe gebettet. 1916 wurde der Friedhof von der Truppe angelegt. Hier ruhen auch Gefallene aus den Jahren 1914 und 1915, die auf den Schlachtfeld provisorisch begraben worden sind. Der gr\u00f6\u00dfere Teil der Toten wurde Opfer des Stellungskrieges bei La Bassee, der Schlachten 1917 sowie der deutschen Angriffe 1918.<\/em><br \/>\n<em>Nach dem Krieg l\u00f6sten franz\u00f6sische Beh\u00f6rden Friedh\u00f6fe in Salome und in den Nachbarorten auf und vergr\u00f6\u00dferte den Friedhof. Tote, die nicht identifiziert werden konnten, wurden meist in St.Laurent Blangy bestattet. 1979 wechselte der Volksbund Holzkreuze gegen Metallkreuze aus und errichtete ein Hochkreuz aus Stahl.&#8220;<\/em><\/p>\n<div id='gallery-1' class='gallery galleryid-9453 gallery-columns-4 gallery-size-thumbnail'><dl class='gallery-item'>\n\t\t\t<dt class='gallery-icon landscape'>\n\t\t\t\t<a href='http:\/\/www.denkfried.de\/wp\/?attachment_id=9458'><img loading=\"lazy\" decoding=\"async\" width=\"150\" height=\"150\" src=\"http:\/\/www.denkfried.de\/wp\/wp-content\/uploads\/2011\/07\/Salome-Hinweisschild-001-150x150.jpg\" class=\"attachment-thumbnail size-thumbnail\" alt=\"\" \/><\/a>\n\t\t\t<\/dt><\/dl><dl class='gallery-item'>\n\t\t\t<dt class='gallery-icon landscape'>\n\t\t\t\t<a href='http:\/\/www.denkfried.de\/wp\/?attachment_id=9455'><img loading=\"lazy\" decoding=\"async\" width=\"150\" height=\"150\" src=\"http:\/\/www.denkfried.de\/wp\/wp-content\/uploads\/2011\/07\/Salome-Eingang-002-150x150.jpg\" class=\"attachment-thumbnail size-thumbnail\" alt=\"\" \/><\/a>\n\t\t\t<\/dt><\/dl><dl class='gallery-item'>\n\t\t\t<dt class='gallery-icon landscape'>\n\t\t\t\t<a href='http:\/\/www.denkfried.de\/wp\/?attachment_id=9454'><img loading=\"lazy\" decoding=\"async\" width=\"150\" height=\"150\" src=\"http:\/\/www.denkfried.de\/wp\/wp-content\/uploads\/2011\/07\/Salome-vorderes-Gr\u00e4berfeld-003-150x150.jpg\" class=\"attachment-thumbnail size-thumbnail\" alt=\"\" \/><\/a>\n\t\t\t<\/dt><\/dl><dl class='gallery-item'>\n\t\t\t<dt class='gallery-icon landscape'>\n\t\t\t\t<a href='http:\/\/www.denkfried.de\/wp\/?attachment_id=9456'><img loading=\"lazy\" decoding=\"async\" width=\"150\" height=\"150\" src=\"http:\/\/www.denkfried.de\/wp\/wp-content\/uploads\/2011\/07\/Salome-Gr\u00e4ber-bei-Hochkreutz-004-150x150.jpg\" class=\"attachment-thumbnail size-thumbnail\" alt=\"\" \/><\/a>\n\t\t\t<\/dt><\/dl><br style=\"clear: both\" \/><dl class='gallery-item'>\n\t\t\t<dt class='gallery-icon landscape'>\n\t\t\t\t<a href='http:\/\/www.denkfried.de\/wp\/?attachment_id=9457'><img loading=\"lazy\" decoding=\"async\" width=\"150\" height=\"150\" src=\"http:\/\/www.denkfried.de\/wp\/wp-content\/uploads\/2011\/07\/Salome-hinteres-Gr\u00e4berfeld-006-150x150.jpg\" class=\"attachment-thumbnail size-thumbnail\" alt=\"\" \/><\/a>\n\t\t\t<\/dt><\/dl><dl class='gallery-item'>\n\t\t\t<dt class='gallery-icon portrait'>\n\t\t\t\t<a href='http:\/\/www.denkfried.de\/wp\/?attachment_id=9460'><img loading=\"lazy\" decoding=\"async\" width=\"150\" height=\"150\" src=\"http:\/\/www.denkfried.de\/wp\/wp-content\/uploads\/2011\/07\/Salome-Stahl-Hochkreutz-006-150x150.jpg\" class=\"attachment-thumbnail size-thumbnail\" alt=\"\" \/><\/a>\n\t\t\t<\/dt><\/dl><dl class='gallery-item'>\n\t\t\t<dt class='gallery-icon portrait'>\n\t\t\t\t<a href='http:\/\/www.denkfried.de\/wp\/?attachment_id=9459'><img loading=\"lazy\" decoding=\"async\" width=\"150\" height=\"150\" src=\"http:\/\/www.denkfried.de\/wp\/wp-content\/uploads\/2011\/07\/Salome-RegentropfenF\u00fcsilier-007-150x150.jpg\" class=\"attachment-thumbnail size-thumbnail\" alt=\"\" \/><\/a>\n\t\t\t<\/dt><\/dl><dl class='gallery-item'>\n\t\t\t<dt class='gallery-icon portrait'>\n\t\t\t\t<a href='http:\/\/www.denkfried.de\/wp\/?attachment_id=9461'><img loading=\"lazy\" decoding=\"async\" width=\"150\" height=\"150\" src=\"http:\/\/www.denkfried.de\/wp\/wp-content\/uploads\/2011\/07\/Salome-unbek.-portugi.Soldat-008-150x150.jpg\" class=\"attachment-thumbnail size-thumbnail\" alt=\"\" \/><\/a>\n\t\t\t<\/dt><\/dl><br style=\"clear: both\" \/>\n\t\t<\/div>\n\n","protected":false},"excerpt":{"rendered":"<p>&nbsp; 59496 Salom\u00e8, Rue de L&#8217;Egalite Aus dem Reisebericht von Hubert M. : &#8222;Wir sind beim deutschen Soldatenfriedhof Salom\u00e8 Nr.27 angekommen. Es hat wieder stark geregnet und nach einer Pause im Auto besichtigen wir das Gr\u00e4berfeld. Auf diesem Soldatenfriedhof sind &hellip; <a href=\"http:\/\/www.denkfried.de\/wp\/?page_id=9453\">Weiterlesen <span class=\"meta-nav\">&rarr;<\/span><\/a><\/p>\n","protected":false},"author":2,"featured_media":0,"parent":8271,"menu_order":0,"comment_status":"closed","ping_status":"open","template":"","meta":{"footnotes":""},"class_list":["post-9453","page","type-page","status-publish","hentry"],"_links":{"self":[{"href":"http:\/\/www.denkfried.de\/wp\/index.php?rest_route=\/wp\/v2\/pages\/9453","targetHints":{"allow":["GET"]}}],"collection":[{"href":"http:\/\/www.denkfried.de\/wp\/index.php?rest_route=\/wp\/v2\/pages"}],"about":[{"href":"http:\/\/www.denkfried.de\/wp\/index.php?rest_route=\/wp\/v2\/types\/page"}],"author":[{"embeddable":true,"href":"http:\/\/www.denkfried.de\/wp\/index.php?rest_route=\/wp\/v2\/users\/2"}],"replies":[{"embeddable":true,"href":"http:\/\/www.denkfried.de\/wp\/index.php?rest_route=%2Fwp%2Fv2%2Fcomments&post=9453"}],"version-history":[{"count":4,"href":"http:\/\/www.denkfried.de\/wp\/index.php?rest_route=\/wp\/v2\/pages\/9453\/revisions"}],"predecessor-version":[{"id":9464,"href":"http:\/\/www.denkfried.de\/wp\/index.php?rest_route=\/wp\/v2\/pages\/9453\/revisions\/9464"}],"up":[{"embeddable":true,"href":"http:\/\/www.denkfried.de\/wp\/index.php?rest_route=\/wp\/v2\/pages\/8271"}],"wp:attachment":[{"href":"http:\/\/www.denkfried.de\/wp\/index.php?rest_route=%2Fwp%2Fv2%2Fmedia&parent=9453"}],"curies":[{"name":"wp","href":"https:\/\/api.w.org\/{rel}","templated":true}]}}