{"id":9440,"date":"2011-07-09T20:29:03","date_gmt":"2011-07-09T18:29:03","guid":{"rendered":"http:\/\/www.denkfried.de\/wp\/?page_id=9440"},"modified":"2011-07-09T20:40:26","modified_gmt":"2011-07-09T18:40:26","slug":"billy-montigny-36","status":"publish","type":"page","link":"http:\/\/www.denkfried.de\/wp\/?page_id=9440","title":{"rendered":"Billy-Montigny  (36)"},"content":{"rendered":"<p>&nbsp;<\/p>\n<p><span style=\"text-decoration: underline;\"><strong>62420 Billy-Montigny<\/strong><\/span>, Rue de l&#8217;Egalite<\/p>\n<p>&nbsp;<\/p>\n<p><em>Aus dem Reisebericht von Hubert M. :<\/em><\/p>\n<p><em>&#8222;Um 16:15 Uhr sind wir auf dem deutschen Soldatenfriedhof des Ersten Weltkriegs in Billy-Montigny angekommen. Das Gr\u00e4berfeld erreicht man \u00fcber den Ortsfriedhof. Das besondere auf diesem Friedhof, hier ruhen 2511 Kriegstote und jeder Gefallene hat ein eigenes Grabkennzeichen aus Granit mit auf der Vorderseite verzeichneten Namen und Daten des Soldaten, die R\u00fcckseite ist neutral. 1915 wurde dieser von der Truppe angelegt. \u00dcber 800 Soldaten ruhen hier, die in der Schlacht im Fr\u00fchjahr und im Herbst 1915 fielen; ebenso viele starben bei den Stellungsk\u00e4mpfen 1916. Nach dem Krieg \u00fcberf\u00fchrten franz\u00f6sische Milit\u00e4rbeh\u00f6rden Gefallene aus 16 Gemeinden nord\u00f6stlich von Arras. Der Volksbund pflanzte Plantanen und Pappeln und begr\u00fcnte das Gr\u00e4berfeld. 1977 wurden die provisorischen Grabzeichen gegen Kreuze aus belgischem Granit ausgetauscht. Die deutsche Truppe stellte zun\u00e4chst ein Kruzifix auf, sp\u00e4ter ein Denkmal aus Stein.&#8220;<\/em><\/p>\n<div id='gallery-1' class='gallery galleryid-9440 gallery-columns-4 gallery-size-thumbnail'><dl class='gallery-item'>\n\t\t\t<dt class='gallery-icon landscape'>\n\t\t\t\t<a href='http:\/\/www.denkfried.de\/wp\/?attachment_id=9442'><img loading=\"lazy\" decoding=\"async\" width=\"150\" height=\"150\" src=\"http:\/\/www.denkfried.de\/wp\/wp-content\/uploads\/2011\/07\/Billy-Montigny-Hinweistafel-001-150x150.jpg\" class=\"attachment-thumbnail size-thumbnail\" alt=\"\" \/><\/a>\n\t\t\t<\/dt><\/dl><dl class='gallery-item'>\n\t\t\t<dt class='gallery-icon landscape'>\n\t\t\t\t<a href='http:\/\/www.denkfried.de\/wp\/?attachment_id=9447'><img loading=\"lazy\" decoding=\"async\" width=\"150\" height=\"150\" src=\"http:\/\/www.denkfried.de\/wp\/wp-content\/uploads\/2011\/07\/Billy-Montigny-Gr\u00e4ber-beim-Eingang-002-150x150.jpg\" class=\"attachment-thumbnail size-thumbnail\" alt=\"\" \/><\/a>\n\t\t\t<\/dt><\/dl><dl class='gallery-item'>\n\t\t\t<dt class='gallery-icon landscape'>\n\t\t\t\t<a href='http:\/\/www.denkfried.de\/wp\/?attachment_id=9441'><img loading=\"lazy\" decoding=\"async\" width=\"150\" height=\"150\" src=\"http:\/\/www.denkfried.de\/wp\/wp-content\/uploads\/2011\/07\/Billy-Montigny-Hintere-Gr\u00e4ber-004-150x150.jpg\" class=\"attachment-thumbnail size-thumbnail\" alt=\"\" \/><\/a>\n\t\t\t<\/dt><\/dl><dl class='gallery-item'>\n\t\t\t<dt class='gallery-icon landscape'>\n\t\t\t\t<a href='http:\/\/www.denkfried.de\/wp\/?attachment_id=9446'><img loading=\"lazy\" decoding=\"async\" width=\"150\" height=\"150\" src=\"http:\/\/www.denkfried.de\/wp\/wp-content\/uploads\/2011\/07\/Billy-Montigny-Ansicht-Denkmal-009-150x150.jpg\" class=\"attachment-thumbnail size-thumbnail\" alt=\"\" \/><\/a>\n\t\t\t<\/dt><\/dl><br style=\"clear: both\" \/><dl class='gallery-item'>\n\t\t\t<dt class='gallery-icon landscape'>\n\t\t\t\t<a href='http:\/\/www.denkfried.de\/wp\/?attachment_id=9443'><img loading=\"lazy\" decoding=\"async\" width=\"150\" height=\"150\" src=\"http:\/\/www.denkfried.de\/wp\/wp-content\/uploads\/2011\/07\/Billy-Montigny-Inschrift-Denkmal-010-150x150.jpg\" class=\"attachment-thumbnail size-thumbnail\" alt=\"\" \/><\/a>\n\t\t\t<\/dt><\/dl><dl class='gallery-item'>\n\t\t\t<dt class='gallery-icon landscape'>\n\t\t\t\t<a href='http:\/\/www.denkfried.de\/wp\/?attachment_id=9445'><img loading=\"lazy\" decoding=\"async\" width=\"150\" height=\"150\" src=\"http:\/\/www.denkfried.de\/wp\/wp-content\/uploads\/2011\/07\/Billy-Montigny-vom-Denkmal-aus-011-150x150.jpg\" class=\"attachment-thumbnail size-thumbnail\" alt=\"\" \/><\/a>\n\t\t\t<\/dt><\/dl><dl class='gallery-item'>\n\t\t\t<dt class='gallery-icon landscape'>\n\t\t\t\t<a href='http:\/\/www.denkfried.de\/wp\/?attachment_id=9448'><img loading=\"lazy\" decoding=\"async\" width=\"150\" height=\"150\" src=\"http:\/\/www.denkfried.de\/wp\/wp-content\/uploads\/2011\/07\/Billy-Montigny-Gr\u00fc\u00dfe-012-150x150.jpg\" class=\"attachment-thumbnail size-thumbnail\" alt=\"\" \/><\/a>\n\t\t\t<\/dt><\/dl><dl class='gallery-item'>\n\t\t\t<dt class='gallery-icon portrait'>\n\t\t\t\t<a href='http:\/\/www.denkfried.de\/wp\/?attachment_id=9444'><img loading=\"lazy\" decoding=\"async\" width=\"150\" height=\"150\" src=\"http:\/\/www.denkfried.de\/wp\/wp-content\/uploads\/2011\/07\/Billy-Montigny-Oskar-von-Puttkammer-013-150x150.jpg\" class=\"attachment-thumbnail size-thumbnail\" alt=\"\" \/><\/a>\n\t\t\t<\/dt><\/dl><br style=\"clear: both\" \/>\n\t\t<\/div>\n\n","protected":false},"excerpt":{"rendered":"<p>&nbsp; 62420 Billy-Montigny, Rue de l&#8217;Egalite &nbsp; Aus dem Reisebericht von Hubert M. : &#8222;Um 16:15 Uhr sind wir auf dem deutschen Soldatenfriedhof des Ersten Weltkriegs in Billy-Montigny angekommen. Das Gr\u00e4berfeld erreicht man \u00fcber den Ortsfriedhof. Das besondere auf diesem &hellip; <a href=\"http:\/\/www.denkfried.de\/wp\/?page_id=9440\">Weiterlesen <span class=\"meta-nav\">&rarr;<\/span><\/a><\/p>\n","protected":false},"author":2,"featured_media":0,"parent":8277,"menu_order":0,"comment_status":"closed","ping_status":"open","template":"","meta":{"footnotes":""},"class_list":["post-9440","page","type-page","status-publish","hentry"],"_links":{"self":[{"href":"http:\/\/www.denkfried.de\/wp\/index.php?rest_route=\/wp\/v2\/pages\/9440","targetHints":{"allow":["GET"]}}],"collection":[{"href":"http:\/\/www.denkfried.de\/wp\/index.php?rest_route=\/wp\/v2\/pages"}],"about":[{"href":"http:\/\/www.denkfried.de\/wp\/index.php?rest_route=\/wp\/v2\/types\/page"}],"author":[{"embeddable":true,"href":"http:\/\/www.denkfried.de\/wp\/index.php?rest_route=\/wp\/v2\/users\/2"}],"replies":[{"embeddable":true,"href":"http:\/\/www.denkfried.de\/wp\/index.php?rest_route=%2Fwp%2Fv2%2Fcomments&post=9440"}],"version-history":[{"count":4,"href":"http:\/\/www.denkfried.de\/wp\/index.php?rest_route=\/wp\/v2\/pages\/9440\/revisions"}],"predecessor-version":[{"id":9451,"href":"http:\/\/www.denkfried.de\/wp\/index.php?rest_route=\/wp\/v2\/pages\/9440\/revisions\/9451"}],"up":[{"embeddable":true,"href":"http:\/\/www.denkfried.de\/wp\/index.php?rest_route=\/wp\/v2\/pages\/8277"}],"wp:attachment":[{"href":"http:\/\/www.denkfried.de\/wp\/index.php?rest_route=%2Fwp%2Fv2%2Fmedia&parent=9440"}],"curies":[{"name":"wp","href":"https:\/\/api.w.org\/{rel}","templated":true}]}}