{"id":939,"date":"2011-04-05T21:53:24","date_gmt":"2011-04-05T19:53:24","guid":{"rendered":"http:\/\/www.denkfried.de\/wp\/?page_id=939"},"modified":"2011-04-05T21:53:24","modified_gmt":"2011-04-05T19:53:24","slug":"petric","status":"publish","type":"page","link":"http:\/\/www.denkfried.de\/wp\/?page_id=939","title":{"rendered":"PETRIC"},"content":{"rendered":"<p>&nbsp;<\/p>\n<p><span style=\"text-decoration: underline; color: #ff0000;\"><strong>2850 Petric<\/strong><\/span> (Petritsch)<\/p>\n<p>Oblast Blageowgrad<\/p>\n<p>Die Stadt liegt im \u00e4u\u00dfersten S\u00fcdwesten Bulgariens.<br \/>\nW\u00e4hrend  des Zweiten Weltkrieges wurde Petritsch als Truppenaufmarschgebiet f\u00fcr  die deutschen Truppen f\u00fcr den Angriff gegen Griechenland verwendet.<br \/>\nAls  die Arbeiten an diesem Friedhof begannen, wies nur ein kleines  verwittertes Metallschildchen auf diesen Friedhof. Das Gel\u00e4nde wurde mit  einer Hecke begrenzt, Symbolkreuzegruppen aufgestellt und Tafeln mit  den Namen der hier Bestatteten angebracht.<br \/>\nEinweihung im Sommer 2001<\/p>\n<p>1.WK &#8211;\u00a0 60\u00a0 Tote (k.u.k)<br \/>\n2.WK &#8211;\u00a0 110 Tote<\/p>\n","protected":false},"excerpt":{"rendered":"<p>&nbsp; 2850 Petric (Petritsch) Oblast Blageowgrad Die Stadt liegt im \u00e4u\u00dfersten S\u00fcdwesten Bulgariens. W\u00e4hrend des Zweiten Weltkrieges wurde Petritsch als Truppenaufmarschgebiet f\u00fcr die deutschen Truppen f\u00fcr den Angriff gegen Griechenland verwendet. Als die Arbeiten an diesem Friedhof begannen, wies nur &hellip; <a href=\"http:\/\/www.denkfried.de\/wp\/?page_id=939\">Weiterlesen <span class=\"meta-nav\">&rarr;<\/span><\/a><\/p>\n","protected":false},"author":2,"featured_media":0,"parent":271,"menu_order":0,"comment_status":"closed","ping_status":"open","template":"","meta":{"footnotes":""},"class_list":["post-939","page","type-page","status-publish","hentry"],"_links":{"self":[{"href":"http:\/\/www.denkfried.de\/wp\/index.php?rest_route=\/wp\/v2\/pages\/939","targetHints":{"allow":["GET"]}}],"collection":[{"href":"http:\/\/www.denkfried.de\/wp\/index.php?rest_route=\/wp\/v2\/pages"}],"about":[{"href":"http:\/\/www.denkfried.de\/wp\/index.php?rest_route=\/wp\/v2\/types\/page"}],"author":[{"embeddable":true,"href":"http:\/\/www.denkfried.de\/wp\/index.php?rest_route=\/wp\/v2\/users\/2"}],"replies":[{"embeddable":true,"href":"http:\/\/www.denkfried.de\/wp\/index.php?rest_route=%2Fwp%2Fv2%2Fcomments&post=939"}],"version-history":[{"count":2,"href":"http:\/\/www.denkfried.de\/wp\/index.php?rest_route=\/wp\/v2\/pages\/939\/revisions"}],"predecessor-version":[{"id":941,"href":"http:\/\/www.denkfried.de\/wp\/index.php?rest_route=\/wp\/v2\/pages\/939\/revisions\/941"}],"up":[{"embeddable":true,"href":"http:\/\/www.denkfried.de\/wp\/index.php?rest_route=\/wp\/v2\/pages\/271"}],"wp:attachment":[{"href":"http:\/\/www.denkfried.de\/wp\/index.php?rest_route=%2Fwp%2Fv2%2Fmedia&parent=939"}],"curies":[{"name":"wp","href":"https:\/\/api.w.org\/{rel}","templated":true}]}}