{"id":9379,"date":"2011-07-08T22:38:08","date_gmt":"2011-07-08T20:38:08","guid":{"rendered":"http:\/\/www.denkfried.de\/wp\/?page_id=9379"},"modified":"2011-07-08T22:45:43","modified_gmt":"2011-07-08T20:45:43","slug":"pont-a-vendin-32","status":"publish","type":"page","link":"http:\/\/www.denkfried.de\/wp\/?page_id=9379","title":{"rendered":"Pont-\u00e0-Vendin   (32)"},"content":{"rendered":"<p>&nbsp;<\/p>\n<p><span style=\"text-decoration: underline;\"><strong>62880 Pont-\u00e0-Vendin<\/strong><\/span>, Rue Marcel Lejeune<\/p>\n<p>Aus dem Reisebericht von Hubert M. :\u00a0\u00a0\u00a0\u00a0\u00a0\u00a0\u00a0\u00a0\u00a0\u00a0\u00a0\u00a0\u00a0\u00a0\u00a0\u00a0\u00a0\u00a0\u00a0 <a href=\"http:\/\/www.gedenk-tafel.de\/forum\/index.php?action=profile;u=1504\"><img decoding=\"async\" src=\"http:\/\/www.gedenk-tafel.de\/forum\/index.php?action=dlattach;attach=58327;type=avatar\" alt=\"\" \/><\/a><\/p>\n<p>&#8222;Jetzt sind wir auf dem deutschen Soldatenfriedhof des 1.W.K. Nr. 32 Pont-a-Verdin in Frankreich. Der Friedhof liegt an der D 164 am Ortseingang aus Richtung Meurchin. Hier ruhen 779 Deutsche Soldaten. 1914 von der Truppe angelegt die hier bis Juli 1917 Gefallene bestattet. 261 Tote stammen von einem bayerischen Infanterieregiment. Hohe Verluste verursachte der Stellungskrieg und die alliiertenDurchbruchsversuche 1916 und die Osterschlacht bei Arras im Fr\u00fchjahr \u00a01917. In den 30er Jahren pflanzte der Volksbund Ahorn, Linden, Pappeln und Str\u00e4ucher und begr\u00fcnte die Gr\u00e4berfl\u00e4che. 1969 entstand der Eingang mit dem geschmiedeten Tor, die Holzkreuze wurden gegen Kreuze aus belgischen Granit ausgetauscht.&#8220;<\/p>\n<div id='gallery-1' class='gallery galleryid-9379 gallery-columns-3 gallery-size-thumbnail'><dl class='gallery-item'>\n\t\t\t<dt class='gallery-icon landscape'>\n\t\t\t\t<a href='http:\/\/www.denkfried.de\/wp\/?attachment_id=9385'><img loading=\"lazy\" decoding=\"async\" width=\"150\" height=\"150\" src=\"http:\/\/www.denkfried.de\/wp\/wp-content\/uploads\/2011\/07\/Pont-a-Vendin-Eingang-001-150x150.jpg\" class=\"attachment-thumbnail size-thumbnail\" alt=\"\" \/><\/a>\n\t\t\t<\/dt><\/dl><dl class='gallery-item'>\n\t\t\t<dt class='gallery-icon landscape'>\n\t\t\t\t<a href='http:\/\/www.denkfried.de\/wp\/?attachment_id=9381'><img loading=\"lazy\" decoding=\"async\" width=\"150\" height=\"150\" src=\"http:\/\/www.denkfried.de\/wp\/wp-content\/uploads\/2011\/07\/Pont-a-Vendin-Ansicht-Gr\u00e4berfeld-002-150x150.jpg\" class=\"attachment-thumbnail size-thumbnail\" alt=\"\" \/><\/a>\n\t\t\t<\/dt><\/dl><dl class='gallery-item'>\n\t\t\t<dt class='gallery-icon landscape'>\n\t\t\t\t<a href='http:\/\/www.denkfried.de\/wp\/?attachment_id=9384'><img loading=\"lazy\" decoding=\"async\" width=\"150\" height=\"150\" src=\"http:\/\/www.denkfried.de\/wp\/wp-content\/uploads\/2011\/07\/Pont-a-Vendin-Spruch-auf-Steinplatte-003-150x150.jpg\" class=\"attachment-thumbnail size-thumbnail\" alt=\"\" \/><\/a>\n\t\t\t<\/dt><\/dl><br style=\"clear: both\" \/><dl class='gallery-item'>\n\t\t\t<dt class='gallery-icon landscape'>\n\t\t\t\t<a href='http:\/\/www.denkfried.de\/wp\/?attachment_id=9382'><img loading=\"lazy\" decoding=\"async\" width=\"150\" height=\"150\" src=\"http:\/\/www.denkfried.de\/wp\/wp-content\/uploads\/2011\/07\/Pont-a-Vendin-Gr\u00e4berfeld-vor-Hochkreuz-004-150x150.jpg\" class=\"attachment-thumbnail size-thumbnail\" alt=\"\" \/><\/a>\n\t\t\t<\/dt><\/dl><dl class='gallery-item'>\n\t\t\t<dt class='gallery-icon portrait'>\n\t\t\t\t<a href='http:\/\/www.denkfried.de\/wp\/?attachment_id=9380'><img loading=\"lazy\" decoding=\"async\" width=\"150\" height=\"150\" src=\"http:\/\/www.denkfried.de\/wp\/wp-content\/uploads\/2011\/07\/Pont-a-Verdin-Musketier-007-150x150.jpg\" class=\"attachment-thumbnail size-thumbnail\" alt=\"\" \/><\/a>\n\t\t\t<\/dt><\/dl><dl class='gallery-item'>\n\t\t\t<dt class='gallery-icon portrait'>\n\t\t\t\t<a href='http:\/\/www.denkfried.de\/wp\/?attachment_id=9383'><img loading=\"lazy\" decoding=\"async\" width=\"150\" height=\"150\" src=\"http:\/\/www.denkfried.de\/wp\/wp-content\/uploads\/2011\/07\/Pont-a-Vendin-Hochkreuz-008-150x150.jpg\" class=\"attachment-thumbnail size-thumbnail\" alt=\"\" \/><\/a>\n\t\t\t<\/dt><\/dl><br style=\"clear: both\" \/>\n\t\t<\/div>\n\n","protected":false},"excerpt":{"rendered":"<p>&nbsp; 62880 Pont-\u00e0-Vendin, Rue Marcel Lejeune Aus dem Reisebericht von Hubert M. :\u00a0\u00a0\u00a0\u00a0\u00a0\u00a0\u00a0\u00a0\u00a0\u00a0\u00a0\u00a0\u00a0\u00a0\u00a0\u00a0\u00a0\u00a0\u00a0 &#8222;Jetzt sind wir auf dem deutschen Soldatenfriedhof des 1.W.K. Nr. 32 Pont-a-Verdin in Frankreich. Der Friedhof liegt an der D 164 am Ortseingang aus Richtung Meurchin. Hier &hellip; <a href=\"http:\/\/www.denkfried.de\/wp\/?page_id=9379\">Weiterlesen <span class=\"meta-nav\">&rarr;<\/span><\/a><\/p>\n","protected":false},"author":2,"featured_media":0,"parent":8277,"menu_order":0,"comment_status":"closed","ping_status":"open","template":"","meta":{"footnotes":""},"class_list":["post-9379","page","type-page","status-publish","hentry"],"_links":{"self":[{"href":"http:\/\/www.denkfried.de\/wp\/index.php?rest_route=\/wp\/v2\/pages\/9379","targetHints":{"allow":["GET"]}}],"collection":[{"href":"http:\/\/www.denkfried.de\/wp\/index.php?rest_route=\/wp\/v2\/pages"}],"about":[{"href":"http:\/\/www.denkfried.de\/wp\/index.php?rest_route=\/wp\/v2\/types\/page"}],"author":[{"embeddable":true,"href":"http:\/\/www.denkfried.de\/wp\/index.php?rest_route=\/wp\/v2\/users\/2"}],"replies":[{"embeddable":true,"href":"http:\/\/www.denkfried.de\/wp\/index.php?rest_route=%2Fwp%2Fv2%2Fcomments&post=9379"}],"version-history":[{"count":4,"href":"http:\/\/www.denkfried.de\/wp\/index.php?rest_route=\/wp\/v2\/pages\/9379\/revisions"}],"predecessor-version":[{"id":9388,"href":"http:\/\/www.denkfried.de\/wp\/index.php?rest_route=\/wp\/v2\/pages\/9379\/revisions\/9388"}],"up":[{"embeddable":true,"href":"http:\/\/www.denkfried.de\/wp\/index.php?rest_route=\/wp\/v2\/pages\/8277"}],"wp:attachment":[{"href":"http:\/\/www.denkfried.de\/wp\/index.php?rest_route=%2Fwp%2Fv2%2Fmedia&parent=9379"}],"curies":[{"name":"wp","href":"https:\/\/api.w.org\/{rel}","templated":true}]}}