{"id":9341,"date":"2011-07-07T22:57:56","date_gmt":"2011-07-07T20:57:56","guid":{"rendered":"http:\/\/www.denkfried.de\/wp\/?page_id=9341"},"modified":"2011-07-07T22:58:30","modified_gmt":"2011-07-07T20:58:30","slug":"wicres-de-la-bassee-23","status":"publish","type":"page","link":"http:\/\/www.denkfried.de\/wp\/?page_id=9341","title":{"rendered":"Wicres-de-la-Bassee  (23)"},"content":{"rendered":"<p>&nbsp;<\/p>\n<p><span style=\"text-decoration: underline;\"><strong>59134 Wicres-de-la-Bassee<\/strong><\/span>, Route de la Bassee<\/p>\n<p>&nbsp;<\/p>\n<p><em>Aus dem Reisebericht von Hubert M. :<\/em><\/p>\n<p><em>&#8222;Besuchen nun den deutschen Soldatenfriedhof des 1.W.K. Nr.23 Wicres-Route-de-la-Bassee (Stra\u00dfe zum Dorf) der an der N 41 (Lille-Bethune), ca.2 km von Wicres entfernt in Richtung La Bassee. Auf diesem Gr\u00e4berfeld sind 548 Deutsche Gefallene beigesetzt. Der Soldatenfriedhof wurde 1915 f\u00fcr die Gefallenen des Infanterieregiments 15 und des Reserveinfanterieregiment 15 (Minden\/Westfahlen) angelegt. 470 Soldaten starben in den Schlachten 1915 bei der Abwehr alliierter Angriffe sowie im Stellungskampf bis zum Fr\u00fchjahr 1916. Nach dem Krieg l\u00f6sen franz\u00f6sische Milit\u00e4rbeh\u00f6rden die Friedh\u00f6fe der bayerischen Reserveinfanterieregimenter 16 und 17 sowie eine weitere kleine Anlage in der Umgebung auf und betteten die Toten in Wicres zu. Bereits w\u00e4hrend des Krieges wurde der Friedhof durch eine Mauer abgegrenzt. 1927 begann der Volksbund mit der Bepflanzung. 1979 wurden die provisorischen Grabzeichen gegen Kissensteine, auf denen Bronzeplatten mit Namen und Daten befestigt sind, ausgetauscht.&#8220;<\/em><\/p>\n<div id='gallery-1' class='gallery galleryid-9341 gallery-columns-4 gallery-size-thumbnail'><dl class='gallery-item'>\n\t\t\t<dt class='gallery-icon landscape'>\n\t\t\t\t<a href='http:\/\/www.denkfried.de\/wp\/?attachment_id=9343'><img loading=\"lazy\" decoding=\"async\" width=\"150\" height=\"150\" src=\"http:\/\/www.denkfried.de\/wp\/wp-content\/uploads\/2011\/07\/Wicres-Route-de-la-Bassee-eingang-001-150x150.jpg\" class=\"attachment-thumbnail size-thumbnail\" alt=\"\" \/><\/a>\n\t\t\t<\/dt><\/dl><dl class='gallery-item'>\n\t\t\t<dt class='gallery-icon landscape'>\n\t\t\t\t<a href='http:\/\/www.denkfried.de\/wp\/?attachment_id=9346'><img loading=\"lazy\" decoding=\"async\" width=\"150\" height=\"150\" src=\"http:\/\/www.denkfried.de\/wp\/wp-content\/uploads\/2011\/07\/Wicres-Route-de-la-Bassee-Panorama-002-150x150.jpg\" class=\"attachment-thumbnail size-thumbnail\" alt=\"\" \/><\/a>\n\t\t\t<\/dt><\/dl><dl class='gallery-item'>\n\t\t\t<dt class='gallery-icon portrait'>\n\t\t\t\t<a href='http:\/\/www.denkfried.de\/wp\/?attachment_id=9347'><img loading=\"lazy\" decoding=\"async\" width=\"150\" height=\"150\" src=\"http:\/\/www.denkfried.de\/wp\/wp-content\/uploads\/2011\/07\/Wicres-Route-de-la-Bassee-Regimentsgrabstein-004-150x150.jpg\" class=\"attachment-thumbnail size-thumbnail\" alt=\"\" \/><\/a>\n\t\t\t<\/dt><\/dl><dl class='gallery-item'>\n\t\t\t<dt class='gallery-icon landscape'>\n\t\t\t\t<a href='http:\/\/www.denkfried.de\/wp\/?attachment_id=9344'><img loading=\"lazy\" decoding=\"async\" width=\"150\" height=\"150\" src=\"http:\/\/www.denkfried.de\/wp\/wp-content\/uploads\/2011\/07\/Wicres-Route-de-la-Bassee-Gr\u00e4berfeld-005-150x150.jpg\" class=\"attachment-thumbnail size-thumbnail\" alt=\"\" \/><\/a>\n\t\t\t<\/dt><\/dl><br style=\"clear: both\" \/><dl class='gallery-item'>\n\t\t\t<dt class='gallery-icon landscape'>\n\t\t\t\t<a href='http:\/\/www.denkfried.de\/wp\/?attachment_id=9345'><img loading=\"lazy\" decoding=\"async\" width=\"150\" height=\"150\" src=\"http:\/\/www.denkfried.de\/wp\/wp-content\/uploads\/2011\/07\/Wicres-Route-de-la-Bassee-Hinweisplatte-Kameradengrab-006-150x150.jpg\" class=\"attachment-thumbnail size-thumbnail\" alt=\"\" \/><\/a>\n\t\t\t<\/dt><\/dl><dl class='gallery-item'>\n\t\t\t<dt class='gallery-icon portrait'>\n\t\t\t\t<a href='http:\/\/www.denkfried.de\/wp\/?attachment_id=9342'><img loading=\"lazy\" decoding=\"async\" width=\"150\" height=\"150\" src=\"http:\/\/www.denkfried.de\/wp\/wp-content\/uploads\/2011\/07\/Wicres-Route-de-lsa-Bassee-Steinsteele-Kameradengrab-007-150x150.jpg\" class=\"attachment-thumbnail size-thumbnail\" alt=\"\" \/><\/a>\n\t\t\t<\/dt><\/dl><dl class='gallery-item'>\n\t\t\t<dt class='gallery-icon landscape'>\n\t\t\t\t<a href='http:\/\/www.denkfried.de\/wp\/?attachment_id=9348'><img loading=\"lazy\" decoding=\"async\" width=\"150\" height=\"150\" src=\"http:\/\/www.denkfried.de\/wp\/wp-content\/uploads\/2011\/07\/Wicres-Route-de-la-Bassee-Blick-zum-Eingang-008-150x150.jpg\" class=\"attachment-thumbnail size-thumbnail\" alt=\"\" \/><\/a>\n\t\t\t<\/dt><\/dl>\n\t\t\t<br style='clear: both' \/>\n\t\t<\/div>\n\n<p>&nbsp;<\/p>\n<p>&nbsp;<\/p>\n","protected":false},"excerpt":{"rendered":"<p>&nbsp; 59134 Wicres-de-la-Bassee, Route de la Bassee &nbsp; Aus dem Reisebericht von Hubert M. : &#8222;Besuchen nun den deutschen Soldatenfriedhof des 1.W.K. Nr.23 Wicres-Route-de-la-Bassee (Stra\u00dfe zum Dorf) der an der N 41 (Lille-Bethune), ca.2 km von Wicres entfernt in Richtung &hellip; <a href=\"http:\/\/www.denkfried.de\/wp\/?page_id=9341\">Weiterlesen <span class=\"meta-nav\">&rarr;<\/span><\/a><\/p>\n","protected":false},"author":2,"featured_media":0,"parent":8271,"menu_order":0,"comment_status":"closed","ping_status":"open","template":"","meta":{"footnotes":""},"class_list":["post-9341","page","type-page","status-publish","hentry"],"_links":{"self":[{"href":"http:\/\/www.denkfried.de\/wp\/index.php?rest_route=\/wp\/v2\/pages\/9341","targetHints":{"allow":["GET"]}}],"collection":[{"href":"http:\/\/www.denkfried.de\/wp\/index.php?rest_route=\/wp\/v2\/pages"}],"about":[{"href":"http:\/\/www.denkfried.de\/wp\/index.php?rest_route=\/wp\/v2\/types\/page"}],"author":[{"embeddable":true,"href":"http:\/\/www.denkfried.de\/wp\/index.php?rest_route=\/wp\/v2\/users\/2"}],"replies":[{"embeddable":true,"href":"http:\/\/www.denkfried.de\/wp\/index.php?rest_route=%2Fwp%2Fv2%2Fcomments&post=9341"}],"version-history":[{"count":4,"href":"http:\/\/www.denkfried.de\/wp\/index.php?rest_route=\/wp\/v2\/pages\/9341\/revisions"}],"predecessor-version":[{"id":9352,"href":"http:\/\/www.denkfried.de\/wp\/index.php?rest_route=\/wp\/v2\/pages\/9341\/revisions\/9352"}],"up":[{"embeddable":true,"href":"http:\/\/www.denkfried.de\/wp\/index.php?rest_route=\/wp\/v2\/pages\/8271"}],"wp:attachment":[{"href":"http:\/\/www.denkfried.de\/wp\/index.php?rest_route=%2Fwp%2Fv2%2Fmedia&parent=9341"}],"curies":[{"name":"wp","href":"https:\/\/api.w.org\/{rel}","templated":true}]}}