{"id":9270,"date":"2011-07-07T12:58:04","date_gmt":"2011-07-07T10:58:04","guid":{"rendered":"http:\/\/www.denkfried.de\/wp\/?page_id=9270"},"modified":"2011-07-07T14:29:33","modified_gmt":"2011-07-07T12:29:33","slug":"saint-avold-169","status":"publish","type":"page","link":"http:\/\/www.denkfried.de\/wp\/?page_id=9270","title":{"rendered":"Saint Avold   (169)"},"content":{"rendered":"<p>&nbsp;<\/p>\n<p><span style=\"text-decoration: underline;\"><strong>57500 Saint Avold<\/strong><\/span><\/p>\n<p>Aus dem Reisebericht von Hubert M. :<\/p>\n<p>&#8222;Wir fahren weiter und erreichen den deutschen Soldatenfriedhof des Ersten Weltkriegs St.Avold Nr.169.<\/p>\n<p>212 Deutsche, 1 \u00d6sterreicher\/Ungar sind auf dem Friedhof bestattet. Bei Beginn des Ersten Weltkrieges von der Truppe angelegt. Das Denkmal gestaltetem in der Truppe dienende Bildhauer und Steinmetze .Vor dem Zweiten Weltkrieg konnte der Volksbund nur g\u00e4rtnerische Arbeiten Ausf\u00fchren. 1973 wurden die Holzkreuze gegen Steinkreuze ausgewechselt, Denkmal und Mauern restauriert. N\u00f6rdlich von St.Avold liegt der schon bereits vorgestellte amerikanische Soldatenfriedhof mit 10489 Gefallenen des Zweiten Weltkrieges.&#8220;<\/p>\n<div id='gallery-1' class='gallery galleryid-9270 gallery-columns-3 gallery-size-thumbnail'><dl class='gallery-item'>\n\t\t\t<dt class='gallery-icon portrait'>\n\t\t\t\t<a href='http:\/\/www.denkfried.de\/wp\/?attachment_id=9275'><img loading=\"lazy\" decoding=\"async\" width=\"150\" height=\"150\" src=\"http:\/\/www.denkfried.de\/wp\/wp-content\/uploads\/2011\/07\/St.Avold-Eingang-001-150x150.jpg\" class=\"attachment-thumbnail size-thumbnail\" alt=\"\" \/><\/a>\n\t\t\t<\/dt><\/dl><dl class='gallery-item'>\n\t\t\t<dt class='gallery-icon landscape'>\n\t\t\t\t<a href='http:\/\/www.denkfried.de\/wp\/?attachment_id=9271'><img loading=\"lazy\" decoding=\"async\" width=\"150\" height=\"150\" src=\"http:\/\/www.denkfried.de\/wp\/wp-content\/uploads\/2011\/07\/St.Avold-Gr\u00e4berreihen-002-150x150.jpg\" class=\"attachment-thumbnail size-thumbnail\" alt=\"\" \/><\/a>\n\t\t\t<\/dt><\/dl><dl class='gallery-item'>\n\t\t\t<dt class='gallery-icon landscape'>\n\t\t\t\t<a href='http:\/\/www.denkfried.de\/wp\/?attachment_id=9274'><img loading=\"lazy\" decoding=\"async\" width=\"150\" height=\"150\" src=\"http:\/\/www.denkfried.de\/wp\/wp-content\/uploads\/2011\/07\/St.Avold-Blick-auf-obere-Grabreihen-003-150x150.jpg\" class=\"attachment-thumbnail size-thumbnail\" alt=\"\" \/><\/a>\n\t\t\t<\/dt><\/dl><br style=\"clear: both\" \/><dl class='gallery-item'>\n\t\t\t<dt class='gallery-icon landscape'>\n\t\t\t\t<a href='http:\/\/www.denkfried.de\/wp\/?attachment_id=9273'><img loading=\"lazy\" decoding=\"async\" width=\"150\" height=\"150\" src=\"http:\/\/www.denkfried.de\/wp\/wp-content\/uploads\/2011\/07\/St.Avold-Gedenkstein-beim-Kameradengrab-004-150x150.jpg\" class=\"attachment-thumbnail size-thumbnail\" alt=\"\" \/><\/a>\n\t\t\t<\/dt><\/dl><dl class='gallery-item'>\n\t\t\t<dt class='gallery-icon landscape'>\n\t\t\t\t<a href='http:\/\/www.denkfried.de\/wp\/?attachment_id=9272'><img loading=\"lazy\" decoding=\"async\" width=\"150\" height=\"150\" src=\"http:\/\/www.denkfried.de\/wp\/wp-content\/uploads\/2011\/07\/ST-Avold-franz.Gr\u00e4ber-006-150x150.jpg\" class=\"attachment-thumbnail size-thumbnail\" alt=\"\" \/><\/a>\n\t\t\t<\/dt><\/dl>\n\t\t\t<br style='clear: both' \/>\n\t\t<\/div>\n\n","protected":false},"excerpt":{"rendered":"<p>&nbsp; 57500 Saint Avold Aus dem Reisebericht von Hubert M. : &#8222;Wir fahren weiter und erreichen den deutschen Soldatenfriedhof des Ersten Weltkriegs St.Avold Nr.169. 212 Deutsche, 1 \u00d6sterreicher\/Ungar sind auf dem Friedhof bestattet. Bei Beginn des Ersten Weltkrieges von der &hellip; <a href=\"http:\/\/www.denkfried.de\/wp\/?page_id=9270\">Weiterlesen <span class=\"meta-nav\">&rarr;<\/span><\/a><\/p>\n","protected":false},"author":2,"featured_media":0,"parent":8268,"menu_order":0,"comment_status":"closed","ping_status":"open","template":"","meta":{"footnotes":""},"class_list":["post-9270","page","type-page","status-publish","hentry"],"_links":{"self":[{"href":"http:\/\/www.denkfried.de\/wp\/index.php?rest_route=\/wp\/v2\/pages\/9270","targetHints":{"allow":["GET"]}}],"collection":[{"href":"http:\/\/www.denkfried.de\/wp\/index.php?rest_route=\/wp\/v2\/pages"}],"about":[{"href":"http:\/\/www.denkfried.de\/wp\/index.php?rest_route=\/wp\/v2\/types\/page"}],"author":[{"embeddable":true,"href":"http:\/\/www.denkfried.de\/wp\/index.php?rest_route=\/wp\/v2\/users\/2"}],"replies":[{"embeddable":true,"href":"http:\/\/www.denkfried.de\/wp\/index.php?rest_route=%2Fwp%2Fv2%2Fcomments&post=9270"}],"version-history":[{"count":4,"href":"http:\/\/www.denkfried.de\/wp\/index.php?rest_route=\/wp\/v2\/pages\/9270\/revisions"}],"predecessor-version":[{"id":9278,"href":"http:\/\/www.denkfried.de\/wp\/index.php?rest_route=\/wp\/v2\/pages\/9270\/revisions\/9278"}],"up":[{"embeddable":true,"href":"http:\/\/www.denkfried.de\/wp\/index.php?rest_route=\/wp\/v2\/pages\/8268"}],"wp:attachment":[{"href":"http:\/\/www.denkfried.de\/wp\/index.php?rest_route=%2Fwp%2Fv2%2Fmedia&parent=9270"}],"curies":[{"name":"wp","href":"https:\/\/api.w.org\/{rel}","templated":true}]}}