{"id":9262,"date":"2011-07-07T12:47:55","date_gmt":"2011-07-07T10:47:55","guid":{"rendered":"http:\/\/www.denkfried.de\/wp\/?page_id=9262"},"modified":"2011-07-07T12:47:55","modified_gmt":"2011-07-07T10:47:55","slug":"meaux-93","status":"publish","type":"page","link":"http:\/\/www.denkfried.de\/wp\/?page_id=9262","title":{"rendered":"Meaux  (93)"},"content":{"rendered":"<p>&nbsp;<\/p>\n<p><span style=\"text-decoration: underline;\"><strong>77100 Meaux<\/strong><\/span><\/p>\n<p>Aus dem Reisebericht 2006 von Hubert M. :<\/p>\n<div><img decoding=\"async\" src=\"http:\/\/www.gedenk-tafel.de\/forum\/index.php?action=dlattach;attach=58327;type=avatar\" alt=\"\" border=\"0\" \/><\/div>\n<div><em>&#8222;Wirs ind am deutschen Soldatenfriedhof Meaux angekommen. Der Soldatenfriedhof befindet sich ca.33 km nordostw\u00e4rts von Paris. Die hier ruhenden 80 deutschen Toten sind in franz\u00f6sischer Kriegsgefangenschaft und im Lazarett von Meaux gestorben. 1972 lie\u00df der Volksbund die Holzkreuze durch Grabzeichen aus Stein ersetzen und die Anlage landschaftsg\u00e4rtnerisch gestalten. Wir bringen am Grab eines unbekanten Soldaten eine Rose an.&#8220;<\/em><\/div>\n<div>\n<div id='gallery-1' class='gallery galleryid-9262 gallery-columns-4 gallery-size-thumbnail'><dl class='gallery-item'>\n\t\t\t<dt class='gallery-icon landscape'>\n\t\t\t\t<a href='http:\/\/www.denkfried.de\/wp\/?attachment_id=9266'><img loading=\"lazy\" decoding=\"async\" width=\"150\" height=\"150\" src=\"http:\/\/www.denkfried.de\/wp\/wp-content\/uploads\/2011\/07\/Meaux-Hinweisplatte-001-150x150.jpg\" class=\"attachment-thumbnail size-thumbnail\" alt=\"\" \/><\/a>\n\t\t\t<\/dt><\/dl><dl class='gallery-item'>\n\t\t\t<dt class='gallery-icon landscape'>\n\t\t\t\t<a href='http:\/\/www.denkfried.de\/wp\/?attachment_id=9264'><img loading=\"lazy\" decoding=\"async\" width=\"150\" height=\"150\" src=\"http:\/\/www.denkfried.de\/wp\/wp-content\/uploads\/2011\/07\/Meaux-Gr\u00e4berfeld-002-150x150.jpg\" class=\"attachment-thumbnail size-thumbnail\" alt=\"\" \/><\/a>\n\t\t\t<\/dt><\/dl><dl class='gallery-item'>\n\t\t\t<dt class='gallery-icon landscape'>\n\t\t\t\t<a href='http:\/\/www.denkfried.de\/wp\/?attachment_id=9265'><img loading=\"lazy\" decoding=\"async\" width=\"150\" height=\"150\" src=\"http:\/\/www.denkfried.de\/wp\/wp-content\/uploads\/2011\/07\/Meaux-Grabreihen-003-150x150.jpg\" class=\"attachment-thumbnail size-thumbnail\" alt=\"\" \/><\/a>\n\t\t\t<\/dt><\/dl><dl class='gallery-item'>\n\t\t\t<dt class='gallery-icon portrait'>\n\t\t\t\t<a href='http:\/\/www.denkfried.de\/wp\/?attachment_id=9263'><img loading=\"lazy\" decoding=\"async\" width=\"150\" height=\"150\" src=\"http:\/\/www.denkfried.de\/wp\/wp-content\/uploads\/2011\/07\/Meaux-unbekanter-Soldat-004-150x150.jpg\" class=\"attachment-thumbnail size-thumbnail\" alt=\"\" \/><\/a>\n\t\t\t<\/dt><\/dl><br style=\"clear: both\" \/>\n\t\t<\/div>\n\n<\/div>\n","protected":false},"excerpt":{"rendered":"<p>&nbsp; 77100 Meaux Aus dem Reisebericht 2006 von Hubert M. : &#8222;Wirs ind am deutschen Soldatenfriedhof Meaux angekommen. Der Soldatenfriedhof befindet sich ca.33 km nordostw\u00e4rts von Paris. Die hier ruhenden 80 deutschen Toten sind in franz\u00f6sischer Kriegsgefangenschaft und im Lazarett &hellip; <a href=\"http:\/\/www.denkfried.de\/wp\/?page_id=9262\">Weiterlesen <span class=\"meta-nav\">&rarr;<\/span><\/a><\/p>\n","protected":false},"author":2,"featured_media":0,"parent":8282,"menu_order":0,"comment_status":"closed","ping_status":"open","template":"","meta":{"footnotes":""},"class_list":["post-9262","page","type-page","status-publish","hentry"],"_links":{"self":[{"href":"http:\/\/www.denkfried.de\/wp\/index.php?rest_route=\/wp\/v2\/pages\/9262","targetHints":{"allow":["GET"]}}],"collection":[{"href":"http:\/\/www.denkfried.de\/wp\/index.php?rest_route=\/wp\/v2\/pages"}],"about":[{"href":"http:\/\/www.denkfried.de\/wp\/index.php?rest_route=\/wp\/v2\/types\/page"}],"author":[{"embeddable":true,"href":"http:\/\/www.denkfried.de\/wp\/index.php?rest_route=\/wp\/v2\/users\/2"}],"replies":[{"embeddable":true,"href":"http:\/\/www.denkfried.de\/wp\/index.php?rest_route=%2Fwp%2Fv2%2Fcomments&post=9262"}],"version-history":[{"count":2,"href":"http:\/\/www.denkfried.de\/wp\/index.php?rest_route=\/wp\/v2\/pages\/9262\/revisions"}],"predecessor-version":[{"id":9268,"href":"http:\/\/www.denkfried.de\/wp\/index.php?rest_route=\/wp\/v2\/pages\/9262\/revisions\/9268"}],"up":[{"embeddable":true,"href":"http:\/\/www.denkfried.de\/wp\/index.php?rest_route=\/wp\/v2\/pages\/8282"}],"wp:attachment":[{"href":"http:\/\/www.denkfried.de\/wp\/index.php?rest_route=%2Fwp%2Fv2%2Fmedia&parent=9262"}],"curies":[{"name":"wp","href":"https:\/\/api.w.org\/{rel}","templated":true}]}}