{"id":9249,"date":"2011-07-07T11:52:55","date_gmt":"2011-07-07T09:52:55","guid":{"rendered":"http:\/\/www.denkfried.de\/wp\/?page_id=9249"},"modified":"2011-07-07T11:52:55","modified_gmt":"2011-07-07T09:52:55","slug":"solers-15","status":"publish","type":"page","link":"http:\/\/www.denkfried.de\/wp\/?page_id=9249","title":{"rendered":"Solers  (15)"},"content":{"rendered":"<p>&nbsp;<\/p>\n<p><span style=\"text-decoration: underline;\"><strong>77111 Solers<\/strong><\/span><\/p>\n<p><em>Aus dem Reisebericht (2008) von Hubert M. :<\/em><\/p>\n<p><em>&#8222;Wir sind am deutschen Soldatenfriedhof Solers Nr.15 des Zweiten Weltkriegs angekommen. Der Friedhof liegt 38 km s\u00fcd\u00f6stlich von Paris, 15 km nord\u00f6stlich von Meulen, zwischen Solers und Soignolles. Das Glasmosaik in der Eingangshalle hat das Thema &#8222;Auferstehung in Buntglas&#8220;. Auf diesem Gr\u00e4berfeld ruhen 2228 Deutsche Gefallene. Im August 1944 legte die erste amerikanische Armee westlich von Solers einen provisorischen Begr\u00e4bnisplatz f\u00fcr amerikanische und deutsche Gefallene an. Nach Beendigung des Krieges wurden die amerikanischen Gefallenen nach Epinal \u00fcberf\u00fchrt. Das deutsche Gr\u00e4berfeld blieb bestehen. Die franz\u00f6sischen Beh\u00f6rden lie\u00dfen aus der Gegend Troyes und Chartres noch weitere Deutsche zubetten. 1960 begann der Volksbund mit den baulichen und den g\u00e4rtnerischen Arbeiten. Die Gr\u00e4ber wurden durch Steelen aus Muschelkalk gekennzeichnet. Auf jeder Seite stehen die Namen von drei Gefallenen. Drei Hochkreuze markieren den zentralen Gedenkplatz. &#8222;<\/em><\/p>\n<div id='gallery-1' class='gallery galleryid-9249 gallery-columns-4 gallery-size-thumbnail'><dl class='gallery-item'>\n\t\t\t<dt class='gallery-icon landscape'>\n\t\t\t\t<a href='http:\/\/www.denkfried.de\/wp\/?attachment_id=9255'><img loading=\"lazy\" decoding=\"async\" width=\"150\" height=\"150\" src=\"http:\/\/www.denkfried.de\/wp\/wp-content\/uploads\/2011\/07\/Solers-Eingang-001-150x150.jpg\" class=\"attachment-thumbnail size-thumbnail\" alt=\"\" \/><\/a>\n\t\t\t<\/dt><\/dl><dl class='gallery-item'>\n\t\t\t<dt class='gallery-icon landscape'>\n\t\t\t\t<a href='http:\/\/www.denkfried.de\/wp\/?attachment_id=9251'><img loading=\"lazy\" decoding=\"async\" width=\"150\" height=\"150\" src=\"http:\/\/www.denkfried.de\/wp\/wp-content\/uploads\/2011\/07\/Solers-Hinweisplatte-002-150x150.jpg\" class=\"attachment-thumbnail size-thumbnail\" alt=\"\" \/><\/a>\n\t\t\t<\/dt><\/dl><dl class='gallery-item'>\n\t\t\t<dt class='gallery-icon landscape'>\n\t\t\t\t<a href='http:\/\/www.denkfried.de\/wp\/?attachment_id=9252'><img loading=\"lazy\" decoding=\"async\" width=\"150\" height=\"150\" src=\"http:\/\/www.denkfried.de\/wp\/wp-content\/uploads\/2011\/07\/Solers-Auferstehung-in-Buntglas-003-150x150.jpg\" class=\"attachment-thumbnail size-thumbnail\" alt=\"\" \/><\/a>\n\t\t\t<\/dt><\/dl><dl class='gallery-item'>\n\t\t\t<dt class='gallery-icon portrait'>\n\t\t\t\t<a href='http:\/\/www.denkfried.de\/wp\/?attachment_id=9250'><img loading=\"lazy\" decoding=\"async\" width=\"150\" height=\"150\" src=\"http:\/\/www.denkfried.de\/wp\/wp-content\/uploads\/2011\/07\/Solers-Sturmmann-005-150x150.jpg\" class=\"attachment-thumbnail size-thumbnail\" alt=\"\" \/><\/a>\n\t\t\t<\/dt><\/dl><br style=\"clear: both\" \/><dl class='gallery-item'>\n\t\t\t<dt class='gallery-icon portrait'>\n\t\t\t\t<a href='http:\/\/www.denkfried.de\/wp\/?attachment_id=9257'><img loading=\"lazy\" decoding=\"async\" width=\"150\" height=\"150\" src=\"http:\/\/www.denkfried.de\/wp\/wp-content\/uploads\/2011\/07\/Solers-Oberkanonier-006-150x150.jpg\" class=\"attachment-thumbnail size-thumbnail\" alt=\"\" \/><\/a>\n\t\t\t<\/dt><\/dl><dl class='gallery-item'>\n\t\t\t<dt class='gallery-icon landscape'>\n\t\t\t\t<a href='http:\/\/www.denkfried.de\/wp\/?attachment_id=9254'><img loading=\"lazy\" decoding=\"async\" width=\"150\" height=\"150\" src=\"http:\/\/www.denkfried.de\/wp\/wp-content\/uploads\/2011\/07\/Solers-Blick-zum-Hochkreuz-009-150x150.jpg\" class=\"attachment-thumbnail size-thumbnail\" alt=\"\" \/><\/a>\n\t\t\t<\/dt><\/dl><dl class='gallery-item'>\n\t\t\t<dt class='gallery-icon landscape'>\n\t\t\t\t<a href='http:\/\/www.denkfried.de\/wp\/?attachment_id=9253'><img loading=\"lazy\" decoding=\"async\" width=\"150\" height=\"150\" src=\"http:\/\/www.denkfried.de\/wp\/wp-content\/uploads\/2011\/07\/Solers-Blick-zum-Eingang-010-150x150.jpg\" class=\"attachment-thumbnail size-thumbnail\" alt=\"\" \/><\/a>\n\t\t\t<\/dt><\/dl><dl class='gallery-item'>\n\t\t\t<dt class='gallery-icon landscape'>\n\t\t\t\t<a href='http:\/\/www.denkfried.de\/wp\/?attachment_id=9256'><img loading=\"lazy\" decoding=\"async\" width=\"150\" height=\"150\" src=\"http:\/\/www.denkfried.de\/wp\/wp-content\/uploads\/2011\/07\/Solers-Gr\u00e4berfeld-011-150x150.jpg\" class=\"attachment-thumbnail size-thumbnail\" alt=\"\" \/><\/a>\n\t\t\t<\/dt><\/dl><br style=\"clear: both\" \/>\n\t\t<\/div>\n\n","protected":false},"excerpt":{"rendered":"<p>&nbsp; 77111 Solers Aus dem Reisebericht (2008) von Hubert M. : &#8222;Wir sind am deutschen Soldatenfriedhof Solers Nr.15 des Zweiten Weltkriegs angekommen. Der Friedhof liegt 38 km s\u00fcd\u00f6stlich von Paris, 15 km nord\u00f6stlich von Meulen, zwischen Solers und Soignolles. Das &hellip; <a href=\"http:\/\/www.denkfried.de\/wp\/?page_id=9249\">Weiterlesen <span class=\"meta-nav\">&rarr;<\/span><\/a><\/p>\n","protected":false},"author":2,"featured_media":0,"parent":8282,"menu_order":0,"comment_status":"closed","ping_status":"open","template":"","meta":{"footnotes":""},"class_list":["post-9249","page","type-page","status-publish","hentry"],"_links":{"self":[{"href":"http:\/\/www.denkfried.de\/wp\/index.php?rest_route=\/wp\/v2\/pages\/9249","targetHints":{"allow":["GET"]}}],"collection":[{"href":"http:\/\/www.denkfried.de\/wp\/index.php?rest_route=\/wp\/v2\/pages"}],"about":[{"href":"http:\/\/www.denkfried.de\/wp\/index.php?rest_route=\/wp\/v2\/types\/page"}],"author":[{"embeddable":true,"href":"http:\/\/www.denkfried.de\/wp\/index.php?rest_route=\/wp\/v2\/users\/2"}],"replies":[{"embeddable":true,"href":"http:\/\/www.denkfried.de\/wp\/index.php?rest_route=%2Fwp%2Fv2%2Fcomments&post=9249"}],"version-history":[{"count":2,"href":"http:\/\/www.denkfried.de\/wp\/index.php?rest_route=\/wp\/v2\/pages\/9249\/revisions"}],"predecessor-version":[{"id":9259,"href":"http:\/\/www.denkfried.de\/wp\/index.php?rest_route=\/wp\/v2\/pages\/9249\/revisions\/9259"}],"up":[{"embeddable":true,"href":"http:\/\/www.denkfried.de\/wp\/index.php?rest_route=\/wp\/v2\/pages\/8282"}],"wp:attachment":[{"href":"http:\/\/www.denkfried.de\/wp\/index.php?rest_route=%2Fwp%2Fv2%2Fmedia&parent=9249"}],"curies":[{"name":"wp","href":"https:\/\/api.w.org\/{rel}","templated":true}]}}