{"id":9186,"date":"2011-07-06T22:48:59","date_gmt":"2011-07-06T20:48:59","guid":{"rendered":"http:\/\/www.denkfried.de\/wp\/?page_id=9186"},"modified":"2011-07-24T15:09:04","modified_gmt":"2011-07-24T13:09:04","slug":"beauvais-14","status":"publish","type":"page","link":"http:\/\/www.denkfried.de\/wp\/?page_id=9186","title":{"rendered":"Beauvais  (14)"},"content":{"rendered":"<p>&nbsp;<\/p>\n<p><span style=\"text-decoration: underline;\"><strong>60000 Beauvais<\/strong><\/span>, Rue de la Mie-Au Roy<\/p>\n<p><em>Aus dem Reisebericht 2008 von Hubert M. :<\/em><\/p>\n<p><em>&#8222;Sind bei sch\u00f6nem Wetter beim deutschen Soldatenfriedhof Beauvais Nr.14 des Zweiten Weltkriegs angekommen. 1.597 Deutsche Gefallene sind hier zur letzten Ruhe gebettet. Der Fiedhof liegt 74 km nordwestlich von Paris in unmittelbarer N\u00e4he des Ortes Beauvais, 500 m westlich der Stra\u00dfe nach Calais. Die Kriegsgr\u00e4berst\u00e4tte wurde im Sommer 1942 vom deutschen Gr\u00e4berdienst der deutschen Wehrmacht durch Zusammenbettung von Gefallenen aus den Gebieten Oise, Somme und der unteren Seine angelegt. 1946\/47erweiterte der franz\u00f6sische Gr\u00e4berdienst den Friedhof. Im Jahre 1956 bettete der Volksbund aus Feldgr\u00e4bern und Gemeindefriedh\u00f6fen weitere Gefallene auf diesen Friedhof und baute ihn in den Jahren 1961 bis 1964 aus. Die Mehrzahl der Gr\u00e4ber sind durch Grabsteine aus Mainsandstein mit den Namen und Lebensdaten von je zwei Gefallenen gekennzeichnet.&#8220;<\/em><\/p>\n<div id='gallery-1' class='gallery galleryid-9186 gallery-columns-4 gallery-size-thumbnail'><dl class='gallery-item'>\n\t\t\t<dt class='gallery-icon landscape'>\n\t\t\t\t<a href='http:\/\/www.denkfried.de\/wp\/?attachment_id=9194'><img loading=\"lazy\" decoding=\"async\" width=\"150\" height=\"150\" src=\"http:\/\/www.denkfried.de\/wp\/wp-content\/uploads\/2011\/07\/Beauvais-Friedhofsplatte-001-150x150.jpg\" class=\"attachment-thumbnail size-thumbnail\" alt=\"\" \/><\/a>\n\t\t\t<\/dt><\/dl><dl class='gallery-item'>\n\t\t\t<dt class='gallery-icon landscape'>\n\t\t\t\t<a href='http:\/\/www.denkfried.de\/wp\/?attachment_id=9190'><img loading=\"lazy\" decoding=\"async\" width=\"150\" height=\"150\" src=\"http:\/\/www.denkfried.de\/wp\/wp-content\/uploads\/2011\/07\/Beauvais-Hinweisschild-002-150x150.jpg\" class=\"attachment-thumbnail size-thumbnail\" alt=\"\" \/><\/a>\n\t\t\t<\/dt><\/dl><dl class='gallery-item'>\n\t\t\t<dt class='gallery-icon landscape'>\n\t\t\t\t<a href='http:\/\/www.denkfried.de\/wp\/?attachment_id=9193'><img loading=\"lazy\" decoding=\"async\" width=\"150\" height=\"150\" src=\"http:\/\/www.denkfried.de\/wp\/wp-content\/uploads\/2011\/07\/Beauvais-Bodenplatten-005-150x150.jpg\" class=\"attachment-thumbnail size-thumbnail\" alt=\"\" \/><\/a>\n\t\t\t<\/dt><\/dl><dl class='gallery-item'>\n\t\t\t<dt class='gallery-icon landscape'>\n\t\t\t\t<a href='http:\/\/www.denkfried.de\/wp\/?attachment_id=9192'><img loading=\"lazy\" decoding=\"async\" width=\"150\" height=\"150\" src=\"http:\/\/www.denkfried.de\/wp\/wp-content\/uploads\/2011\/07\/Beauvais-Ansicht-Steelen-007-150x150.jpg\" class=\"attachment-thumbnail size-thumbnail\" alt=\"\" \/><\/a>\n\t\t\t<\/dt><\/dl><br style=\"clear: both\" \/><dl class='gallery-item'>\n\t\t\t<dt class='gallery-icon landscape'>\n\t\t\t\t<a href='http:\/\/www.denkfried.de\/wp\/?attachment_id=9188'><img loading=\"lazy\" decoding=\"async\" width=\"150\" height=\"150\" src=\"http:\/\/www.denkfried.de\/wp\/wp-content\/uploads\/2011\/07\/Beauvais-Blick-zum-Eingang-011-150x150.jpg\" class=\"attachment-thumbnail size-thumbnail\" alt=\"\" \/><\/a>\n\t\t\t<\/dt><\/dl><dl class='gallery-item'>\n\t\t\t<dt class='gallery-icon portrait'>\n\t\t\t\t<a href='http:\/\/www.denkfried.de\/wp\/?attachment_id=9187'><img loading=\"lazy\" decoding=\"async\" width=\"150\" height=\"150\" src=\"http:\/\/www.denkfried.de\/wp\/wp-content\/uploads\/2011\/07\/Beauvais-Hildegunda-Kluy-0011-150x150.jpg\" class=\"attachment-thumbnail size-thumbnail\" alt=\"\" \/><\/a>\n\t\t\t<\/dt><\/dl><dl class='gallery-item'>\n\t\t\t<dt class='gallery-icon landscape'>\n\t\t\t\t<a href='http:\/\/www.denkfried.de\/wp\/?attachment_id=9189'><img loading=\"lazy\" decoding=\"async\" width=\"150\" height=\"150\" src=\"http:\/\/www.denkfried.de\/wp\/wp-content\/uploads\/2011\/07\/Beauvais-Ein-Deutscher-Soldat-015-150x150.jpg\" class=\"attachment-thumbnail size-thumbnail\" alt=\"\" \/><\/a>\n\t\t\t<\/dt><\/dl><dl class='gallery-item'>\n\t\t\t<dt class='gallery-icon portrait'>\n\t\t\t\t<a href='http:\/\/www.denkfried.de\/wp\/?attachment_id=9191'><img loading=\"lazy\" decoding=\"async\" width=\"150\" height=\"150\" src=\"http:\/\/www.denkfried.de\/wp\/wp-content\/uploads\/2011\/07\/Beauvais-Hochkreuz-016-150x150.jpg\" class=\"attachment-thumbnail size-thumbnail\" alt=\"\" \/><\/a>\n\t\t\t<\/dt><\/dl><br style=\"clear: both\" \/>\n\t\t<\/div>\n\n<p>Vom Stadtzentrum Beauvais aus f\u00fchrt westlich die Stra\u00dfe nach Calais eine Nebenstra\u00dfe zu dem am S\u00fcdrand des Bois Brucl\u00e9 gelegenen Friedhof. \u00dcber eine steinerne Treppe erreicht der Besucher die schmale Pforte des Eingangsgeb\u00e4udes. Es besteht aus r\u00f6tlichen Mainsandstein und ist mit Kupferblech abgedeckt. An der Wand der Gedenkhalle steht in gro\u00dfen Lettern der Spruch:<\/p>\n<p style=\"text-align: center;\">\u00a0\u00a0\u00a0\u00a0\u00a0\u00a0\u00a0\u00a0\u00a0\u00a0\u00a0\u00a0\u00a0\u00a0\u00a0\u00a0\u00a0\u00a0\u00a0\u00a0\u00a0\u00a0\u00a0\u00a0\u00a0\u00a0\u00a0\u00a0\u00a0\u00a0\u00a0\u00a0\u00a0\u00a0\u00a0\u00a0\u00a0\u00a0\u00a0\u00a0\u00a0\u00a0\u00a0 &#8220; GEDENKET DER TOTEN! &#8211; VERWANDELT EUCH!&#8220;<\/p>\n<p>An zwei Seiten ist der Friedhof von Wald ums\u00e4umt, an der Eingangsseite sowie im S\u00fcdosten wird er von einer Sandsteinmauer begrenzt. Das Gr\u00e4berfeld ist mit Rasen bewachsen und ist an den Randstreifen mit B\u00fcschen und einzelnen Baumgruppen bepflanzt.<\/p>\n<p>Die Gr\u00e4ber sind zum \u00fcberwiegenden Teil durch Pultsteine mit Namen und Lebensdaten von je zwei Gefallenen gekennzeichnt.<\/p>\n<p>Am 4.Juli 1964 wurde die Kriegsgr\u00e4berst\u00e4tte der \u00d6ffentlichkeit \u00fcbergeben.<\/p>\n","protected":false},"excerpt":{"rendered":"<p>&nbsp; 60000 Beauvais, Rue de la Mie-Au Roy Aus dem Reisebericht 2008 von Hubert M. : &#8222;Sind bei sch\u00f6nem Wetter beim deutschen Soldatenfriedhof Beauvais Nr.14 des Zweiten Weltkriegs angekommen. 1.597 Deutsche Gefallene sind hier zur letzten Ruhe gebettet. Der Fiedhof &hellip; <a href=\"http:\/\/www.denkfried.de\/wp\/?page_id=9186\">Weiterlesen <span class=\"meta-nav\">&rarr;<\/span><\/a><\/p>\n","protected":false},"author":2,"featured_media":0,"parent":8274,"menu_order":0,"comment_status":"closed","ping_status":"open","template":"","meta":{"footnotes":""},"class_list":["post-9186","page","type-page","status-publish","hentry"],"_links":{"self":[{"href":"http:\/\/www.denkfried.de\/wp\/index.php?rest_route=\/wp\/v2\/pages\/9186","targetHints":{"allow":["GET"]}}],"collection":[{"href":"http:\/\/www.denkfried.de\/wp\/index.php?rest_route=\/wp\/v2\/pages"}],"about":[{"href":"http:\/\/www.denkfried.de\/wp\/index.php?rest_route=\/wp\/v2\/types\/page"}],"author":[{"embeddable":true,"href":"http:\/\/www.denkfried.de\/wp\/index.php?rest_route=\/wp\/v2\/users\/2"}],"replies":[{"embeddable":true,"href":"http:\/\/www.denkfried.de\/wp\/index.php?rest_route=%2Fwp%2Fv2%2Fcomments&post=9186"}],"version-history":[{"count":5,"href":"http:\/\/www.denkfried.de\/wp\/index.php?rest_route=\/wp\/v2\/pages\/9186\/revisions"}],"predecessor-version":[{"id":10386,"href":"http:\/\/www.denkfried.de\/wp\/index.php?rest_route=\/wp\/v2\/pages\/9186\/revisions\/10386"}],"up":[{"embeddable":true,"href":"http:\/\/www.denkfried.de\/wp\/index.php?rest_route=\/wp\/v2\/pages\/8274"}],"wp:attachment":[{"href":"http:\/\/www.denkfried.de\/wp\/index.php?rest_route=%2Fwp%2Fv2%2Fmedia&parent=9186"}],"curies":[{"name":"wp","href":"https:\/\/api.w.org\/{rel}","templated":true}]}}