{"id":9149,"date":"2011-07-06T15:52:15","date_gmt":"2011-07-06T13:52:15","guid":{"rendered":"http:\/\/www.denkfried.de\/wp\/?page_id=9149"},"modified":"2011-07-06T15:52:15","modified_gmt":"2011-07-06T13:52:15","slug":"caix","status":"publish","type":"page","link":"http:\/\/www.denkfried.de\/wp\/?page_id=9149","title":{"rendered":"Caix"},"content":{"rendered":"<p>&nbsp;<\/p>\n<p><span style=\"text-decoration: underline;\"><strong>80170 Caix<\/strong><\/span><\/p>\n<p>Aus dem Reisebericht\u00a0 2006 von Hubert M. :<\/p>\n<p>&#8222;Sind heute am 11.08.2006 am Deutschen Soldatenfriedhof des Ersten Weltkriegs Caix \/Somme Nr.58 angekommen. Der Soldatenfriedhof liegt an der D 41 s\u00fcdlich des Ortes. Hier ruhen 1264 Deutsche. 1918 von der Truppe im Verlauf der &#8222;gro\u00dfen Schlacht in Frankreich&#8220;angelegt. Ab 1922 erweiterten franz\u00f6sische Milit\u00e4rbeh\u00f6rden ihn durch Zubettung von Gefallenen aus 34 Gemeinden. Viele Tote wurden erst bei Aufr\u00e4umarbeiten des Schlachtfeldes gefunden und aus Entfernungen bis zu 30 Kilometern nach Caix \u00fcberf\u00fchrt. 1927 pflanzte der Volksbund B\u00e4ume und B\u00fcsche, begr\u00fcnte das Gr\u00e4berfeld und setzte ein Eingangstor. 1973 wurden die Holzkreuze gegen Metallkreuze ausgewechselt und ein Hochkreuz aus Stahl aufgestellt.&#8220;<\/p>\n<div id='gallery-1' class='gallery galleryid-9149 gallery-columns-3 gallery-size-thumbnail'><dl class='gallery-item'>\n\t\t\t<dt class='gallery-icon landscape'>\n\t\t\t\t<a href='http:\/\/www.denkfried.de\/wp\/?attachment_id=9153'><img loading=\"lazy\" decoding=\"async\" width=\"150\" height=\"150\" src=\"http:\/\/www.denkfried.de\/wp\/wp-content\/uploads\/2011\/07\/Caix-Eingang-001-150x150.jpg\" class=\"attachment-thumbnail size-thumbnail\" alt=\"\" \/><\/a>\n\t\t\t<\/dt><\/dl><dl class='gallery-item'>\n\t\t\t<dt class='gallery-icon landscape'>\n\t\t\t\t<a href='http:\/\/www.denkfried.de\/wp\/?attachment_id=9154'><img loading=\"lazy\" decoding=\"async\" width=\"150\" height=\"150\" src=\"http:\/\/www.denkfried.de\/wp\/wp-content\/uploads\/2011\/07\/Caix-Hinweistafel-002-150x150.jpg\" class=\"attachment-thumbnail size-thumbnail\" alt=\"\" \/><\/a>\n\t\t\t<\/dt><\/dl><dl class='gallery-item'>\n\t\t\t<dt class='gallery-icon landscape'>\n\t\t\t\t<a href='http:\/\/www.denkfried.de\/wp\/?attachment_id=9150'><img loading=\"lazy\" decoding=\"async\" width=\"150\" height=\"150\" src=\"http:\/\/www.denkfried.de\/wp\/wp-content\/uploads\/2011\/07\/Caix-Panorama-003-150x150.jpg\" class=\"attachment-thumbnail size-thumbnail\" alt=\"\" \/><\/a>\n\t\t\t<\/dt><\/dl><br style=\"clear: both\" \/><dl class='gallery-item'>\n\t\t\t<dt class='gallery-icon landscape'>\n\t\t\t\t<a href='http:\/\/www.denkfried.de\/wp\/?attachment_id=9151'><img loading=\"lazy\" decoding=\"async\" width=\"150\" height=\"150\" src=\"http:\/\/www.denkfried.de\/wp\/wp-content\/uploads\/2011\/07\/Caix-Ansicht-Gr\u00e4berfeld-004-150x150.jpg\" class=\"attachment-thumbnail size-thumbnail\" alt=\"\" \/><\/a>\n\t\t\t<\/dt><\/dl><dl class='gallery-item'>\n\t\t\t<dt class='gallery-icon portrait'>\n\t\t\t\t<a href='http:\/\/www.denkfried.de\/wp\/?attachment_id=9152'><img loading=\"lazy\" decoding=\"async\" width=\"150\" height=\"150\" src=\"http:\/\/www.denkfried.de\/wp\/wp-content\/uploads\/2011\/07\/Caix-Aug.v.Trzebiatowski-150x150.jpg\" class=\"attachment-thumbnail size-thumbnail\" alt=\"\" \/><\/a>\n\t\t\t<\/dt><\/dl>\n\t\t\t<br style='clear: both' \/>\n\t\t<\/div>\n\n","protected":false},"excerpt":{"rendered":"<p>&nbsp; 80170 Caix Aus dem Reisebericht\u00a0 2006 von Hubert M. : &#8222;Sind heute am 11.08.2006 am Deutschen Soldatenfriedhof des Ersten Weltkriegs Caix \/Somme Nr.58 angekommen. Der Soldatenfriedhof liegt an der D 41 s\u00fcdlich des Ortes. Hier ruhen 1264 Deutsche. 1918 &hellip; <a href=\"http:\/\/www.denkfried.de\/wp\/?page_id=9149\">Weiterlesen <span class=\"meta-nav\">&rarr;<\/span><\/a><\/p>\n","protected":false},"author":2,"featured_media":0,"parent":8285,"menu_order":0,"comment_status":"closed","ping_status":"open","template":"","meta":{"footnotes":""},"class_list":["post-9149","page","type-page","status-publish","hentry"],"_links":{"self":[{"href":"http:\/\/www.denkfried.de\/wp\/index.php?rest_route=\/wp\/v2\/pages\/9149","targetHints":{"allow":["GET"]}}],"collection":[{"href":"http:\/\/www.denkfried.de\/wp\/index.php?rest_route=\/wp\/v2\/pages"}],"about":[{"href":"http:\/\/www.denkfried.de\/wp\/index.php?rest_route=\/wp\/v2\/types\/page"}],"author":[{"embeddable":true,"href":"http:\/\/www.denkfried.de\/wp\/index.php?rest_route=\/wp\/v2\/users\/2"}],"replies":[{"embeddable":true,"href":"http:\/\/www.denkfried.de\/wp\/index.php?rest_route=%2Fwp%2Fv2%2Fcomments&post=9149"}],"version-history":[{"count":2,"href":"http:\/\/www.denkfried.de\/wp\/index.php?rest_route=\/wp\/v2\/pages\/9149\/revisions"}],"predecessor-version":[{"id":9156,"href":"http:\/\/www.denkfried.de\/wp\/index.php?rest_route=\/wp\/v2\/pages\/9149\/revisions\/9156"}],"up":[{"embeddable":true,"href":"http:\/\/www.denkfried.de\/wp\/index.php?rest_route=\/wp\/v2\/pages\/8285"}],"wp:attachment":[{"href":"http:\/\/www.denkfried.de\/wp\/index.php?rest_route=%2Fwp%2Fv2%2Fmedia&parent=9149"}],"curies":[{"name":"wp","href":"https:\/\/api.w.org\/{rel}","templated":true}]}}