{"id":9137,"date":"2011-07-06T15:42:59","date_gmt":"2011-07-06T13:42:59","guid":{"rendered":"http:\/\/www.denkfried.de\/wp\/?page_id=9137"},"modified":"2011-07-06T15:42:59","modified_gmt":"2011-07-06T13:42:59","slug":"vermandovillers","status":"publish","type":"page","link":"http:\/\/www.denkfried.de\/wp\/?page_id=9137","title":{"rendered":"Vermandovillers"},"content":{"rendered":"<p><span style=\"color: #888888;\"><strong>80320 Vermandovillers<\/strong><\/span><\/p>\n<p><em>Aus dem Reisebericht 2008 von Hubert M. :<\/em><\/p>\n<p><em>&#8222;Nun meine Eindr\u00fccke des deutschen Soldatenfriedhof Vermandovillers des Ersten Weltkriegs Nr.57. Der Friedhof liegt an der D 143 n\u00f6rdlich des Ortes. Hier ruhen 22.650 Deutsche, 5 \u00d6sterreich\/Ungarn. Von den Gefallenen liegen 13.200 in 15 Gemeinschaftsgr\u00e4bern. 1920 von franz\u00f6sischen Milit\u00e4rbeh\u00f6rden f\u00fcr Gefallene s\u00fcdlich der Somme angelegt. 1927 pflanzte der Volksbund Trauerweiden und eine Hecke aus Wei\u00dfdorn, begr\u00fcnte das Gr\u00e4berfeld, fasste das Kameradengrab mit Steinmauern ein und bepflanzte es mit Rosen.<\/em><\/p>\n<p><em>Besonderes: Auf dem Friedhof ruhen in den Kameradengr\u00e4bern zwei junge expressionistische Schriftsteller und Dichter.<\/em><br \/>\n<em>Reinhard &#8222;Johannes&#8220; Sorge geb.1892 in Berlin, gef.20.Juli 1916 in Ableincourt im Alter von 24 Jahren<\/em><br \/>\n<em>Alfred Lichtenstein geb.1889, gef.25.Sept.1914 in Vermandovillers im Alter von 25 Jahren.&#8220;<\/em><\/p>\n<div id='gallery-1' class='gallery galleryid-9137 gallery-columns-4 gallery-size-thumbnail'><dl class='gallery-item'>\n\t\t\t<dt class='gallery-icon landscape'>\n\t\t\t\t<a href='http:\/\/www.denkfried.de\/wp\/?attachment_id=9144'><img loading=\"lazy\" decoding=\"async\" width=\"150\" height=\"150\" src=\"http:\/\/www.denkfried.de\/wp\/wp-content\/uploads\/2011\/07\/Vermandovillers-Eingang-001-150x150.jpg\" class=\"attachment-thumbnail size-thumbnail\" alt=\"\" \/><\/a>\n\t\t\t<\/dt><\/dl><dl class='gallery-item'>\n\t\t\t<dt class='gallery-icon landscape'>\n\t\t\t\t<a href='http:\/\/www.denkfried.de\/wp\/?attachment_id=9139'><img loading=\"lazy\" decoding=\"async\" width=\"150\" height=\"150\" src=\"http:\/\/www.denkfried.de\/wp\/wp-content\/uploads\/2011\/07\/Vermandovillers-Hinweistafel-002-150x150.jpg\" class=\"attachment-thumbnail size-thumbnail\" alt=\"\" \/><\/a>\n\t\t\t<\/dt><\/dl><dl class='gallery-item'>\n\t\t\t<dt class='gallery-icon landscape'>\n\t\t\t\t<a href='http:\/\/www.denkfried.de\/wp\/?attachment_id=9141'><img loading=\"lazy\" decoding=\"async\" width=\"150\" height=\"150\" src=\"http:\/\/www.denkfried.de\/wp\/wp-content\/uploads\/2011\/07\/Vermandovillers-Namentafel-Kameradengrab-003-150x150.jpg\" class=\"attachment-thumbnail size-thumbnail\" alt=\"\" \/><\/a>\n\t\t\t<\/dt><\/dl><dl class='gallery-item'>\n\t\t\t<dt class='gallery-icon landscape'>\n\t\t\t\t<a href='http:\/\/www.denkfried.de\/wp\/?attachment_id=9140'><img loading=\"lazy\" decoding=\"async\" width=\"150\" height=\"150\" src=\"http:\/\/www.denkfried.de\/wp\/wp-content\/uploads\/2011\/07\/Vermandovillers-Kameradengrab-004-150x150.jpg\" class=\"attachment-thumbnail size-thumbnail\" alt=\"\" \/><\/a>\n\t\t\t<\/dt><\/dl><br style=\"clear: both\" \/><dl class='gallery-item'>\n\t\t\t<dt class='gallery-icon landscape'>\n\t\t\t\t<a href='http:\/\/www.denkfried.de\/wp\/?attachment_id=9142'><img loading=\"lazy\" decoding=\"async\" width=\"150\" height=\"150\" src=\"http:\/\/www.denkfried.de\/wp\/wp-content\/uploads\/2011\/07\/Vermandovillers-Ansicht-Kam.Grab-005-150x150.jpg\" class=\"attachment-thumbnail size-thumbnail\" alt=\"\" \/><\/a>\n\t\t\t<\/dt><\/dl><dl class='gallery-item'>\n\t\t\t<dt class='gallery-icon landscape'>\n\t\t\t\t<a href='http:\/\/www.denkfried.de\/wp\/?attachment_id=9143'><img loading=\"lazy\" decoding=\"async\" width=\"150\" height=\"150\" src=\"http:\/\/www.denkfried.de\/wp\/wp-content\/uploads\/2011\/07\/Vermandovillers-Blick-Hochkreuz-006-150x150.jpg\" class=\"attachment-thumbnail size-thumbnail\" alt=\"\" \/><\/a>\n\t\t\t<\/dt><\/dl><dl class='gallery-item'>\n\t\t\t<dt class='gallery-icon portrait'>\n\t\t\t\t<a href='http:\/\/www.denkfried.de\/wp\/?attachment_id=9145'><img loading=\"lazy\" decoding=\"async\" width=\"150\" height=\"150\" src=\"http:\/\/www.denkfried.de\/wp\/wp-content\/uploads\/2011\/07\/Vermandovillers-Feldwebelleutnand-007-150x150.jpg\" class=\"attachment-thumbnail size-thumbnail\" alt=\"\" \/><\/a>\n\t\t\t<\/dt><\/dl><dl class='gallery-item'>\n\t\t\t<dt class='gallery-icon landscape'>\n\t\t\t\t<a href='http:\/\/www.denkfried.de\/wp\/?attachment_id=9138'><img loading=\"lazy\" decoding=\"async\" width=\"150\" height=\"150\" src=\"http:\/\/www.denkfried.de\/wp\/wp-content\/uploads\/2011\/07\/vermandovillers-Gesammtansicht-010-150x150.jpg\" class=\"attachment-thumbnail size-thumbnail\" alt=\"\" \/><\/a>\n\t\t\t<\/dt><\/dl><br style=\"clear: both\" \/>\n\t\t<\/div>\n\n","protected":false},"excerpt":{"rendered":"<p>80320 Vermandovillers Aus dem Reisebericht 2008 von Hubert M. : &#8222;Nun meine Eindr\u00fccke des deutschen Soldatenfriedhof Vermandovillers des Ersten Weltkriegs Nr.57. Der Friedhof liegt an der D 143 n\u00f6rdlich des Ortes. Hier ruhen 22.650 Deutsche, 5 \u00d6sterreich\/Ungarn. Von den Gefallenen &hellip; <a href=\"http:\/\/www.denkfried.de\/wp\/?page_id=9137\">Weiterlesen <span class=\"meta-nav\">&rarr;<\/span><\/a><\/p>\n","protected":false},"author":2,"featured_media":0,"parent":8285,"menu_order":0,"comment_status":"closed","ping_status":"open","template":"","meta":{"footnotes":""},"class_list":["post-9137","page","type-page","status-publish","hentry"],"_links":{"self":[{"href":"http:\/\/www.denkfried.de\/wp\/index.php?rest_route=\/wp\/v2\/pages\/9137","targetHints":{"allow":["GET"]}}],"collection":[{"href":"http:\/\/www.denkfried.de\/wp\/index.php?rest_route=\/wp\/v2\/pages"}],"about":[{"href":"http:\/\/www.denkfried.de\/wp\/index.php?rest_route=\/wp\/v2\/types\/page"}],"author":[{"embeddable":true,"href":"http:\/\/www.denkfried.de\/wp\/index.php?rest_route=\/wp\/v2\/users\/2"}],"replies":[{"embeddable":true,"href":"http:\/\/www.denkfried.de\/wp\/index.php?rest_route=%2Fwp%2Fv2%2Fcomments&post=9137"}],"version-history":[{"count":3,"href":"http:\/\/www.denkfried.de\/wp\/index.php?rest_route=\/wp\/v2\/pages\/9137\/revisions"}],"predecessor-version":[{"id":9148,"href":"http:\/\/www.denkfried.de\/wp\/index.php?rest_route=\/wp\/v2\/pages\/9137\/revisions\/9148"}],"up":[{"embeddable":true,"href":"http:\/\/www.denkfried.de\/wp\/index.php?rest_route=\/wp\/v2\/pages\/8285"}],"wp:attachment":[{"href":"http:\/\/www.denkfried.de\/wp\/index.php?rest_route=%2Fwp%2Fv2%2Fmedia&parent=9137"}],"curies":[{"name":"wp","href":"https:\/\/api.w.org\/{rel}","templated":true}]}}