{"id":9119,"date":"2011-07-05T21:35:07","date_gmt":"2011-07-05T19:35:07","guid":{"rendered":"http:\/\/www.denkfried.de\/wp\/?page_id=9119"},"modified":"2011-07-06T22:50:20","modified_gmt":"2011-07-06T20:50:20","slug":"saint-quentin","status":"publish","type":"page","link":"http:\/\/www.denkfried.de\/wp\/?page_id=9119","title":{"rendered":"Saint Quentin  (56)"},"content":{"rendered":"<p>&nbsp;<\/p>\n<p><span style=\"text-decoration: underline;\"><strong>02100 Saint Quentin<\/strong><\/span><\/p>\n<p>Kriegstote 1.WK 8229<\/p>\n<p><em>Reisebericht 2008 von Hubert M. :<\/em><\/p>\n<p><em>&#8222;Heute besuchen wir bei schlechtem Wetter den deutschen Soldatenfriedhof des Ersten Weltkriegs St.Quentin. Der Soldatenfriedhof an der N 29 wurde im Herbst 1914 von der deutschen Milit\u00e4rverwaltung eingerichtet, um einen Teil der Gefallenen der schweren K\u00e4mpfe aufzunehmen, die vom 28.-30.August 1914 in der Umgebung von St.Quentin stattfanden. Die Stadt wurde ein bedeutendes Nachschub-\u00a0 und Lazarettzentrum. Besonders gro\u00df war der Zustrom Schwerverwundeter w\u00e4hrend der Sommerschlacht von Juli bis November 1916. Im M\u00e4rz wurde St.Quentin nach dem R\u00fcckzug der deutschen Truppen auf die sogenannte &#8222;Siegfried-Stellung&#8220; unmittelbares Frontgebiet. Unter diesen Kampfhandlungen hatte der Friedhof durch Granateinschl\u00e4gen sehr gelitten. U.a. wurde auch 1916 in Anwesenheit des Kaisers eingeweihte Ehrenmal durch Granatsplitter erheblich in Mitleidenschaft gezogen. Da w\u00e4hrend der K\u00e4mpfe des Jahres 1914 vor allem das preussische Gardekorps schwere Verluste erleiden muste -ein Teil ruht in St.Quentin- war das Interesse des Kaisers geweckt als Prof.Wandschneider f\u00fcr den Ausbau die Pl\u00e4ne vorlegte, stiftete der Kaiser aus seiner Privatschatulle einen erheblichen Betrag und erm\u00f6glichte so den Gu\u00df der beiden Kriegerfiguren (waren leider beim Besuch abgebaut ). Am 18.Oktober 1916 erfolgte die Einweihung in Anwesenheit des Kaisers und auch franz\u00f6sischer Pers\u00f6nlichkeiten.Von den 8229 Gefallenen ruhen 6294 in Einzelgr\u00e4bern; sechs blieben ohne Namen. In zwei Gemeinschaftsgr\u00e4bern mit 1935 Opfern blieben 1501 Tote ohne Namen.&#8220;<\/em><\/p>\n<div id='gallery-1' class='gallery galleryid-9119 gallery-columns-4 gallery-size-thumbnail'><dl class='gallery-item'>\n\t\t\t<dt class='gallery-icon landscape'>\n\t\t\t\t<a href='http:\/\/www.denkfried.de\/wp\/?attachment_id=9123'><img loading=\"lazy\" decoding=\"async\" width=\"150\" height=\"150\" src=\"http:\/\/www.denkfried.de\/wp\/wp-content\/uploads\/2011\/07\/St.Quentin-Eingang-001-150x150.jpg\" class=\"attachment-thumbnail size-thumbnail\" alt=\"\" \/><\/a>\n\t\t\t<\/dt><\/dl><dl class='gallery-item'>\n\t\t\t<dt class='gallery-icon landscape'>\n\t\t\t\t<a href='http:\/\/www.denkfried.de\/wp\/?attachment_id=9127'><img loading=\"lazy\" decoding=\"async\" width=\"150\" height=\"150\" src=\"http:\/\/www.denkfried.de\/wp\/wp-content\/uploads\/2011\/07\/St.Quentin-Panorama-002-150x150.jpg\" class=\"attachment-thumbnail size-thumbnail\" alt=\"\" \/><\/a>\n\t\t\t<\/dt><\/dl><dl class='gallery-item'>\n\t\t\t<dt class='gallery-icon landscape'>\n\t\t\t\t<a href='http:\/\/www.denkfried.de\/wp\/?attachment_id=9122'><img loading=\"lazy\" decoding=\"async\" width=\"150\" height=\"150\" src=\"http:\/\/www.denkfried.de\/wp\/wp-content\/uploads\/2011\/07\/St.Quentin-Ehrenhain-003-150x150.jpg\" class=\"attachment-thumbnail size-thumbnail\" alt=\"\" \/><\/a>\n\t\t\t<\/dt><\/dl><dl class='gallery-item'>\n\t\t\t<dt class='gallery-icon landscape'>\n\t\t\t\t<a href='http:\/\/www.denkfried.de\/wp\/?attachment_id=9125'><img loading=\"lazy\" decoding=\"async\" width=\"150\" height=\"150\" src=\"http:\/\/www.denkfried.de\/wp\/wp-content\/uploads\/2011\/07\/St.Quentin-Gr\u00e4berfeld-004-150x150.jpg\" class=\"attachment-thumbnail size-thumbnail\" alt=\"\" \/><\/a>\n\t\t\t<\/dt><\/dl><br style=\"clear: both\" \/><dl class='gallery-item'>\n\t\t\t<dt class='gallery-icon landscape'>\n\t\t\t\t<a href='http:\/\/www.denkfried.de\/wp\/?attachment_id=9121'><img loading=\"lazy\" decoding=\"async\" width=\"150\" height=\"150\" src=\"http:\/\/www.denkfried.de\/wp\/wp-content\/uploads\/2011\/07\/St.Quentin-Blick-\u00fcber-Kameradengrab-005-150x150.jpg\" class=\"attachment-thumbnail size-thumbnail\" alt=\"\" \/><\/a>\n\t\t\t<\/dt><\/dl><dl class='gallery-item'>\n\t\t\t<dt class='gallery-icon landscape'>\n\t\t\t\t<a href='http:\/\/www.denkfried.de\/wp\/?attachment_id=9126'><img loading=\"lazy\" decoding=\"async\" width=\"150\" height=\"150\" src=\"http:\/\/www.denkfried.de\/wp\/wp-content\/uploads\/2011\/07\/St.Quentin-Hinweistafel-Kameradengrab-006-150x150.jpg\" class=\"attachment-thumbnail size-thumbnail\" alt=\"\" \/><\/a>\n\t\t\t<\/dt><\/dl><dl class='gallery-item'>\n\t\t\t<dt class='gallery-icon portrait'>\n\t\t\t\t<a href='http:\/\/www.denkfried.de\/wp\/?attachment_id=9124'><img loading=\"lazy\" decoding=\"async\" width=\"150\" height=\"150\" src=\"http:\/\/www.denkfried.de\/wp\/wp-content\/uploads\/2011\/07\/St.Quentin-freiw.Krankenpfleger-007-150x150.jpg\" class=\"attachment-thumbnail size-thumbnail\" alt=\"\" \/><\/a>\n\t\t\t<\/dt><\/dl><dl class='gallery-item'>\n\t\t\t<dt class='gallery-icon portrait'>\n\t\t\t\t<a href='http:\/\/www.denkfried.de\/wp\/?attachment_id=9120'><img loading=\"lazy\" decoding=\"async\" width=\"150\" height=\"150\" src=\"http:\/\/www.denkfried.de\/wp\/wp-content\/uploads\/2011\/07\/St.Quentin-Unterzahlmeister-008-150x150.jpg\" class=\"attachment-thumbnail size-thumbnail\" alt=\"\" \/><\/a>\n\t\t\t<\/dt><\/dl><br style=\"clear: both\" \/>\n\t\t<\/div>\n\n<p>&nbsp;<\/p>\n","protected":false},"excerpt":{"rendered":"<p>&nbsp; 02100 Saint Quentin Kriegstote 1.WK 8229 Reisebericht 2008 von Hubert M. : &#8222;Heute besuchen wir bei schlechtem Wetter den deutschen Soldatenfriedhof des Ersten Weltkriegs St.Quentin. Der Soldatenfriedhof an der N 29 wurde im Herbst 1914 von der deutschen Milit\u00e4rverwaltung &hellip; <a href=\"http:\/\/www.denkfried.de\/wp\/?page_id=9119\">Weiterlesen <span class=\"meta-nav\">&rarr;<\/span><\/a><\/p>\n","protected":false},"author":2,"featured_media":0,"parent":8209,"menu_order":0,"comment_status":"closed","ping_status":"open","template":"","meta":{"footnotes":""},"class_list":["post-9119","page","type-page","status-publish","hentry"],"_links":{"self":[{"href":"http:\/\/www.denkfried.de\/wp\/index.php?rest_route=\/wp\/v2\/pages\/9119","targetHints":{"allow":["GET"]}}],"collection":[{"href":"http:\/\/www.denkfried.de\/wp\/index.php?rest_route=\/wp\/v2\/pages"}],"about":[{"href":"http:\/\/www.denkfried.de\/wp\/index.php?rest_route=\/wp\/v2\/types\/page"}],"author":[{"embeddable":true,"href":"http:\/\/www.denkfried.de\/wp\/index.php?rest_route=\/wp\/v2\/users\/2"}],"replies":[{"embeddable":true,"href":"http:\/\/www.denkfried.de\/wp\/index.php?rest_route=%2Fwp%2Fv2%2Fcomments&post=9119"}],"version-history":[{"count":5,"href":"http:\/\/www.denkfried.de\/wp\/index.php?rest_route=\/wp\/v2\/pages\/9119\/revisions"}],"predecessor-version":[{"id":9200,"href":"http:\/\/www.denkfried.de\/wp\/index.php?rest_route=\/wp\/v2\/pages\/9119\/revisions\/9200"}],"up":[{"embeddable":true,"href":"http:\/\/www.denkfried.de\/wp\/index.php?rest_route=\/wp\/v2\/pages\/8209"}],"wp:attachment":[{"href":"http:\/\/www.denkfried.de\/wp\/index.php?rest_route=%2Fwp%2Fv2%2Fmedia&parent=9119"}],"curies":[{"name":"wp","href":"https:\/\/api.w.org\/{rel}","templated":true}]}}