{"id":911,"date":"2011-04-05T21:28:45","date_gmt":"2011-04-05T19:28:45","guid":{"rendered":"http:\/\/www.denkfried.de\/wp\/?page_id=911"},"modified":"2011-06-13T20:25:24","modified_gmt":"2011-06-13T18:25:24","slug":"vladslo","status":"publish","type":"page","link":"http:\/\/www.denkfried.de\/wp\/?page_id=911","title":{"rendered":"VLADSLO"},"content":{"rendered":"<p>&nbsp;<\/p>\n<p><span style=\"text-decoration: underline; color: #ff0000;\"><strong>32003 Vladslo &#8211; Gemeinde Diksmuide<\/strong><\/span><\/p>\n<p><a href=\"http:\/\/www.vladslo.be\/\" target=\"_blank\">http:\/\/www.vladslo.be\/<\/a><br \/>\nW\u00e4hrend  des Ersten Weltkrieges lag die Stadt im Frontbereich. Als die deutsche  Armee beim Marsch durch Belgien im Oktober 1914 Diksmuide erreichte,  wurde die Region durch \u00d6ffnen der Schleusen der Yser geflutet. Dies  f\u00fchrte zu der Schlacht an der Yser. Im Verlauf des Krieges wurde die  Stadt dann vollst\u00e4ndig zerst\u00f6rt und in den 1920er Jahren wieder  aufgebaut.<\/p>\n<p>Mehrere franz\u00f6sische Schiffe wurden nach Dixmude  benannt, so auch das Luftschiff \u201eDixmude\u201c, das als Kriegsreparation von  Deutschland an Frankreich abgegeben werden musste.<br \/>\nQuelle: wikipedia<\/p>\n<p>1.Weltkrieg 25.644 Tote<br \/>\nDie  Anzahl der Toten erheben nicht den Anspruch auf Richtigkeit und  Vollst\u00e4ndigkeit. Durch zwischenzeitliche Bergungen k\u00f6nnen sich die  Zahlen st\u00e4ndig \u00e4ndern.<\/p>\n<p>Um die vielen Kriegsgr\u00e4ber in der Provinz  dauerhaft zu erhalten, wurden 1956 die kleineren und abgelegenen  Friedh\u00f6fe aufgel\u00f6st und die Toten nach Vladslo gebracht.<br \/>\nDie Namen der Gefallenen sind auf liegenden Platten verewigt.<\/p>\n<p>Auf  diesem Friedhof steht die Figurengruppe des trauernden Elternpaares von  K\u00e4the Kollwitz*. Sie schuf dieses zum Ged\u00e4chtnis an ihren Sohn Peter  der 1914 gefallen und unmittelbar vor den Figuren bestattet ist.<\/p>\n<p><span style=\"text-decoration: underline;\"><strong>Reisebericht von Hubert M. :<\/strong><\/span><\/p>\n<p><em>&#8222;Auch beim Besuch des deutschen Soldatenfriedhof Vladslo Nr.2 hat es nur  geregnet und das nicht wenig. Auf diesem Gr\u00e4berfeld sind 25 644 deutsche  Gefallene aus dem Ersten Weltkrieg bestattet. Der Friedhof liegt 3 km  nord\u00f6stlich Vladslo Richtung Leke. Um die vielen Kriegsgr\u00e4ber auch im  Nordteil der Provinz dauerhaft erhaltem zu k\u00f6nnen, wurden ab 1956  kleinere und abgelegene Friedh\u00f6fe aufgel\u00f6st und die Toten nach Vladslo  umgebettet. Unter ihnen befand sich auch der 1914 gefallene Sohn der  Grafikerin und Bildhauerin K\u00e4the Kollwitz, der urspr\u00fcnglich in  Eesen-Roggeveld bestattet war. Von diesem Friedhof wurde die  eindrucksvolle Plastik &#8222;Trauerndes Elternpaar&#8220;, die K\u00e4the Kollwitz f\u00fcr  ihren Sohn und seinen Kameraden geschaffen hatte, nach Vladslo  gebracht. Die Namen der Gefallenen sind auf liegenden Platten aus Granit  festgehalten. Der Friedhof wurde w\u00e4hrend des Krieges von der Truppe  angelegt. Sein imponierender Baumbestand, mit zum Teil \u00fcber 100-j\u00e4hrigen  Eichen, macht die Anlage zu einem viel besuchten Naturdenkmal. Leider sind  meine Fotos durch den starken Regen &#8222;wachsig&#8220; geworden, ich denke doch  ihr k\u00f6nnt euch einen kleinen \u00dcberblick \u00fcber den Friedhof verschaffen.&#8220;<\/em><\/p>\n<p>&nbsp;<\/p>\n<div id='gallery-1' class='gallery galleryid-911 gallery-columns-3 gallery-size-thumbnail'><dl class='gallery-item'>\n\t\t\t<dt class='gallery-icon landscape'>\n\t\t\t\t<a href='http:\/\/www.denkfried.de\/wp\/?attachment_id=912'><img loading=\"lazy\" decoding=\"async\" width=\"150\" height=\"150\" src=\"http:\/\/www.denkfried.de\/wp\/wp-content\/uploads\/2011\/04\/Vladslo-Friedhofsplatte-001-150x150.jpg\" class=\"attachment-thumbnail size-thumbnail\" alt=\"\" \/><\/a>\n\t\t\t<\/dt><\/dl><dl class='gallery-item'>\n\t\t\t<dt class='gallery-icon landscape'>\n\t\t\t\t<a href='http:\/\/www.denkfried.de\/wp\/?attachment_id=913'><img loading=\"lazy\" decoding=\"async\" width=\"150\" height=\"150\" src=\"http:\/\/www.denkfried.de\/wp\/wp-content\/uploads\/2011\/04\/Vladslo-Ansicht-Gr\u00e4berfeld-002-150x150.jpg\" class=\"attachment-thumbnail size-thumbnail\" alt=\"\" \/><\/a>\n\t\t\t<\/dt><\/dl><dl class='gallery-item'>\n\t\t\t<dt class='gallery-icon landscape'>\n\t\t\t\t<a href='http:\/\/www.denkfried.de\/wp\/?attachment_id=914'><img loading=\"lazy\" decoding=\"async\" width=\"150\" height=\"150\" src=\"http:\/\/www.denkfried.de\/wp\/wp-content\/uploads\/2011\/04\/Vladslo-Gr\u00e4berfeld-004-150x150.jpg\" class=\"attachment-thumbnail size-thumbnail\" alt=\"\" \/><\/a>\n\t\t\t<\/dt><\/dl><br style=\"clear: both\" \/><dl class='gallery-item'>\n\t\t\t<dt class='gallery-icon landscape'>\n\t\t\t\t<a href='http:\/\/www.denkfried.de\/wp\/?attachment_id=915'><img loading=\"lazy\" decoding=\"async\" width=\"150\" height=\"150\" src=\"http:\/\/www.denkfried.de\/wp\/wp-content\/uploads\/2011\/04\/Vladslo-Ansicht-Elternpaar-005-150x150.jpg\" class=\"attachment-thumbnail size-thumbnail\" alt=\"\" \/><\/a>\n\t\t\t<\/dt><\/dl><dl class='gallery-item'>\n\t\t\t<dt class='gallery-icon landscape'>\n\t\t\t\t<a href='http:\/\/www.denkfried.de\/wp\/?attachment_id=916'><img loading=\"lazy\" decoding=\"async\" width=\"150\" height=\"150\" src=\"http:\/\/www.denkfried.de\/wp\/wp-content\/uploads\/2011\/04\/Vladslo-trauerndes-Elternpaar-008-150x150.jpg\" class=\"attachment-thumbnail size-thumbnail\" alt=\"\" \/><\/a>\n\t\t\t<\/dt><\/dl><dl class='gallery-item'>\n\t\t\t<dt class='gallery-icon landscape'>\n\t\t\t\t<a href='http:\/\/www.denkfried.de\/wp\/?attachment_id=919'><img loading=\"lazy\" decoding=\"async\" width=\"150\" height=\"150\" src=\"http:\/\/www.denkfried.de\/wp\/wp-content\/uploads\/2011\/04\/Vladslo-Grabplatte-Peter-Kollwitz-006-150x150.jpg\" class=\"attachment-thumbnail size-thumbnail\" alt=\"\" \/><\/a>\n\t\t\t<\/dt><\/dl><br style=\"clear: both\" \/>\n\t\t<\/div>\n\n","protected":false},"excerpt":{"rendered":"<p>&nbsp; 32003 Vladslo &#8211; Gemeinde Diksmuide http:\/\/www.vladslo.be\/ W\u00e4hrend des Ersten Weltkrieges lag die Stadt im Frontbereich. Als die deutsche Armee beim Marsch durch Belgien im Oktober 1914 Diksmuide erreichte, wurde die Region durch \u00d6ffnen der Schleusen der Yser geflutet. Dies &hellip; <a href=\"http:\/\/www.denkfried.de\/wp\/?page_id=911\">Weiterlesen <span class=\"meta-nav\">&rarr;<\/span><\/a><\/p>\n","protected":false},"author":2,"featured_media":0,"parent":264,"menu_order":0,"comment_status":"closed","ping_status":"open","template":"","meta":{"footnotes":""},"class_list":["post-911","page","type-page","status-publish","hentry"],"_links":{"self":[{"href":"http:\/\/www.denkfried.de\/wp\/index.php?rest_route=\/wp\/v2\/pages\/911","targetHints":{"allow":["GET"]}}],"collection":[{"href":"http:\/\/www.denkfried.de\/wp\/index.php?rest_route=\/wp\/v2\/pages"}],"about":[{"href":"http:\/\/www.denkfried.de\/wp\/index.php?rest_route=\/wp\/v2\/types\/page"}],"author":[{"embeddable":true,"href":"http:\/\/www.denkfried.de\/wp\/index.php?rest_route=\/wp\/v2\/users\/2"}],"replies":[{"embeddable":true,"href":"http:\/\/www.denkfried.de\/wp\/index.php?rest_route=%2Fwp%2Fv2%2Fcomments&post=911"}],"version-history":[{"count":5,"href":"http:\/\/www.denkfried.de\/wp\/index.php?rest_route=\/wp\/v2\/pages\/911\/revisions"}],"predecessor-version":[{"id":8858,"href":"http:\/\/www.denkfried.de\/wp\/index.php?rest_route=\/wp\/v2\/pages\/911\/revisions\/8858"}],"up":[{"embeddable":true,"href":"http:\/\/www.denkfried.de\/wp\/index.php?rest_route=\/wp\/v2\/pages\/264"}],"wp:attachment":[{"href":"http:\/\/www.denkfried.de\/wp\/index.php?rest_route=%2Fwp%2Fv2%2Fmedia&parent=911"}],"curies":[{"name":"wp","href":"https:\/\/api.w.org\/{rel}","templated":true}]}}