{"id":9107,"date":"2011-07-05T17:21:54","date_gmt":"2011-07-05T15:21:54","guid":{"rendered":"http:\/\/www.denkfried.de\/wp\/?page_id=9107"},"modified":"2011-07-06T22:46:20","modified_gmt":"2011-07-06T20:46:20","slug":"maissemy","status":"publish","type":"page","link":"http:\/\/www.denkfried.de\/wp\/?page_id=9107","title":{"rendered":"Maissemy  (54)"},"content":{"rendered":"<p>&nbsp;<\/p>\n<p><span style=\"text-decoration: underline;\"><strong>02490 Maissemy<\/strong><\/span><\/p>\n<p>&nbsp;<\/p>\n<p><em>Aus dem Reisebericht 2008 von Hubert M. :<\/em><\/p>\n<p><em>&#8222;Nach einem Regenschauer k\u00f6nnen wir den deutschen Soldatenfriedhof des Ersten Weltkriegs Maissemy\/Aisne Nr.54 besuchen. Der Friedhof liegt n\u00f6rdlich des Ortes an der D 33 zwischen Vermand und Bellenglise. 1924 legten franz\u00f6sische Beh\u00f6rden Gefallene aus 124 Gemeinden im Umkreis von 30 km zusammen. Auf diesem Soldatenfriedhof sind 15478 Gefallene in Einzelgr\u00e4ber bestattet, 15000 sind in einem gemeinsamen Grabe beigesetzt. Die Mehrzahl der Opfer starb in drei Schlachten an der Somme. 1929 pflanzte der Volksbund einige hundert B\u00e4ume und Str\u00e4ucher und mehr als 70000 Lavendelstauden. Die Gemeinschaftsgr\u00e4ber erhielten Steineinfassungen und wurden mit 8000 Wildrosen bepflanzt. Es entstand ein neuer Eingang mit Umfassungsmauer an der Stra\u00dfenfront. Der Mittelweg wurde links und rechts von Steintafeln flankiert, mit Namen und Wappen von St\u00e4dten aus dem Ruhrgebiet, die eine Patenschaft f\u00fcr den Friedhof \u00fcbernommen hatten. 1934 bis 1935 errichtete der Volksbund in der Mitte des Friedhofs zwischen den Kameradengr\u00e4bern eine Gedenkhalle aus Daurchinger Tuff, einem aus Bayern gebrochenem Stein. Die Durchl\u00e4sse sind mit schweren kunstvoll geschmiedeten Bronzegittern verschlossen. Im inneren befindet sich ein Bronzesarkophag mit einem Fries aus Engeln. Dar\u00fcber w\u00f6lbt sich eine Mosaikdecke, f\u00fcr die \u00fcber 340000 Steine ben\u00f6tigt wurden. Das Geb\u00e4ude wurde am 12.Juli 1935 eingeweiht. Ab 1972 wurden die Holzkreuze gegen welche aus belgischen Granit ausgetauscht, die Mauern an den Gemeinschaftsgr\u00e4bern mit 15000 Toten erneuert. Auf ihrem Rand sind die Namen von 956 bekannten Gefallenen auf Metalltafeln festgehalten. Die Friedhofsfl\u00e4che wurde \u00fcberarbeitet, B\u00e4ume und B\u00fcsche erneuert.<\/em><\/p>\n<p><em>Sprachlos steht man vor solch einem gro\u00dfen Kameradengrab.&#8220;<\/em><\/p>\n<div id='gallery-1' class='gallery galleryid-9107 gallery-columns-4 gallery-size-thumbnail'><dl class='gallery-item'>\n\t\t\t<dt class='gallery-icon landscape'>\n\t\t\t\t<a href='http:\/\/www.denkfried.de\/wp\/?attachment_id=9113'><img loading=\"lazy\" decoding=\"async\" width=\"150\" height=\"150\" src=\"http:\/\/www.denkfried.de\/wp\/wp-content\/uploads\/2011\/07\/Maissemy-Hinweisschild-001-150x150.jpg\" class=\"attachment-thumbnail size-thumbnail\" alt=\"\" \/><\/a>\n\t\t\t<\/dt><\/dl><dl class='gallery-item'>\n\t\t\t<dt class='gallery-icon landscape'>\n\t\t\t\t<a href='http:\/\/www.denkfried.de\/wp\/?attachment_id=9111'><img loading=\"lazy\" decoding=\"async\" width=\"150\" height=\"150\" src=\"http:\/\/www.denkfried.de\/wp\/wp-content\/uploads\/2011\/07\/Maissemy-Eingang-002-150x150.jpg\" class=\"attachment-thumbnail size-thumbnail\" alt=\"\" \/><\/a>\n\t\t\t<\/dt><\/dl><dl class='gallery-item'>\n\t\t\t<dt class='gallery-icon landscape'>\n\t\t\t\t<a href='http:\/\/www.denkfried.de\/wp\/?attachment_id=9109'><img loading=\"lazy\" decoding=\"async\" width=\"150\" height=\"150\" src=\"http:\/\/www.denkfried.de\/wp\/wp-content\/uploads\/2011\/07\/Maissemy-Blick-Kapelle-008-150x150.jpg\" class=\"attachment-thumbnail size-thumbnail\" alt=\"\" \/><\/a>\n\t\t\t<\/dt><\/dl><dl class='gallery-item'>\n\t\t\t<dt class='gallery-icon portrait'>\n\t\t\t\t<a href='http:\/\/www.denkfried.de\/wp\/?attachment_id=9115'><img loading=\"lazy\" decoding=\"async\" width=\"150\" height=\"150\" src=\"http:\/\/www.denkfried.de\/wp\/wp-content\/uploads\/2011\/07\/Maissemy-Landsturmpflichtiger-009-150x150.jpg\" class=\"attachment-thumbnail size-thumbnail\" alt=\"\" \/><\/a>\n\t\t\t<\/dt><\/dl><br style=\"clear: both\" \/><dl class='gallery-item'>\n\t\t\t<dt class='gallery-icon landscape'>\n\t\t\t\t<a href='http:\/\/www.denkfried.de\/wp\/?attachment_id=9112'><img loading=\"lazy\" decoding=\"async\" width=\"150\" height=\"150\" src=\"http:\/\/www.denkfried.de\/wp\/wp-content\/uploads\/2011\/07\/Maissemy-Gr\u00e4berfeld-010-150x150.jpg\" class=\"attachment-thumbnail size-thumbnail\" alt=\"\" \/><\/a>\n\t\t\t<\/dt><\/dl><dl class='gallery-item'>\n\t\t\t<dt class='gallery-icon landscape'>\n\t\t\t\t<a href='http:\/\/www.denkfried.de\/wp\/?attachment_id=9108'><img loading=\"lazy\" decoding=\"async\" width=\"150\" height=\"150\" src=\"http:\/\/www.denkfried.de\/wp\/wp-content\/uploads\/2011\/07\/Maissemy-Namenplatten-Kameradengrab-013-150x150.jpg\" class=\"attachment-thumbnail size-thumbnail\" alt=\"\" \/><\/a>\n\t\t\t<\/dt><\/dl><dl class='gallery-item'>\n\t\t\t<dt class='gallery-icon landscape'>\n\t\t\t\t<a href='http:\/\/www.denkfried.de\/wp\/?attachment_id=9114'><img loading=\"lazy\" decoding=\"async\" width=\"150\" height=\"150\" src=\"http:\/\/www.denkfried.de\/wp\/wp-content\/uploads\/2011\/07\/Maissemy-Kriegerkapelle-014-150x150.jpg\" class=\"attachment-thumbnail size-thumbnail\" alt=\"\" \/><\/a>\n\t\t\t<\/dt><\/dl><dl class='gallery-item'>\n\t\t\t<dt class='gallery-icon landscape'>\n\t\t\t\t<a href='http:\/\/www.denkfried.de\/wp\/?attachment_id=9110'><img loading=\"lazy\" decoding=\"async\" width=\"150\" height=\"150\" src=\"http:\/\/www.denkfried.de\/wp\/wp-content\/uploads\/2011\/07\/Maissemy-Deckenmosaik-016-150x150.jpg\" class=\"attachment-thumbnail size-thumbnail\" alt=\"\" \/><\/a>\n\t\t\t<\/dt><\/dl><br style=\"clear: both\" \/>\n\t\t<\/div>\n\n<p>&nbsp;<\/p>\n","protected":false},"excerpt":{"rendered":"<p>&nbsp; 02490 Maissemy &nbsp; Aus dem Reisebericht 2008 von Hubert M. : &#8222;Nach einem Regenschauer k\u00f6nnen wir den deutschen Soldatenfriedhof des Ersten Weltkriegs Maissemy\/Aisne Nr.54 besuchen. Der Friedhof liegt n\u00f6rdlich des Ortes an der D 33 zwischen Vermand und Bellenglise. &hellip; <a href=\"http:\/\/www.denkfried.de\/wp\/?page_id=9107\">Weiterlesen <span class=\"meta-nav\">&rarr;<\/span><\/a><\/p>\n","protected":false},"author":2,"featured_media":0,"parent":8209,"menu_order":0,"comment_status":"closed","ping_status":"open","template":"","meta":{"footnotes":""},"class_list":["post-9107","page","type-page","status-publish","hentry"],"_links":{"self":[{"href":"http:\/\/www.denkfried.de\/wp\/index.php?rest_route=\/wp\/v2\/pages\/9107","targetHints":{"allow":["GET"]}}],"collection":[{"href":"http:\/\/www.denkfried.de\/wp\/index.php?rest_route=\/wp\/v2\/pages"}],"about":[{"href":"http:\/\/www.denkfried.de\/wp\/index.php?rest_route=\/wp\/v2\/types\/page"}],"author":[{"embeddable":true,"href":"http:\/\/www.denkfried.de\/wp\/index.php?rest_route=\/wp\/v2\/users\/2"}],"replies":[{"embeddable":true,"href":"http:\/\/www.denkfried.de\/wp\/index.php?rest_route=%2Fwp%2Fv2%2Fcomments&post=9107"}],"version-history":[{"count":3,"href":"http:\/\/www.denkfried.de\/wp\/index.php?rest_route=\/wp\/v2\/pages\/9107\/revisions"}],"predecessor-version":[{"id":9197,"href":"http:\/\/www.denkfried.de\/wp\/index.php?rest_route=\/wp\/v2\/pages\/9107\/revisions\/9197"}],"up":[{"embeddable":true,"href":"http:\/\/www.denkfried.de\/wp\/index.php?rest_route=\/wp\/v2\/pages\/8209"}],"wp:attachment":[{"href":"http:\/\/www.denkfried.de\/wp\/index.php?rest_route=%2Fwp%2Fv2%2Fmedia&parent=9107"}],"curies":[{"name":"wp","href":"https:\/\/api.w.org\/{rel}","templated":true}]}}