{"id":8980,"date":"2011-07-02T22:57:24","date_gmt":"2011-07-02T20:57:24","guid":{"rendered":"http:\/\/www.denkfried.de\/wp\/?page_id=8980"},"modified":"2011-08-26T22:18:22","modified_gmt":"2011-08-26T20:18:22","slug":"grosrohrsdorf-2","status":"publish","type":"page","link":"http:\/\/www.denkfried.de\/wp\/?page_id=8980","title":{"rendered":"Gro\u00dfr\u00f6hrsdorf"},"content":{"rendered":"<p>&nbsp;<\/p>\n<p><span style=\"text-decoration: underline;\"><strong>01900 Gro\u00dfr\u00f6hrsdorf<\/strong><\/span><\/p>\n<p>______________________________________________________________<\/p>\n<p>Gro\u00dfr\u00f6hrsdorf ist ein gutes Beispiel daf\u00fcr, wie die Erfassung der Kriegstoten aus der Heimatstadt erfolgt ist. Im Begr\u00e4bnisbuch der Kirche sind (fast) alle Gefallenen und Vermisste erfasst. Einen gro\u00dfen Teil wird man in der Datenbank-Gr\u00e4ber-Onlinesuche des Volksbundes nicht finden. Nach Auskunft dieses Vereins geh\u00f6ren dort nur solche Personen rein die w\u00e4hrend der Kampfhandlung um Leben gekommen sind. Krieg ist Krieg, da sollte man nicht auch noch die Todesumst\u00e4nde klassifizieren, denn tot ist tot. Gibt es bei dem vielen Leid die ein Krieg mit sich bringt auch Unterschiede?Man sollte dar\u00fcber nachdenken!!!<\/p>\n<p>______________________________________________________________<\/p>\n<p><a title=\"Gro\u00dfr\u00f6hrsdorf \u2013 (Ev.FH)\" href=\"http:\/\/www.denkfried.de\/wp\/?page_id=7282\">Ev.Friedhof\u00a0 (Innerer Friedhof)\u00a0 &#8211;\u00a0 KGST<\/a><\/p>\n<p><a title=\"Gro\u00dfr\u00f6hrsdorf (Denkmal)\" href=\"http:\/\/www.denkfried.de\/wp\/?page_id=10649\">Denkmal<\/a><\/p>\n<p>St\u00e4dt.Friedhof\u00a0 (\u00c4u\u00dferer Friedhof)<\/p>\n<p><strong>Gedenkstein Turnverein<\/strong><\/p>\n<p>Ortsteil Kleinr\u00f6hrsdorf\u00a0\u00a0 Friedhof und Denkmal<\/p>\n<p>______________________________________________________________<\/p>\n<p><span style=\"text-decoration: underline;\"><strong>Gedenkstein Turnverein<\/strong><\/span><\/p>\n<p>Weiterhin gibt es noch einen Gedenkstein der Turnvereins, der bis zum Bau eines Lebensmittelmarktes vor der Turnhalle stand. Der Stein wurde umgesetzt und steht heute am Sportplatz neben dem Gymnasium.<\/p>\n<p>Die meisten Namen findet man auch auf dem Ehrenhain des 1.Weltkrieges auf dem Ev.Friedhof.<\/p>\n<p><em>\u201cKriegsgr\u00e4ber sind die Gro\u00dfen Mahner des Frieden.\u201d<\/em> sagte der gro\u00dfe Physiker und Pazifist Albert Einstein.<\/p>\n<div id='gallery-1' class='gallery galleryid-8980 gallery-columns-4 gallery-size-thumbnail'><dl class='gallery-item'>\n\t\t\t<dt class='gallery-icon landscape'>\n\t\t\t\t<a href='http:\/\/www.denkfried.de\/wp\/?attachment_id=10646'><img loading=\"lazy\" decoding=\"async\" width=\"150\" height=\"150\" src=\"http:\/\/www.denkfried.de\/wp\/wp-content\/uploads\/2011\/07\/Turnverein-150x150.jpg\" class=\"attachment-thumbnail size-thumbnail\" alt=\"\" \/><\/a>\n\t\t\t<\/dt><\/dl><dl class='gallery-item'>\n\t\t\t<dt class='gallery-icon landscape'>\n\t\t\t\t<a href='http:\/\/www.denkfried.de\/wp\/?attachment_id=10645'><img loading=\"lazy\" decoding=\"async\" width=\"150\" height=\"150\" src=\"http:\/\/www.denkfried.de\/wp\/wp-content\/uploads\/2011\/07\/Gro\u00dfr\u00f6hrsdorf-4-150x150.jpg\" class=\"attachment-thumbnail size-thumbnail\" alt=\"\" \/><\/a>\n\t\t\t<\/dt><\/dl><dl class='gallery-item'>\n\t\t\t<dt class='gallery-icon portrait'>\n\t\t\t\t<a href='http:\/\/www.denkfried.de\/wp\/?attachment_id=10643'><img loading=\"lazy\" decoding=\"async\" width=\"150\" height=\"150\" src=\"http:\/\/www.denkfried.de\/wp\/wp-content\/uploads\/2011\/07\/Gro\u00dfr\u00f6hrsdorf-2-150x150.jpg\" class=\"attachment-thumbnail size-thumbnail\" alt=\"\" \/><\/a>\n\t\t\t<\/dt><\/dl><dl class='gallery-item'>\n\t\t\t<dt class='gallery-icon portrait'>\n\t\t\t\t<a href='http:\/\/www.denkfried.de\/wp\/?attachment_id=10644'><img loading=\"lazy\" decoding=\"async\" width=\"150\" height=\"150\" src=\"http:\/\/www.denkfried.de\/wp\/wp-content\/uploads\/2011\/07\/Gro\u00dfr\u00f6hrsdorf-3-150x150.jpg\" class=\"attachment-thumbnail size-thumbnail\" alt=\"\" \/><\/a>\n\t\t\t<\/dt><\/dl><br style=\"clear: both\" \/>\n\t\t<\/div>\n\n<p><a href=\"http:\/\/www.denkfried.de\/wp\/?attachment_id=10907\" rel=\"attachment wp-att-10907\">Begr\u00e4bnisbuch f\u00fcr DenkFried-2<\/a><\/p>\n","protected":false},"excerpt":{"rendered":"<p>&nbsp; 01900 Gro\u00dfr\u00f6hrsdorf ______________________________________________________________ Gro\u00dfr\u00f6hrsdorf ist ein gutes Beispiel daf\u00fcr, wie die Erfassung der Kriegstoten aus der Heimatstadt erfolgt ist. Im Begr\u00e4bnisbuch der Kirche sind (fast) alle Gefallenen und Vermisste erfasst. Einen gro\u00dfen Teil wird man in der Datenbank-Gr\u00e4ber-Onlinesuche des &hellip; <a href=\"http:\/\/www.denkfried.de\/wp\/?page_id=8980\">Weiterlesen <span class=\"meta-nav\">&rarr;<\/span><\/a><\/p>\n","protected":false},"author":2,"featured_media":0,"parent":6233,"menu_order":0,"comment_status":"closed","ping_status":"open","template":"","meta":{"footnotes":""},"class_list":["post-8980","page","type-page","status-publish","hentry"],"_links":{"self":[{"href":"http:\/\/www.denkfried.de\/wp\/index.php?rest_route=\/wp\/v2\/pages\/8980","targetHints":{"allow":["GET"]}}],"collection":[{"href":"http:\/\/www.denkfried.de\/wp\/index.php?rest_route=\/wp\/v2\/pages"}],"about":[{"href":"http:\/\/www.denkfried.de\/wp\/index.php?rest_route=\/wp\/v2\/types\/page"}],"author":[{"embeddable":true,"href":"http:\/\/www.denkfried.de\/wp\/index.php?rest_route=\/wp\/v2\/users\/2"}],"replies":[{"embeddable":true,"href":"http:\/\/www.denkfried.de\/wp\/index.php?rest_route=%2Fwp%2Fv2%2Fcomments&post=8980"}],"version-history":[{"count":32,"href":"http:\/\/www.denkfried.de\/wp\/index.php?rest_route=\/wp\/v2\/pages\/8980\/revisions"}],"predecessor-version":[{"id":10911,"href":"http:\/\/www.denkfried.de\/wp\/index.php?rest_route=\/wp\/v2\/pages\/8980\/revisions\/10911"}],"up":[{"embeddable":true,"href":"http:\/\/www.denkfried.de\/wp\/index.php?rest_route=\/wp\/v2\/pages\/6233"}],"wp:attachment":[{"href":"http:\/\/www.denkfried.de\/wp\/index.php?rest_route=%2Fwp%2Fv2%2Fmedia&parent=8980"}],"curies":[{"name":"wp","href":"https:\/\/api.w.org\/{rel}","templated":true}]}}