{"id":8860,"date":"2011-06-13T21:22:55","date_gmt":"2011-06-13T19:22:55","guid":{"rendered":"http:\/\/www.denkfried.de\/wp\/?page_id=8860"},"modified":"2011-07-16T23:51:53","modified_gmt":"2011-07-16T21:51:53","slug":"neuville-st-vaast-dt-kgst","status":"publish","type":"page","link":"http:\/\/www.denkfried.de\/wp\/?page_id=8860","title":{"rendered":"Neuville St.Vaast (Dt.KGST)  38"},"content":{"rendered":"<p>&nbsp;<\/p>\n<p><span style=\"text-decoration: underline;\"><strong>62580 Neuville-Saint Vaast , <\/strong><\/span>Route Nationale (D937)<\/p>\n<p><span style=\"text-decoration: underline;\"><strong>Reisebericht von Hubert M. :<\/strong><\/span><\/p>\n<p><em>&#8222;Heute am 22.07.2007 in der Fr\u00fche besuchen wir den deutschen Soldatenfriedhof Neuville St.Vaast, der gr\u00f6\u00dfte deutsche Soldatenfriedhof in Frankreich mit \u00a044 833 gefallenen deutschen Soldaten des Ersten Weltkriegs. Der Soldatenfriedhof Neuville St.Vaast, auch &#8222;La Maison Blanche&#8220; nach dem nahegelegenen Bauernhof genannt, wurde von franz\u00f6sischen Milit\u00e4rbeh\u00f6rden 1919 bis 1923 f\u00fcr Gefallene aus mehr als 100 Gemeinden n\u00f6rdlich und \u00f6stlich von Arras angelegt. Die Mehrzahl der unbekannten Toten setzte die franz\u00f6sichen Milit\u00e4rbeh\u00f6rden in einem gro\u00dfen Gemeinschaftsgrab auf St.Laurent-Blagny dem zweiten gro\u00dfen Soldatenfriedhof im Gebiet von Arras, bei. Von einem der aufgel\u00f6sten Friedh\u00f6fe in Boiry-St.-Rictrude wurde das im Kriege von deutschen Bildhauern und Steinmetzen geschaffene \u00a0Denkmal f\u00fcr die Gefallenen des Hannoverschen Infanterieregiment Nr.164 nach Neuville St.Vaast gebracht. Die auf dem Friedhof ruhenden Angeh\u00f6rigen von mehr als 100 verschiedenen Infanterierdivisionen und Artillerieregimentern, zahlreichen Einheiten wie Pionieren, Fliegern, Minenwerfer usw. starben bei den schweren K\u00e4mpfen um das Artois, um die Lorettoh\u00f6he, die Vimy-H\u00f6he und durch den Stellungskrieg. Das Gel\u00e4nde auf dem der Friedhof angelegt wurde, lag w\u00e4hrend des Krieges zwischen oder unmittelbar hinter den Stellungen. Durch die Kriegseinwirkungen und die vielen Einbettungen bestand der Friedhof nur noch aus Kreide. 1928 pflanzte der Volksbund B\u00e4ume, begr\u00fcnte die breiten Wege und bepflanzte die Gr\u00e4berfl\u00e4che mit Lavendel. Ab 1935 \u00fcbernahm die Wehrmacht die Patenschaft und Soldaten spendeten mehrere Milionen Reichsmark. Der Zustand des Friedhofs konnte aber kaum ge\u00e4ndert werden, da Devisenmangel und der 1939 ausbrechende Zweite Weltkrieg weitere Arbeiten verhinderte. Ab 1959 halfen internationale Jugendlager und verbesserten das Aussehen des Friedhofs. Die Gemeinde Neuville St.Vaast stiftete zum Abschluss der Jugendlager ein Holzkreuz mit der Aufschrift &#8222;Paix aux Hommes de Bonne Volonte&#8220;-Friede den Menschen die ,die guten Willens sind.<\/em><\/p>\n<p><em>Es wurde unter gro\u00dfer Beteiligung der Bev\u00f6lkerung auf dem Mittelweg,wo sich heute das st\u00e4hlerne Hochkreuz befindet, aufgestellt. Eine Nachbildung ist heute an der Aussenmauer des neuen Eingangsgeb\u00e4ude angebracht. Ab 1974 versetzten Soldaten der Bundeswehr und Teilnehmern der Jugendlagern in vierj\u00e4hrigem Einsatz 10 000 Betonsockel f\u00fcr die neuen Metallkreuze. Das 140 m lange Gemeinschaftsgrab \u00a0mit den 8040 Gefallenen, von denen nur 842 bekannt sind wird von einer Einfassung aus Stein umschlossen. Die Namen der bekannten stehen auf Metalltafeln. Der neue Eingangsbereich mit der \u00a0zum Friedhof \u00a0hin offenen Halle gew\u00e4hrt dem Besucher Schutz. Bei unserem Besuch fehlte das geschmiedete Tor bei der Eingangshalle (siehe Bild). Ein Steinblock zeigt den Frontverlauf von 1914-1918 und 17 andere Friedh\u00f6fe anderer Nationen in der Umgebung mit mehr als 200.000 Toten: davon Engl\u00e4nder, Franzosen, Kanadier,Tschechen, Polen.<\/em><\/p>\n<p><em>Lange nach dem ich den Friedhof besucht hatte, sind mir die vielen Kreuze, die Stille, w\u00e4hrend des Besuches nicht aus meinen Gedanken gegangen&#8230;&#8230;&#8230;&#8230;&#8230;&#8230;.&#8220;<\/em><\/p>\n<div id='gallery-1' class='gallery galleryid-8860 gallery-columns-5 gallery-size-thumbnail'><dl class='gallery-item'>\n\t\t\t<dt class='gallery-icon landscape'>\n\t\t\t\t<a href='http:\/\/www.denkfried.de\/wp\/?attachment_id=8864'><img loading=\"lazy\" decoding=\"async\" width=\"150\" height=\"150\" src=\"http:\/\/www.denkfried.de\/wp\/wp-content\/uploads\/2011\/06\/Neuville-St.Vaast-Eingang-02-150x150.jpg\" class=\"attachment-thumbnail size-thumbnail\" alt=\"\" \/><\/a>\n\t\t\t<\/dt><\/dl><dl class='gallery-item'>\n\t\t\t<dt class='gallery-icon landscape'>\n\t\t\t\t<a href='http:\/\/www.denkfried.de\/wp\/?attachment_id=8870'><img loading=\"lazy\" decoding=\"async\" width=\"150\" height=\"150\" src=\"http:\/\/www.denkfried.de\/wp\/wp-content\/uploads\/2011\/06\/Neuville-St.Vaast-Hinweistafel-04-150x150.jpg\" class=\"attachment-thumbnail size-thumbnail\" alt=\"\" \/><\/a>\n\t\t\t<\/dt><\/dl><dl class='gallery-item'>\n\t\t\t<dt class='gallery-icon landscape'>\n\t\t\t\t<a href='http:\/\/www.denkfried.de\/wp\/?attachment_id=8869'><img loading=\"lazy\" decoding=\"async\" width=\"150\" height=\"150\" src=\"http:\/\/www.denkfried.de\/wp\/wp-content\/uploads\/2011\/06\/Neuville-St.Vaast-Hinweis-Kameradengrab-019-150x150.jpg\" class=\"attachment-thumbnail size-thumbnail\" alt=\"\" \/><\/a>\n\t\t\t<\/dt><\/dl><dl class='gallery-item'>\n\t\t\t<dt class='gallery-icon landscape'>\n\t\t\t\t<a href='http:\/\/www.denkfried.de\/wp\/?attachment_id=8868'><img loading=\"lazy\" decoding=\"async\" width=\"150\" height=\"150\" src=\"http:\/\/www.denkfried.de\/wp\/wp-content\/uploads\/2011\/06\/Neuville-St.Vaast-das-4-Hann.Inf_.Reg-Nr164-011-150x150.jpg\" class=\"attachment-thumbnail size-thumbnail\" alt=\"\" \/><\/a>\n\t\t\t<\/dt><\/dl><dl class='gallery-item'>\n\t\t\t<dt class='gallery-icon portrait'>\n\t\t\t\t<a href='http:\/\/www.denkfried.de\/wp\/?attachment_id=8867'><img loading=\"lazy\" decoding=\"async\" width=\"150\" height=\"150\" src=\"http:\/\/www.denkfried.de\/wp\/wp-content\/uploads\/2011\/06\/Neuville-St.Vaast-B.Freiherr-v.-Massenbach-012-150x150.jpg\" class=\"attachment-thumbnail size-thumbnail\" alt=\"\" \/><\/a>\n\t\t\t<\/dt><\/dl><br style=\"clear: both\" \/><dl class='gallery-item'>\n\t\t\t<dt class='gallery-icon landscape'>\n\t\t\t\t<a href='http:\/\/www.denkfried.de\/wp\/?attachment_id=8866'><img loading=\"lazy\" decoding=\"async\" width=\"150\" height=\"150\" src=\"http:\/\/www.denkfried.de\/wp\/wp-content\/uploads\/2011\/06\/Neuville-St.Vaast-Ansicht-Kameradengrab-016-150x150.jpg\" class=\"attachment-thumbnail size-thumbnail\" alt=\"\" \/><\/a>\n\t\t\t<\/dt><\/dl><dl class='gallery-item'>\n\t\t\t<dt class='gallery-icon landscape'>\n\t\t\t\t<a href='http:\/\/www.denkfried.de\/wp\/?attachment_id=8865'><img loading=\"lazy\" decoding=\"async\" width=\"150\" height=\"150\" src=\"http:\/\/www.denkfried.de\/wp\/wp-content\/uploads\/2011\/06\/Neuville-St.Vaast-Alter-Bunker013-150x150.jpg\" class=\"attachment-thumbnail size-thumbnail\" alt=\"\" \/><\/a>\n\t\t\t<\/dt><\/dl><dl class='gallery-item'>\n\t\t\t<dt class='gallery-icon landscape'>\n\t\t\t\t<a href='http:\/\/www.denkfried.de\/wp\/?attachment_id=8863'><img loading=\"lazy\" decoding=\"async\" width=\"150\" height=\"150\" src=\"http:\/\/www.denkfried.de\/wp\/wp-content\/uploads\/2011\/06\/Neuville-St.Vaast-Blumenschmuck-05-150x150.jpg\" class=\"attachment-thumbnail size-thumbnail\" alt=\"\" \/><\/a>\n\t\t\t<\/dt><\/dl><dl class='gallery-item'>\n\t\t\t<dt class='gallery-icon landscape'>\n\t\t\t\t<a href='http:\/\/www.denkfried.de\/wp\/?attachment_id=8862'><img loading=\"lazy\" decoding=\"async\" width=\"150\" height=\"150\" src=\"http:\/\/www.denkfried.de\/wp\/wp-content\/uploads\/2011\/06\/Neuville-St.Vaast-Panorama-021-150x150.jpg\" class=\"attachment-thumbnail size-thumbnail\" alt=\"\" \/><\/a>\n\t\t\t<\/dt><\/dl><dl class='gallery-item'>\n\t\t\t<dt class='gallery-icon landscape'>\n\t\t\t\t<a href='http:\/\/www.denkfried.de\/wp\/?attachment_id=8861'><img loading=\"lazy\" decoding=\"async\" width=\"150\" height=\"150\" src=\"http:\/\/www.denkfried.de\/wp\/wp-content\/uploads\/2011\/06\/Neuville-St.Vaast-Namentafeln-018-150x150.jpg\" class=\"attachment-thumbnail size-thumbnail\" alt=\"\" \/><\/a>\n\t\t\t<\/dt><\/dl><br style=\"clear: both\" \/>\n\t\t<\/div>\n\n<p>&nbsp;<\/p>\n<p><span style=\"text-decoration: underline;\"><strong><br \/>\n<\/strong><\/span><\/p>\n<p>&nbsp;<\/p>\n","protected":false},"excerpt":{"rendered":"<p>&nbsp; 62580 Neuville-Saint Vaast , Route Nationale (D937) Reisebericht von Hubert M. : &#8222;Heute am 22.07.2007 in der Fr\u00fche besuchen wir den deutschen Soldatenfriedhof Neuville St.Vaast, der gr\u00f6\u00dfte deutsche Soldatenfriedhof in Frankreich mit \u00a044 833 gefallenen deutschen Soldaten des Ersten &hellip; <a href=\"http:\/\/www.denkfried.de\/wp\/?page_id=8860\">Weiterlesen <span class=\"meta-nav\">&rarr;<\/span><\/a><\/p>\n","protected":false},"author":2,"featured_media":0,"parent":8277,"menu_order":0,"comment_status":"closed","ping_status":"open","template":"","meta":{"footnotes":""},"class_list":["post-8860","page","type-page","status-publish","hentry"],"_links":{"self":[{"href":"http:\/\/www.denkfried.de\/wp\/index.php?rest_route=\/wp\/v2\/pages\/8860","targetHints":{"allow":["GET"]}}],"collection":[{"href":"http:\/\/www.denkfried.de\/wp\/index.php?rest_route=\/wp\/v2\/pages"}],"about":[{"href":"http:\/\/www.denkfried.de\/wp\/index.php?rest_route=\/wp\/v2\/types\/page"}],"author":[{"embeddable":true,"href":"http:\/\/www.denkfried.de\/wp\/index.php?rest_route=\/wp\/v2\/users\/2"}],"replies":[{"embeddable":true,"href":"http:\/\/www.denkfried.de\/wp\/index.php?rest_route=%2Fwp%2Fv2%2Fcomments&post=8860"}],"version-history":[{"count":5,"href":"http:\/\/www.denkfried.de\/wp\/index.php?rest_route=\/wp\/v2\/pages\/8860\/revisions"}],"predecessor-version":[{"id":8874,"href":"http:\/\/www.denkfried.de\/wp\/index.php?rest_route=\/wp\/v2\/pages\/8860\/revisions\/8874"}],"up":[{"embeddable":true,"href":"http:\/\/www.denkfried.de\/wp\/index.php?rest_route=\/wp\/v2\/pages\/8277"}],"wp:attachment":[{"href":"http:\/\/www.denkfried.de\/wp\/index.php?rest_route=%2Fwp%2Fv2%2Fmedia&parent=8860"}],"curies":[{"name":"wp","href":"https:\/\/api.w.org\/{rel}","templated":true}]}}