{"id":8770,"date":"2011-06-01T21:43:01","date_gmt":"2011-06-01T19:43:01","guid":{"rendered":"http:\/\/www.denkfried.de\/wp\/?page_id=8770"},"modified":"2015-12-27T16:56:27","modified_gmt":"2015-12-27T15:56:27","slug":"munchen-hadern-waldfriedhof","status":"publish","type":"page","link":"http:\/\/www.denkfried.de\/wp\/?page_id=8770","title":{"rendered":"&#8211; Hadern  Waldfriedhof"},"content":{"rendered":"<p>&nbsp;<\/p>\n<p><span style=\"text-decoration: underline;\">81377 M\u00fcnchen &#8211;<strong> OT Hadern<\/strong><\/span>\u00a0Waldfriedhof Tischlerstra\u00dfe<\/p>\n<p>Bericht und Bilder von Thomas\u00a0<a href=\"http:\/\/g-bb.jimdo.com\/\">Gefallenendenkm\u00e4ler Berlin\/Brandenburg<\/a><\/p>\n<div id='gallery-1' class='gallery galleryid-8770 gallery-columns-4 gallery-size-thumbnail'><dl class='gallery-item'>\n\t\t\t<dt class='gallery-icon landscape'>\n\t\t\t\t<a href='http:\/\/www.denkfried.de\/wp\/?attachment_id=11889'><img loading=\"lazy\" decoding=\"async\" width=\"150\" height=\"150\" src=\"http:\/\/www.denkfried.de\/wp\/wp-content\/uploads\/2011\/06\/1-150x150.jpg\" class=\"attachment-thumbnail size-thumbnail\" alt=\"\" \/><\/a>\n\t\t\t<\/dt><\/dl><dl class='gallery-item'>\n\t\t\t<dt class='gallery-icon landscape'>\n\t\t\t\t<a href='http:\/\/www.denkfried.de\/wp\/?attachment_id=11893'><img loading=\"lazy\" decoding=\"async\" width=\"150\" height=\"150\" src=\"http:\/\/www.denkfried.de\/wp\/wp-content\/uploads\/2011\/06\/5-150x150.jpg\" class=\"attachment-thumbnail size-thumbnail\" alt=\"\" \/><\/a>\n\t\t\t<\/dt><\/dl><dl class='gallery-item'>\n\t\t\t<dt class='gallery-icon landscape'>\n\t\t\t\t<a href='http:\/\/www.denkfried.de\/wp\/?attachment_id=11891'><img loading=\"lazy\" decoding=\"async\" width=\"150\" height=\"150\" src=\"http:\/\/www.denkfried.de\/wp\/wp-content\/uploads\/2011\/06\/3-150x150.jpg\" class=\"attachment-thumbnail size-thumbnail\" alt=\"\" \/><\/a>\n\t\t\t<\/dt><\/dl><dl class='gallery-item'>\n\t\t\t<dt class='gallery-icon landscape'>\n\t\t\t\t<a href='http:\/\/www.denkfried.de\/wp\/?attachment_id=11890'><img loading=\"lazy\" decoding=\"async\" width=\"150\" height=\"150\" src=\"http:\/\/www.denkfried.de\/wp\/wp-content\/uploads\/2011\/06\/2-150x150.jpg\" class=\"attachment-thumbnail size-thumbnail\" alt=\"\" \/><\/a>\n\t\t\t<\/dt><\/dl><br style=\"clear: both\" \/><dl class='gallery-item'>\n\t\t\t<dt class='gallery-icon landscape'>\n\t\t\t\t<a href='http:\/\/www.denkfried.de\/wp\/?attachment_id=11895'><img loading=\"lazy\" decoding=\"async\" width=\"150\" height=\"150\" src=\"http:\/\/www.denkfried.de\/wp\/wp-content\/uploads\/2011\/06\/7-150x150.jpg\" class=\"attachment-thumbnail size-thumbnail\" alt=\"\" \/><\/a>\n\t\t\t<\/dt><\/dl><dl class='gallery-item'>\n\t\t\t<dt class='gallery-icon landscape'>\n\t\t\t\t<a href='http:\/\/www.denkfried.de\/wp\/?attachment_id=11894'><img loading=\"lazy\" decoding=\"async\" width=\"150\" height=\"150\" src=\"http:\/\/www.denkfried.de\/wp\/wp-content\/uploads\/2011\/06\/6-150x150.jpg\" class=\"attachment-thumbnail size-thumbnail\" alt=\"\" \/><\/a>\n\t\t\t<\/dt><\/dl><dl class='gallery-item'>\n\t\t\t<dt class='gallery-icon landscape'>\n\t\t\t\t<a href='http:\/\/www.denkfried.de\/wp\/?attachment_id=11892'><img loading=\"lazy\" decoding=\"async\" width=\"150\" height=\"150\" src=\"http:\/\/www.denkfried.de\/wp\/wp-content\/uploads\/2011\/06\/4-150x150.jpg\" class=\"attachment-thumbnail size-thumbnail\" alt=\"\" \/><\/a>\n\t\t\t<\/dt><\/dl><dl class='gallery-item'>\n\t\t\t<dt class='gallery-icon landscape'>\n\t\t\t\t<a href='http:\/\/www.denkfried.de\/wp\/?attachment_id=11896'><img loading=\"lazy\" decoding=\"async\" width=\"150\" height=\"150\" src=\"http:\/\/www.denkfried.de\/wp\/wp-content\/uploads\/2011\/06\/8-150x150.jpg\" class=\"attachment-thumbnail size-thumbnail\" alt=\"\" \/><\/a>\n\t\t\t<\/dt><\/dl><br style=\"clear: both\" \/>\n\t\t<\/div>\n\n<p>3.520 Kriegsopfer<strong>\u00a0<\/strong>davon 1.WK\u00a0 1.778 ;\u00a0 2.WK ca. 1.740<\/p>\n<p>Die Kriegsgr\u00e4berst\u00e4tte \u201eTischlerstra\u00dfe\u201c (an anderer Stelle auch \u201eM\u00fcnchen-Waldfriedhof\u201c genannt) liegt \u00f6stlich des Waldfriedhofs (Eingang Tischlerstra\u00dfe).<\/p>\n<p>Hier liegen 3543 Kriegsopfer aus dem Ersten und Zweiten Weltkrieg,<br \/>\naus insgesamt 18 Nationen.<\/p>\n<p>Konzipiert von dem Architekten Helmut Sch\u00f6ner-Fedrigotti und dem Gartenarchitektur-Professor Ludwig Roemer, wurde die Kriegsgr\u00e4berst\u00e4tte am Waldfriedhof in den Jahren 1960\/64 vom Volksbund Deutsche Kriegsgr\u00e4berf\u00fcrsorge in Zusammenarbeit mit dem Land Bayern und der Stadt M\u00fcnchen errichtet.<\/p>\n<p>Die in strengen Linien angeordneten quadratischen Steinplatten mit den Namen der Toten erinnern an eine milit\u00e4rische Formation, vermitteln aber zugleich den Eindruck von der Massenhaftigkeit des gewaltsamen Sterbens in den beiden Weltkriegen.<br \/>\nDrei schlichte Kalksteinquader mit Kreuzen stehen an den Enden der Sichtachsen.<\/p>\n<p>Die Gr\u00e4berreihen 1-102 sind durch seitlich gesetzte Nummernsteine gekennzeichnet, die geraden Zahlen links, die ungeraden rechts des Mittelweges (in Blickrichtung Waldhintergrund). Jede Gr\u00e4berreihe ist von innen nach au\u00dfen durchnumeriert \u2013 jeweils mit \u201e1\u201c beginnend.<\/p>\n<p>Eine architektonische Besonderheit ist die durch einen Wassergraben von den Gr\u00e4berfeldern abgesetzte Gedenkhalle. Sie besteht aus einem wei\u00dfen, hochaufragenden Dreieck aus Beton &#8211; eine schmale 13 m hohe Scheibe aus mehr als 1 800 einzelnen Prismen, in denen sich vormittags das Sonnenlicht bricht, schlie\u00dft sie an der Frontseite ab (einige dieser Prismen sind allerdings zerborsten und m\u00fcssten ersetzt werden). Durch die vergitterte Eingangsseite ist seitlich ein vielgliedriges und etwa 2 m hohes Band von eisernen T\u00e4felchen mit den Namen der hier beigesetzten Kriegsopfer gef\u00fchrt.<\/p>\n","protected":false},"excerpt":{"rendered":"<p>&nbsp; 81377 M\u00fcnchen &#8211; OT Hadern\u00a0Waldfriedhof Tischlerstra\u00dfe Bericht und Bilder von Thomas\u00a0Gefallenendenkm\u00e4ler Berlin\/Brandenburg 3.520 Kriegsopfer\u00a0davon 1.WK\u00a0 1.778 ;\u00a0 2.WK ca. 1.740 Die Kriegsgr\u00e4berst\u00e4tte \u201eTischlerstra\u00dfe\u201c (an anderer Stelle auch \u201eM\u00fcnchen-Waldfriedhof\u201c genannt) liegt \u00f6stlich des Waldfriedhofs (Eingang Tischlerstra\u00dfe). Hier liegen 3543 Kriegsopfer &hellip; <a href=\"http:\/\/www.denkfried.de\/wp\/?page_id=8770\">Weiterlesen <span class=\"meta-nav\">&rarr;<\/span><\/a><\/p>\n","protected":false},"author":2,"featured_media":0,"parent":3691,"menu_order":0,"comment_status":"closed","ping_status":"open","template":"","meta":{"footnotes":""},"class_list":["post-8770","page","type-page","status-publish","hentry"],"_links":{"self":[{"href":"http:\/\/www.denkfried.de\/wp\/index.php?rest_route=\/wp\/v2\/pages\/8770","targetHints":{"allow":["GET"]}}],"collection":[{"href":"http:\/\/www.denkfried.de\/wp\/index.php?rest_route=\/wp\/v2\/pages"}],"about":[{"href":"http:\/\/www.denkfried.de\/wp\/index.php?rest_route=\/wp\/v2\/types\/page"}],"author":[{"embeddable":true,"href":"http:\/\/www.denkfried.de\/wp\/index.php?rest_route=\/wp\/v2\/users\/2"}],"replies":[{"embeddable":true,"href":"http:\/\/www.denkfried.de\/wp\/index.php?rest_route=%2Fwp%2Fv2%2Fcomments&post=8770"}],"version-history":[{"count":12,"href":"http:\/\/www.denkfried.de\/wp\/index.php?rest_route=\/wp\/v2\/pages\/8770\/revisions"}],"predecessor-version":[{"id":39830,"href":"http:\/\/www.denkfried.de\/wp\/index.php?rest_route=\/wp\/v2\/pages\/8770\/revisions\/39830"}],"up":[{"embeddable":true,"href":"http:\/\/www.denkfried.de\/wp\/index.php?rest_route=\/wp\/v2\/pages\/3691"}],"wp:attachment":[{"href":"http:\/\/www.denkfried.de\/wp\/index.php?rest_route=%2Fwp%2Fv2%2Fmedia&parent=8770"}],"curies":[{"name":"wp","href":"https:\/\/api.w.org\/{rel}","templated":true}]}}