{"id":8655,"date":"2011-05-28T21:55:27","date_gmt":"2011-05-28T19:55:27","guid":{"rendered":"http:\/\/www.denkfried.de\/wp\/?page_id=8655"},"modified":"2014-05-03T14:15:35","modified_gmt":"2014-05-03T12:15:35","slug":"balingen-gedenstein-enziandiv","status":"publish","type":"page","link":"http:\/\/www.denkfried.de\/wp\/?page_id=8655","title":{"rendered":"Balingen (Gedenkstein Enziandiv.)"},"content":{"rendered":"<p>&nbsp;<\/p>\n<p><span style=\"text-decoration: underline;\"><strong>72305 Balingen<\/strong><\/span><\/p>\n<p>Den Bericht stellte uns Adjutant und die Fotos M.Winter zur Verf\u00fcgung. Danke.<\/p>\n<p>Fotos vom Gedenkstein der 4. Gebirgsdivision (Enziandivision) auf dem Lochenh\u00f6rnle bei 72305 Balingen.<br \/>\nDanke an Hr. Manfred Winter der die Fotos zur Verf\u00fcgung gestellt hat.<\/p>\n<p>Lochen: Eine Berggruppe in der Schw\u00e4bischen Alb, liegt in der Gemarkung Hausen am Tann und Tieringen.<\/p>\n<p>+++++++++++++++++++++++++++++++++++++++++++++++<\/p>\n<p style=\"padding-left: 60px;\"><strong>Inschrift auf der Gedenktafel:<\/strong><\/p>\n<p style=\"text-align: center;\">DIE 4. GEBIRGSDIVISION<\/p>\n<p style=\"text-align: center;\">Gebirgsj\u00e4ger &#8211; Regiment 13<br \/>\nGebirgsj\u00e4ger &#8211; Regiment 91<br \/>\nGebirgs-Artillerie &#8211; Regiment 94<br \/>\nGebirgs-Aufkl\u00e4rungs-Abteilung 94<br \/>\nGebirgs-Panzerj\u00e4ger &#8211; Abteilung 94<br \/>\nGebirgs-Pionier &#8211; Abteilung 94<br \/>\nGebirgs-Nachrichten &#8211; Abteilung 94<br \/>\nGebirgs-J\u00e4ger-Bataillon &#8211; (Feld-Ersatz-Bataillon 94)<br \/>\nDivisions-Nachsch.-Tr.94<br \/>\nwurden vom 25.10.1940 bis 20.03.1941 im Raume Balingen-Ebingen-Tailfingen-<br \/>\nTruppen\u00fcbungsplatz Heuberg aufgestellt.<\/p>\n<p style=\"text-align: center;\">Sie k\u00e4mpfte in Jugoslawien und in S\u00fcd-Russland.<br \/>\nSie stand am 21.8.1942 auf dem 5.633 m hohen Elbrus im Kaukasus.<br \/>\nSie k\u00e4mpfte am Kuban und auf der Krim, in Rum\u00e4nien, Ungarn und in der Slowakei.<br \/>\n10.800 km ist die Enzian-Division marschiert.<br \/>\n10.800 gefallene und 2.452 vermisste Kameraden aus W\u00fcrttemberg, Baden,<br \/>\nBayern, \u00d6sterreich und S\u00fcdtirol mu\u00dfte sie auf ihrem Marschweg zur\u00fccklassen.<\/p>\n<p style=\"text-align: center;\">DIE TOTEN VERPFLICHTEN DIE LEBENDEN!<br \/>\nDIE HEIMGEKEHRTEN KAMERADEN DER ENZIAN-DIVISION<\/p>\n<p style=\"text-align: center;\"><strong>Linke Platte:<\/strong><br \/>\nALL&#8216; DIE GEFALLEN<br \/>\nIN MEER UND LAND<br \/>\nSIND, HERR GEFALLEN<br \/>\nIN DEINE HAND, ALLE DIE K\u00c4MPFEN IM WEITEN FELD,<br \/>\nSIND, HERR, AUF DEINE GNADE GESTELLT.<br \/>\nALLE DIE WEINEN IN DUNKLER NACHT,<br \/>\nSIND, HERR, VON DEINER G\u00dcTE BEWACHT.<br \/>\nGIB DU UNS AUGEN, DASS WIR SEHN, WIE DEINE<br \/>\nH\u00c4NDE MIT UNS GEHN, GIB DU UNS HERZEN, DIE<br \/>\nDEINE GNAD&#8216;<\/p>\n<p style=\"text-align: center;\"><strong>Bronzetafel <\/strong><\/p>\n<p style=\"text-align: center;\">DIE STERBLICHEN \u00dcBERRESTE<br \/>\nEINES GROSSEN TEILS DIESER<br \/>\nETWA 10.800 GEFALLENEN<br \/>\nDIE WIR<br \/>\nAN DIESER STELLE SEIT LANGER<br \/>\nZEIT SYMBOLISCH<br \/>\nGEDENKEN<br \/>\nRUHEN SEIT AUGUST 2005<br \/>\nAUF DEM DEUTSCHEN<br \/>\nSOLDATENFRIEDHOF<br \/>\nAPSCHERONSK \/ KAUKASUS<\/p>\n<p style=\"text-align: center;\">UNSERE TOTEN KAMERADEN<br \/>\nBLEIBEN DORT WIE HIER<br \/>\nUNVERGESSEN<br \/>\nIN IHRER TREUE<\/p>\n<p style=\"text-align: center;\">4. GEBIRGSDIVISION 1940-1945<\/p>\n<p style=\"text-align: center;\"><strong>Bronzetafel<\/strong><\/p>\n<p style=\"text-align: center;\">DEN GEFALLENEN VOM\u00a0 LANDEKOPF<\/p>\n<p style=\"text-align: center;\">DIE \u00dcBERLEBENDEN DER<br \/>\n4. GEBIRGS-DIVISION<br \/>\n1943 &#8211; 1993<\/p>\n<div id='gallery-1' class='gallery galleryid-8655 gallery-columns-3 gallery-size-thumbnail'><dl class='gallery-item'>\n\t\t\t<dt class='gallery-icon portrait'>\n\t\t\t\t<a href='http:\/\/www.denkfried.de\/wp\/?attachment_id=8657'><img loading=\"lazy\" decoding=\"async\" width=\"150\" height=\"150\" src=\"http:\/\/www.denkfried.de\/wp\/wp-content\/uploads\/2011\/05\/4_GD_Stein_3-150x150.jpg\" class=\"attachment-thumbnail size-thumbnail\" alt=\"\" \/><\/a>\n\t\t\t<\/dt><\/dl><dl class='gallery-item'>\n\t\t\t<dt class='gallery-icon portrait'>\n\t\t\t\t<a href='http:\/\/www.denkfried.de\/wp\/?attachment_id=8658'><img loading=\"lazy\" decoding=\"async\" width=\"150\" height=\"150\" src=\"http:\/\/www.denkfried.de\/wp\/wp-content\/uploads\/2011\/05\/4_GD_Stein_4-150x150.jpg\" class=\"attachment-thumbnail size-thumbnail\" alt=\"\" \/><\/a>\n\t\t\t<\/dt><\/dl><dl class='gallery-item'>\n\t\t\t<dt class='gallery-icon landscape'>\n\t\t\t\t<a href='http:\/\/www.denkfried.de\/wp\/?attachment_id=8659'><img loading=\"lazy\" decoding=\"async\" width=\"150\" height=\"150\" src=\"http:\/\/www.denkfried.de\/wp\/wp-content\/uploads\/2011\/05\/4_GD_Stein_5-150x150.jpg\" class=\"attachment-thumbnail size-thumbnail\" alt=\"\" \/><\/a>\n\t\t\t<\/dt><\/dl><br style=\"clear: both\" \/><dl class='gallery-item'>\n\t\t\t<dt class='gallery-icon portrait'>\n\t\t\t\t<a href='http:\/\/www.denkfried.de\/wp\/?attachment_id=8660'><img loading=\"lazy\" decoding=\"async\" width=\"150\" height=\"150\" src=\"http:\/\/www.denkfried.de\/wp\/wp-content\/uploads\/2011\/05\/4_GD_Stein_6-150x150.jpg\" class=\"attachment-thumbnail size-thumbnail\" alt=\"\" \/><\/a>\n\t\t\t<\/dt><\/dl><dl class='gallery-item'>\n\t\t\t<dt class='gallery-icon landscape'>\n\t\t\t\t<a href='http:\/\/www.denkfried.de\/wp\/?attachment_id=8661'><img loading=\"lazy\" decoding=\"async\" width=\"150\" height=\"150\" src=\"http:\/\/www.denkfried.de\/wp\/wp-content\/uploads\/2011\/05\/4_GD_Stein_7-150x150.jpg\" class=\"attachment-thumbnail size-thumbnail\" alt=\"\" \/><\/a>\n\t\t\t<\/dt><\/dl><dl class='gallery-item'>\n\t\t\t<dt class='gallery-icon landscape'>\n\t\t\t\t<a href='http:\/\/www.denkfried.de\/wp\/?attachment_id=8656'><img loading=\"lazy\" decoding=\"async\" width=\"150\" height=\"150\" src=\"http:\/\/www.denkfried.de\/wp\/wp-content\/uploads\/2011\/05\/4_GD_Stein_8-150x150.jpg\" class=\"attachment-thumbnail size-thumbnail\" alt=\"\" \/><\/a>\n\t\t\t<\/dt><\/dl><br style=\"clear: both\" \/>\n\t\t<\/div>\n\n","protected":false},"excerpt":{"rendered":"<p>&nbsp; 72305 Balingen Den Bericht stellte uns Adjutant und die Fotos M.Winter zur Verf\u00fcgung. Danke. Fotos vom Gedenkstein der 4. Gebirgsdivision (Enziandivision) auf dem Lochenh\u00f6rnle bei 72305 Balingen. Danke an Hr. Manfred Winter der die Fotos zur Verf\u00fcgung gestellt hat. &hellip; <a href=\"http:\/\/www.denkfried.de\/wp\/?page_id=8655\">Weiterlesen <span class=\"meta-nav\">&rarr;<\/span><\/a><\/p>\n","protected":false},"author":2,"featured_media":0,"parent":3241,"menu_order":0,"comment_status":"closed","ping_status":"open","template":"","meta":{"footnotes":""},"class_list":["post-8655","page","type-page","status-publish","hentry"],"_links":{"self":[{"href":"http:\/\/www.denkfried.de\/wp\/index.php?rest_route=\/wp\/v2\/pages\/8655","targetHints":{"allow":["GET"]}}],"collection":[{"href":"http:\/\/www.denkfried.de\/wp\/index.php?rest_route=\/wp\/v2\/pages"}],"about":[{"href":"http:\/\/www.denkfried.de\/wp\/index.php?rest_route=\/wp\/v2\/types\/page"}],"author":[{"embeddable":true,"href":"http:\/\/www.denkfried.de\/wp\/index.php?rest_route=\/wp\/v2\/users\/2"}],"replies":[{"embeddable":true,"href":"http:\/\/www.denkfried.de\/wp\/index.php?rest_route=%2Fwp%2Fv2%2Fcomments&post=8655"}],"version-history":[{"count":5,"href":"http:\/\/www.denkfried.de\/wp\/index.php?rest_route=\/wp\/v2\/pages\/8655\/revisions"}],"predecessor-version":[{"id":35137,"href":"http:\/\/www.denkfried.de\/wp\/index.php?rest_route=\/wp\/v2\/pages\/8655\/revisions\/35137"}],"up":[{"embeddable":true,"href":"http:\/\/www.denkfried.de\/wp\/index.php?rest_route=\/wp\/v2\/pages\/3241"}],"wp:attachment":[{"href":"http:\/\/www.denkfried.de\/wp\/index.php?rest_route=%2Fwp%2Fv2%2Fmedia&parent=8655"}],"curies":[{"name":"wp","href":"https:\/\/api.w.org\/{rel}","templated":true}]}}