{"id":8558,"date":"2011-05-21T18:07:14","date_gmt":"2011-05-21T16:07:14","guid":{"rendered":"http:\/\/www.denkfried.de\/wp\/?page_id=8558"},"modified":"2011-05-21T18:07:14","modified_gmt":"2011-05-21T16:07:14","slug":"le-havre","status":"publish","type":"page","link":"http:\/\/www.denkfried.de\/wp\/?page_id=8558","title":{"rendered":"Le Havre"},"content":{"rendered":"<p>&nbsp;<\/p>\n<p><strong>76600 Le Havre<\/strong><br \/>\nD\u00e9partement Seine-Maritime<\/p>\n<p><em><span style=\"text-decoration: underline;\">Reisebericht (2007) von Hubert M. :<\/span><\/em><br \/>\n<em>&#8222;Heute haben wir den 24.07.2007. Wir sind auf dem Friedhof in Le Havre, es ist 8:oo Uhr.<\/em><br \/>\n<em>Ein  sehr gro\u00dfer Zivilfriedhof liegt vor uns, wir m\u00fcssen uns am  Friedhofsplan erst zurechtfinden. Hier gibt es ein deutsches Gr\u00e4berfeld  f\u00fcr Gefallene aus dem 1.Weltkrieg, 2 britische Gr\u00e4berfelder, ebenso aus  dem Ersten Weltkrieg ,gleich daneben ein Monument f\u00fcr die Ertrunkenen  eines Lazarettschiffes aus dem Ersten Weltkrieg. 3 franz\u00f6sische  Gr\u00e4berfelder finden wir ebenso, diese bergen die Gefallenen aus dem  Ersten, Zweiten und Zivilopfer aus dem Zweiten Weltkrieg, welche bei der  Bombardierung von Le Havre durch die Amerikaner und Engl\u00e4nder zu  beklagen sind.<\/em><br \/>\n<em>Auf dem deutschen Gr\u00e4berfeld sind 347 Gefallene zur  Ruhe gebettet. Auch Belgier finden wir unter den gefallenen  Franzosengr\u00e4ber des Ersten Weltkriegs.&#8220;<\/em><\/p>\n<div id='gallery-1' class='gallery galleryid-8558 gallery-columns-3 gallery-size-thumbnail'><dl class='gallery-item'>\n\t\t\t<dt class='gallery-icon landscape'>\n\t\t\t\t<a href='http:\/\/www.denkfried.de\/wp\/?attachment_id=8560'><img loading=\"lazy\" decoding=\"async\" width=\"150\" height=\"150\" src=\"http:\/\/www.denkfried.de\/wp\/wp-content\/uploads\/2011\/05\/Le-Havre-Ansicht-Hochkreuz-03-150x150.jpg\" class=\"attachment-thumbnail size-thumbnail\" alt=\"\" \/><\/a>\n\t\t\t<\/dt><\/dl><dl class='gallery-item'>\n\t\t\t<dt class='gallery-icon landscape'>\n\t\t\t\t<a href='http:\/\/www.denkfried.de\/wp\/?attachment_id=8567'><img loading=\"lazy\" decoding=\"async\" width=\"150\" height=\"150\" src=\"http:\/\/www.denkfried.de\/wp\/wp-content\/uploads\/2011\/05\/Le-Havre-Hinweisplatte-deutsches-Gr\u00e4berfeld-04-150x150.jpg\" class=\"attachment-thumbnail size-thumbnail\" alt=\"\" \/><\/a>\n\t\t\t<\/dt><\/dl><dl class='gallery-item'>\n\t\t\t<dt class='gallery-icon landscape'>\n\t\t\t\t<a href='http:\/\/www.denkfried.de\/wp\/?attachment_id=8564'><img loading=\"lazy\" decoding=\"async\" width=\"150\" height=\"150\" src=\"http:\/\/www.denkfried.de\/wp\/wp-content\/uploads\/2011\/05\/Le-Havre-deutsche-Gr\u00e4ber-06-150x150.jpg\" class=\"attachment-thumbnail size-thumbnail\" alt=\"\" \/><\/a>\n\t\t\t<\/dt><\/dl><br style=\"clear: both\" \/><dl class='gallery-item'>\n\t\t\t<dt class='gallery-icon landscape'>\n\t\t\t\t<a href='http:\/\/www.denkfried.de\/wp\/?attachment_id=8566'><img loading=\"lazy\" decoding=\"async\" width=\"150\" height=\"150\" src=\"http:\/\/www.denkfried.de\/wp\/wp-content\/uploads\/2011\/05\/Le-Havre-franz.Gr\u00e4ber-2.W.K.011-150x150.jpg\" class=\"attachment-thumbnail size-thumbnail\" alt=\"\" \/><\/a>\n\t\t\t<\/dt><\/dl><dl class='gallery-item'>\n\t\t\t<dt class='gallery-icon landscape'>\n\t\t\t\t<a href='http:\/\/www.denkfried.de\/wp\/?attachment_id=8565'><img loading=\"lazy\" decoding=\"async\" width=\"150\" height=\"150\" src=\"http:\/\/www.denkfried.de\/wp\/wp-content\/uploads\/2011\/05\/Le-Havre-franz.Gr\u00e4ber-1.W.K.07-150x150.jpg\" class=\"attachment-thumbnail size-thumbnail\" alt=\"\" \/><\/a>\n\t\t\t<\/dt><\/dl><dl class='gallery-item'>\n\t\t\t<dt class='gallery-icon portrait'>\n\t\t\t\t<a href='http:\/\/www.denkfried.de\/wp\/?attachment_id=8563'><img loading=\"lazy\" decoding=\"async\" width=\"150\" height=\"150\" src=\"http:\/\/www.denkfried.de\/wp\/wp-content\/uploads\/2011\/05\/Le-Havre-chinesisches-Grab-1.W.K.010-150x150.jpg\" class=\"attachment-thumbnail size-thumbnail\" alt=\"\" \/><\/a>\n\t\t\t<\/dt><\/dl><br style=\"clear: both\" \/><dl class='gallery-item'>\n\t\t\t<dt class='gallery-icon landscape'>\n\t\t\t\t<a href='http:\/\/www.denkfried.de\/wp\/?attachment_id=8562'><img loading=\"lazy\" decoding=\"async\" width=\"150\" height=\"150\" src=\"http:\/\/www.denkfried.de\/wp\/wp-content\/uploads\/2011\/05\/Le-Havre-brit.Gr\u00e4ber-Feld-1-02-150x150.jpg\" class=\"attachment-thumbnail size-thumbnail\" alt=\"\" \/><\/a>\n\t\t\t<\/dt><\/dl><dl class='gallery-item'>\n\t\t\t<dt class='gallery-icon landscape'>\n\t\t\t\t<a href='http:\/\/www.denkfried.de\/wp\/?attachment_id=8561'><img loading=\"lazy\" decoding=\"async\" width=\"150\" height=\"150\" src=\"http:\/\/www.denkfried.de\/wp\/wp-content\/uploads\/2011\/05\/Le-Havre-Bombenopfer-2.W.K.08-150x150.jpg\" class=\"attachment-thumbnail size-thumbnail\" alt=\"\" \/><\/a>\n\t\t\t<\/dt><\/dl><dl class='gallery-item'>\n\t\t\t<dt class='gallery-icon landscape'>\n\t\t\t\t<a href='http:\/\/www.denkfried.de\/wp\/?attachment_id=8559'><img loading=\"lazy\" decoding=\"async\" width=\"150\" height=\"150\" src=\"http:\/\/www.denkfried.de\/wp\/wp-content\/uploads\/2011\/05\/Le-Havre-Monument-Lazaretschiff-01-150x150.jpg\" class=\"attachment-thumbnail size-thumbnail\" alt=\"\" \/><\/a>\n\t\t\t<\/dt><\/dl><br style=\"clear: both\" \/>\n\t\t<\/div>\n\n","protected":false},"excerpt":{"rendered":"<p>&nbsp; 76600 Le Havre D\u00e9partement Seine-Maritime Reisebericht (2007) von Hubert M. : &#8222;Heute haben wir den 24.07.2007. Wir sind auf dem Friedhof in Le Havre, es ist 8:oo Uhr. Ein sehr gro\u00dfer Zivilfriedhof liegt vor uns, wir m\u00fcssen uns am &hellip; <a href=\"http:\/\/www.denkfried.de\/wp\/?page_id=8558\">Weiterlesen <span class=\"meta-nav\">&rarr;<\/span><\/a><\/p>\n","protected":false},"author":2,"featured_media":0,"parent":8280,"menu_order":0,"comment_status":"closed","ping_status":"open","template":"","meta":{"footnotes":""},"class_list":["post-8558","page","type-page","status-publish","hentry"],"_links":{"self":[{"href":"http:\/\/www.denkfried.de\/wp\/index.php?rest_route=\/wp\/v2\/pages\/8558","targetHints":{"allow":["GET"]}}],"collection":[{"href":"http:\/\/www.denkfried.de\/wp\/index.php?rest_route=\/wp\/v2\/pages"}],"about":[{"href":"http:\/\/www.denkfried.de\/wp\/index.php?rest_route=\/wp\/v2\/types\/page"}],"author":[{"embeddable":true,"href":"http:\/\/www.denkfried.de\/wp\/index.php?rest_route=\/wp\/v2\/users\/2"}],"replies":[{"embeddable":true,"href":"http:\/\/www.denkfried.de\/wp\/index.php?rest_route=%2Fwp%2Fv2%2Fcomments&post=8558"}],"version-history":[{"count":3,"href":"http:\/\/www.denkfried.de\/wp\/index.php?rest_route=\/wp\/v2\/pages\/8558\/revisions"}],"predecessor-version":[{"id":8570,"href":"http:\/\/www.denkfried.de\/wp\/index.php?rest_route=\/wp\/v2\/pages\/8558\/revisions\/8570"}],"up":[{"embeddable":true,"href":"http:\/\/www.denkfried.de\/wp\/index.php?rest_route=\/wp\/v2\/pages\/8280"}],"wp:attachment":[{"href":"http:\/\/www.denkfried.de\/wp\/index.php?rest_route=%2Fwp%2Fv2%2Fmedia&parent=8558"}],"curies":[{"name":"wp","href":"https:\/\/api.w.org\/{rel}","templated":true}]}}