{"id":8484,"date":"2011-05-15T23:44:23","date_gmt":"2011-05-15T21:44:23","guid":{"rendered":"http:\/\/www.denkfried.de\/wp\/?page_id=8484"},"modified":"2011-07-16T20:29:41","modified_gmt":"2011-07-16T18:29:41","slug":"st-desir-de-lisieux","status":"publish","type":"page","link":"http:\/\/www.denkfried.de\/wp\/?page_id=8484","title":{"rendered":"St.D\u00e9sir-de-Lisieux  (20)"},"content":{"rendered":"<p>&nbsp;<\/p>\n<p><span style=\"text-decoration: underline;\"><strong>14100 St.D\u00e9sir-de-Lisieux<\/strong><\/span><\/p>\n<p>In der DB zu finden unter:\u00a0\u00a0 Frankreich\/St.Desir-de-Lisieux<\/p>\n<p style=\"text-align: justify;\"><span style=\"text-decoration: underline;\">Aus dem Reisebericht (2007) von Hubert M. :<\/span><\/p>\n<p style=\"text-align: justify;\"><em>&#8222;Heute am 24.07.07 gegen 11:00 Uhr haben wir den deutschen Soldatenfriedhof des Zweiten Weltkriegs St.Desire-de-Lisieux Nr.20 erreicht. Der Friedhof liegt 4 Kilometer westlich von Lisieux an der D 159. Nach der Landung in der Normandie \u00a0und dem Zur\u00fcckweichen der deutschen Front r\u00fcckten die Alliierten gegen die untere Seine vor. Der britische Gr\u00e4berdienst bestattete vier Kilometer westlich von Lisieux deutsche Gefallene neben dem britischen Soldatenfriedhof. Der Volksbund begann 1957 mit seiner Arbeit auf dieser Anlage und legte den Friedhof an. Durch die schmale T\u00fcr des Eingangsgeb\u00e4udes kommt der Besucher auf den Friedhof. Die Gr\u00e4berfl\u00e4che ist in drei Bl\u00f6cke eingeteilt, auf Grabkreuzen aus rotem Sandstein stehen auf jeder Seite die Namen von zwei Gefallenen. Die Grabbeete sind mit Iris bepflanzt die im Sp\u00e4tsommer den Friedhof in ein Blumenmeer verwandeln. Beim Besuch war gerade ein G\u00e4rtner dabei die alten Triebe auszuschneiden um so den neuen Trieben mehr Kraft zu geben, es roch schon stark nach &#8222;Iris&#8220;. Vor dem Zweiten Weltkrieg war Lisieux eine der sch\u00f6nsten St\u00e4dte der Normandie-bei den K\u00e4mpfen 1944 wurde sie zum gr\u00f6\u00dften Teil zerst\u00f6rt. Bei manchen Steinen fiel auf, das die Seiten schon mal abgeschliffen wurden da die Witterung die Inschrift unleserlich gemacht hat und neu graviert wurden.&#8220;<\/em><\/p>\n<p><em><div id='gallery-1' class='gallery galleryid-8484 gallery-columns-4 gallery-size-thumbnail'><dl class='gallery-item'>\n\t\t\t<dt class='gallery-icon landscape'>\n\t\t\t\t<a href='http:\/\/www.denkfried.de\/wp\/?attachment_id=8490'><img loading=\"lazy\" decoding=\"async\" width=\"150\" height=\"150\" src=\"http:\/\/www.denkfried.de\/wp\/wp-content\/uploads\/2011\/05\/St.Desire-de-Lisieux-Eingang-001-150x150.jpg\" class=\"attachment-thumbnail size-thumbnail\" alt=\"\" \/><\/a>\n\t\t\t<\/dt><\/dl><dl class='gallery-item'>\n\t\t\t<dt class='gallery-icon portrait'>\n\t\t\t\t<a href='http:\/\/www.denkfried.de\/wp\/?attachment_id=8489'><img loading=\"lazy\" decoding=\"async\" width=\"150\" height=\"150\" src=\"http:\/\/www.denkfried.de\/wp\/wp-content\/uploads\/2011\/05\/St.Desire-de-Liseux-Plan-Gr\u00e4berfeld-002-150x150.jpg\" class=\"attachment-thumbnail size-thumbnail\" alt=\"\" \/><\/a>\n\t\t\t<\/dt><\/dl><dl class='gallery-item'>\n\t\t\t<dt class='gallery-icon portrait'>\n\t\t\t\t<a href='http:\/\/www.denkfried.de\/wp\/?attachment_id=8486'><img loading=\"lazy\" decoding=\"async\" width=\"150\" height=\"150\" src=\"http:\/\/www.denkfried.de\/wp\/wp-content\/uploads\/2011\/05\/St.Desire-de-Liseux-Hauptscharf\u00fchrer-003-150x150.jpg\" class=\"attachment-thumbnail size-thumbnail\" alt=\"\" \/><\/a>\n\t\t\t<\/dt><\/dl><dl class='gallery-item'>\n\t\t\t<dt class='gallery-icon landscape'>\n\t\t\t\t<a href='http:\/\/www.denkfried.de\/wp\/?attachment_id=8492'><img loading=\"lazy\" decoding=\"async\" width=\"150\" height=\"150\" src=\"http:\/\/www.denkfried.de\/wp\/wp-content\/uploads\/2011\/05\/St.Desire-de-Liseux-Gr\u00e4berfeld-005-150x150.jpg\" class=\"attachment-thumbnail size-thumbnail\" alt=\"\" \/><\/a>\n\t\t\t<\/dt><\/dl><br style=\"clear: both\" \/><dl class='gallery-item'>\n\t\t\t<dt class='gallery-icon portrait'>\n\t\t\t\t<a href='http:\/\/www.denkfried.de\/wp\/?attachment_id=8491'><img loading=\"lazy\" decoding=\"async\" width=\"150\" height=\"150\" src=\"http:\/\/www.denkfried.de\/wp\/wp-content\/uploads\/2011\/05\/St.Desire-de-Lisieux-Flieger-006-150x150.jpg\" class=\"attachment-thumbnail size-thumbnail\" alt=\"\" \/><\/a>\n\t\t\t<\/dt><\/dl><dl class='gallery-item'>\n\t\t\t<dt class='gallery-icon landscape'>\n\t\t\t\t<a href='http:\/\/www.denkfried.de\/wp\/?attachment_id=8485'><img loading=\"lazy\" decoding=\"async\" width=\"150\" height=\"150\" src=\"http:\/\/www.denkfried.de\/wp\/wp-content\/uploads\/2011\/05\/St.Desire-de-Liseux-Grabreihen-007-150x150.jpg\" class=\"attachment-thumbnail size-thumbnail\" alt=\"\" \/><\/a>\n\t\t\t<\/dt><\/dl><dl class='gallery-item'>\n\t\t\t<dt class='gallery-icon portrait'>\n\t\t\t\t<a href='http:\/\/www.denkfried.de\/wp\/?attachment_id=8487'><img loading=\"lazy\" decoding=\"async\" width=\"150\" height=\"150\" src=\"http:\/\/www.denkfried.de\/wp\/wp-content\/uploads\/2011\/05\/St.Desire-de-Liseux-Oberf\u00fcssilier-008-150x150.jpg\" class=\"attachment-thumbnail size-thumbnail\" alt=\"\" \/><\/a>\n\t\t\t<\/dt><\/dl><dl class='gallery-item'>\n\t\t\t<dt class='gallery-icon landscape'>\n\t\t\t\t<a href='http:\/\/www.denkfried.de\/wp\/?attachment_id=8488'><img loading=\"lazy\" decoding=\"async\" width=\"150\" height=\"150\" src=\"http:\/\/www.denkfried.de\/wp\/wp-content\/uploads\/2011\/05\/St.Desire-de-Liseux-Panorama-009-150x150.jpg\" class=\"attachment-thumbnail size-thumbnail\" alt=\"\" \/><\/a>\n\t\t\t<\/dt><\/dl><br style=\"clear: both\" \/>\n\t\t<\/div>\n<br \/>\n<\/em><\/p>\n","protected":false},"excerpt":{"rendered":"<p>&nbsp; 14100 St.D\u00e9sir-de-Lisieux In der DB zu finden unter:\u00a0\u00a0 Frankreich\/St.Desir-de-Lisieux Aus dem Reisebericht (2007) von Hubert M. : &#8222;Heute am 24.07.07 gegen 11:00 Uhr haben wir den deutschen Soldatenfriedhof des Zweiten Weltkriegs St.Desire-de-Lisieux Nr.20 erreicht. Der Friedhof liegt 4 Kilometer &hellip; <a href=\"http:\/\/www.denkfried.de\/wp\/?page_id=8484\">Weiterlesen <span class=\"meta-nav\">&rarr;<\/span><\/a><\/p>\n","protected":false},"author":2,"featured_media":0,"parent":8221,"menu_order":0,"comment_status":"closed","ping_status":"open","template":"","meta":{"footnotes":""},"class_list":["post-8484","page","type-page","status-publish","hentry"],"_links":{"self":[{"href":"http:\/\/www.denkfried.de\/wp\/index.php?rest_route=\/wp\/v2\/pages\/8484","targetHints":{"allow":["GET"]}}],"collection":[{"href":"http:\/\/www.denkfried.de\/wp\/index.php?rest_route=\/wp\/v2\/pages"}],"about":[{"href":"http:\/\/www.denkfried.de\/wp\/index.php?rest_route=\/wp\/v2\/types\/page"}],"author":[{"embeddable":true,"href":"http:\/\/www.denkfried.de\/wp\/index.php?rest_route=\/wp\/v2\/users\/2"}],"replies":[{"embeddable":true,"href":"http:\/\/www.denkfried.de\/wp\/index.php?rest_route=%2Fwp%2Fv2%2Fcomments&post=8484"}],"version-history":[{"count":4,"href":"http:\/\/www.denkfried.de\/wp\/index.php?rest_route=\/wp\/v2\/pages\/8484\/revisions"}],"predecessor-version":[{"id":9963,"href":"http:\/\/www.denkfried.de\/wp\/index.php?rest_route=\/wp\/v2\/pages\/8484\/revisions\/9963"}],"up":[{"embeddable":true,"href":"http:\/\/www.denkfried.de\/wp\/index.php?rest_route=\/wp\/v2\/pages\/8221"}],"wp:attachment":[{"href":"http:\/\/www.denkfried.de\/wp\/index.php?rest_route=%2Fwp%2Fv2%2Fmedia&parent=8484"}],"curies":[{"name":"wp","href":"https:\/\/api.w.org\/{rel}","templated":true}]}}