{"id":8453,"date":"2011-05-15T21:14:00","date_gmt":"2011-05-15T19:14:00","guid":{"rendered":"http:\/\/www.denkfried.de\/wp\/?page_id=8453"},"modified":"2011-07-06T22:54:36","modified_gmt":"2011-07-06T20:54:36","slug":"mont-st-remy","status":"publish","type":"page","link":"http:\/\/www.denkfried.de\/wp\/?page_id=8453","title":{"rendered":"Mont-St.R\u00e9my  (101)"},"content":{"rendered":"<p>&nbsp;<\/p>\n<p><span style=\"text-decoration: underline;\"><strong>08310 Mont-St-R\u00e9my<\/strong><\/span><\/p>\n<p>s\u00fcdlich von Pauvres an der D23<\/p>\n<p><span style=\"text-decoration: underline;\">Aus dem Reisebericht (2007) von Hubert M. :<\/span><\/p>\n<p><em>&#8222;Um 16:30 Uhr haben wir den mitten im Feld liegenden deutschen Soldatenfriedhof des Ersten Weltkriegs Mont St.Remy erreicht. Hier sind 2974 gefallene Soldaten zur letzten Ruhe gebettet. Als wir ankamen sahen wir das jemand das bronzene Eingangstor &#8222;gebrauchen konnte&#8220; und es beim Scharnier einfach abges\u00e4gt hat.!!<\/em><br \/>\n<em> Der Friedhof liegt s\u00fcdlich von Pauvres an der D 23 und etwa ca.35 km nord\u00f6stlich von Reims.<\/em><br \/>\n<em>1917 von der Truppe angelegt .Der Ort war-wie die benachtbarten Gemeinden- St\u00fctzpunkt f\u00fcr den Nachschub und Standort zahlreicher Lazarette.1920 erweiterten franz\u00f6siche Beh\u00f6rden den Friedhof. Die meisten Opfer verursachte die Fr\u00fchjahrsschlacht 1917, bei der die Alliierten in der Champagne den Durchbruch erzwingen wollten. Vor dem Zweiten Weltkrieg legte der Volksbund den Eingang mit einem schmiedeeisernen Tor an, fasste mit einer Mauer aus Bruchsteinen das Gemeinschaftsgrab ein, pflanzte Baumreihen, begr\u00fcnte das Gr\u00e4berfeld und errichtete ein Hochkreuz. 1975 wurden die Holzkreuze gegen Metallkreuze ausgewechselt. Im Gemeinschaftsgrab mit 584 Toten sind nur 29 Namen bekannt.<\/em><br \/>\n<em> Entlang der mit einer Hecke eingegrenzten Gr\u00e4berfeldes sind einige alte Grabsteine, von der Truppe oder den Hinterbliebenen, erhalten und aufgestellt.&#8220;<\/em><\/p>\n<p><em><div id='gallery-1' class='gallery galleryid-8453 gallery-columns-4 gallery-size-thumbnail'><dl class='gallery-item'>\n\t\t\t<dt class='gallery-icon landscape'>\n\t\t\t\t<a href='http:\/\/www.denkfried.de\/wp\/?attachment_id=8454'><img loading=\"lazy\" decoding=\"async\" width=\"150\" height=\"150\" src=\"http:\/\/www.denkfried.de\/wp\/wp-content\/uploads\/2011\/05\/Mont-St.Remy-Eingang-001-150x150.jpg\" class=\"attachment-thumbnail size-thumbnail\" alt=\"\" \/><\/a>\n\t\t\t<\/dt><\/dl><dl class='gallery-item'>\n\t\t\t<dt class='gallery-icon landscape'>\n\t\t\t\t<a href='http:\/\/www.denkfried.de\/wp\/?attachment_id=8456'><img loading=\"lazy\" decoding=\"async\" width=\"150\" height=\"150\" src=\"http:\/\/www.denkfried.de\/wp\/wp-content\/uploads\/2011\/05\/Mont-St.Remy-alte-Regimentsgrabsteine-002-150x150.jpg\" class=\"attachment-thumbnail size-thumbnail\" alt=\"\" \/><\/a>\n\t\t\t<\/dt><\/dl><dl class='gallery-item'>\n\t\t\t<dt class='gallery-icon landscape'>\n\t\t\t\t<a href='http:\/\/www.denkfried.de\/wp\/?attachment_id=8457'><img loading=\"lazy\" decoding=\"async\" width=\"150\" height=\"150\" src=\"http:\/\/www.denkfried.de\/wp\/wp-content\/uploads\/2011\/05\/Mont-St.Remy-Ansicht-Kameradengrab-003-150x150.jpg\" class=\"attachment-thumbnail size-thumbnail\" alt=\"\" \/><\/a>\n\t\t\t<\/dt><\/dl><dl class='gallery-item'>\n\t\t\t<dt class='gallery-icon landscape'>\n\t\t\t\t<a href='http:\/\/www.denkfried.de\/wp\/?attachment_id=8455'><img loading=\"lazy\" decoding=\"async\" width=\"150\" height=\"150\" src=\"http:\/\/www.denkfried.de\/wp\/wp-content\/uploads\/2011\/05\/Mont-St.Remy-alte-Einzelgrabsteine-004-150x150.jpg\" class=\"attachment-thumbnail size-thumbnail\" alt=\"\" \/><\/a>\n\t\t\t<\/dt><\/dl><br style=\"clear: both\" \/>\n\t\t<\/div>\n<br \/>\n<\/em><\/p>\n","protected":false},"excerpt":{"rendered":"<p>&nbsp; 08310 Mont-St-R\u00e9my s\u00fcdlich von Pauvres an der D23 Aus dem Reisebericht (2007) von Hubert M. : &#8222;Um 16:30 Uhr haben wir den mitten im Feld liegenden deutschen Soldatenfriedhof des Ersten Weltkriegs Mont St.Remy erreicht. Hier sind 2974 gefallene Soldaten &hellip; <a href=\"http:\/\/www.denkfried.de\/wp\/?page_id=8453\">Weiterlesen <span class=\"meta-nav\">&rarr;<\/span><\/a><\/p>\n","protected":false},"author":2,"featured_media":0,"parent":8212,"menu_order":0,"comment_status":"closed","ping_status":"open","template":"","meta":{"footnotes":""},"class_list":["post-8453","page","type-page","status-publish","hentry"],"_links":{"self":[{"href":"http:\/\/www.denkfried.de\/wp\/index.php?rest_route=\/wp\/v2\/pages\/8453","targetHints":{"allow":["GET"]}}],"collection":[{"href":"http:\/\/www.denkfried.de\/wp\/index.php?rest_route=\/wp\/v2\/pages"}],"about":[{"href":"http:\/\/www.denkfried.de\/wp\/index.php?rest_route=\/wp\/v2\/types\/page"}],"author":[{"embeddable":true,"href":"http:\/\/www.denkfried.de\/wp\/index.php?rest_route=\/wp\/v2\/users\/2"}],"replies":[{"embeddable":true,"href":"http:\/\/www.denkfried.de\/wp\/index.php?rest_route=%2Fwp%2Fv2%2Fcomments&post=8453"}],"version-history":[{"count":3,"href":"http:\/\/www.denkfried.de\/wp\/index.php?rest_route=\/wp\/v2\/pages\/8453\/revisions"}],"predecessor-version":[{"id":9203,"href":"http:\/\/www.denkfried.de\/wp\/index.php?rest_route=\/wp\/v2\/pages\/8453\/revisions\/9203"}],"up":[{"embeddable":true,"href":"http:\/\/www.denkfried.de\/wp\/index.php?rest_route=\/wp\/v2\/pages\/8212"}],"wp:attachment":[{"href":"http:\/\/www.denkfried.de\/wp\/index.php?rest_route=%2Fwp%2Fv2%2Fmedia&parent=8453"}],"curies":[{"name":"wp","href":"https:\/\/api.w.org\/{rel}","templated":true}]}}