{"id":8438,"date":"2011-05-15T19:21:02","date_gmt":"2011-05-15T17:21:02","guid":{"rendered":"http:\/\/www.denkfried.de\/wp\/?page_id=8438"},"modified":"2011-07-06T22:58:28","modified_gmt":"2011-07-06T20:58:28","slug":"vouziers","status":"publish","type":"page","link":"http:\/\/www.denkfried.de\/wp\/?page_id=8438","title":{"rendered":"Vouziers  (100)"},"content":{"rendered":"<p>&nbsp;<\/p>\n<p><span style=\"text-decoration: underline;\"><strong>08400-Vouziers<\/strong><\/span><\/p>\n<p>&nbsp;<\/p>\n<p style=\"text-align: justify;\"><span style=\"text-decoration: underline;\">Aus dem Reisebericht (2007) von Hubert M. :<\/span><\/p>\n<p style=\"text-align: justify;\"><em>&#8222;Als wir das Deutsche Gr\u00e4berfeld in Vouziers besuchten, kamen wir am Gr\u00e4berfeld der f\u00fcr Frankreich gefallenen Soldaten vorbei. Hier stehen von 80 Gefallenen die Typischen franz\u00f6sischen Grabkreuze aus Waschbeton mit einer Namentafel auf der Vorderseite. Das mit gewaschenem Kies bedeckte Gr\u00e4berfeld machte auch so einen gepflegten Eindruck. Gleich nebenan wurde ein Gr\u00e4berfeld f\u00fcr 75 gefallene Russen angelegt. Die beiden Gr\u00e4berfelder wurden hier eher etwas schlicht gehalten ohne Blumenschmuck.<\/em><br \/>\n<em> Das Grab eines einzelnen Briten stand etwas abseits an der Friedhofsmauer, hier wieder der oben abgerundete \u00a0helle \u00a0Sandstein, wie auf allen britischen Soldatenfriedh\u00f6fen zu finden.&#8220;<\/em><\/p>\n<p style=\"text-align: justify;\"><span style=\"text-decoration: underline;\">Hier ein weiterer Reisebericht von Hubert M. :<\/span><\/p>\n<p style=\"text-align: justify;\"><em>&#8222;Wir besuchen jetzt den deutschen Soldatenfriedhof Vouziers. Der Soldatenfriedhof liegt gleich neben dem Ortsfriedhof, Vouziers ist nur etwa 18 km von Mont St.Remy in \u00f6stlicher Richtung entfernt.<\/em><br \/>\n<em> Nach dem Krieg von franz\u00f6sischen Milit\u00e4rbeh\u00f6rden f\u00fcr Gefallene aus Vouziers und aus 16 Gemeinden angelegt. Viele starben w\u00e4hrend der Schlachten 1915-1917 um die H\u00fcgelkette, die sich von Reims Richtung Osten erstreckt und wie ein nat\u00fcrlicher Festungswall wirkt.<\/em><br \/>\n<em> 1927 pflanzte der Volksbund B\u00e4ume und setzte B\u00fcsche, legte um das Gemeinschaftsgrab eine Mauer an und gestaltete den Eingang mit einem schmiedeeisernen Tor. 1976 wurden die Holzkreuze gegen Steinkreuze ausgetauscht.<\/em><br \/>\n<em> Auf dem Soldatenfriedhof mit der Nr.100 sind 4860 Gefallene, 3200 von ihnen sind im Gemeinschaftsgrab beigesetzt.<\/em><br \/>\n<em> An den Innenseiten der \u00fcbermanngrossen Friedhofsmauer die das Gr\u00e4berfeld begrenzt, sind auch wieder vom Regiment oder den Hinterbliebenen gestiftete Grabzeichen aus der Gr\u00fcnderzeit erhalten und hier aufgestellt.<\/em><br \/>\n<em> Das schwere schmiedeeiserne Eingangstor braucht schon viel &#8222;Muskelkraft&#8220; zum \u00f6ffnen, um den Besuchern das Eintreten zu erleichtern.&#8220;<\/em><\/p>\n<p><em><br \/>\n<\/em><\/p>\n<div id='gallery-1' class='gallery galleryid-8438 gallery-columns-4 gallery-size-thumbnail'><dl class='gallery-item'>\n\t\t\t<dt class='gallery-icon landscape'>\n\t\t\t\t<a href='http:\/\/www.denkfried.de\/wp\/?attachment_id=8440'><img loading=\"lazy\" decoding=\"async\" width=\"150\" height=\"150\" src=\"http:\/\/www.denkfried.de\/wp\/wp-content\/uploads\/2011\/05\/Vouzier-Franzosen-u.Russen-01-150x150.jpg\" class=\"attachment-thumbnail size-thumbnail\" alt=\"\" \/><\/a>\n\t\t\t<\/dt><\/dl><dl class='gallery-item'>\n\t\t\t<dt class='gallery-icon portrait'>\n\t\t\t\t<a href='http:\/\/www.denkfried.de\/wp\/?attachment_id=8439'><img loading=\"lazy\" decoding=\"async\" width=\"150\" height=\"150\" src=\"http:\/\/www.denkfried.de\/wp\/wp-content\/uploads\/2011\/05\/Vouzier-Brite-02-150x150.jpg\" class=\"attachment-thumbnail size-thumbnail\" alt=\"\" \/><\/a>\n\t\t\t<\/dt><\/dl><dl class='gallery-item'>\n\t\t\t<dt class='gallery-icon portrait'>\n\t\t\t\t<a href='http:\/\/www.denkfried.de\/wp\/?attachment_id=8445'><img loading=\"lazy\" decoding=\"async\" width=\"150\" height=\"150\" src=\"http:\/\/www.denkfried.de\/wp\/wp-content\/uploads\/2011\/05\/Vouziers-Eingang-001-150x150.jpg\" class=\"attachment-thumbnail size-thumbnail\" alt=\"\" \/><\/a>\n\t\t\t<\/dt><\/dl><dl class='gallery-item'>\n\t\t\t<dt class='gallery-icon landscape'>\n\t\t\t\t<a href='http:\/\/www.denkfried.de\/wp\/?attachment_id=8447'><img loading=\"lazy\" decoding=\"async\" width=\"150\" height=\"150\" src=\"http:\/\/www.denkfried.de\/wp\/wp-content\/uploads\/2011\/05\/Vouziers-Ansicht-Gr\u00e4berfeld-002-150x150.jpg\" class=\"attachment-thumbnail size-thumbnail\" alt=\"\" \/><\/a>\n\t\t\t<\/dt><\/dl><br style=\"clear: both\" \/><dl class='gallery-item'>\n\t\t\t<dt class='gallery-icon portrait'>\n\t\t\t\t<a href='http:\/\/www.denkfried.de\/wp\/?attachment_id=8446'><img loading=\"lazy\" decoding=\"async\" width=\"150\" height=\"150\" src=\"http:\/\/www.denkfried.de\/wp\/wp-content\/uploads\/2011\/05\/Vouziers-altes-Regimentskreuz-003-150x150.jpg\" class=\"attachment-thumbnail size-thumbnail\" alt=\"\" \/><\/a>\n\t\t\t<\/dt><\/dl><dl class='gallery-item'>\n\t\t\t<dt class='gallery-icon landscape'>\n\t\t\t\t<a href='http:\/\/www.denkfried.de\/wp\/?attachment_id=8449'><img loading=\"lazy\" decoding=\"async\" width=\"150\" height=\"150\" src=\"http:\/\/www.denkfried.de\/wp\/wp-content\/uploads\/2011\/05\/Vouziers-Ansicht-Hochkreuz-004-150x150.jpg\" class=\"attachment-thumbnail size-thumbnail\" alt=\"\" \/><\/a>\n\t\t\t<\/dt><\/dl><dl class='gallery-item'>\n\t\t\t<dt class='gallery-icon landscape'>\n\t\t\t\t<a href='http:\/\/www.denkfried.de\/wp\/?attachment_id=8444'><img loading=\"lazy\" decoding=\"async\" width=\"150\" height=\"150\" src=\"http:\/\/www.denkfried.de\/wp\/wp-content\/uploads\/2011\/05\/Vouziers-Ansicht-Kameradengrab-005-150x150.jpg\" class=\"attachment-thumbnail size-thumbnail\" alt=\"\" \/><\/a>\n\t\t\t<\/dt><\/dl><dl class='gallery-item'>\n\t\t\t<dt class='gallery-icon portrait'>\n\t\t\t\t<a href='http:\/\/www.denkfried.de\/wp\/?attachment_id=8448'><img loading=\"lazy\" decoding=\"async\" width=\"150\" height=\"150\" src=\"http:\/\/www.denkfried.de\/wp\/wp-content\/uploads\/2011\/05\/Vouziers-Ansicht-Grabkreuze-006-150x150.jpg\" class=\"attachment-thumbnail size-thumbnail\" alt=\"\" \/><\/a>\n\t\t\t<\/dt><\/dl><br style=\"clear: both\" \/>\n\t\t<\/div>\n\n","protected":false},"excerpt":{"rendered":"<p>&nbsp; 08400-Vouziers &nbsp; Aus dem Reisebericht (2007) von Hubert M. : &#8222;Als wir das Deutsche Gr\u00e4berfeld in Vouziers besuchten, kamen wir am Gr\u00e4berfeld der f\u00fcr Frankreich gefallenen Soldaten vorbei. Hier stehen von 80 Gefallenen die Typischen franz\u00f6sischen Grabkreuze aus Waschbeton &hellip; <a href=\"http:\/\/www.denkfried.de\/wp\/?page_id=8438\">Weiterlesen <span class=\"meta-nav\">&rarr;<\/span><\/a><\/p>\n","protected":false},"author":2,"featured_media":0,"parent":8212,"menu_order":0,"comment_status":"closed","ping_status":"open","template":"","meta":{"footnotes":""},"class_list":["post-8438","page","type-page","status-publish","hentry"],"_links":{"self":[{"href":"http:\/\/www.denkfried.de\/wp\/index.php?rest_route=\/wp\/v2\/pages\/8438","targetHints":{"allow":["GET"]}}],"collection":[{"href":"http:\/\/www.denkfried.de\/wp\/index.php?rest_route=\/wp\/v2\/pages"}],"about":[{"href":"http:\/\/www.denkfried.de\/wp\/index.php?rest_route=\/wp\/v2\/types\/page"}],"author":[{"embeddable":true,"href":"http:\/\/www.denkfried.de\/wp\/index.php?rest_route=\/wp\/v2\/users\/2"}],"replies":[{"embeddable":true,"href":"http:\/\/www.denkfried.de\/wp\/index.php?rest_route=%2Fwp%2Fv2%2Fcomments&post=8438"}],"version-history":[{"count":8,"href":"http:\/\/www.denkfried.de\/wp\/index.php?rest_route=\/wp\/v2\/pages\/8438\/revisions"}],"predecessor-version":[{"id":9206,"href":"http:\/\/www.denkfried.de\/wp\/index.php?rest_route=\/wp\/v2\/pages\/8438\/revisions\/9206"}],"up":[{"embeddable":true,"href":"http:\/\/www.denkfried.de\/wp\/index.php?rest_route=\/wp\/v2\/pages\/8212"}],"wp:attachment":[{"href":"http:\/\/www.denkfried.de\/wp\/index.php?rest_route=%2Fwp%2Fv2%2Fmedia&parent=8438"}],"curies":[{"name":"wp","href":"https:\/\/api.w.org\/{rel}","templated":true}]}}