{"id":8417,"date":"2011-05-15T18:59:57","date_gmt":"2011-05-15T16:59:57","guid":{"rendered":"http:\/\/www.denkfried.de\/wp\/?page_id=8417"},"modified":"2011-07-06T22:53:41","modified_gmt":"2011-07-06T20:53:41","slug":"buzancy","status":"publish","type":"page","link":"http:\/\/www.denkfried.de\/wp\/?page_id=8417","title":{"rendered":"Buzancy  (127)"},"content":{"rendered":"<p>&nbsp;<\/p>\n<p><span style=\"text-decoration: underline;\"><strong>08240 Buzancy<\/strong><\/span><\/p>\n<p><span style=\"text-decoration: underline;\">Aus dem Reisebericht (2007) von Hubert M. :<\/span><\/p>\n<p><em>&#8222;Es ist 18:30 Uhr der 26.07.2007 und wir haben den deutschen Soldatenfriedhof Buzancy Nr.127 erreicht. Der Friedhof liegt an der D 947. Man betritt den Friedhof durch ein schmiedeeisernes Tor das an einer Mauer aus rotem Vogesensandstein angebracht ist. Auf dem Gr\u00e4berfeld sind 5922 Deutsche bestattet.Das Gr\u00e4berfeld liegt an einem ansteigenden H\u00fcgel, von hier aus hat man einen sch\u00f6nen Ausblick in die Umgebung. Nach Kriegsende wurde der Friedhof von franz\u00f6sischen Milit\u00e4rbeh\u00f6rden hier oben angelegt auch f\u00fcr die Gefallenen aus 47 Gemeinden der Umgebung. Die Beigesetzten fielen zum Gro\u00dfteil schon beim Stellungskrieg im Herbst 1914 bis Januar 1915. Auch aus den Schlachten der Champagne und dem Argonnenwald wurden die Gefallenen hierher beigesetzt. 1928 begann der Volksbund mit der Bepflanzung mit B\u00e4umen und Str\u00e4uchern. Nach Beendigung des Zweiten Weltkriegs wurde der Eingangsbereich angelegt und und das Kameradengrab mit einer Natursteinmauer eingefasst. 1972 wurden die Holzkreuze durch Metallkreuze ausgewechselt. Im Kameradengrab sind 2817 Gefallene, von denen nur 170 namentlich bekannt sind, beigesetzt.&#8220;<\/em><\/p>\n<p><em><div id='gallery-1' class='gallery galleryid-8417 gallery-columns-4 gallery-size-thumbnail'><dl class='gallery-item'>\n\t\t\t<dt class='gallery-icon landscape'>\n\t\t\t\t<a href='http:\/\/www.denkfried.de\/wp\/?attachment_id=8420'><img loading=\"lazy\" decoding=\"async\" width=\"150\" height=\"150\" src=\"http:\/\/www.denkfried.de\/wp\/wp-content\/uploads\/2011\/05\/Buzancy-Eingang-01-150x150.jpg\" class=\"attachment-thumbnail size-thumbnail\" alt=\"\" \/><\/a>\n\t\t\t<\/dt><\/dl><dl class='gallery-item'>\n\t\t\t<dt class='gallery-icon landscape'>\n\t\t\t\t<a href='http:\/\/www.denkfried.de\/wp\/?attachment_id=8424'><img loading=\"lazy\" decoding=\"async\" width=\"150\" height=\"150\" src=\"http:\/\/www.denkfried.de\/wp\/wp-content\/uploads\/2011\/05\/Buzancy-Hinweisplatte-02-150x150.jpg\" class=\"attachment-thumbnail size-thumbnail\" alt=\"\" \/><\/a>\n\t\t\t<\/dt><\/dl><dl class='gallery-item'>\n\t\t\t<dt class='gallery-icon landscape'>\n\t\t\t\t<a href='http:\/\/www.denkfried.de\/wp\/?attachment_id=8423'><img loading=\"lazy\" decoding=\"async\" width=\"150\" height=\"150\" src=\"http:\/\/www.denkfried.de\/wp\/wp-content\/uploads\/2011\/05\/Buzancy-Gr\u00e4berreihen-03-150x150.jpg\" class=\"attachment-thumbnail size-thumbnail\" alt=\"\" \/><\/a>\n\t\t\t<\/dt><\/dl><dl class='gallery-item'>\n\t\t\t<dt class='gallery-icon landscape'>\n\t\t\t\t<a href='http:\/\/www.denkfried.de\/wp\/?attachment_id=8418'><img loading=\"lazy\" decoding=\"async\" width=\"150\" height=\"150\" src=\"http:\/\/www.denkfried.de\/wp\/wp-content\/uploads\/2011\/05\/Buzancy-Hinweistafel-Kameradengrab-04-150x150.jpg\" class=\"attachment-thumbnail size-thumbnail\" alt=\"\" \/><\/a>\n\t\t\t<\/dt><\/dl><br style=\"clear: both\" \/><dl class='gallery-item'>\n\t\t\t<dt class='gallery-icon landscape'>\n\t\t\t\t<a href='http:\/\/www.denkfried.de\/wp\/?attachment_id=8422'><img loading=\"lazy\" decoding=\"async\" width=\"150\" height=\"150\" src=\"http:\/\/www.denkfried.de\/wp\/wp-content\/uploads\/2011\/05\/Buzancy-Gr\u00e4berfeld-05-150x150.jpg\" class=\"attachment-thumbnail size-thumbnail\" alt=\"\" \/><\/a>\n\t\t\t<\/dt><\/dl><dl class='gallery-item'>\n\t\t\t<dt class='gallery-icon landscape'>\n\t\t\t\t<a href='http:\/\/www.denkfried.de\/wp\/?attachment_id=8419'><img loading=\"lazy\" decoding=\"async\" width=\"150\" height=\"150\" src=\"http:\/\/www.denkfried.de\/wp\/wp-content\/uploads\/2011\/05\/Buzancy-Ansicht-Hochkreuz-06-150x150.jpg\" class=\"attachment-thumbnail size-thumbnail\" alt=\"\" \/><\/a>\n\t\t\t<\/dt><\/dl><dl class='gallery-item'>\n\t\t\t<dt class='gallery-icon portrait'>\n\t\t\t\t<a href='http:\/\/www.denkfried.de\/wp\/?attachment_id=8421'><img loading=\"lazy\" decoding=\"async\" width=\"150\" height=\"150\" src=\"http:\/\/www.denkfried.de\/wp\/wp-content\/uploads\/2011\/05\/Buzancy-Freiherr-von-Forster-07-150x150.jpg\" class=\"attachment-thumbnail size-thumbnail\" alt=\"\" \/><\/a>\n\t\t\t<\/dt><\/dl>\n\t\t\t<br style='clear: both' \/>\n\t\t<\/div>\n<br \/>\n<\/em><\/p>\n","protected":false},"excerpt":{"rendered":"<p>&nbsp; 08240 Buzancy Aus dem Reisebericht (2007) von Hubert M. : &#8222;Es ist 18:30 Uhr der 26.07.2007 und wir haben den deutschen Soldatenfriedhof Buzancy Nr.127 erreicht. Der Friedhof liegt an der D 947. Man betritt den Friedhof durch ein schmiedeeisernes &hellip; <a href=\"http:\/\/www.denkfried.de\/wp\/?page_id=8417\">Weiterlesen <span class=\"meta-nav\">&rarr;<\/span><\/a><\/p>\n","protected":false},"author":2,"featured_media":0,"parent":8212,"menu_order":0,"comment_status":"closed","ping_status":"open","template":"","meta":{"footnotes":""},"class_list":["post-8417","page","type-page","status-publish","hentry"],"_links":{"self":[{"href":"http:\/\/www.denkfried.de\/wp\/index.php?rest_route=\/wp\/v2\/pages\/8417","targetHints":{"allow":["GET"]}}],"collection":[{"href":"http:\/\/www.denkfried.de\/wp\/index.php?rest_route=\/wp\/v2\/pages"}],"about":[{"href":"http:\/\/www.denkfried.de\/wp\/index.php?rest_route=\/wp\/v2\/types\/page"}],"author":[{"embeddable":true,"href":"http:\/\/www.denkfried.de\/wp\/index.php?rest_route=\/wp\/v2\/users\/2"}],"replies":[{"embeddable":true,"href":"http:\/\/www.denkfried.de\/wp\/index.php?rest_route=%2Fwp%2Fv2%2Fcomments&post=8417"}],"version-history":[{"count":3,"href":"http:\/\/www.denkfried.de\/wp\/index.php?rest_route=\/wp\/v2\/pages\/8417\/revisions"}],"predecessor-version":[{"id":9202,"href":"http:\/\/www.denkfried.de\/wp\/index.php?rest_route=\/wp\/v2\/pages\/8417\/revisions\/9202"}],"up":[{"embeddable":true,"href":"http:\/\/www.denkfried.de\/wp\/index.php?rest_route=\/wp\/v2\/pages\/8212"}],"wp:attachment":[{"href":"http:\/\/www.denkfried.de\/wp\/index.php?rest_route=%2Fwp%2Fv2%2Fmedia&parent=8417"}],"curies":[{"name":"wp","href":"https:\/\/api.w.org\/{rel}","templated":true}]}}