{"id":8406,"date":"2011-05-15T17:35:51","date_gmt":"2011-05-15T15:35:51","guid":{"rendered":"http:\/\/www.denkfried.de\/wp\/?page_id=8406"},"modified":"2011-07-16T23:12:49","modified_gmt":"2011-07-16T21:12:49","slug":"montmedy-kgst","status":"publish","type":"page","link":"http:\/\/www.denkfried.de\/wp\/?page_id=8406","title":{"rendered":"Montm\u00e9dy (KGST)  126"},"content":{"rendered":"<p>&nbsp;<\/p>\n<p><span style=\"text-decoration: underline;\"><strong>55600 Montm\u00e9dy<\/strong><\/span><\/p>\n<p>Soldatenfriedhof<\/p>\n<p>Aus dem Reisebericht (2007) von Hubert M. :<\/p>\n<p><em>&#8222;Wir sind auf dem deutschen Soldatenfriedhof des Ersten Weltkriegs in Montmedy angekommen. Der Friedhof liegt ausserhalb der Stadt an der D 118 in Richtung Velosnes. Auf diesem Gr\u00e4berfeld sind <\/em><\/p>\n<p><em>2415 Deutsche,<\/em><\/p>\n<p><em>42 \u00d6sterreich\/Ungarn,<\/em><\/p>\n<p><em>4 Belgier,<\/em><\/p>\n<p><em>4 Briten,<\/em><\/p>\n<p><em>155 Franzosen,<\/em><\/p>\n<p><em>36 Italiener,\u00a0\u00a0\u00a0\u00a0\u00a0 und<\/em><\/p>\n<p><em>168 Russen beigesetzt.<\/em><\/p>\n<p><em>Die Stadt und Festung Montmedy wurden 1914 von deutschen Truppen besetzt. Im weiteren Verlauf der Kampfhandlungen entstanden hier weitere Lazarette mit Spezialabteilungen f\u00fcr Schwerverwundete. Die gro\u00dfe Menge an Gefallenen f\u00fchrte dazu das viele in Kameradengr\u00e4bern ihre letzte Ruhe fanden. Die hier beigesetzten Ausl\u00e4nder waren Kriegsgefangene, mit Ausnahme der Franzosen, die im r\u00fcckw\u00e4rtigen Raum als Arbeitskr\u00e4fte eingesetzt waren. Die zwei von der Truppe geschaffenen Denkm\u00e4lern aus den Kriegstagen sind noch erhalten. Gleich nach dem Zweiten Weltkrieg wurde der Eingang neu gestaltet und die Holzkreuze gegen welche aus Metall ausgetauscht.<\/em><\/p>\n<p><em>Beim Besuch fielen uns der Altbestand der B\u00e4ume aus der Gr\u00fcnderzeit auf, deren Umfang ca.4 m erreichten.&#8220;<\/em><\/p>\n<p><em><div id='gallery-1' class='gallery galleryid-8406 gallery-columns-4 gallery-size-thumbnail'><dl class='gallery-item'>\n\t\t\t<dt class='gallery-icon landscape'>\n\t\t\t\t<a href='http:\/\/www.denkfried.de\/wp\/?attachment_id=8410'><img loading=\"lazy\" decoding=\"async\" width=\"150\" height=\"150\" src=\"http:\/\/www.denkfried.de\/wp\/wp-content\/uploads\/2011\/05\/Montmedy-Eingang-01-150x150.jpg\" class=\"attachment-thumbnail size-thumbnail\" alt=\"\" \/><\/a>\n\t\t\t<\/dt><\/dl><dl class='gallery-item'>\n\t\t\t<dt class='gallery-icon landscape'>\n\t\t\t\t<a href='http:\/\/www.denkfried.de\/wp\/?attachment_id=8409'><img loading=\"lazy\" decoding=\"async\" width=\"150\" height=\"150\" src=\"http:\/\/www.denkfried.de\/wp\/wp-content\/uploads\/2011\/05\/Montmedy-Blick-auf-Festung-02-150x150.jpg\" class=\"attachment-thumbnail size-thumbnail\" alt=\"\" \/><\/a>\n\t\t\t<\/dt><\/dl><dl class='gallery-item'>\n\t\t\t<dt class='gallery-icon landscape'>\n\t\t\t\t<a href='http:\/\/www.denkfried.de\/wp\/?attachment_id=8408'><img loading=\"lazy\" decoding=\"async\" width=\"150\" height=\"150\" src=\"http:\/\/www.denkfried.de\/wp\/wp-content\/uploads\/2011\/05\/Montmedy-Ansicht-Denkmal-03-150x150.jpg\" class=\"attachment-thumbnail size-thumbnail\" alt=\"\" \/><\/a>\n\t\t\t<\/dt><\/dl><dl class='gallery-item'>\n\t\t\t<dt class='gallery-icon landscape'>\n\t\t\t\t<a href='http:\/\/www.denkfried.de\/wp\/?attachment_id=8407'><img loading=\"lazy\" decoding=\"async\" width=\"150\" height=\"150\" src=\"http:\/\/www.denkfried.de\/wp\/wp-content\/uploads\/2011\/05\/Montmedy-unteres-Kameradengrab-04-150x150.jpg\" class=\"attachment-thumbnail size-thumbnail\" alt=\"\" \/><\/a>\n\t\t\t<\/dt><\/dl><br style=\"clear: both\" \/><dl class='gallery-item'>\n\t\t\t<dt class='gallery-icon landscape'>\n\t\t\t\t<a href='http:\/\/www.denkfried.de\/wp\/?attachment_id=8413'><img loading=\"lazy\" decoding=\"async\" width=\"150\" height=\"150\" src=\"http:\/\/www.denkfried.de\/wp\/wp-content\/uploads\/2011\/05\/Montmedy-Kameradengrab-u.Briten-05-150x150.jpg\" class=\"attachment-thumbnail size-thumbnail\" alt=\"\" \/><\/a>\n\t\t\t<\/dt><\/dl><dl class='gallery-item'>\n\t\t\t<dt class='gallery-icon landscape'>\n\t\t\t\t<a href='http:\/\/www.denkfried.de\/wp\/?attachment_id=8411'><img loading=\"lazy\" decoding=\"async\" width=\"150\" height=\"150\" src=\"http:\/\/www.denkfried.de\/wp\/wp-content\/uploads\/2011\/05\/Montmedy-Gr\u00e4ber-von-Oben-06-150x150.jpg\" class=\"attachment-thumbnail size-thumbnail\" alt=\"\" \/><\/a>\n\t\t\t<\/dt><\/dl><dl class='gallery-item'>\n\t\t\t<dt class='gallery-icon portrait'>\n\t\t\t\t<a href='http:\/\/www.denkfried.de\/wp\/?attachment_id=8412'><img loading=\"lazy\" decoding=\"async\" width=\"150\" height=\"150\" src=\"http:\/\/www.denkfried.de\/wp\/wp-content\/uploads\/2011\/05\/Montmedy-Helfer-07-150x150.jpg\" class=\"attachment-thumbnail size-thumbnail\" alt=\"\" \/><\/a>\n\t\t\t<\/dt><\/dl>\n\t\t\t<br style='clear: both' \/>\n\t\t<\/div>\n<br \/>\n<\/em><\/p>\n","protected":false},"excerpt":{"rendered":"<p>&nbsp; 55600 Montm\u00e9dy Soldatenfriedhof Aus dem Reisebericht (2007) von Hubert M. : &#8222;Wir sind auf dem deutschen Soldatenfriedhof des Ersten Weltkriegs in Montmedy angekommen. Der Friedhof liegt ausserhalb der Stadt an der D 118 in Richtung Velosnes. Auf diesem Gr\u00e4berfeld &hellip; <a href=\"http:\/\/www.denkfried.de\/wp\/?page_id=8406\">Weiterlesen <span class=\"meta-nav\">&rarr;<\/span><\/a><\/p>\n","protected":false},"author":2,"featured_media":0,"parent":8386,"menu_order":0,"comment_status":"closed","ping_status":"open","template":"","meta":{"footnotes":""},"class_list":["post-8406","page","type-page","status-publish","hentry"],"_links":{"self":[{"href":"http:\/\/www.denkfried.de\/wp\/index.php?rest_route=\/wp\/v2\/pages\/8406","targetHints":{"allow":["GET"]}}],"collection":[{"href":"http:\/\/www.denkfried.de\/wp\/index.php?rest_route=\/wp\/v2\/pages"}],"about":[{"href":"http:\/\/www.denkfried.de\/wp\/index.php?rest_route=\/wp\/v2\/types\/page"}],"author":[{"embeddable":true,"href":"http:\/\/www.denkfried.de\/wp\/index.php?rest_route=\/wp\/v2\/users\/2"}],"replies":[{"embeddable":true,"href":"http:\/\/www.denkfried.de\/wp\/index.php?rest_route=%2Fwp%2Fv2%2Fcomments&post=8406"}],"version-history":[{"count":3,"href":"http:\/\/www.denkfried.de\/wp\/index.php?rest_route=\/wp\/v2\/pages\/8406\/revisions"}],"predecessor-version":[{"id":9988,"href":"http:\/\/www.denkfried.de\/wp\/index.php?rest_route=\/wp\/v2\/pages\/8406\/revisions\/9988"}],"up":[{"embeddable":true,"href":"http:\/\/www.denkfried.de\/wp\/index.php?rest_route=\/wp\/v2\/pages\/8386"}],"wp:attachment":[{"href":"http:\/\/www.denkfried.de\/wp\/index.php?rest_route=%2Fwp%2Fv2%2Fmedia&parent=8406"}],"curies":[{"name":"wp","href":"https:\/\/api.w.org\/{rel}","templated":true}]}}