{"id":8370,"date":"2011-05-15T16:07:36","date_gmt":"2011-05-15T14:07:36","guid":{"rendered":"http:\/\/www.denkfried.de\/wp\/?page_id=8370"},"modified":"2011-05-15T16:07:36","modified_gmt":"2011-05-15T14:07:36","slug":"vilette","status":"publish","type":"page","link":"http:\/\/www.denkfried.de\/wp\/?page_id=8370","title":{"rendered":"Vilette"},"content":{"rendered":"<p>&nbsp;<\/p>\n<p><span style=\"text-decoration: underline;\"><strong>54260 Vilette<\/strong><\/span><\/p>\n<p>Aus dem Reisebericht (2008) von Hubert M. :<\/p>\n<p><em>&#8222;Wir haben Charancy verlassen und sind in dem kleinen Dorf Vilette  angekommen. Vilette liegt etwa 15 km \u00f6stlich von Charency an der D  29. Hier finden wir nach ein wenig suchen bei der Auffahrt an einem H\u00fcgel  das gemeinsame Gr\u00e4berfeld f\u00fcr die gefallenen Deutschen und Franzosen im  Ersten Weltkrieg. Neben dem Hochkreuz ist an der mit behauenen  \u00a0Natursteinen gebauten Friedhofsmauer eine Steintafel angebracht deren  Inschrift lautet: <\/em><br \/>\n<em> F\u00fcr das Vaterland <\/em><br \/>\n<em> J.R.120<\/em><br \/>\n<em> U.Offiz.Rob.Berthele 3.K.<\/em><br \/>\n<em> Res.Chr.B\u00e4uerle 5.K. Musk.E.M\u00fcller 3.K.<\/em><br \/>\n<em> Res.Mart.Kastler 2.K.Musk.K.Waldmann 2.K.<\/em><\/p>\n<p><em> 9 unbekannte Deutsche<\/em><\/p>\n<p><em> 101.-Reg.JNF.<\/em><br \/>\n<em> darunter 20 franz\u00f6sische <\/em><br \/>\n<em> Namensnennungen<\/em><\/p>\n<p><em> 19 unbekannte Franzosen<\/em><\/p>\n<p><em>Wir machen ein paar Fotos und beenden den Besuch.&#8220;<\/em><\/p>\n<p><em><div id='gallery-1' class='gallery galleryid-8370 gallery-columns-2 gallery-size-thumbnail'><dl class='gallery-item'>\n\t\t\t<dt class='gallery-icon landscape'>\n\t\t\t\t<a href='http:\/\/www.denkfried.de\/wp\/?attachment_id=8371'><img loading=\"lazy\" decoding=\"async\" width=\"150\" height=\"150\" src=\"http:\/\/www.denkfried.de\/wp\/wp-content\/uploads\/2011\/05\/Villette-Eingang-001-150x150.jpg\" class=\"attachment-thumbnail size-thumbnail\" alt=\"\" \/><\/a>\n\t\t\t<\/dt><\/dl><dl class='gallery-item'>\n\t\t\t<dt class='gallery-icon portrait'>\n\t\t\t\t<a href='http:\/\/www.denkfried.de\/wp\/?attachment_id=8372'><img loading=\"lazy\" decoding=\"async\" width=\"150\" height=\"150\" src=\"http:\/\/www.denkfried.de\/wp\/wp-content\/uploads\/2011\/05\/Vilette-Namenstafel-002-150x150.jpg\" class=\"attachment-thumbnail size-thumbnail\" alt=\"\" \/><\/a>\n\t\t\t<\/dt><\/dl><br style=\"clear: both\" \/>\n\t\t<\/div>\n<br \/>\n<\/em><\/p>\n","protected":false},"excerpt":{"rendered":"<p>&nbsp; 54260 Vilette Aus dem Reisebericht (2008) von Hubert M. : &#8222;Wir haben Charancy verlassen und sind in dem kleinen Dorf Vilette angekommen. Vilette liegt etwa 15 km \u00f6stlich von Charency an der D 29. Hier finden wir nach ein &hellip; <a href=\"http:\/\/www.denkfried.de\/wp\/?page_id=8370\">Weiterlesen <span class=\"meta-nav\">&rarr;<\/span><\/a><\/p>\n","protected":false},"author":2,"featured_media":0,"parent":8265,"menu_order":0,"comment_status":"closed","ping_status":"open","template":"","meta":{"footnotes":""},"class_list":["post-8370","page","type-page","status-publish","hentry"],"_links":{"self":[{"href":"http:\/\/www.denkfried.de\/wp\/index.php?rest_route=\/wp\/v2\/pages\/8370","targetHints":{"allow":["GET"]}}],"collection":[{"href":"http:\/\/www.denkfried.de\/wp\/index.php?rest_route=\/wp\/v2\/pages"}],"about":[{"href":"http:\/\/www.denkfried.de\/wp\/index.php?rest_route=\/wp\/v2\/types\/page"}],"author":[{"embeddable":true,"href":"http:\/\/www.denkfried.de\/wp\/index.php?rest_route=\/wp\/v2\/users\/2"}],"replies":[{"embeddable":true,"href":"http:\/\/www.denkfried.de\/wp\/index.php?rest_route=%2Fwp%2Fv2%2Fcomments&post=8370"}],"version-history":[{"count":3,"href":"http:\/\/www.denkfried.de\/wp\/index.php?rest_route=\/wp\/v2\/pages\/8370\/revisions"}],"predecessor-version":[{"id":8375,"href":"http:\/\/www.denkfried.de\/wp\/index.php?rest_route=\/wp\/v2\/pages\/8370\/revisions\/8375"}],"up":[{"embeddable":true,"href":"http:\/\/www.denkfried.de\/wp\/index.php?rest_route=\/wp\/v2\/pages\/8265"}],"wp:attachment":[{"href":"http:\/\/www.denkfried.de\/wp\/index.php?rest_route=%2Fwp%2Fv2%2Fmedia&parent=8370"}],"curies":[{"name":"wp","href":"https:\/\/api.w.org\/{rel}","templated":true}]}}