{"id":8362,"date":"2011-05-15T15:22:29","date_gmt":"2011-05-15T13:22:29","guid":{"rendered":"http:\/\/www.denkfried.de\/wp\/?page_id=8362"},"modified":"2011-05-15T15:22:29","modified_gmt":"2011-05-15T13:22:29","slug":"noers-fossieux","status":"publish","type":"page","link":"http:\/\/www.denkfried.de\/wp\/?page_id=8362","title":{"rendered":"Noers-Fossieux"},"content":{"rendered":"<p>&nbsp;<\/p>\n<p><span style=\"text-decoration: underline;\"><strong>Noers-Fossieux<\/strong><\/span><\/p>\n<p>&nbsp;<\/p>\n<p>Aus dem Reisebericht (2008) von Hubert M. :<\/p>\n<p><em>&#8222;Nach langer Fragerrei erreichen wir um 10:30 Uhr den Ort Noers. Hier gibt  es eigentlich nur einen Bauernhof, dieser liegt an der D 178. Zun\u00e4chst  wusste niemand von diesem Friedhof .Wir hielten auf einer schmalen  Strasse einen Bauern auf der gerade mit einem Jauchenfass G\u00fclle (in  Bayern Odl) ausfuhr, er sagte dieser Bauernhof hei\u00dft Noers. Wir fuhren zum  Bauernhof und der Bauer zeigte zum etwa 800 m entfernten H\u00fcgel, da weht  eine Fahne die kann man sehen, auf diesem wurde der Soldatenfriedhof im  Ersten Weltkrieg angelegt. Auf Nachfrage erz\u00e4hlte er uns, das etwa zwei  mal im Jahr jemand nachfragt wo der Friedhof w\u00e4re, wir sind dieses Jahr  die Ersten. Die Pflege \u00fcbernehmen abwechselnd Deutsche Soldaten und  Franzosen. Wir fuhren zum H\u00fcgel und konnten nicht ganz zum Gr\u00e4berfeld  fahren, das war umgeben von Feldern die schon geerntet waren und so  mussten wir die letzten 200 m zu Fu\u00df querfeldein gehen.<\/em><br \/>\n<em> Auf dem  Denkmal ist eine Steinplatte angebracht auf der steht: Errichtet von der  4.Komp.Landsturmbattallion Leonberg und nebendran stehen die Namen der  Gefallenen drauf: 11 Namen, kaum noch zu lesen \u00a0 GG Pfeifer  Ldt.D.Reserve Inf.Reg.121,7.Komp.<\/em><br \/>\n<em>Die Gefallenen geh\u00f6rten alle dem 121. und 122. Inf.Reg. an.<\/em><br \/>\n<em> Auf  der anderen Platte die schon mehr verwittert ist kann man noch erkennen:\u00a0  Hier ruhen 69 deutsche und 101 franz\u00f6sische Soldaten, gefallen am  24.08.1914.&#8220;<\/em><\/p>\n<div id='gallery-1' class='gallery galleryid-8362 gallery-columns-2 gallery-size-thumbnail'><dl class='gallery-item'>\n\t\t\t<dt class='gallery-icon landscape'>\n\t\t\t\t<a href='http:\/\/www.denkfried.de\/wp\/?attachment_id=8363'><img loading=\"lazy\" decoding=\"async\" width=\"150\" height=\"150\" src=\"http:\/\/www.denkfried.de\/wp\/wp-content\/uploads\/2011\/05\/Noers-Fossieux-Denkmal-002-150x150.jpg\" class=\"attachment-thumbnail size-thumbnail\" alt=\"\" \/><\/a>\n\t\t\t<\/dt><\/dl><dl class='gallery-item'>\n\t\t\t<dt class='gallery-icon landscape'>\n\t\t\t\t<a href='http:\/\/www.denkfried.de\/wp\/?attachment_id=8364'><img loading=\"lazy\" decoding=\"async\" width=\"150\" height=\"150\" src=\"http:\/\/www.denkfried.de\/wp\/wp-content\/uploads\/2011\/05\/Noers-Fossieux-Ansicht-001-150x150.jpg\" class=\"attachment-thumbnail size-thumbnail\" alt=\"\" \/><\/a>\n\t\t\t<\/dt><\/dl><br style=\"clear: both\" \/>\n\t\t<\/div>\n\n","protected":false},"excerpt":{"rendered":"<p>&nbsp; Noers-Fossieux &nbsp; Aus dem Reisebericht (2008) von Hubert M. : &#8222;Nach langer Fragerrei erreichen wir um 10:30 Uhr den Ort Noers. Hier gibt es eigentlich nur einen Bauernhof, dieser liegt an der D 178. Zun\u00e4chst wusste niemand von diesem &hellip; <a href=\"http:\/\/www.denkfried.de\/wp\/?page_id=8362\">Weiterlesen <span class=\"meta-nav\">&rarr;<\/span><\/a><\/p>\n","protected":false},"author":2,"featured_media":0,"parent":8265,"menu_order":0,"comment_status":"closed","ping_status":"open","template":"","meta":{"footnotes":""},"class_list":["post-8362","page","type-page","status-publish","hentry"],"_links":{"self":[{"href":"http:\/\/www.denkfried.de\/wp\/index.php?rest_route=\/wp\/v2\/pages\/8362","targetHints":{"allow":["GET"]}}],"collection":[{"href":"http:\/\/www.denkfried.de\/wp\/index.php?rest_route=\/wp\/v2\/pages"}],"about":[{"href":"http:\/\/www.denkfried.de\/wp\/index.php?rest_route=\/wp\/v2\/types\/page"}],"author":[{"embeddable":true,"href":"http:\/\/www.denkfried.de\/wp\/index.php?rest_route=\/wp\/v2\/users\/2"}],"replies":[{"embeddable":true,"href":"http:\/\/www.denkfried.de\/wp\/index.php?rest_route=%2Fwp%2Fv2%2Fcomments&post=8362"}],"version-history":[{"count":2,"href":"http:\/\/www.denkfried.de\/wp\/index.php?rest_route=\/wp\/v2\/pages\/8362\/revisions"}],"predecessor-version":[{"id":8366,"href":"http:\/\/www.denkfried.de\/wp\/index.php?rest_route=\/wp\/v2\/pages\/8362\/revisions\/8366"}],"up":[{"embeddable":true,"href":"http:\/\/www.denkfried.de\/wp\/index.php?rest_route=\/wp\/v2\/pages\/8265"}],"wp:attachment":[{"href":"http:\/\/www.denkfried.de\/wp\/index.php?rest_route=%2Fwp%2Fv2%2Fmedia&parent=8362"}],"curies":[{"name":"wp","href":"https:\/\/api.w.org\/{rel}","templated":true}]}}