{"id":8356,"date":"2011-05-15T15:12:02","date_gmt":"2011-05-15T13:12:02","guid":{"rendered":"http:\/\/www.denkfried.de\/wp\/?page_id=8356"},"modified":"2011-05-15T15:12:47","modified_gmt":"2011-05-15T13:12:47","slug":"noers-grandmont","status":"publish","type":"page","link":"http:\/\/www.denkfried.de\/wp\/?page_id=8356","title":{"rendered":"Noers-Grandmont"},"content":{"rendered":"<p>&nbsp;<\/p>\n<p><span style=\"text-decoration: underline;\"><strong>Noers-Grandmont<\/strong><\/span><\/p>\n<p>&nbsp;<\/p>\n<p>Aus dem Reisebericht (2008) von Hubert M. :<\/p>\n<p><em>&#8222;Wir haben noch vom Bauer in Noers die Richtung der Soldatengr\u00e4ber in  Noers-Grandmont bekommen und suchen den Weg zum Friedhof. Nach einiger Kurverei gehen wir wieder querfeldein \u00fcber ein geerntetes  Weizenfeld, wieder einem kleinen H\u00fcgel entgegen, wir k\u00f6nnen die Fahne  schon sehen. Es richt stark nach G\u00fclle, als wir \u00fcber das Stoppelfeld gehen  und m\u00fcssen feststellen, den Bauern den wir aufgehalten haben, der f\u00e4hrt  gerade auf dieses Feld und l\u00e4st der G\u00fclle freien Lauf. Macht nix, da  m\u00fcssen wir durch und erreichen &#8222;eingenebelt&#8220; vom Duft der Landschaft das  gemeinsame Gr\u00e4berfeld Noers-Grandmont mit 57 Deutschen Gefallenen und  91 Franzosen, hier beigesetzt in einem gemeinsamen Gr\u00e4berfeld.<\/em><br \/>\n<em> Auf  einer angebrachten Gedenktafel steht:\u00a0 Hier ruhen 57 Deutsche, gefallen am  24.08.1914.<\/em><\/p>\n<p><em> 20 von ihnen sind namentlich bekannt. Alles wieder  W\u00fcrttenberger, 19.-125.Inf.Reg. Auch dieses Gr\u00e4berfeld wurde von der  4.Kompanie errichtet.<\/em><br \/>\n<em> Das Gras ist erst vor kurzem gem\u00e4ht worden und die Anlage macht einen gepflegten Eindruck.&#8220;<\/em><\/p>\n<div id='gallery-1' class='gallery galleryid-8356 gallery-columns-2 gallery-size-thumbnail'><dl class='gallery-item'>\n\t\t\t<dt class='gallery-icon landscape'>\n\t\t\t\t<a href='http:\/\/www.denkfried.de\/wp\/?attachment_id=8357'><img loading=\"lazy\" decoding=\"async\" width=\"150\" height=\"150\" src=\"http:\/\/www.denkfried.de\/wp\/wp-content\/uploads\/2011\/05\/Noers-Grandmont-Denkmal-002-150x150.jpg\" class=\"attachment-thumbnail size-thumbnail\" alt=\"\" \/><\/a>\n\t\t\t<\/dt><\/dl><dl class='gallery-item'>\n\t\t\t<dt class='gallery-icon landscape'>\n\t\t\t\t<a href='http:\/\/www.denkfried.de\/wp\/?attachment_id=8358'><img loading=\"lazy\" decoding=\"async\" width=\"150\" height=\"150\" src=\"http:\/\/www.denkfried.de\/wp\/wp-content\/uploads\/2011\/05\/Noers-Grandmont-001-150x150.jpg\" class=\"attachment-thumbnail size-thumbnail\" alt=\"\" \/><\/a>\n\t\t\t<\/dt><\/dl><br style=\"clear: both\" \/>\n\t\t<\/div>\n\n","protected":false},"excerpt":{"rendered":"<p>&nbsp; Noers-Grandmont &nbsp; Aus dem Reisebericht (2008) von Hubert M. : &#8222;Wir haben noch vom Bauer in Noers die Richtung der Soldatengr\u00e4ber in Noers-Grandmont bekommen und suchen den Weg zum Friedhof. Nach einiger Kurverei gehen wir wieder querfeldein \u00fcber ein &hellip; <a href=\"http:\/\/www.denkfried.de\/wp\/?page_id=8356\">Weiterlesen <span class=\"meta-nav\">&rarr;<\/span><\/a><\/p>\n","protected":false},"author":2,"featured_media":0,"parent":8265,"menu_order":0,"comment_status":"closed","ping_status":"open","template":"","meta":{"footnotes":""},"class_list":["post-8356","page","type-page","status-publish","hentry"],"_links":{"self":[{"href":"http:\/\/www.denkfried.de\/wp\/index.php?rest_route=\/wp\/v2\/pages\/8356","targetHints":{"allow":["GET"]}}],"collection":[{"href":"http:\/\/www.denkfried.de\/wp\/index.php?rest_route=\/wp\/v2\/pages"}],"about":[{"href":"http:\/\/www.denkfried.de\/wp\/index.php?rest_route=\/wp\/v2\/types\/page"}],"author":[{"embeddable":true,"href":"http:\/\/www.denkfried.de\/wp\/index.php?rest_route=\/wp\/v2\/users\/2"}],"replies":[{"embeddable":true,"href":"http:\/\/www.denkfried.de\/wp\/index.php?rest_route=%2Fwp%2Fv2%2Fcomments&post=8356"}],"version-history":[{"count":3,"href":"http:\/\/www.denkfried.de\/wp\/index.php?rest_route=\/wp\/v2\/pages\/8356\/revisions"}],"predecessor-version":[{"id":8361,"href":"http:\/\/www.denkfried.de\/wp\/index.php?rest_route=\/wp\/v2\/pages\/8356\/revisions\/8361"}],"up":[{"embeddable":true,"href":"http:\/\/www.denkfried.de\/wp\/index.php?rest_route=\/wp\/v2\/pages\/8265"}],"wp:attachment":[{"href":"http:\/\/www.denkfried.de\/wp\/index.php?rest_route=%2Fwp%2Fv2%2Fmedia&parent=8356"}],"curies":[{"name":"wp","href":"https:\/\/api.w.org\/{rel}","templated":true}]}}