{"id":8230,"date":"2011-05-14T16:11:35","date_gmt":"2011-05-14T14:11:35","guid":{"rendered":"http:\/\/www.denkfried.de\/wp\/?page_id=8230"},"modified":"2013-09-23T19:23:58","modified_gmt":"2013-09-23T17:23:58","slug":"departement-finistere","status":"publish","type":"page","link":"http:\/\/www.denkfried.de\/wp\/?page_id=8230","title":{"rendered":"D\u00e9partement FINIST\u00c8RE"},"content":{"rendered":"<p>Orte:<\/p>\n<p><a href=\"..\/..\/index.php\/topic,266.0.html\" target=\"_blank\">Ploudaniel-Lesneven<\/a> \u2013 29260<\/p>\n<p>Heute den 10.09.2013 besuchen wir den Deutschen Soldatenfriedhof Ploudaniel-Lesneven auf dem 5831 Deutsche gefallene zur letzten Ruhe bestattet wurden.Die Einweihung fand am 07.09.1968 statt. Bis zum Beginn der alliierten Landung in der Normandie im Juni 1944 gab es durch die britische Luftangriffe auf den Kriegshafen Brest viele Opfer. Nach den K\u00e4mpfen \u00a0um Brest legte der amerikanische Gr\u00e4berdienst 18 Kilometer nord\u00f6stlich von Brest den Friedhof an.Sp\u00e4ter wurde er von den Franzosen erweitert. Zwei Hauptwege f\u00fchren von der Eingangshalle zum Ehrenmal, einem vom Boden gel\u00f6sten Mauerring von 23 Metern Durchmesser auf zw\u00f6lf St\u00fctzen. Im Mittelpunkt liegt das Kameradengrab mit 224 Gefallenen. Die Gr\u00e4ber sind mit kleinen liegenden Steinen mit jeweils vier Bronzenen Namenstafeln gekennzeichnet.Das Gr\u00e4berfeld macht einen gepflegten Eindruck.<\/p>\n<p>&nbsp;<\/p>\n<p>Gr\u00fc\u00dfe Hubert<\/p>\n<p>&nbsp;<\/p>\n<p><a href=\"http:\/\/www.denkfried.de\/wp\/wp-content\/uploads\/2011\/05\/PloudanielLesneven2.W.K.5819-deutsche-10.09.2013-016-2.jpg\"><img loading=\"lazy\" decoding=\"async\" class=\"alignnone size-medium wp-image-32620\" alt=\"Ploudaniel,Lesneven,2.W.K.5819 deutsche, 10.09.2013-016 (2)\" src=\"http:\/\/www.denkfried.de\/wp\/wp-content\/uploads\/2011\/05\/PloudanielLesneven2.W.K.5819-deutsche-10.09.2013-016-2-300x199.jpg\" width=\"300\" height=\"199\" srcset=\"http:\/\/www.denkfried.de\/wp\/wp-content\/uploads\/2011\/05\/PloudanielLesneven2.W.K.5819-deutsche-10.09.2013-016-2-300x199.jpg 300w, http:\/\/www.denkfried.de\/wp\/wp-content\/uploads\/2011\/05\/PloudanielLesneven2.W.K.5819-deutsche-10.09.2013-016-2.jpg 720w\" sizes=\"auto, (max-width: 300px) 100vw, 300px\" \/><\/a> <a href=\"http:\/\/www.denkfried.de\/wp\/wp-content\/uploads\/2011\/05\/PloudanielLesneven2.W.K.5819-deutsche-10.09.2013-016-3.jpg\"><img loading=\"lazy\" decoding=\"async\" class=\"aligncenter size-medium wp-image-32621\" alt=\"Ploudaniel,Lesneven,2.W.K.5819 deutsche, 10.09.2013-016 (3)\" src=\"http:\/\/www.denkfried.de\/wp\/wp-content\/uploads\/2011\/05\/PloudanielLesneven2.W.K.5819-deutsche-10.09.2013-016-3-300x199.jpg\" width=\"300\" height=\"199\" srcset=\"http:\/\/www.denkfried.de\/wp\/wp-content\/uploads\/2011\/05\/PloudanielLesneven2.W.K.5819-deutsche-10.09.2013-016-3-300x199.jpg 300w, http:\/\/www.denkfried.de\/wp\/wp-content\/uploads\/2011\/05\/PloudanielLesneven2.W.K.5819-deutsche-10.09.2013-016-3.jpg 720w\" sizes=\"auto, (max-width: 300px) 100vw, 300px\" \/><\/a> <a href=\"http:\/\/www.denkfried.de\/wp\/wp-content\/uploads\/2011\/05\/PloudanielLesneven2.W.K.5819-deutsche-10.09.2013-016-5.jpg\"><img loading=\"lazy\" decoding=\"async\" class=\"aligncenter size-medium wp-image-32622\" alt=\"Ploudaniel,Lesneven,2.W.K.5819 deutsche, 10.09.2013-016 (5)\" src=\"http:\/\/www.denkfried.de\/wp\/wp-content\/uploads\/2011\/05\/PloudanielLesneven2.W.K.5819-deutsche-10.09.2013-016-5-300x199.jpg\" width=\"300\" height=\"199\" srcset=\"http:\/\/www.denkfried.de\/wp\/wp-content\/uploads\/2011\/05\/PloudanielLesneven2.W.K.5819-deutsche-10.09.2013-016-5-300x199.jpg 300w, http:\/\/www.denkfried.de\/wp\/wp-content\/uploads\/2011\/05\/PloudanielLesneven2.W.K.5819-deutsche-10.09.2013-016-5.jpg 720w\" sizes=\"auto, (max-width: 300px) 100vw, 300px\" \/><\/a> <a href=\"http:\/\/www.denkfried.de\/wp\/wp-content\/uploads\/2011\/05\/PloudanielLesneven2.W.K.5819-deutsche-10.09.2013-016-12.jpg\"><img loading=\"lazy\" decoding=\"async\" class=\"aligncenter size-medium wp-image-32623\" alt=\"Ploudaniel,Lesneven,2.W.K.5819 deutsche, 10.09.2013-016 (12)\" src=\"http:\/\/www.denkfried.de\/wp\/wp-content\/uploads\/2011\/05\/PloudanielLesneven2.W.K.5819-deutsche-10.09.2013-016-12-300x199.jpg\" width=\"300\" height=\"199\" srcset=\"http:\/\/www.denkfried.de\/wp\/wp-content\/uploads\/2011\/05\/PloudanielLesneven2.W.K.5819-deutsche-10.09.2013-016-12-300x199.jpg 300w, http:\/\/www.denkfried.de\/wp\/wp-content\/uploads\/2011\/05\/PloudanielLesneven2.W.K.5819-deutsche-10.09.2013-016-12.jpg 720w\" sizes=\"auto, (max-width: 300px) 100vw, 300px\" \/><\/a> <a href=\"http:\/\/www.denkfried.de\/wp\/wp-content\/uploads\/2011\/05\/PloudanielLesneven2.W.K.5819-deutsche-10.09.2013-016-14.jpg\"><img loading=\"lazy\" decoding=\"async\" class=\"aligncenter size-medium wp-image-32624\" alt=\"Ploudaniel,Lesneven,2.W.K.5819 deutsche, 10.09.2013-016 (14)\" src=\"http:\/\/www.denkfried.de\/wp\/wp-content\/uploads\/2011\/05\/PloudanielLesneven2.W.K.5819-deutsche-10.09.2013-016-14-300x199.jpg\" width=\"300\" height=\"199\" srcset=\"http:\/\/www.denkfried.de\/wp\/wp-content\/uploads\/2011\/05\/PloudanielLesneven2.W.K.5819-deutsche-10.09.2013-016-14-300x199.jpg 300w, http:\/\/www.denkfried.de\/wp\/wp-content\/uploads\/2011\/05\/PloudanielLesneven2.W.K.5819-deutsche-10.09.2013-016-14.jpg 720w\" sizes=\"auto, (max-width: 300px) 100vw, 300px\" \/><\/a> <a href=\"http:\/\/www.denkfried.de\/wp\/wp-content\/uploads\/2011\/05\/PloudanielLesneven2.W.K.5819-deutsche-10.09.2013-016-16.jpg\"><img loading=\"lazy\" decoding=\"async\" class=\"aligncenter size-medium wp-image-32625\" alt=\"Ploudaniel,Lesneven,2.W.K.5819 deutsche, 10.09.2013-016 (16)\" src=\"http:\/\/www.denkfried.de\/wp\/wp-content\/uploads\/2011\/05\/PloudanielLesneven2.W.K.5819-deutsche-10.09.2013-016-16-300x199.jpg\" width=\"300\" height=\"199\" srcset=\"http:\/\/www.denkfried.de\/wp\/wp-content\/uploads\/2011\/05\/PloudanielLesneven2.W.K.5819-deutsche-10.09.2013-016-16-300x199.jpg 300w, http:\/\/www.denkfried.de\/wp\/wp-content\/uploads\/2011\/05\/PloudanielLesneven2.W.K.5819-deutsche-10.09.2013-016-16.jpg 720w\" sizes=\"auto, (max-width: 300px) 100vw, 300px\" \/><\/a> <a href=\"http:\/\/www.denkfried.de\/wp\/wp-content\/uploads\/2011\/05\/PloudanielLesneven2.W.K.5819-deutsche-10.09.2013-016-17.jpg\"><img loading=\"lazy\" decoding=\"async\" class=\"aligncenter size-medium wp-image-32626\" alt=\"Ploudaniel,Lesneven,2.W.K.5819 deutsche, 10.09.2013-016 (17)\" src=\"http:\/\/www.denkfried.de\/wp\/wp-content\/uploads\/2011\/05\/PloudanielLesneven2.W.K.5819-deutsche-10.09.2013-016-17-300x199.jpg\" width=\"300\" height=\"199\" srcset=\"http:\/\/www.denkfried.de\/wp\/wp-content\/uploads\/2011\/05\/PloudanielLesneven2.W.K.5819-deutsche-10.09.2013-016-17-300x199.jpg 300w, http:\/\/www.denkfried.de\/wp\/wp-content\/uploads\/2011\/05\/PloudanielLesneven2.W.K.5819-deutsche-10.09.2013-016-17.jpg 720w\" sizes=\"auto, (max-width: 300px) 100vw, 300px\" \/><\/a> <a href=\"http:\/\/www.denkfried.de\/wp\/wp-content\/uploads\/2011\/05\/PloudanielLesneven2.W.K.5819-deutsche-10.09.2013-016-19.jpg\"><img loading=\"lazy\" decoding=\"async\" class=\"aligncenter size-medium wp-image-32627\" alt=\"Ploudaniel,Lesneven,2.W.K.5819 deutsche, 10.09.2013-016 (19)\" src=\"http:\/\/www.denkfried.de\/wp\/wp-content\/uploads\/2011\/05\/PloudanielLesneven2.W.K.5819-deutsche-10.09.2013-016-19-300x199.jpg\" width=\"300\" height=\"199\" srcset=\"http:\/\/www.denkfried.de\/wp\/wp-content\/uploads\/2011\/05\/PloudanielLesneven2.W.K.5819-deutsche-10.09.2013-016-19-300x199.jpg 300w, http:\/\/www.denkfried.de\/wp\/wp-content\/uploads\/2011\/05\/PloudanielLesneven2.W.K.5819-deutsche-10.09.2013-016-19.jpg 720w\" sizes=\"auto, (max-width: 300px) 100vw, 300px\" \/><\/a> <a href=\"http:\/\/www.denkfried.de\/wp\/wp-content\/uploads\/2011\/05\/PloudanielLesneven2.W.K.5819-deutsche-10.09.2013-016-20.jpg\"><img loading=\"lazy\" decoding=\"async\" class=\"aligncenter size-medium wp-image-32628\" alt=\"Ploudaniel,Lesneven,2.W.K.5819 deutsche, 10.09.2013-016 (20)\" src=\"http:\/\/www.denkfried.de\/wp\/wp-content\/uploads\/2011\/05\/PloudanielLesneven2.W.K.5819-deutsche-10.09.2013-016-20-300x199.jpg\" width=\"300\" height=\"199\" srcset=\"http:\/\/www.denkfried.de\/wp\/wp-content\/uploads\/2011\/05\/PloudanielLesneven2.W.K.5819-deutsche-10.09.2013-016-20-300x199.jpg 300w, http:\/\/www.denkfried.de\/wp\/wp-content\/uploads\/2011\/05\/PloudanielLesneven2.W.K.5819-deutsche-10.09.2013-016-20.jpg 720w\" sizes=\"auto, (max-width: 300px) 100vw, 300px\" \/><\/a> <a href=\"http:\/\/www.denkfried.de\/wp\/wp-content\/uploads\/2011\/05\/PloudanielLesneven2.W.K.5819-deutsche-10.09.2013-016-26.jpg\"><img loading=\"lazy\" decoding=\"async\" class=\"aligncenter size-medium wp-image-32629\" alt=\"Ploudaniel,Lesneven,2.W.K.5819 deutsche, 10.09.2013-016 (26)\" src=\"http:\/\/www.denkfried.de\/wp\/wp-content\/uploads\/2011\/05\/PloudanielLesneven2.W.K.5819-deutsche-10.09.2013-016-26-300x199.jpg\" width=\"300\" height=\"199\" srcset=\"http:\/\/www.denkfried.de\/wp\/wp-content\/uploads\/2011\/05\/PloudanielLesneven2.W.K.5819-deutsche-10.09.2013-016-26-300x199.jpg 300w, http:\/\/www.denkfried.de\/wp\/wp-content\/uploads\/2011\/05\/PloudanielLesneven2.W.K.5819-deutsche-10.09.2013-016-26.jpg 720w\" sizes=\"auto, (max-width: 300px) 100vw, 300px\" \/><\/a> <a href=\"http:\/\/www.denkfried.de\/wp\/wp-content\/uploads\/2011\/05\/PloudanielLesneven2.W.K.5819-deutsche-10.09.2013-016-27.jpg\"><img loading=\"lazy\" decoding=\"async\" class=\"aligncenter size-medium wp-image-32630\" alt=\"Ploudaniel,Lesneven,2.W.K.5819 deutsche, 10.09.2013-016 (27)\" src=\"http:\/\/www.denkfried.de\/wp\/wp-content\/uploads\/2011\/05\/PloudanielLesneven2.W.K.5819-deutsche-10.09.2013-016-27-300x199.jpg\" width=\"300\" height=\"199\" srcset=\"http:\/\/www.denkfried.de\/wp\/wp-content\/uploads\/2011\/05\/PloudanielLesneven2.W.K.5819-deutsche-10.09.2013-016-27-300x199.jpg 300w, http:\/\/www.denkfried.de\/wp\/wp-content\/uploads\/2011\/05\/PloudanielLesneven2.W.K.5819-deutsche-10.09.2013-016-27.jpg 720w\" sizes=\"auto, (max-width: 300px) 100vw, 300px\" \/><\/a> <a href=\"http:\/\/www.denkfried.de\/wp\/wp-content\/uploads\/2011\/05\/PloudanielLesneven2.W.K.5819-deutsche-10.09.2013-016-28.jpg\"><img loading=\"lazy\" decoding=\"async\" class=\"aligncenter size-medium wp-image-32631\" alt=\"Ploudaniel,Lesneven,2.W.K.5819 deutsche, 10.09.2013-016 (28)\" src=\"http:\/\/www.denkfried.de\/wp\/wp-content\/uploads\/2011\/05\/PloudanielLesneven2.W.K.5819-deutsche-10.09.2013-016-28-300x199.jpg\" width=\"300\" height=\"199\" srcset=\"http:\/\/www.denkfried.de\/wp\/wp-content\/uploads\/2011\/05\/PloudanielLesneven2.W.K.5819-deutsche-10.09.2013-016-28-300x199.jpg 300w, http:\/\/www.denkfried.de\/wp\/wp-content\/uploads\/2011\/05\/PloudanielLesneven2.W.K.5819-deutsche-10.09.2013-016-28.jpg 720w\" sizes=\"auto, (max-width: 300px) 100vw, 300px\" \/><\/a> <a href=\"http:\/\/www.denkfried.de\/wp\/wp-content\/uploads\/2011\/05\/PloudanielLesneven2.W.K.5819-deutsche-10.09.2013-016-30.jpg\"><img loading=\"lazy\" decoding=\"async\" class=\"aligncenter size-medium wp-image-32632\" alt=\"Ploudaniel,Lesneven,2.W.K.5819 deutsche, 10.09.2013-016 (30)\" src=\"http:\/\/www.denkfried.de\/wp\/wp-content\/uploads\/2011\/05\/PloudanielLesneven2.W.K.5819-deutsche-10.09.2013-016-30-300x199.jpg\" width=\"300\" height=\"199\" srcset=\"http:\/\/www.denkfried.de\/wp\/wp-content\/uploads\/2011\/05\/PloudanielLesneven2.W.K.5819-deutsche-10.09.2013-016-30-300x199.jpg 300w, http:\/\/www.denkfried.de\/wp\/wp-content\/uploads\/2011\/05\/PloudanielLesneven2.W.K.5819-deutsche-10.09.2013-016-30.jpg 720w\" sizes=\"auto, (max-width: 300px) 100vw, 300px\" \/><\/a> <a href=\"http:\/\/www.denkfried.de\/wp\/wp-content\/uploads\/2011\/05\/PloudanielLesneven2.W.K.5819-deutsche-10.09.2013-016-32.jpg\"><img loading=\"lazy\" decoding=\"async\" class=\"aligncenter size-medium wp-image-32633\" alt=\"Ploudaniel,Lesneven,2.W.K.5819 deutsche, 10.09.2013-016 (32)\" src=\"http:\/\/www.denkfried.de\/wp\/wp-content\/uploads\/2011\/05\/PloudanielLesneven2.W.K.5819-deutsche-10.09.2013-016-32-199x300.jpg\" width=\"199\" height=\"300\" srcset=\"http:\/\/www.denkfried.de\/wp\/wp-content\/uploads\/2011\/05\/PloudanielLesneven2.W.K.5819-deutsche-10.09.2013-016-32-199x300.jpg 199w, http:\/\/www.denkfried.de\/wp\/wp-content\/uploads\/2011\/05\/PloudanielLesneven2.W.K.5819-deutsche-10.09.2013-016-32.jpg 478w\" sizes=\"auto, (max-width: 199px) 100vw, 199px\" \/><\/a> <a href=\"http:\/\/www.denkfried.de\/wp\/wp-content\/uploads\/2011\/05\/PloudanielLesneven2.W.K.5819-deutsche-10.09.2013-016-34.jpg\"><img loading=\"lazy\" decoding=\"async\" class=\"aligncenter size-medium wp-image-32634\" alt=\"Ploudaniel,Lesneven,2.W.K.5819 deutsche, 10.09.2013-016 (34)\" src=\"http:\/\/www.denkfried.de\/wp\/wp-content\/uploads\/2011\/05\/PloudanielLesneven2.W.K.5819-deutsche-10.09.2013-016-34-300x199.jpg\" width=\"300\" height=\"199\" srcset=\"http:\/\/www.denkfried.de\/wp\/wp-content\/uploads\/2011\/05\/PloudanielLesneven2.W.K.5819-deutsche-10.09.2013-016-34-300x199.jpg 300w, http:\/\/www.denkfried.de\/wp\/wp-content\/uploads\/2011\/05\/PloudanielLesneven2.W.K.5819-deutsche-10.09.2013-016-34.jpg 720w\" sizes=\"auto, (max-width: 300px) 100vw, 300px\" \/><\/a> <a href=\"http:\/\/www.denkfried.de\/wp\/wp-content\/uploads\/2011\/05\/PloudanielLesneven2.W.K.5819-deutsche-10.09.2013-016-35.jpg\"><img loading=\"lazy\" decoding=\"async\" class=\"aligncenter size-medium wp-image-32635\" alt=\"Ploudaniel,Lesneven,2.W.K.5819 deutsche, 10.09.2013-016 (35)\" src=\"http:\/\/www.denkfried.de\/wp\/wp-content\/uploads\/2011\/05\/PloudanielLesneven2.W.K.5819-deutsche-10.09.2013-016-35-300x199.jpg\" width=\"300\" height=\"199\" srcset=\"http:\/\/www.denkfried.de\/wp\/wp-content\/uploads\/2011\/05\/PloudanielLesneven2.W.K.5819-deutsche-10.09.2013-016-35-300x199.jpg 300w, http:\/\/www.denkfried.de\/wp\/wp-content\/uploads\/2011\/05\/PloudanielLesneven2.W.K.5819-deutsche-10.09.2013-016-35.jpg 720w\" sizes=\"auto, (max-width: 300px) 100vw, 300px\" \/><\/a> <a href=\"http:\/\/www.denkfried.de\/wp\/wp-content\/uploads\/2011\/05\/PloudanielLesneven2.W.K.5819-deutsche-10.09.2013-016-42.jpg\"><img loading=\"lazy\" decoding=\"async\" class=\"aligncenter size-medium wp-image-32636\" alt=\"Ploudaniel,Lesneven,2.W.K.5819 deutsche, 10.09.2013-016 (42)\" src=\"http:\/\/www.denkfried.de\/wp\/wp-content\/uploads\/2011\/05\/PloudanielLesneven2.W.K.5819-deutsche-10.09.2013-016-42-300x199.jpg\" width=\"300\" height=\"199\" srcset=\"http:\/\/www.denkfried.de\/wp\/wp-content\/uploads\/2011\/05\/PloudanielLesneven2.W.K.5819-deutsche-10.09.2013-016-42-300x199.jpg 300w, http:\/\/www.denkfried.de\/wp\/wp-content\/uploads\/2011\/05\/PloudanielLesneven2.W.K.5819-deutsche-10.09.2013-016-42.jpg 720w\" sizes=\"auto, (max-width: 300px) 100vw, 300px\" \/><\/a> <a href=\"http:\/\/www.denkfried.de\/wp\/wp-content\/uploads\/2011\/05\/PloudanielLesneven2.W.K.5819-deutsche-10.09.2013-016-43.jpg\"><img loading=\"lazy\" decoding=\"async\" class=\"aligncenter size-medium wp-image-32637\" alt=\"Ploudaniel,Lesneven,2.W.K.5819 deutsche, 10.09.2013-016 (43)\" src=\"http:\/\/www.denkfried.de\/wp\/wp-content\/uploads\/2011\/05\/PloudanielLesneven2.W.K.5819-deutsche-10.09.2013-016-43-300x199.jpg\" width=\"300\" height=\"199\" srcset=\"http:\/\/www.denkfried.de\/wp\/wp-content\/uploads\/2011\/05\/PloudanielLesneven2.W.K.5819-deutsche-10.09.2013-016-43-300x199.jpg 300w, http:\/\/www.denkfried.de\/wp\/wp-content\/uploads\/2011\/05\/PloudanielLesneven2.W.K.5819-deutsche-10.09.2013-016-43.jpg 720w\" sizes=\"auto, (max-width: 300px) 100vw, 300px\" \/><\/a> <a href=\"http:\/\/www.denkfried.de\/wp\/wp-content\/uploads\/2011\/05\/PloudanielLesneven2.W.K.5819-deutsche-10.09.2013-016-44.jpg\"><img loading=\"lazy\" decoding=\"async\" class=\"aligncenter size-medium wp-image-32638\" alt=\"Ploudaniel,Lesneven,2.W.K.5819 deutsche, 10.09.2013-016 (44)\" src=\"http:\/\/www.denkfried.de\/wp\/wp-content\/uploads\/2011\/05\/PloudanielLesneven2.W.K.5819-deutsche-10.09.2013-016-44-199x300.jpg\" width=\"199\" height=\"300\" srcset=\"http:\/\/www.denkfried.de\/wp\/wp-content\/uploads\/2011\/05\/PloudanielLesneven2.W.K.5819-deutsche-10.09.2013-016-44-199x300.jpg 199w, http:\/\/www.denkfried.de\/wp\/wp-content\/uploads\/2011\/05\/PloudanielLesneven2.W.K.5819-deutsche-10.09.2013-016-44.jpg 478w\" sizes=\"auto, (max-width: 199px) 100vw, 199px\" \/><\/a><\/p>\n","protected":false},"excerpt":{"rendered":"<p>Orte: Ploudaniel-Lesneven \u2013 29260 Heute den 10.09.2013 besuchen wir den Deutschen Soldatenfriedhof Ploudaniel-Lesneven auf dem 5831 Deutsche gefallene zur letzten Ruhe bestattet wurden.Die Einweihung fand am 07.09.1968 statt. Bis zum Beginn der alliierten Landung in der Normandie im Juni 1944 &hellip; <a href=\"http:\/\/www.denkfried.de\/wp\/?page_id=8230\">Weiterlesen <span class=\"meta-nav\">&rarr;<\/span><\/a><\/p>\n","protected":false},"author":2,"featured_media":0,"parent":191,"menu_order":0,"comment_status":"closed","ping_status":"open","template":"","meta":{"footnotes":""},"class_list":["post-8230","page","type-page","status-publish","hentry"],"_links":{"self":[{"href":"http:\/\/www.denkfried.de\/wp\/index.php?rest_route=\/wp\/v2\/pages\/8230","targetHints":{"allow":["GET"]}}],"collection":[{"href":"http:\/\/www.denkfried.de\/wp\/index.php?rest_route=\/wp\/v2\/pages"}],"about":[{"href":"http:\/\/www.denkfried.de\/wp\/index.php?rest_route=\/wp\/v2\/types\/page"}],"author":[{"embeddable":true,"href":"http:\/\/www.denkfried.de\/wp\/index.php?rest_route=\/wp\/v2\/users\/2"}],"replies":[{"embeddable":true,"href":"http:\/\/www.denkfried.de\/wp\/index.php?rest_route=%2Fwp%2Fv2%2Fcomments&post=8230"}],"version-history":[{"count":5,"href":"http:\/\/www.denkfried.de\/wp\/index.php?rest_route=\/wp\/v2\/pages\/8230\/revisions"}],"predecessor-version":[{"id":32641,"href":"http:\/\/www.denkfried.de\/wp\/index.php?rest_route=\/wp\/v2\/pages\/8230\/revisions\/32641"}],"up":[{"embeddable":true,"href":"http:\/\/www.denkfried.de\/wp\/index.php?rest_route=\/wp\/v2\/pages\/191"}],"wp:attachment":[{"href":"http:\/\/www.denkfried.de\/wp\/index.php?rest_route=%2Fwp%2Fv2%2Fmedia&parent=8230"}],"curies":[{"name":"wp","href":"https:\/\/api.w.org\/{rel}","templated":true}]}}