{"id":8224,"date":"2011-05-14T16:08:45","date_gmt":"2011-05-14T14:08:45","guid":{"rendered":"http:\/\/www.denkfried.de\/wp\/?page_id=8224"},"modified":"2014-07-11T16:23:03","modified_gmt":"2014-07-11T14:23:03","slug":"departement-cote-dor","status":"publish","type":"page","link":"http:\/\/www.denkfried.de\/wp\/?page_id=8224","title":{"rendered":"D\u00e9partement COTE-d&#8217;OR"},"content":{"rendered":"<p>Das <b>D\u00e9partement C\u00f4te-d\u2019Or<\/b> [<span class=\"IPA\"><span title=\"Aussprache im Internationalen Phonetischen Alphabet (IPA)\">kot\u02c8d\u0254\u02d0\u0280<\/span><\/span>] ist das franz\u00f6sische D\u00e9partement mit der Ordnungsnummer 21. Es liegt im Osten des Landes in der Region Burgund und ist nach einer von Weinbau gepr\u00e4gten geologischen Steilabbruchkante benannt, die von Dijon s\u00fcdlich \u00fcber Beaune verl\u00e4uft.<\/p>\n<ul>\n<li>Auxonne<\/li>\n<li><a href=\"http:\/\/www.denkfried.de\/wp\/?page_id=35842\">Dijon &#8211; KGST<\/a><\/li>\n<li>Beaune<\/li>\n<li>Chen\u00f4ve<\/li>\n<li>Chevigny-Saint-Sauveur<\/li>\n<li>Fontaine-l\u00e8s-Dijon<\/li>\n<li>Longvic<\/li>\n<li>Quetigny<\/li>\n<li>Saint-Apollinaire<\/li>\n<li>Talant<\/li>\n<\/ul>\n","protected":false},"excerpt":{"rendered":"<p>Das D\u00e9partement C\u00f4te-d\u2019Or [kot\u02c8d\u0254\u02d0\u0280] ist das franz\u00f6sische D\u00e9partement mit der Ordnungsnummer 21. Es liegt im Osten des Landes in der Region Burgund und ist nach einer von Weinbau gepr\u00e4gten geologischen Steilabbruchkante benannt, die von Dijon s\u00fcdlich \u00fcber Beaune verl\u00e4uft. Auxonne &hellip; <a href=\"http:\/\/www.denkfried.de\/wp\/?page_id=8224\">Weiterlesen <span class=\"meta-nav\">&rarr;<\/span><\/a><\/p>\n","protected":false},"author":2,"featured_media":0,"parent":191,"menu_order":0,"comment_status":"closed","ping_status":"open","template":"","meta":{"footnotes":""},"class_list":["post-8224","page","type-page","status-publish","hentry"],"_links":{"self":[{"href":"http:\/\/www.denkfried.de\/wp\/index.php?rest_route=\/wp\/v2\/pages\/8224","targetHints":{"allow":["GET"]}}],"collection":[{"href":"http:\/\/www.denkfried.de\/wp\/index.php?rest_route=\/wp\/v2\/pages"}],"about":[{"href":"http:\/\/www.denkfried.de\/wp\/index.php?rest_route=\/wp\/v2\/types\/page"}],"author":[{"embeddable":true,"href":"http:\/\/www.denkfried.de\/wp\/index.php?rest_route=\/wp\/v2\/users\/2"}],"replies":[{"embeddable":true,"href":"http:\/\/www.denkfried.de\/wp\/index.php?rest_route=%2Fwp%2Fv2%2Fcomments&post=8224"}],"version-history":[{"count":4,"href":"http:\/\/www.denkfried.de\/wp\/index.php?rest_route=\/wp\/v2\/pages\/8224\/revisions"}],"predecessor-version":[{"id":35855,"href":"http:\/\/www.denkfried.de\/wp\/index.php?rest_route=\/wp\/v2\/pages\/8224\/revisions\/35855"}],"up":[{"embeddable":true,"href":"http:\/\/www.denkfried.de\/wp\/index.php?rest_route=\/wp\/v2\/pages\/191"}],"wp:attachment":[{"href":"http:\/\/www.denkfried.de\/wp\/index.php?rest_route=%2Fwp%2Fv2%2Fmedia&parent=8224"}],"curies":[{"name":"wp","href":"https:\/\/api.w.org\/{rel}","templated":true}]}}