{"id":8197,"date":"2011-05-13T21:22:53","date_gmt":"2011-05-13T19:22:53","guid":{"rendered":"http:\/\/www.denkfried.de\/wp\/?page_id=8197"},"modified":"2011-07-16T23:31:18","modified_gmt":"2011-07-16T21:31:18","slug":"bousbecque","status":"publish","type":"page","link":"http:\/\/www.denkfried.de\/wp\/?page_id=8197","title":{"rendered":"Bousbecque  (8)"},"content":{"rendered":"<p>&nbsp;<\/p>\n<p><strong><span style=\"text-decoration: underline;\">59166 Bousbecque<\/span>,<\/strong> Rue de Linselles Les Cypres<br \/>\nD\u00e9p.Nord<\/p>\n<p>Reisebericht u. Fotos von Hubert M. :<\/p>\n<p>Nun zum Deutschen Soldatenfriedhof Bousbecque Nr.7 in Frankreich an der D 64 Bousbecque-Linselles. Der Friedhof ist \u00fcber den Ortsfriedhof zu erreichen. Auf diesem Weg kommt man an den franz\u00f6sischen Gr\u00e4berfelder der Gefallenen des Ersten Weltkrieges vorbei. Diese A-Typischen Grabsteine hatten wir bis dato noch nicht gesehen, weisser Sandstein, erhaben ausgearbeitet, ein franz\u00f6sicher Stahlhelm umgeben von Lorbeerzweigen diese mit Kupferblech umh\u00fcllt. Im Kreis um den Fahnenmast reihten sich die Gefallenen des Zweiten Weltkrieges ein. Danach erreicht man das Gr\u00e4berfeld der 2330 deutschen Gefallenen des 1.WK. Das Gr\u00e4berfeld wurde 1915 von der Truppe nahe an der belgisch-franz\u00f6sischen Grenze angelegt. Weit \u00fcber die H\u00e4lfte der Toten stammen aus dem britischen Gro\u00dfangriff in Flandern, der am 6.Juni 1917 mit eine gewaltigen Sprengung zwischen St.Eloi und Messines begann, sich auf 25 km Frontbreite \u00f6stlich von Ypern ausdehnte und im November mit hohen Verlusten beim Angreifer und Verteidigern buchst\u00e4blich im Schlamm erstickte.<br \/>\nAb 1922 erweiterten franz\u00f6sische Milit\u00e4rbeh\u00f6rden den Friedhof. Nach einer \u00dcberarbeitung des gesamten Areals lie\u00df der Volksbund einen Eingang anlegen und errichtete ein Hochkreuz. 1980 wurden die Holzkreuze gegen Metalkreuze ausgewechselt. Im Jahr 2000 wurde ein Denkmal des 23.Infanterieregiments f\u00fcr dessen gefallenen Kameraden, das bisher im Garten des B\u00fcrgermeisters aus Bousbecque gestanden hatte, durch Soldaten der Bundeswehr auf den Friedhof umgesetzt. Auf diesem stehend habe ich auch Fotos gemacht.<\/p>\n<div id='gallery-1' class='gallery galleryid-8197 gallery-columns-3 gallery-size-thumbnail'><dl class='gallery-item'>\n\t\t\t<dt class='gallery-icon landscape'>\n\t\t\t\t<a href='http:\/\/www.denkfried.de\/wp\/?attachment_id=8200'><img loading=\"lazy\" decoding=\"async\" width=\"150\" height=\"150\" src=\"http:\/\/www.denkfried.de\/wp\/wp-content\/uploads\/2011\/05\/Bousbecque-Eingang-003-150x150.jpg\" class=\"attachment-thumbnail size-thumbnail\" alt=\"\" \/><\/a>\n\t\t\t<\/dt><\/dl><dl class='gallery-item'>\n\t\t\t<dt class='gallery-icon landscape'>\n\t\t\t\t<a href='http:\/\/www.denkfried.de\/wp\/?attachment_id=8201'><img loading=\"lazy\" decoding=\"async\" width=\"150\" height=\"150\" src=\"http:\/\/www.denkfried.de\/wp\/wp-content\/uploads\/2011\/05\/Bousbecque-Hinweisplatte-004-150x150.jpg\" class=\"attachment-thumbnail size-thumbnail\" alt=\"\" \/><\/a>\n\t\t\t<\/dt><\/dl><dl class='gallery-item'>\n\t\t\t<dt class='gallery-icon portrait'>\n\t\t\t\t<a href='http:\/\/www.denkfried.de\/wp\/?attachment_id=8203'><img loading=\"lazy\" decoding=\"async\" width=\"150\" height=\"150\" src=\"http:\/\/www.denkfried.de\/wp\/wp-content\/uploads\/2011\/05\/Bousbecque-andere-Perspektive-008-150x150.jpg\" class=\"attachment-thumbnail size-thumbnail\" alt=\"\" \/><\/a>\n\t\t\t<\/dt><\/dl><br style=\"clear: both\" \/><dl class='gallery-item'>\n\t\t\t<dt class='gallery-icon landscape'>\n\t\t\t\t<a href='http:\/\/www.denkfried.de\/wp\/?attachment_id=8202'><img loading=\"lazy\" decoding=\"async\" width=\"150\" height=\"150\" src=\"http:\/\/www.denkfried.de\/wp\/wp-content\/uploads\/2011\/05\/Bousbecque-Sandsteinhochkreutz-005-150x150.jpg\" class=\"attachment-thumbnail size-thumbnail\" alt=\"\" \/><\/a>\n\t\t\t<\/dt><\/dl><dl class='gallery-item'>\n\t\t\t<dt class='gallery-icon landscape'>\n\t\t\t\t<a href='http:\/\/www.denkfried.de\/wp\/?attachment_id=8199'><img loading=\"lazy\" decoding=\"async\" width=\"150\" height=\"150\" src=\"http:\/\/www.denkfried.de\/wp\/wp-content\/uploads\/2011\/05\/Bousbecque-Blick-Gr\u00e4berfeld-zum-Hochkreutz-008-150x150.jpg\" class=\"attachment-thumbnail size-thumbnail\" alt=\"\" \/><\/a>\n\t\t\t<\/dt><\/dl><dl class='gallery-item'>\n\t\t\t<dt class='gallery-icon portrait'>\n\t\t\t\t<a href='http:\/\/www.denkfried.de\/wp\/?attachment_id=8198'><img loading=\"lazy\" decoding=\"async\" width=\"150\" height=\"150\" src=\"http:\/\/www.denkfried.de\/wp\/wp-content\/uploads\/2011\/05\/Bousbecque-A-Typische-Steine-002-150x150.jpg\" class=\"attachment-thumbnail size-thumbnail\" alt=\"\" \/><\/a>\n\t\t\t<\/dt><\/dl><br style=\"clear: both\" \/>\n\t\t<\/div>\n\n","protected":false},"excerpt":{"rendered":"<p>&nbsp; 59166 Bousbecque, Rue de Linselles Les Cypres D\u00e9p.Nord Reisebericht u. Fotos von Hubert M. : Nun zum Deutschen Soldatenfriedhof Bousbecque Nr.7 in Frankreich an der D 64 Bousbecque-Linselles. Der Friedhof ist \u00fcber den Ortsfriedhof zu erreichen. Auf diesem Weg &hellip; <a href=\"http:\/\/www.denkfried.de\/wp\/?page_id=8197\">Weiterlesen <span class=\"meta-nav\">&rarr;<\/span><\/a><\/p>\n","protected":false},"author":2,"featured_media":0,"parent":8271,"menu_order":0,"comment_status":"closed","ping_status":"open","template":"","meta":{"footnotes":""},"class_list":["post-8197","page","type-page","status-publish","hentry"],"_links":{"self":[{"href":"http:\/\/www.denkfried.de\/wp\/index.php?rest_route=\/wp\/v2\/pages\/8197","targetHints":{"allow":["GET"]}}],"collection":[{"href":"http:\/\/www.denkfried.de\/wp\/index.php?rest_route=\/wp\/v2\/pages"}],"about":[{"href":"http:\/\/www.denkfried.de\/wp\/index.php?rest_route=\/wp\/v2\/types\/page"}],"author":[{"embeddable":true,"href":"http:\/\/www.denkfried.de\/wp\/index.php?rest_route=\/wp\/v2\/users\/2"}],"replies":[{"embeddable":true,"href":"http:\/\/www.denkfried.de\/wp\/index.php?rest_route=%2Fwp%2Fv2%2Fcomments&post=8197"}],"version-history":[{"count":5,"href":"http:\/\/www.denkfried.de\/wp\/index.php?rest_route=\/wp\/v2\/pages\/8197\/revisions"}],"predecessor-version":[{"id":10000,"href":"http:\/\/www.denkfried.de\/wp\/index.php?rest_route=\/wp\/v2\/pages\/8197\/revisions\/10000"}],"up":[{"embeddable":true,"href":"http:\/\/www.denkfried.de\/wp\/index.php?rest_route=\/wp\/v2\/pages\/8271"}],"wp:attachment":[{"href":"http:\/\/www.denkfried.de\/wp\/index.php?rest_route=%2Fwp%2Fv2%2Fmedia&parent=8197"}],"curies":[{"name":"wp","href":"https:\/\/api.w.org\/{rel}","templated":true}]}}