{"id":818,"date":"2011-04-05T11:36:12","date_gmt":"2011-04-05T09:36:12","guid":{"rendered":"http:\/\/www.denkfried.de\/wp\/?page_id=818"},"modified":"2012-12-22T13:50:01","modified_gmt":"2012-12-22T12:50:01","slug":"lommel","status":"publish","type":"page","link":"http:\/\/www.denkfried.de\/wp\/?page_id=818","title":{"rendered":"LOMMEL"},"content":{"rendered":"<p>&nbsp;<\/p>\n<p><span style=\"text-decoration: underline;\"><strong>3920 Lommel<\/strong><\/span><\/p>\n<p>Arrondissement:Maaseik Region Flandern<\/p>\n<p><a href=\"http:\/\/www.lommel.be\/\" target=\"_blank\">http:\/\/www.lommel.be\/<\/a><\/p>\n<p>Einweihung: 06.09.1959<br \/>\nDie Anzahl der Toten erheben nicht den Anspruch auf Richtigkeit und Vollst\u00e4ndigkeit. Durch zwischenzeitliche Bergungen k\u00f6nnen sich die Zahlen st\u00e4ndig \u00e4ndern.<\/p>\n<p>1.Weltkrieg \u00a0&#8211; \u00a0 \u00a0\u00a0 542 Tote \u00a0 \u00a0 \u00a0 \u00a0 \u00a0 \u00a0 \u00a0 \u00a0 \u00a0 \u00a0 \u00a0 \u00a0 \u00a0 \u00a0 \u00a0 \u00a0 \u00a0 \u00a0 \u00a0Belgien\/Lommel<br \/>\n2.Weltkrieg \u00a0&#8211; 38.552 Tote<\/p>\n<p>______________________________________________<\/p>\n<p>2 Postkarten von Thomas <a href=\"http:\/\/potsdamer-ehrenmale.de.tl\/Hauptseite.htm\">Potsdamer-Ehrenmale.de<\/a><br \/>\nReisebericht und Bilder von Hubert M. &#8211; 2006<\/p>\n<div id='gallery-1' class='gallery galleryid-818 gallery-columns-4 gallery-size-thumbnail'><dl class='gallery-item'>\n\t\t\t<dt class='gallery-icon landscape'>\n\t\t\t\t<a href='http:\/\/www.denkfried.de\/wp\/?attachment_id=820'><img loading=\"lazy\" decoding=\"async\" width=\"150\" height=\"150\" src=\"http:\/\/www.denkfried.de\/wp\/wp-content\/uploads\/2011\/04\/Lommel-Eingang-001-150x150.jpg\" class=\"attachment-thumbnail size-thumbnail\" alt=\"\" \/><\/a>\n\t\t\t<\/dt><\/dl><dl class='gallery-item'>\n\t\t\t<dt class='gallery-icon portrait'>\n\t\t\t\t<a href='http:\/\/www.denkfried.de\/wp\/?attachment_id=821'><img loading=\"lazy\" decoding=\"async\" width=\"150\" height=\"150\" src=\"http:\/\/www.denkfried.de\/wp\/wp-content\/uploads\/2011\/04\/Lommel-Ehrenmal-Kriegerkapelle-006-150x150.jpg\" class=\"attachment-thumbnail size-thumbnail\" alt=\"\" \/><\/a>\n\t\t\t<\/dt><\/dl><dl class='gallery-item'>\n\t\t\t<dt class='gallery-icon landscape'>\n\t\t\t\t<a href='http:\/\/www.denkfried.de\/wp\/?attachment_id=822'><img loading=\"lazy\" decoding=\"async\" width=\"150\" height=\"150\" src=\"http:\/\/www.denkfried.de\/wp\/wp-content\/uploads\/2011\/04\/Lommel-Block-53-021-150x150.jpg\" class=\"attachment-thumbnail size-thumbnail\" alt=\"\" \/><\/a>\n\t\t\t<\/dt><\/dl><dl class='gallery-item'>\n\t\t\t<dt class='gallery-icon portrait'>\n\t\t\t\t<a href='http:\/\/www.denkfried.de\/wp\/?attachment_id=823'><img loading=\"lazy\" decoding=\"async\" width=\"150\" height=\"150\" src=\"http:\/\/www.denkfried.de\/wp\/wp-content\/uploads\/2011\/04\/Lommel-Hochkreuz-009-150x150.jpg\" class=\"attachment-thumbnail size-thumbnail\" alt=\"\" \/><\/a>\n\t\t\t<\/dt><\/dl><br style=\"clear: both\" \/><dl class='gallery-item'>\n\t\t\t<dt class='gallery-icon landscape'>\n\t\t\t\t<a href='http:\/\/www.denkfried.de\/wp\/?attachment_id=824'><img loading=\"lazy\" decoding=\"async\" width=\"150\" height=\"150\" src=\"http:\/\/www.denkfried.de\/wp\/wp-content\/uploads\/2011\/04\/Lommel-Gr\u00e4berfeld-019-150x150.jpg\" class=\"attachment-thumbnail size-thumbnail\" alt=\"\" \/><\/a>\n\t\t\t<\/dt><\/dl><dl class='gallery-item'>\n\t\t\t<dt class='gallery-icon landscape'>\n\t\t\t\t<a href='http:\/\/www.denkfried.de\/wp\/?attachment_id=825'><img loading=\"lazy\" decoding=\"async\" width=\"150\" height=\"150\" src=\"http:\/\/www.denkfried.de\/wp\/wp-content\/uploads\/2011\/04\/Lommel-Panorama-010-150x150.jpg\" class=\"attachment-thumbnail size-thumbnail\" alt=\"\" \/><\/a>\n\t\t\t<\/dt><\/dl><dl class='gallery-item'>\n\t\t\t<dt class='gallery-icon landscape'>\n\t\t\t\t<a href='http:\/\/www.denkfried.de\/wp\/?attachment_id=28325'><img loading=\"lazy\" decoding=\"async\" width=\"150\" height=\"150\" src=\"http:\/\/www.denkfried.de\/wp\/wp-content\/uploads\/2012\/12\/Belgien-Lommel-Soldatenfriedhof-150x150.jpg\" class=\"attachment-thumbnail size-thumbnail\" alt=\"\" \/><\/a>\n\t\t\t<\/dt><\/dl><dl class='gallery-item'>\n\t\t\t<dt class='gallery-icon landscape'>\n\t\t\t\t<a href='http:\/\/www.denkfried.de\/wp\/?attachment_id=28324'><img loading=\"lazy\" decoding=\"async\" width=\"150\" height=\"150\" src=\"http:\/\/www.denkfried.de\/wp\/wp-content\/uploads\/2012\/12\/Belgien-Lommel-Soldatenfriedhof-2-150x150.jpg\" class=\"attachment-thumbnail size-thumbnail\" alt=\"\" \/><\/a>\n\t\t\t<\/dt><\/dl><br style=\"clear: both\" \/>\n\t\t<\/div>\n\n<p><em>Aus dem Reisebericht von Hubert M. :<\/em><\/p>\n<p><em>&#8222;Ich machte im Mai 2006 eine viert\u00e4gige Reise durch Br\u00fcssel und auf der Heimreise fuhren wir auf dem deutschen Soldatenfriedhof Lommel vorbei. 542 Deutsche aus dem Ersten Weltkrieg und 38.552 Gefallene des\u00a0 Zweiten Weltkriegs sind auf dem 16 ha gro\u00dfen Soldatenfriedhof beigesetzt. Der Friedhof ist \u00fcber die A 67 von Venlo in Richtung Endhofen gut zu erreichen. Von der Abfahrt Valkenswaard sind es bis Lommel noch 27 km. Der Friedhof liegt s\u00fcdlich von Lommel an der Stra\u00dfe nach Leopoldsburg. W\u00e4hrend der K\u00e4mpfe in Belgien und Westdeutschland legte der amerikanische Gr\u00e4berdienst in Belgien vier Friedh\u00f6fe an.1946\/47 wurden diese Toten und alle anderen deutschen Gefallenen, die in Belgien bestattet waren, nach Lommel \u00fcberf\u00fchrt. Dazu geh\u00f6ren auch die 542 Gefallenen des Ersten Weltkriegs die in Leopoldsburg bestattet waren. Lommel ist die gr\u00f6\u00dfte deutsche Kriegsgr\u00e4berst\u00e4tte des Zweiten Weltkriegs im Westen. \u00dcber eine Zufahrtsstra\u00dfe erreicht der Besucher den Eingangsbau aus schwarzen Hartbasalt mit dem B\u00fcro des Verwalters. Der Ehrenhof wird von der Krypta mit einer sechs Meter hohen Kreuzigungsgruppe \u00fcberragt, der Blick auf das 16 Hektar gro\u00dfe Gr\u00e4berfeld mit den 20. 000 Betonkreuzen ist von der Aussichtsplattform \u00fcber der Krypta sehr eindrucksvoll. Jedes Kreuz steht f\u00fcr zwei Gefallene, Schilder auf beiden Seiten tragen Namen und Daten. Von den urspr\u00fcnglich 13 000 Unbekanten konnte der Volksbund\u00a0 7 000 Schicksale kl\u00e4ren k\u00f6nnen. Aus einer &#8222;Sandw\u00fcste&#8220;schuf der Volksbund in den Jahren 1953-1959 eine eindrucksvolle Parklandschaft. Jugendliche aus 15 Nationen haben in Jugendlagern, die vom CVYM und Kolpingwerk organisiert wurden, eine hervorragende Arbeit geleistet: Sie haben den Wall rings um den Friedhof angelegt, den Boden kultiviert und zehntausend Heidepflanzen gesetzt. Hier entstand das Motto &#8222;Vers\u00f6hnung \u00fcber den Gr\u00e4bern&#8220;,das f\u00fcr die Jugendarbeit des Volksbundes gilt und noch durch &#8222;Arbeit f\u00fcr den Frieden&#8220; erg\u00e4nzt wurde. Auf dem Gel\u00e4nde der Kriegsgr\u00e4berst\u00e4tte hat der Volksbund 1993 eine Begegnungsst\u00e4tte eingerichtet. Internationale Schulklassen und Jugendgruppen sollen sich hier mit der Geschichte der Kriege auseinandersetzen und durch die Arbeit an den Kriegsgr\u00e4bern lernen, wie wichtig es ist, friedlich miteinander zu leben. Als bleibende Erinnerung an diese Reise werde ich den Sonntag den 28.05.2006 nicht vergessen als das erste Mal eine Mitreisende am Grab ihres Vaters stand und sie die Erde streichelt auf dem Grab ihres Vaters.&#8220;<\/em><\/p>\n","protected":false},"excerpt":{"rendered":"<p>&nbsp; 3920 Lommel Arrondissement:Maaseik Region Flandern http:\/\/www.lommel.be\/ Einweihung: 06.09.1959 Die Anzahl der Toten erheben nicht den Anspruch auf Richtigkeit und Vollst\u00e4ndigkeit. Durch zwischenzeitliche Bergungen k\u00f6nnen sich die Zahlen st\u00e4ndig \u00e4ndern. 1.Weltkrieg \u00a0&#8211; \u00a0 \u00a0\u00a0 542 Tote \u00a0 \u00a0 \u00a0 \u00a0 &hellip; <a href=\"http:\/\/www.denkfried.de\/wp\/?page_id=818\">Weiterlesen <span class=\"meta-nav\">&rarr;<\/span><\/a><\/p>\n","protected":false},"author":2,"featured_media":0,"parent":264,"menu_order":0,"comment_status":"closed","ping_status":"open","template":"","meta":{"footnotes":""},"class_list":["post-818","page","type-page","status-publish","hentry"],"_links":{"self":[{"href":"http:\/\/www.denkfried.de\/wp\/index.php?rest_route=\/wp\/v2\/pages\/818","targetHints":{"allow":["GET"]}}],"collection":[{"href":"http:\/\/www.denkfried.de\/wp\/index.php?rest_route=\/wp\/v2\/pages"}],"about":[{"href":"http:\/\/www.denkfried.de\/wp\/index.php?rest_route=\/wp\/v2\/types\/page"}],"author":[{"embeddable":true,"href":"http:\/\/www.denkfried.de\/wp\/index.php?rest_route=\/wp\/v2\/users\/2"}],"replies":[{"embeddable":true,"href":"http:\/\/www.denkfried.de\/wp\/index.php?rest_route=%2Fwp%2Fv2%2Fcomments&post=818"}],"version-history":[{"count":14,"href":"http:\/\/www.denkfried.de\/wp\/index.php?rest_route=\/wp\/v2\/pages\/818\/revisions"}],"predecessor-version":[{"id":28334,"href":"http:\/\/www.denkfried.de\/wp\/index.php?rest_route=\/wp\/v2\/pages\/818\/revisions\/28334"}],"up":[{"embeddable":true,"href":"http:\/\/www.denkfried.de\/wp\/index.php?rest_route=\/wp\/v2\/pages\/264"}],"wp:attachment":[{"href":"http:\/\/www.denkfried.de\/wp\/index.php?rest_route=%2Fwp%2Fv2%2Fmedia&parent=818"}],"curies":[{"name":"wp","href":"https:\/\/api.w.org\/{rel}","templated":true}]}}