{"id":8174,"date":"2011-05-13T19:37:17","date_gmt":"2011-05-13T17:37:17","guid":{"rendered":"http:\/\/www.denkfried.de\/wp\/?page_id=8174"},"modified":"2011-05-13T19:37:17","modified_gmt":"2011-05-13T17:37:17","slug":"rothenburgo-l-lodenau","status":"publish","type":"page","link":"http:\/\/www.denkfried.de\/wp\/?page_id=8174","title":{"rendered":"Rothenburg\/O.L. &#8211; Lodenau"},"content":{"rendered":"<p>&nbsp;<\/p>\n<p><strong>02929 Rothenburg &#8211; OT Lodenau<\/strong><br \/>\nDeutschland\/Rothenburg-Lodenau<\/p>\n<p>Friedhof Lodenau<\/p>\n<p>Der  kommunale Friedhof im Ortsteil Lodenau ist insgesamt 5.175 m\u00b2 gro\u00df. Er  ist gro\u00dfz\u00fcgig am Waldrand au\u00dferhalb des Ortsteils Lodenau angelegt. Die  Hauptwege sind beidseitig mit Linden bepflanzt. Der Zugang zur  evangelischen Kirche des Ortsteiles Lodenau f\u00fchrt \u00fcber den vorderen  Friedhofsbereich.<br \/>\nAuf dem umz\u00e4unten Gel\u00e4nde befindet sich eine kleine Friedhofshalle.<br \/>\nIn  der Anlage befinden sich Einzel- und Doppelwahlgrabstellen f\u00fcr  Erdbestattungen und Aschebestattungen. Rechts neben dem Eingangsbereich  befinden sich 9 Gr\u00e4ber von Kriegsopfern des II. Weltkrieges.<br \/>\nHier sind 11 deutsche Soldaten bestattet, davon bleiben 2 ohne Namen.<\/p>\n<p><a rel=\"attachment wp-att-8175\" href=\"http:\/\/www.denkfried.de\/wp\/?attachment_id=8175\"><img loading=\"lazy\" decoding=\"async\" class=\"alignleft size-medium wp-image-8175\" title=\"Lodenau-Rothenburg -erl.\" src=\"http:\/\/www.denkfried.de\/wp\/wp-content\/uploads\/2011\/05\/Lodenau-Rothenburg-erl.-225x300.jpg\" alt=\"\" width=\"225\" height=\"300\" srcset=\"http:\/\/www.denkfried.de\/wp\/wp-content\/uploads\/2011\/05\/Lodenau-Rothenburg-erl.-225x300.jpg 225w, http:\/\/www.denkfried.de\/wp\/wp-content\/uploads\/2011\/05\/Lodenau-Rothenburg-erl..jpg 600w\" sizes=\"auto, (max-width: 225px) 100vw, 225px\" \/><\/a><\/p>\n","protected":false},"excerpt":{"rendered":"<p>&nbsp; 02929 Rothenburg &#8211; OT Lodenau Deutschland\/Rothenburg-Lodenau Friedhof Lodenau Der kommunale Friedhof im Ortsteil Lodenau ist insgesamt 5.175 m\u00b2 gro\u00df. Er ist gro\u00dfz\u00fcgig am Waldrand au\u00dferhalb des Ortsteils Lodenau angelegt. Die Hauptwege sind beidseitig mit Linden bepflanzt. Der Zugang zur &hellip; <a href=\"http:\/\/www.denkfried.de\/wp\/?page_id=8174\">Weiterlesen <span class=\"meta-nav\">&rarr;<\/span><\/a><\/p>\n","protected":false},"author":2,"featured_media":0,"parent":8171,"menu_order":0,"comment_status":"closed","ping_status":"open","template":"","meta":{"footnotes":""},"class_list":["post-8174","page","type-page","status-publish","hentry"],"_links":{"self":[{"href":"http:\/\/www.denkfried.de\/wp\/index.php?rest_route=\/wp\/v2\/pages\/8174","targetHints":{"allow":["GET"]}}],"collection":[{"href":"http:\/\/www.denkfried.de\/wp\/index.php?rest_route=\/wp\/v2\/pages"}],"about":[{"href":"http:\/\/www.denkfried.de\/wp\/index.php?rest_route=\/wp\/v2\/types\/page"}],"author":[{"embeddable":true,"href":"http:\/\/www.denkfried.de\/wp\/index.php?rest_route=\/wp\/v2\/users\/2"}],"replies":[{"embeddable":true,"href":"http:\/\/www.denkfried.de\/wp\/index.php?rest_route=%2Fwp%2Fv2%2Fcomments&post=8174"}],"version-history":[{"count":4,"href":"http:\/\/www.denkfried.de\/wp\/index.php?rest_route=\/wp\/v2\/pages\/8174\/revisions"}],"predecessor-version":[{"id":8179,"href":"http:\/\/www.denkfried.de\/wp\/index.php?rest_route=\/wp\/v2\/pages\/8174\/revisions\/8179"}],"up":[{"embeddable":true,"href":"http:\/\/www.denkfried.de\/wp\/index.php?rest_route=\/wp\/v2\/pages\/8171"}],"wp:attachment":[{"href":"http:\/\/www.denkfried.de\/wp\/index.php?rest_route=%2Fwp%2Fv2%2Fmedia&parent=8174"}],"curies":[{"name":"wp","href":"https:\/\/api.w.org\/{rel}","templated":true}]}}