{"id":8153,"date":"2011-05-13T19:25:12","date_gmt":"2011-05-13T17:25:12","guid":{"rendered":"http:\/\/www.denkfried.de\/wp\/?page_id=8153"},"modified":"2011-05-13T19:25:12","modified_gmt":"2011-05-13T17:25:12","slug":"hohendubrau","status":"publish","type":"page","link":"http:\/\/www.denkfried.de\/wp\/?page_id=8153","title":{"rendered":"Hohendubrau"},"content":{"rendered":"<p>&nbsp;<\/p>\n<p><strong>02906 Hohendubrau<\/strong><\/p>\n<p><strong>Ortsteile:<\/strong><br \/>\nDauban<br \/>\nGebelzig<br \/>\nGro\u00df Radisch<br \/>\nGro\u00df Saubernitz<br \/>\nJerchwitz<br \/>\nOber Prauske<br \/>\nSandf\u00f6rstgen<br \/>\nThr\u00e4na<br \/>\nWeigersdorf<\/p>\n<p>+++++++++++++++++++++++++++++++++++++++++++++++++++<\/p>\n<div id=\"msg_1313\"><strong>02906 Hohendubrau &#8211; OT Gebelzig<\/strong>&nbsp;<\/p>\n<p>Deutschland\/Hohendubrau-Gebelzig<\/p>\n<\/div>\n<div>+++++++++++++++++++++++++++++++++++++++++++++++++++++++++<\/div>\n<div>\n<div><strong>02906 Hohendubrau &#8211; OT Gro\u00df Radisch<\/strong>&nbsp;<\/p>\n<p>Deutschland\/Hohendubrau-Gebelzig<\/p>\n<\/div>\n<p><img decoding=\"async\" id=\"modify_button_1314\" src=\"..\/..\/Themes\/default\/images\/icons\/modify_inline.gif\" alt=\"\" align=\"right\" \/><\/p>\n<\/div>\n","protected":false},"excerpt":{"rendered":"<p>&nbsp; 02906 Hohendubrau Ortsteile: Dauban Gebelzig Gro\u00df Radisch Gro\u00df Saubernitz Jerchwitz Ober Prauske Sandf\u00f6rstgen Thr\u00e4na Weigersdorf +++++++++++++++++++++++++++++++++++++++++++++++++++ 02906 Hohendubrau &#8211; OT Gebelzig&nbsp; Deutschland\/Hohendubrau-Gebelzig +++++++++++++++++++++++++++++++++++++++++++++++++++++++++ 02906 Hohendubrau &#8211; OT Gro\u00df Radisch&nbsp; Deutschland\/Hohendubrau-Gebelzig<\/p>\n","protected":false},"author":2,"featured_media":0,"parent":7410,"menu_order":0,"comment_status":"closed","ping_status":"open","template":"","meta":{"footnotes":""},"class_list":["post-8153","page","type-page","status-publish","hentry"],"_links":{"self":[{"href":"http:\/\/www.denkfried.de\/wp\/index.php?rest_route=\/wp\/v2\/pages\/8153","targetHints":{"allow":["GET"]}}],"collection":[{"href":"http:\/\/www.denkfried.de\/wp\/index.php?rest_route=\/wp\/v2\/pages"}],"about":[{"href":"http:\/\/www.denkfried.de\/wp\/index.php?rest_route=\/wp\/v2\/types\/page"}],"author":[{"embeddable":true,"href":"http:\/\/www.denkfried.de\/wp\/index.php?rest_route=\/wp\/v2\/users\/2"}],"replies":[{"embeddable":true,"href":"http:\/\/www.denkfried.de\/wp\/index.php?rest_route=%2Fwp%2Fv2%2Fcomments&post=8153"}],"version-history":[{"count":2,"href":"http:\/\/www.denkfried.de\/wp\/index.php?rest_route=\/wp\/v2\/pages\/8153\/revisions"}],"predecessor-version":[{"id":8155,"href":"http:\/\/www.denkfried.de\/wp\/index.php?rest_route=\/wp\/v2\/pages\/8153\/revisions\/8155"}],"up":[{"embeddable":true,"href":"http:\/\/www.denkfried.de\/wp\/index.php?rest_route=\/wp\/v2\/pages\/7410"}],"wp:attachment":[{"href":"http:\/\/www.denkfried.de\/wp\/index.php?rest_route=%2Fwp%2Fv2%2Fmedia&parent=8153"}],"curies":[{"name":"wp","href":"https:\/\/api.w.org\/{rel}","templated":true}]}}