{"id":8084,"date":"2011-05-13T18:59:03","date_gmt":"2011-05-13T16:59:03","guid":{"rendered":"http:\/\/www.denkfried.de\/wp\/?page_id=8084"},"modified":"2011-05-13T18:59:03","modified_gmt":"2011-05-13T16:59:03","slug":"schleife","status":"publish","type":"page","link":"http:\/\/www.denkfried.de\/wp\/?page_id=8084","title":{"rendered":"Schleife"},"content":{"rendered":"<p>&nbsp;<\/p>\n<p><strong>02959 Schleife<\/strong><\/p>\n<p>Schleife wurde 1272 urkundlich erstmals erw\u00e4hnt.<br \/>\nIn den Napoleonischen Kriegen marschierten Truppen beider Seiten durch Schleife.<br \/>\nEin verheerender Brand vom 2.zum 3 Juni 1889 vernichtete 31 Geb\u00e4ude.<br \/>\n1867  f\u00fchrte die Bahnstrecke Cottbus-G\u00f6rlitz durch die Gemarkung Schleife.  Durch einen menschlichen Fehler kam es am 7.August 1905 auf der Strecke  zwischen Spremberg und Schleife zum Zusammensto\u00df 2 Z\u00fcge wobei 13  Menschen ums Leben kamen.<br \/>\nEine durch Schleife 1926 verlegte  100-kV-Leitung mu\u00dfte 1946 abgebaut und als Reparationsleitung an die  Sowjetunion abgegeben werden.<br \/>\n1935 wurde mit dem Bau der  Luft-Hauptmunitionsanstalt Wei\u00dfwasser (Muna) begonnen. Die Muna war ein  gro\u00dfer Arbeitgeber die ca.300-400 Besch\u00e4ftigte hatte. Da  kriegsverwendungsf\u00e4hige M\u00e4nner im Zweiten Weltkrieg immer weniger zur  Verf\u00fcgung standen wurden Frauen und Gefangene aus Weissru\u00dfland und der  Ukraine hier verpflichtet.<br \/>\nIm Februar 1945 wurde die Muna ger\u00e4umt und nach Franken verlegt.<br \/>\nDas Dorf war mehrmals Ziel von Luftangriffen vorallem die Fl\u00fcchtlingstrecks. Die Muna war selbst davon nicht betroffen.<br \/>\nAls  Generalfeldmarschall Sch\u00f6rner am 10.April 1945\u00a0 den Aufbau der  3.Verteidigungslinie der Nei\u00dfefront inspizierte lie\u00df er auf dem  Marktplatz in Wei\u00dfwasser Soldaten wegen &#8222;Feigheit vor dem Feind&#8220;  erschie\u00dfen. Durch seine brutale Art nannte man ihn auch den &#8222;blutigen  Ferdinand&#8220;.<br \/>\nDie K\u00e4mpfe um Schleife im April 1945 waren sehr heftig  und man brauchte ca.8 Wochen um die Toten zu bergen und zu bestatten.  Die gefallenen Sowjetsoldaten aus und um Schleife wurden auf dem  Heldenfriedhof in Trebendorf bestattet.<br \/>\nAuf der Kriegsgr\u00e4berst\u00e4tte in Schleife sind 92 Deutsche , davon 40 Unbekannte,(46 ?) in einem Sammelgrab bestattet.<\/p>\n<p><strong>DENKMAL<\/strong><\/p>\n<p><strong><div id='gallery-1' class='gallery galleryid-8084 gallery-columns-3 gallery-size-thumbnail'><dl class='gallery-item'>\n\t\t\t<dt class='gallery-icon landscape'>\n\t\t\t\t<a href='http:\/\/www.denkfried.de\/wp\/?attachment_id=8090'><img loading=\"lazy\" decoding=\"async\" width=\"150\" height=\"150\" src=\"http:\/\/www.denkfried.de\/wp\/wp-content\/uploads\/2011\/05\/IMG_1252-150x150.jpg\" class=\"attachment-thumbnail size-thumbnail\" alt=\"\" \/><\/a>\n\t\t\t<\/dt><\/dl><dl class='gallery-item'>\n\t\t\t<dt class='gallery-icon portrait'>\n\t\t\t\t<a href='http:\/\/www.denkfried.de\/wp\/?attachment_id=8086'><img loading=\"lazy\" decoding=\"async\" width=\"150\" height=\"150\" src=\"http:\/\/www.denkfried.de\/wp\/wp-content\/uploads\/2011\/05\/IMG_1255-150x150.jpg\" class=\"attachment-thumbnail size-thumbnail\" alt=\"\" \/><\/a>\n\t\t\t<\/dt><\/dl><dl class='gallery-item'>\n\t\t\t<dt class='gallery-icon landscape'>\n\t\t\t\t<a href='http:\/\/www.denkfried.de\/wp\/?attachment_id=8085'><img loading=\"lazy\" decoding=\"async\" width=\"150\" height=\"150\" src=\"http:\/\/www.denkfried.de\/wp\/wp-content\/uploads\/2011\/05\/IMG_1253-150x150.jpg\" class=\"attachment-thumbnail size-thumbnail\" alt=\"\" \/><\/a>\n\t\t\t<\/dt><\/dl><br style=\"clear: both\" \/><dl class='gallery-item'>\n\t\t\t<dt class='gallery-icon portrait'>\n\t\t\t\t<a href='http:\/\/www.denkfried.de\/wp\/?attachment_id=8087'><img loading=\"lazy\" decoding=\"async\" width=\"150\" height=\"150\" src=\"http:\/\/www.denkfried.de\/wp\/wp-content\/uploads\/2011\/05\/IMG_1244-150x150.jpg\" class=\"attachment-thumbnail size-thumbnail\" alt=\"\" \/><\/a>\n\t\t\t<\/dt><\/dl><dl class='gallery-item'>\n\t\t\t<dt class='gallery-icon landscape'>\n\t\t\t\t<a href='http:\/\/www.denkfried.de\/wp\/?attachment_id=8088'><img loading=\"lazy\" decoding=\"async\" width=\"150\" height=\"150\" src=\"http:\/\/www.denkfried.de\/wp\/wp-content\/uploads\/2011\/05\/IMG_1245-150x150.jpg\" class=\"attachment-thumbnail size-thumbnail\" alt=\"\" \/><\/a>\n\t\t\t<\/dt><\/dl><dl class='gallery-item'>\n\t\t\t<dt class='gallery-icon portrait'>\n\t\t\t\t<a href='http:\/\/www.denkfried.de\/wp\/?attachment_id=8089'><img loading=\"lazy\" decoding=\"async\" width=\"150\" height=\"150\" src=\"http:\/\/www.denkfried.de\/wp\/wp-content\/uploads\/2011\/05\/IMG_1248-150x150.jpg\" class=\"attachment-thumbnail size-thumbnail\" alt=\"\" \/><\/a>\n\t\t\t<\/dt><\/dl><br style=\"clear: both\" \/>\n\t\t<\/div>\n<br \/>\n<\/strong><\/p>\n","protected":false},"excerpt":{"rendered":"<p>&nbsp; 02959 Schleife Schleife wurde 1272 urkundlich erstmals erw\u00e4hnt. In den Napoleonischen Kriegen marschierten Truppen beider Seiten durch Schleife. Ein verheerender Brand vom 2.zum 3 Juni 1889 vernichtete 31 Geb\u00e4ude. 1867 f\u00fchrte die Bahnstrecke Cottbus-G\u00f6rlitz durch die Gemarkung Schleife. Durch &hellip; <a href=\"http:\/\/www.denkfried.de\/wp\/?page_id=8084\">Weiterlesen <span class=\"meta-nav\">&rarr;<\/span><\/a><\/p>\n","protected":false},"author":2,"featured_media":0,"parent":7410,"menu_order":0,"comment_status":"closed","ping_status":"open","template":"","meta":{"footnotes":""},"class_list":["post-8084","page","type-page","status-publish","hentry"],"_links":{"self":[{"href":"http:\/\/www.denkfried.de\/wp\/index.php?rest_route=\/wp\/v2\/pages\/8084","targetHints":{"allow":["GET"]}}],"collection":[{"href":"http:\/\/www.denkfried.de\/wp\/index.php?rest_route=\/wp\/v2\/pages"}],"about":[{"href":"http:\/\/www.denkfried.de\/wp\/index.php?rest_route=\/wp\/v2\/types\/page"}],"author":[{"embeddable":true,"href":"http:\/\/www.denkfried.de\/wp\/index.php?rest_route=\/wp\/v2\/users\/2"}],"replies":[{"embeddable":true,"href":"http:\/\/www.denkfried.de\/wp\/index.php?rest_route=%2Fwp%2Fv2%2Fcomments&post=8084"}],"version-history":[{"count":2,"href":"http:\/\/www.denkfried.de\/wp\/index.php?rest_route=\/wp\/v2\/pages\/8084\/revisions"}],"predecessor-version":[{"id":8092,"href":"http:\/\/www.denkfried.de\/wp\/index.php?rest_route=\/wp\/v2\/pages\/8084\/revisions\/8092"}],"up":[{"embeddable":true,"href":"http:\/\/www.denkfried.de\/wp\/index.php?rest_route=\/wp\/v2\/pages\/7410"}],"wp:attachment":[{"href":"http:\/\/www.denkfried.de\/wp\/index.php?rest_route=%2Fwp%2Fv2%2Fmedia&parent=8084"}],"curies":[{"name":"wp","href":"https:\/\/api.w.org\/{rel}","templated":true}]}}