{"id":8014,"date":"2011-05-12T22:41:17","date_gmt":"2011-05-12T20:41:17","guid":{"rendered":"http:\/\/www.denkfried.de\/wp\/?page_id=8014"},"modified":"2012-09-22T20:14:26","modified_gmt":"2012-09-22T18:14:26","slug":"zittau","status":"publish","type":"page","link":"http:\/\/www.denkfried.de\/wp\/?page_id=8014","title":{"rendered":"Zittau"},"content":{"rendered":"<p>&nbsp;<\/p>\n<p>Verwaltungssitz:<strong> 02763 Zittau, <\/strong>Mark1<\/p>\n<p><strong>***********************************************************************<br \/>\n<\/strong><\/p>\n<p><strong>J\u00fcdischer Friedhof<\/strong><\/p>\n<p>Die Synagoge und die j\u00fcdische Leichenhalle wurden beim Novemberpogrom 1938 gesprengt. Mindestens 40 Juden aus Zittau und L\u00f6bau fielen der Shoa zum Opfer.<\/p>\n<p>Foto Quelle: SZ v.21.11.2009<\/p>\n<p>++++++++++++++++++++++++++++++++++++++++++++++++++++++++++<\/p>\n<p><strong>DENKMAL<\/strong><br \/>\nKriegerdenkmal an der Klosterkirche<\/p>\n<p>++++++++++++++++++++++++++++++++++++++++++++++++++++++++++<\/p>\n<p>&#8211; Grabst\u00e4tte und Gedenkstein von 1945 auf dem Friedhof des Ortsteiles Dittelsdorf f\u00fcr Verfolgte des Naziregimes<\/p>\n<p>-Gedenkstein an der Unteren Bergstra\u00dfe\/Ecke Hauptstra\u00dfe im Ortsteil Pethau zur Erinnerung an den kommunistischen Widerstandsk\u00e4mpfer Willi Gall, der 1941 in Berlin-Pl\u00f6tzensee ermordet wurde<\/p>\n<p>&#8211; Gedenktafel aus dem Jahr 1989 an der Lessingstra\u00dfe 12 zur Erinnerung an die zerst\u00f6rte Synagoge und an die j\u00fcdischen Opfer der Shoa<\/p>\n<p>-Gedenkstein aus dem Jahr 1948 auf dem J\u00fcdischen Friedhof an der G\u00f6rlitzer Stra\u00dfe zur Erinnerung an die 40 ermordeten j\u00fcdischen B\u00fcrger der St\u00e4dte Zittau und L\u00f6bau<\/p>\n<p>&#8211; Gedenkst\u00e4tte auf dem St\u00e4dtischen Friedhof zur Erinnerung an KZ-H\u00e4ftlinge und Zwangsarbeiter, die w\u00e4hrend des Zweiten Weltkrieges in den Zitt-Werken Zwangsarbeit verrichten mussten.<\/p>\n<p>&nbsp;<\/p>\n","protected":false},"excerpt":{"rendered":"<p>&nbsp; Verwaltungssitz: 02763 Zittau, Mark1 *********************************************************************** J\u00fcdischer Friedhof Die Synagoge und die j\u00fcdische Leichenhalle wurden beim Novemberpogrom 1938 gesprengt. Mindestens 40 Juden aus Zittau und L\u00f6bau fielen der Shoa zum Opfer. Foto Quelle: SZ v.21.11.2009 ++++++++++++++++++++++++++++++++++++++++++++++++++++++++++ DENKMAL Kriegerdenkmal an der &hellip; <a href=\"http:\/\/www.denkfried.de\/wp\/?page_id=8014\">Weiterlesen <span class=\"meta-nav\">&rarr;<\/span><\/a><\/p>\n","protected":false},"author":2,"featured_media":0,"parent":7410,"menu_order":0,"comment_status":"closed","ping_status":"open","template":"","meta":{"footnotes":""},"class_list":["post-8014","page","type-page","status-publish","hentry"],"_links":{"self":[{"href":"http:\/\/www.denkfried.de\/wp\/index.php?rest_route=\/wp\/v2\/pages\/8014","targetHints":{"allow":["GET"]}}],"collection":[{"href":"http:\/\/www.denkfried.de\/wp\/index.php?rest_route=\/wp\/v2\/pages"}],"about":[{"href":"http:\/\/www.denkfried.de\/wp\/index.php?rest_route=\/wp\/v2\/types\/page"}],"author":[{"embeddable":true,"href":"http:\/\/www.denkfried.de\/wp\/index.php?rest_route=\/wp\/v2\/users\/2"}],"replies":[{"embeddable":true,"href":"http:\/\/www.denkfried.de\/wp\/index.php?rest_route=%2Fwp%2Fv2%2Fcomments&post=8014"}],"version-history":[{"count":4,"href":"http:\/\/www.denkfried.de\/wp\/index.php?rest_route=\/wp\/v2\/pages\/8014\/revisions"}],"predecessor-version":[{"id":25378,"href":"http:\/\/www.denkfried.de\/wp\/index.php?rest_route=\/wp\/v2\/pages\/8014\/revisions\/25378"}],"up":[{"embeddable":true,"href":"http:\/\/www.denkfried.de\/wp\/index.php?rest_route=\/wp\/v2\/pages\/7410"}],"wp:attachment":[{"href":"http:\/\/www.denkfried.de\/wp\/index.php?rest_route=%2Fwp%2Fv2%2Fmedia&parent=8014"}],"curies":[{"name":"wp","href":"https:\/\/api.w.org\/{rel}","templated":true}]}}