{"id":8005,"date":"2011-05-12T22:39:50","date_gmt":"2011-05-12T20:39:50","guid":{"rendered":"http:\/\/www.denkfried.de\/wp\/?page_id=8005"},"modified":"2011-05-12T22:39:50","modified_gmt":"2011-05-12T20:39:50","slug":"herrnhut","status":"publish","type":"page","link":"http:\/\/www.denkfried.de\/wp\/?page_id=8005","title":{"rendered":"Herrnhut"},"content":{"rendered":"<p>&nbsp;<\/p>\n<p><strong>02747 Herrnhut<\/strong><\/p>\n<p><strong>Kriegsgr\u00e4berst\u00e4tte<\/strong> &#8211; Gemeindefriedhof<\/p>\n<hr \/>\n<p><strong>DENKMAL<\/strong> 1.Weltkrieg<\/p>\n<p>Aus  der Ferne sieht Herrenhuts Friedhof aus wie eine Wiese. Nur wer den  Wegen entlang geht sieht die flachen Steine im Gras. Die evangelische  Freikirche der Herrnhuter Br\u00fcder-Unit\u00e4t hatte 1740 beschlossen, dass nur  schlichte Steine mit den wichtigsten Angaben zur Person auf den Gr\u00e4bern  liegen sollten. Au\u00dferdem werden die Toten bis heute nach Geschlechtern  getrennt beerdigt auf dem noch immer genutzten &#8222;Gottesacker&#8220;. Nur die  Gr\u00e4ber des Gemeinde-Gr\u00fcnders Nikolaus von Zinzendorf und seiner Familie  stechen hervor. Ihre Gebeine ruhen in Steins\u00e4rgen in der Mitte des  Gottesackers, direkt am Weg.<br \/>\nEine weitere Besonderheit ist, das die  Toten ein ewiges Ruherecht genie\u00dfen. d.h. die Gr\u00e4ber werden nicht nach  einer bestimmten Liegezeit eingeebnet. Auch eine Grapflege mit  Blumenschmuck ist nicht \u00fcblich au\u00dfer am Tag der Bestattung.<\/p>\n<p>&nbsp;<\/p>\n<div id='gallery-1' class='gallery galleryid-8005 gallery-columns-3 gallery-size-thumbnail'><dl class='gallery-item'>\n\t\t\t<dt class='gallery-icon landscape'>\n\t\t\t\t<a href='http:\/\/www.denkfried.de\/wp\/?attachment_id=8007'><img loading=\"lazy\" decoding=\"async\" width=\"150\" height=\"150\" src=\"http:\/\/www.denkfried.de\/wp\/wp-content\/uploads\/2011\/05\/P10100901-150x150.jpg\" class=\"attachment-thumbnail size-thumbnail\" alt=\"\" \/><\/a>\n\t\t\t<\/dt><\/dl><dl class='gallery-item'>\n\t\t\t<dt class='gallery-icon landscape'>\n\t\t\t\t<a href='http:\/\/www.denkfried.de\/wp\/?attachment_id=8008'><img loading=\"lazy\" decoding=\"async\" width=\"150\" height=\"150\" src=\"http:\/\/www.denkfried.de\/wp\/wp-content\/uploads\/2011\/05\/P1010091-150x150.jpg\" class=\"attachment-thumbnail size-thumbnail\" alt=\"\" \/><\/a>\n\t\t\t<\/dt><\/dl><dl class='gallery-item'>\n\t\t\t<dt class='gallery-icon landscape'>\n\t\t\t\t<a href='http:\/\/www.denkfried.de\/wp\/?attachment_id=8009'><img loading=\"lazy\" decoding=\"async\" width=\"150\" height=\"150\" src=\"http:\/\/www.denkfried.de\/wp\/wp-content\/uploads\/2011\/05\/P1010092-150x150.jpg\" class=\"attachment-thumbnail size-thumbnail\" alt=\"\" \/><\/a>\n\t\t\t<\/dt><\/dl><br style=\"clear: both\" \/><dl class='gallery-item'>\n\t\t\t<dt class='gallery-icon landscape'>\n\t\t\t\t<a href='http:\/\/www.denkfried.de\/wp\/?attachment_id=8011'><img loading=\"lazy\" decoding=\"async\" width=\"150\" height=\"150\" src=\"http:\/\/www.denkfried.de\/wp\/wp-content\/uploads\/2011\/05\/P1010095-150x150.jpg\" class=\"attachment-thumbnail size-thumbnail\" alt=\"\" \/><\/a>\n\t\t\t<\/dt><\/dl><dl class='gallery-item'>\n\t\t\t<dt class='gallery-icon landscape'>\n\t\t\t\t<a href='http:\/\/www.denkfried.de\/wp\/?attachment_id=8010'><img loading=\"lazy\" decoding=\"async\" width=\"150\" height=\"150\" src=\"http:\/\/www.denkfried.de\/wp\/wp-content\/uploads\/2011\/05\/P1010094-150x150.jpg\" class=\"attachment-thumbnail size-thumbnail\" alt=\"\" \/><\/a>\n\t\t\t<\/dt><\/dl><dl class='gallery-item'>\n\t\t\t<dt class='gallery-icon landscape'>\n\t\t\t\t<a href='http:\/\/www.denkfried.de\/wp\/?attachment_id=8006'><img loading=\"lazy\" decoding=\"async\" width=\"150\" height=\"150\" src=\"http:\/\/www.denkfried.de\/wp\/wp-content\/uploads\/2011\/05\/P10100972-150x150.jpg\" class=\"attachment-thumbnail size-thumbnail\" alt=\"\" \/><\/a>\n\t\t\t<\/dt><\/dl><br style=\"clear: both\" \/>\n\t\t<\/div>\n\n","protected":false},"excerpt":{"rendered":"<p>&nbsp; 02747 Herrnhut Kriegsgr\u00e4berst\u00e4tte &#8211; Gemeindefriedhof DENKMAL 1.Weltkrieg Aus der Ferne sieht Herrenhuts Friedhof aus wie eine Wiese. Nur wer den Wegen entlang geht sieht die flachen Steine im Gras. Die evangelische Freikirche der Herrnhuter Br\u00fcder-Unit\u00e4t hatte 1740 beschlossen, dass &hellip; <a href=\"http:\/\/www.denkfried.de\/wp\/?page_id=8005\">Weiterlesen <span class=\"meta-nav\">&rarr;<\/span><\/a><\/p>\n","protected":false},"author":2,"featured_media":0,"parent":7410,"menu_order":0,"comment_status":"closed","ping_status":"open","template":"","meta":{"footnotes":""},"class_list":["post-8005","page","type-page","status-publish","hentry"],"_links":{"self":[{"href":"http:\/\/www.denkfried.de\/wp\/index.php?rest_route=\/wp\/v2\/pages\/8005","targetHints":{"allow":["GET"]}}],"collection":[{"href":"http:\/\/www.denkfried.de\/wp\/index.php?rest_route=\/wp\/v2\/pages"}],"about":[{"href":"http:\/\/www.denkfried.de\/wp\/index.php?rest_route=\/wp\/v2\/types\/page"}],"author":[{"embeddable":true,"href":"http:\/\/www.denkfried.de\/wp\/index.php?rest_route=\/wp\/v2\/users\/2"}],"replies":[{"embeddable":true,"href":"http:\/\/www.denkfried.de\/wp\/index.php?rest_route=%2Fwp%2Fv2%2Fcomments&post=8005"}],"version-history":[{"count":2,"href":"http:\/\/www.denkfried.de\/wp\/index.php?rest_route=\/wp\/v2\/pages\/8005\/revisions"}],"predecessor-version":[{"id":8013,"href":"http:\/\/www.denkfried.de\/wp\/index.php?rest_route=\/wp\/v2\/pages\/8005\/revisions\/8013"}],"up":[{"embeddable":true,"href":"http:\/\/www.denkfried.de\/wp\/index.php?rest_route=\/wp\/v2\/pages\/7410"}],"wp:attachment":[{"href":"http:\/\/www.denkfried.de\/wp\/index.php?rest_route=%2Fwp%2Fv2%2Fmedia&parent=8005"}],"curies":[{"name":"wp","href":"https:\/\/api.w.org\/{rel}","templated":true}]}}