{"id":7998,"date":"2011-05-12T22:33:49","date_gmt":"2011-05-12T20:33:49","guid":{"rendered":"http:\/\/www.denkfried.de\/wp\/?page_id=7998"},"modified":"2011-05-12T22:33:49","modified_gmt":"2011-05-12T20:33:49","slug":"gorlitz","status":"publish","type":"page","link":"http:\/\/www.denkfried.de\/wp\/?page_id=7998","title":{"rendered":"G\u00f6rlitz"},"content":{"rendered":"<p>&nbsp;<\/p>\n<p><strong>02826 G\u00f6rlitz<\/strong><\/p>\n<p>Im  Stadtgebiet befinden sich auf mehreren Friedh\u00f6fen Kriegsgr\u00e4beranlagen.  Sie alle sind Zeugnisse der Geschichte und bekunden in besonderer Weise  die Grausamkeiten von Krieg, Verfolgung und Vertreibung. Die mit Namen  bekannten Kriegsopfer sind in Listen erfasst, so dass die Suche von  Angeh\u00f6rigen auch viele Jahre nach dem Krieg manchmal noch zu  beeindruckenden Erlebnissen f\u00fchrt. Auf den Friedh\u00f6fen im Stadtgebiet  sind Deutsche, Franzosen, Griechen, Italiener, Juden, Polen sowie Opfer  aus der damaligen Sowjetunion (alphabetische Reihenfolge) bestattet.  Dabei ist die Geschichte der Griechen eine Besondere, denn sie sind  nicht an den Folgen kriegerischer Auseinandersetzungen gestorben,  sondern hatten w\u00e4hrend des ersten Weltkrieges in G\u00f6rlitz Aufnahme  gefunden. Viele waren der Spanischen Grippe zum Opfer gefallen.<br \/>\nN\u00e4here  Ausk\u00fcnfte zu Kriegsgr\u00e4berfriedh\u00f6fen und zur genauen Lage einzelner  Gr\u00e4ber geben die Mitarbeiter der St\u00e4dtischen Friedhofsverwaltung.<\/p>\n<p>St\u00e4dtischer Friedhof &#8211; Zust\u00e4ndigkeit Stadtverwaltung G\u00f6rlitz, Schanze 11a<br \/>\nDeutschland\/G\u00f6rlitz &#8211; Komm.Friedhof<\/p>\n<p>Nikolaifriedhof<\/p>\n<p>&nbsp;<\/p>\n","protected":false},"excerpt":{"rendered":"<p>&nbsp; 02826 G\u00f6rlitz Im Stadtgebiet befinden sich auf mehreren Friedh\u00f6fen Kriegsgr\u00e4beranlagen. Sie alle sind Zeugnisse der Geschichte und bekunden in besonderer Weise die Grausamkeiten von Krieg, Verfolgung und Vertreibung. Die mit Namen bekannten Kriegsopfer sind in Listen erfasst, so dass &hellip; <a href=\"http:\/\/www.denkfried.de\/wp\/?page_id=7998\">Weiterlesen <span class=\"meta-nav\">&rarr;<\/span><\/a><\/p>\n","protected":false},"author":2,"featured_media":0,"parent":7410,"menu_order":0,"comment_status":"closed","ping_status":"open","template":"","meta":{"footnotes":""},"class_list":["post-7998","page","type-page","status-publish","hentry"],"_links":{"self":[{"href":"http:\/\/www.denkfried.de\/wp\/index.php?rest_route=\/wp\/v2\/pages\/7998","targetHints":{"allow":["GET"]}}],"collection":[{"href":"http:\/\/www.denkfried.de\/wp\/index.php?rest_route=\/wp\/v2\/pages"}],"about":[{"href":"http:\/\/www.denkfried.de\/wp\/index.php?rest_route=\/wp\/v2\/types\/page"}],"author":[{"embeddable":true,"href":"http:\/\/www.denkfried.de\/wp\/index.php?rest_route=\/wp\/v2\/users\/2"}],"replies":[{"embeddable":true,"href":"http:\/\/www.denkfried.de\/wp\/index.php?rest_route=%2Fwp%2Fv2%2Fcomments&post=7998"}],"version-history":[{"count":2,"href":"http:\/\/www.denkfried.de\/wp\/index.php?rest_route=\/wp\/v2\/pages\/7998\/revisions"}],"predecessor-version":[{"id":8000,"href":"http:\/\/www.denkfried.de\/wp\/index.php?rest_route=\/wp\/v2\/pages\/7998\/revisions\/8000"}],"up":[{"embeddable":true,"href":"http:\/\/www.denkfried.de\/wp\/index.php?rest_route=\/wp\/v2\/pages\/7410"}],"wp:attachment":[{"href":"http:\/\/www.denkfried.de\/wp\/index.php?rest_route=%2Fwp%2Fv2%2Fmedia&parent=7998"}],"curies":[{"name":"wp","href":"https:\/\/api.w.org\/{rel}","templated":true}]}}