{"id":7941,"date":"2011-05-12T22:04:43","date_gmt":"2011-05-12T20:04:43","guid":{"rendered":"http:\/\/www.denkfried.de\/wp\/?page_id=7941"},"modified":"2011-05-12T22:04:43","modified_gmt":"2011-05-12T20:04:43","slug":"grimma","status":"publish","type":"page","link":"http:\/\/www.denkfried.de\/wp\/?page_id=7941","title":{"rendered":"Grimma"},"content":{"rendered":"<p>&nbsp;<\/p>\n<p><strong>04668 Grimma<\/strong><\/p>\n<p>1 Kriegsgr\u00e4berst\u00e4tte\u00a0 97 Tote<\/p>\n<p>Ev.-Luth.Kirchgemeinde &#8211; Pfarramt Grimma, Baderplan 1<br \/>\nFriedhof &#8211; Friedhofsverwaltung, Aug.-Bebel-Stra\u00dfe 14<br \/>\nGrabst\u00e4tten  und Gedenkstein f\u00fcr Kriegsgefangene, Frauen und M\u00e4nner verschiedener  Nationen die als Zwangsarbeiter im 2.WK nach Deutschland verschleppt  wurden.<\/p>\n<p>Ehrenmal f\u00fcr Widerstandsk\u00e4mpfer und Opfer des Faschismus im Stadtpark am Schwanenteich.<\/p>\n","protected":false},"excerpt":{"rendered":"<p>&nbsp; 04668 Grimma 1 Kriegsgr\u00e4berst\u00e4tte\u00a0 97 Tote Ev.-Luth.Kirchgemeinde &#8211; Pfarramt Grimma, Baderplan 1 Friedhof &#8211; Friedhofsverwaltung, Aug.-Bebel-Stra\u00dfe 14 Grabst\u00e4tten und Gedenkstein f\u00fcr Kriegsgefangene, Frauen und M\u00e4nner verschiedener Nationen die als Zwangsarbeiter im 2.WK nach Deutschland verschleppt wurden. Ehrenmal f\u00fcr Widerstandsk\u00e4mpfer &hellip; <a href=\"http:\/\/www.denkfried.de\/wp\/?page_id=7941\">Weiterlesen <span class=\"meta-nav\">&rarr;<\/span><\/a><\/p>\n","protected":false},"author":2,"featured_media":0,"parent":7413,"menu_order":0,"comment_status":"closed","ping_status":"open","template":"","meta":{"footnotes":""},"class_list":["post-7941","page","type-page","status-publish","hentry"],"_links":{"self":[{"href":"http:\/\/www.denkfried.de\/wp\/index.php?rest_route=\/wp\/v2\/pages\/7941","targetHints":{"allow":["GET"]}}],"collection":[{"href":"http:\/\/www.denkfried.de\/wp\/index.php?rest_route=\/wp\/v2\/pages"}],"about":[{"href":"http:\/\/www.denkfried.de\/wp\/index.php?rest_route=\/wp\/v2\/types\/page"}],"author":[{"embeddable":true,"href":"http:\/\/www.denkfried.de\/wp\/index.php?rest_route=\/wp\/v2\/users\/2"}],"replies":[{"embeddable":true,"href":"http:\/\/www.denkfried.de\/wp\/index.php?rest_route=%2Fwp%2Fv2%2Fcomments&post=7941"}],"version-history":[{"count":2,"href":"http:\/\/www.denkfried.de\/wp\/index.php?rest_route=\/wp\/v2\/pages\/7941\/revisions"}],"predecessor-version":[{"id":7943,"href":"http:\/\/www.denkfried.de\/wp\/index.php?rest_route=\/wp\/v2\/pages\/7941\/revisions\/7943"}],"up":[{"embeddable":true,"href":"http:\/\/www.denkfried.de\/wp\/index.php?rest_route=\/wp\/v2\/pages\/7413"}],"wp:attachment":[{"href":"http:\/\/www.denkfried.de\/wp\/index.php?rest_route=%2Fwp%2Fv2%2Fmedia&parent=7941"}],"curies":[{"name":"wp","href":"https:\/\/api.w.org\/{rel}","templated":true}]}}