{"id":7871,"date":"2011-05-12T17:36:11","date_gmt":"2011-05-12T15:36:11","guid":{"rendered":"http:\/\/www.denkfried.de\/wp\/?page_id=7871"},"modified":"2011-11-03T21:57:57","modified_gmt":"2011-11-03T20:57:57","slug":"lommatzsch-striegnitz","status":"publish","type":"page","link":"http:\/\/www.denkfried.de\/wp\/?page_id=7871","title":{"rendered":"Lommatzsch-Striegnitz"},"content":{"rendered":"<p>&nbsp;<\/p>\n<p id=\"msg_1957\"><span style=\"text-decoration: underline;\"><strong>01623 Lommatzsch &#8211; OT Striegnitz<\/strong><\/span>, Striegnitzer Stra\u00dfe<\/p>\n<p>&nbsp;<\/p>\n<p><strong>Kriegsgr\u00e4berst\u00e4tte<\/strong><br \/>\nauf dem Friedhof der Ev.-Luth.Kirchgemeinde<\/p>\n<p>Urspr\u00fcnglich war auf dem Friedhof nur noch ein Kriegsgrab sichtbar, n\u00e4mlich das von Julius Eichler.<\/p>\n<p>Seit 1999 liefen die Bem\u00fchungen die Gr\u00e4ber in einen akzeptablen Zustand auf Grundlage der entsprechenden rechtlichen Regelungen zu versetzen.<br \/>\nDie Recherchen ergaben das noch mindestens 2 Gr\u00e4ber existieren m\u00fc\u00dften. Die Gr\u00e4ber wurden wie das erste wieder hergestellt. Eine Beantragung bei den zust\u00e4ndigen Stellen f\u00fcr die Anerkennung als Kriegsgr\u00e4ber erfolgte im Jahr 2003.<\/p>\n<p>3 Kriegstote namentlich bekannt\u00a0 \u00a0 \u00a0 \u00a0 \u00a0 \u00a0 \u00a0 \u00a0 \u00a0 Deutschland\/Lommatzsch-FH Striegnitz<\/p>\n<p style=\"padding-left: 120px;\">Eichler, Julius\u00a0 \u00a0\u00a0 &#8211; Uffz. &#8211; \u00a0\u00a0\u00a0 geb.: 05.02.1926 Teplitz-Sch\u00f6nau\u00a0\u00a0\u00a0 \u00a0 \u00a0 \u00a0 \u00a0 \u00a0 \u00a0 \u00a0\u00a0\u00a0\u00a0\u00a0\u00a0 gef.:\u00a0 02.05.1945 bei Striegnitz<\/p>\n<p style=\"padding-left: 120px;\">Kube, Hinrich Joseph \u00a0\u00a0\u00a0 &#8211; Wachtmeister &#8211;\u00a0\u00a0\u00a0\u00a0 geb.: 06.08.1916\u00a0\u00a0 Haseldorf\u00a0 \u00a0\u00a0 gef.: 03.05.1945 Striegnitz<\/p>\n<p style=\"padding-left: 120px;\">Vorkapic, Milan\u00a0\u00a0\u00a0\u00a0\u00a0 &#8211; Soldat &#8211;\u00a0\u00a0\u00a0 geb.: 08.10.1919\u00a0\u00a0\u00a0 Serbien\u00a0\u00a0\u00a0 \u00a0 \u00a0 \u00a0 \u00a0 \u00a0 \u00a0 \u00a0 \u00a0 \u00a0 \u00a0 \u00a0 \u00a0 \u00a0 \u00a0\u00a0 gest.: 18.06.1945 durch Explosion einer Mine<\/p>\n<p style=\"padding-left: 90px;\">\n","protected":false},"excerpt":{"rendered":"<p>&nbsp; 01623 Lommatzsch &#8211; OT Striegnitz, Striegnitzer Stra\u00dfe &nbsp; Kriegsgr\u00e4berst\u00e4tte auf dem Friedhof der Ev.-Luth.Kirchgemeinde Urspr\u00fcnglich war auf dem Friedhof nur noch ein Kriegsgrab sichtbar, n\u00e4mlich das von Julius Eichler. Seit 1999 liefen die Bem\u00fchungen die Gr\u00e4ber in einen akzeptablen &hellip; <a href=\"http:\/\/www.denkfried.de\/wp\/?page_id=7871\">Weiterlesen <span class=\"meta-nav\">&rarr;<\/span><\/a><\/p>\n","protected":false},"author":2,"featured_media":0,"parent":7844,"menu_order":0,"comment_status":"closed","ping_status":"open","template":"","meta":{"footnotes":""},"class_list":["post-7871","page","type-page","status-publish","hentry"],"_links":{"self":[{"href":"http:\/\/www.denkfried.de\/wp\/index.php?rest_route=\/wp\/v2\/pages\/7871","targetHints":{"allow":["GET"]}}],"collection":[{"href":"http:\/\/www.denkfried.de\/wp\/index.php?rest_route=\/wp\/v2\/pages"}],"about":[{"href":"http:\/\/www.denkfried.de\/wp\/index.php?rest_route=\/wp\/v2\/types\/page"}],"author":[{"embeddable":true,"href":"http:\/\/www.denkfried.de\/wp\/index.php?rest_route=\/wp\/v2\/users\/2"}],"replies":[{"embeddable":true,"href":"http:\/\/www.denkfried.de\/wp\/index.php?rest_route=%2Fwp%2Fv2%2Fcomments&post=7871"}],"version-history":[{"count":9,"href":"http:\/\/www.denkfried.de\/wp\/index.php?rest_route=\/wp\/v2\/pages\/7871\/revisions"}],"predecessor-version":[{"id":14425,"href":"http:\/\/www.denkfried.de\/wp\/index.php?rest_route=\/wp\/v2\/pages\/7871\/revisions\/14425"}],"up":[{"embeddable":true,"href":"http:\/\/www.denkfried.de\/wp\/index.php?rest_route=\/wp\/v2\/pages\/7844"}],"wp:attachment":[{"href":"http:\/\/www.denkfried.de\/wp\/index.php?rest_route=%2Fwp%2Fv2%2Fmedia&parent=7871"}],"curies":[{"name":"wp","href":"https:\/\/api.w.org\/{rel}","templated":true}]}}