{"id":7800,"date":"2011-05-12T16:56:34","date_gmt":"2011-05-12T14:56:34","guid":{"rendered":"http:\/\/www.denkfried.de\/wp\/?page_id=7800"},"modified":"2011-05-12T16:56:34","modified_gmt":"2011-05-12T14:56:34","slug":"dobeln-technitz","status":"publish","type":"page","link":"http:\/\/www.denkfried.de\/wp\/?page_id=7800","title":{"rendered":"D\u00f6beln-Technitz"},"content":{"rendered":"<p>&nbsp;<\/p>\n<p><strong>04720 D\u00f6beln- OT Technitz<\/strong><\/p>\n<p>Kriegsgr\u00e4berst\u00e4tte<\/p>\n<p>Deutschland\/D\u00f6beln-Technitz-FH<br \/>\nNamentlich erfasst: 84<\/p>\n<p>Hier liegen 85 Kriegstote, Deutsche, Russen, u.a., davon blieb 1 ohne Namen. er ist bestattet auf Reihe 4, Grab 21.<\/p>\n<p>&nbsp;<\/p>\n","protected":false},"excerpt":{"rendered":"<p>&nbsp; 04720 D\u00f6beln- OT Technitz Kriegsgr\u00e4berst\u00e4tte Deutschland\/D\u00f6beln-Technitz-FH Namentlich erfasst: 84 Hier liegen 85 Kriegstote, Deutsche, Russen, u.a., davon blieb 1 ohne Namen. er ist bestattet auf Reihe 4, Grab 21. &nbsp;<\/p>\n","protected":false},"author":2,"featured_media":0,"parent":7797,"menu_order":0,"comment_status":"closed","ping_status":"open","template":"","meta":{"footnotes":""},"class_list":["post-7800","page","type-page","status-publish","hentry"],"_links":{"self":[{"href":"http:\/\/www.denkfried.de\/wp\/index.php?rest_route=\/wp\/v2\/pages\/7800","targetHints":{"allow":["GET"]}}],"collection":[{"href":"http:\/\/www.denkfried.de\/wp\/index.php?rest_route=\/wp\/v2\/pages"}],"about":[{"href":"http:\/\/www.denkfried.de\/wp\/index.php?rest_route=\/wp\/v2\/types\/page"}],"author":[{"embeddable":true,"href":"http:\/\/www.denkfried.de\/wp\/index.php?rest_route=\/wp\/v2\/users\/2"}],"replies":[{"embeddable":true,"href":"http:\/\/www.denkfried.de\/wp\/index.php?rest_route=%2Fwp%2Fv2%2Fcomments&post=7800"}],"version-history":[{"count":2,"href":"http:\/\/www.denkfried.de\/wp\/index.php?rest_route=\/wp\/v2\/pages\/7800\/revisions"}],"predecessor-version":[{"id":7802,"href":"http:\/\/www.denkfried.de\/wp\/index.php?rest_route=\/wp\/v2\/pages\/7800\/revisions\/7802"}],"up":[{"embeddable":true,"href":"http:\/\/www.denkfried.de\/wp\/index.php?rest_route=\/wp\/v2\/pages\/7797"}],"wp:attachment":[{"href":"http:\/\/www.denkfried.de\/wp\/index.php?rest_route=%2Fwp%2Fv2%2Fmedia&parent=7800"}],"curies":[{"name":"wp","href":"https:\/\/api.w.org\/{rel}","templated":true}]}}