{"id":7797,"date":"2011-05-12T16:55:33","date_gmt":"2011-05-12T14:55:33","guid":{"rendered":"http:\/\/www.denkfried.de\/wp\/?page_id=7797"},"modified":"2011-05-12T16:55:33","modified_gmt":"2011-05-12T14:55:33","slug":"dobeln","status":"publish","type":"page","link":"http:\/\/www.denkfried.de\/wp\/?page_id=7797","title":{"rendered":"D\u00f6beln"},"content":{"rendered":"<p>&nbsp;<\/p>\n<p><strong>04720 D\u00f6beln<\/strong><\/p>\n<p>Ortsteile:<br \/>\nTechnitz<\/p>\n<hr \/>\n<p>Am 6.Mai 1945 besetzten die Alliierten die Stadt. D\u00f6beln blieb unbesch\u00e4digt.<\/p>\n<p>Gedenkstein  auf dem Friedhof f\u00fcr 21 sowjetische und polnische Frauen und M\u00e4nner,  die w\u00e4hrend des 2.Weltkrieges nach Deutschland verschleppt wurden und  hier verstarben.<\/p>\n<p>Denkmal auf dem Wettinplatz f\u00fcr Rotarmisten sowie f\u00fcr alle Opfer des Faschismus.<\/p>\n<p>Kriegsgr\u00e4berst\u00e4tte<\/p>\n<p>&nbsp;<\/p>\n","protected":false},"excerpt":{"rendered":"<p>&nbsp; 04720 D\u00f6beln Ortsteile: Technitz Am 6.Mai 1945 besetzten die Alliierten die Stadt. D\u00f6beln blieb unbesch\u00e4digt. Gedenkstein auf dem Friedhof f\u00fcr 21 sowjetische und polnische Frauen und M\u00e4nner, die w\u00e4hrend des 2.Weltkrieges nach Deutschland verschleppt wurden und hier verstarben. Denkmal &hellip; <a href=\"http:\/\/www.denkfried.de\/wp\/?page_id=7797\">Weiterlesen <span class=\"meta-nav\">&rarr;<\/span><\/a><\/p>\n","protected":false},"author":2,"featured_media":0,"parent":7419,"menu_order":0,"comment_status":"closed","ping_status":"open","template":"","meta":{"footnotes":""},"class_list":["post-7797","page","type-page","status-publish","hentry"],"_links":{"self":[{"href":"http:\/\/www.denkfried.de\/wp\/index.php?rest_route=\/wp\/v2\/pages\/7797","targetHints":{"allow":["GET"]}}],"collection":[{"href":"http:\/\/www.denkfried.de\/wp\/index.php?rest_route=\/wp\/v2\/pages"}],"about":[{"href":"http:\/\/www.denkfried.de\/wp\/index.php?rest_route=\/wp\/v2\/types\/page"}],"author":[{"embeddable":true,"href":"http:\/\/www.denkfried.de\/wp\/index.php?rest_route=\/wp\/v2\/users\/2"}],"replies":[{"embeddable":true,"href":"http:\/\/www.denkfried.de\/wp\/index.php?rest_route=%2Fwp%2Fv2%2Fcomments&post=7797"}],"version-history":[{"count":2,"href":"http:\/\/www.denkfried.de\/wp\/index.php?rest_route=\/wp\/v2\/pages\/7797\/revisions"}],"predecessor-version":[{"id":7799,"href":"http:\/\/www.denkfried.de\/wp\/index.php?rest_route=\/wp\/v2\/pages\/7797\/revisions\/7799"}],"up":[{"embeddable":true,"href":"http:\/\/www.denkfried.de\/wp\/index.php?rest_route=\/wp\/v2\/pages\/7419"}],"wp:attachment":[{"href":"http:\/\/www.denkfried.de\/wp\/index.php?rest_route=%2Fwp%2Fv2%2Fmedia&parent=7797"}],"curies":[{"name":"wp","href":"https:\/\/api.w.org\/{rel}","templated":true}]}}