{"id":7748,"date":"2011-05-11T22:19:38","date_gmt":"2011-05-11T20:19:38","guid":{"rendered":"http:\/\/www.denkfried.de\/wp\/?page_id=7748"},"modified":"2011-05-11T22:19:38","modified_gmt":"2011-05-11T20:19:38","slug":"stolpen","status":"publish","type":"page","link":"http:\/\/www.denkfried.de\/wp\/?page_id=7748","title":{"rendered":"Stolpen"},"content":{"rendered":"<p>&nbsp;<\/p>\n<p><strong>01833 Stolpen<\/strong><br \/>\n<a href=\"http:\/\/www.stolpen.de\/\" target=\"_blank\">http:\/\/www.stolpen.de\/<\/a><\/p>\n<p>Stolpen ist eine Kleinstadt in Sachsen. Die Stadt liegt ca. 25 Kilometer \u00f6stlich von Dresden.<br \/>\nWahrzeichen ist eine auf Basaltsteinen erbaute Burg.<br \/>\nZur Zeit des S\u00e4chsischen K\u00f6nigs, August der Starke, wurde seine ehemalige M\u00e4tresse, die Gr\u00e4fin Kosel 37 Jahre gefangengehalten.<\/p>\n<p>Am  Fu\u00dfe der Burg befindet sich das Kriegerdenkmal f\u00fcr die tapferen  Soldaten des Krieges 1870 und das Denkmal f\u00fcr die im 1.Weltkrieg  Gefallenen und Vermissten der Gemeinde.Leider kann man die Namen nur mit  viel M\u00fche lesen.<br \/>\nDie ausgewiesene Tafel f\u00fcr die Gefallenen des 2.Weltkrieges hab ich nicht gefunden.<br \/>\nDie Fotos wurden 2006 gemacht.<br \/>\nDer Friedhof befindet sich gegen\u00fcber auf der anderen Stra\u00dfenseite.<\/p>\n<p>Die INSCHRIFT auf dem Denkmal lautet:<br \/>\nDen Opfern des Weltkrieges 1914-1918<br \/>\nim dankbarem Gedenken die Stadt-Gemeinde Stolpen<br \/>\nSCHLAFT IN EUREN HELDENEHREN<\/p>\n<p>&nbsp;<\/p>\n","protected":false},"excerpt":{"rendered":"<p>&nbsp; 01833 Stolpen http:\/\/www.stolpen.de\/ Stolpen ist eine Kleinstadt in Sachsen. Die Stadt liegt ca. 25 Kilometer \u00f6stlich von Dresden. Wahrzeichen ist eine auf Basaltsteinen erbaute Burg. Zur Zeit des S\u00e4chsischen K\u00f6nigs, August der Starke, wurde seine ehemalige M\u00e4tresse, die Gr\u00e4fin &hellip; <a href=\"http:\/\/www.denkfried.de\/wp\/?page_id=7748\">Weiterlesen <span class=\"meta-nav\">&rarr;<\/span><\/a><\/p>\n","protected":false},"author":2,"featured_media":0,"parent":7426,"menu_order":0,"comment_status":"closed","ping_status":"open","template":"","meta":{"footnotes":""},"class_list":["post-7748","page","type-page","status-publish","hentry"],"_links":{"self":[{"href":"http:\/\/www.denkfried.de\/wp\/index.php?rest_route=\/wp\/v2\/pages\/7748","targetHints":{"allow":["GET"]}}],"collection":[{"href":"http:\/\/www.denkfried.de\/wp\/index.php?rest_route=\/wp\/v2\/pages"}],"about":[{"href":"http:\/\/www.denkfried.de\/wp\/index.php?rest_route=\/wp\/v2\/types\/page"}],"author":[{"embeddable":true,"href":"http:\/\/www.denkfried.de\/wp\/index.php?rest_route=\/wp\/v2\/users\/2"}],"replies":[{"embeddable":true,"href":"http:\/\/www.denkfried.de\/wp\/index.php?rest_route=%2Fwp%2Fv2%2Fcomments&post=7748"}],"version-history":[{"count":2,"href":"http:\/\/www.denkfried.de\/wp\/index.php?rest_route=\/wp\/v2\/pages\/7748\/revisions"}],"predecessor-version":[{"id":7750,"href":"http:\/\/www.denkfried.de\/wp\/index.php?rest_route=\/wp\/v2\/pages\/7748\/revisions\/7750"}],"up":[{"embeddable":true,"href":"http:\/\/www.denkfried.de\/wp\/index.php?rest_route=\/wp\/v2\/pages\/7426"}],"wp:attachment":[{"href":"http:\/\/www.denkfried.de\/wp\/index.php?rest_route=%2Fwp%2Fv2%2Fmedia&parent=7748"}],"curies":[{"name":"wp","href":"https:\/\/api.w.org\/{rel}","templated":true}]}}