{"id":7730,"date":"2011-05-11T22:09:21","date_gmt":"2011-05-11T20:09:21","guid":{"rendered":"http:\/\/www.denkfried.de\/wp\/?page_id=7730"},"modified":"2011-05-11T22:09:21","modified_gmt":"2011-05-11T20:09:21","slug":"chemnitz-reichenbrand","status":"publish","type":"page","link":"http:\/\/www.denkfried.de\/wp\/?page_id=7730","title":{"rendered":"Chemnitz-Reichenbrand"},"content":{"rendered":"<p>&nbsp;<\/p>\n<p><strong>09117 Chemnitz-Reichenbrand<\/strong><\/p>\n<p>Friedhof: Zwickauer Stra\u00dfe 457<br \/>\n20 Einzelgr\u00e4ber italenischer B\u00fcrger\u00a0 \u00a0 \u00a0 \u00a0 \u00a0 \u00a0 \u00a0 \u00a0 \u00a0 \u00a0 \u00a0 \u00a0 \u00a0 \u00a0Deutschland\/Chemnitz-Reichenbrand<\/p>\n<p>Weiterhin sind 128 Zivilpersonen bestattet, die bei Bombenangriffen ums Leben kamen.<\/p>\n<p>&nbsp;<\/p>\n","protected":false},"excerpt":{"rendered":"<p>&nbsp; 09117 Chemnitz-Reichenbrand Friedhof: Zwickauer Stra\u00dfe 457 20 Einzelgr\u00e4ber italenischer B\u00fcrger\u00a0 \u00a0 \u00a0 \u00a0 \u00a0 \u00a0 \u00a0 \u00a0 \u00a0 \u00a0 \u00a0 \u00a0 \u00a0 \u00a0Deutschland\/Chemnitz-Reichenbrand Weiterhin sind 128 Zivilpersonen bestattet, die bei Bombenangriffen ums Leben kamen. &nbsp;<\/p>\n","protected":false},"author":2,"featured_media":0,"parent":7634,"menu_order":0,"comment_status":"closed","ping_status":"open","template":"","meta":{"footnotes":""},"class_list":["post-7730","page","type-page","status-publish","hentry"],"_links":{"self":[{"href":"http:\/\/www.denkfried.de\/wp\/index.php?rest_route=\/wp\/v2\/pages\/7730","targetHints":{"allow":["GET"]}}],"collection":[{"href":"http:\/\/www.denkfried.de\/wp\/index.php?rest_route=\/wp\/v2\/pages"}],"about":[{"href":"http:\/\/www.denkfried.de\/wp\/index.php?rest_route=\/wp\/v2\/types\/page"}],"author":[{"embeddable":true,"href":"http:\/\/www.denkfried.de\/wp\/index.php?rest_route=\/wp\/v2\/users\/2"}],"replies":[{"embeddable":true,"href":"http:\/\/www.denkfried.de\/wp\/index.php?rest_route=%2Fwp%2Fv2%2Fcomments&post=7730"}],"version-history":[{"count":2,"href":"http:\/\/www.denkfried.de\/wp\/index.php?rest_route=\/wp\/v2\/pages\/7730\/revisions"}],"predecessor-version":[{"id":7732,"href":"http:\/\/www.denkfried.de\/wp\/index.php?rest_route=\/wp\/v2\/pages\/7730\/revisions\/7732"}],"up":[{"embeddable":true,"href":"http:\/\/www.denkfried.de\/wp\/index.php?rest_route=\/wp\/v2\/pages\/7634"}],"wp:attachment":[{"href":"http:\/\/www.denkfried.de\/wp\/index.php?rest_route=%2Fwp%2Fv2%2Fmedia&parent=7730"}],"curies":[{"name":"wp","href":"https:\/\/api.w.org\/{rel}","templated":true}]}}