{"id":7702,"date":"2011-05-11T21:51:32","date_gmt":"2011-05-11T19:51:32","guid":{"rendered":"http:\/\/www.denkfried.de\/wp\/?page_id=7702"},"modified":"2011-09-04T21:37:41","modified_gmt":"2011-09-04T19:37:41","slug":"dresden-klotzsche","status":"publish","type":"page","link":"http:\/\/www.denkfried.de\/wp\/?page_id=7702","title":{"rendered":"Dresden &#8211; Klotzsche"},"content":{"rendered":"<p>&nbsp;<\/p>\n<p><span style=\"text-decoration: underline;\"><strong>01109 Dresden &#8211; Klotzsche<\/strong><\/span><\/p>\n<p>Friedhof \u00a0 \u00a0 \u00a0 \u00a0 \u00a0 \u00a0 \u00a0 \u00a0 \u00a0 \u00a0 \u00a0 \u00a0 \u00a0 \u00a0 \u00a0 Deutschland\/Dresden-Klotzsche(Neuer Friedhof)<\/p>\n<p>Deutschland\/Dresden-Klotzsche (Alter Friedhof)<br \/>\nAdresse: Neuer Friedhof Klotzsche<br \/>\nAm Friedhof 6<br \/>\n01109 Dresden<br \/>\n<a href=\"http:\/\/www.kirchgemeinde-klotzsche.de\/index.php?id=5\" target=\"_blank\">http:\/\/www.kirchgemeinde-klotzsche.de\/index.php?id=5<\/a><br \/>\nHier etwas zur Geschichte des Friedhofes:<br \/>\nIn den ersten drei Jahrzehnten des 20.Jahrhunderts hatte Klotzsche einen enormen Bev\u00f6lkerungszuwachs. Die Einwohnerzahl nahm bis 1930 gegen\u00fcber 1900 um ca.zwei Drittel zu. Dieser Zuwachs hatte auch einen Anstieg der Bestattungen zur Folge.<br \/>\nAuf dem Alten Friedhof war aber der Platz begrenzt. Eine Erweiterung war ohne weiteres nicht m\u00f6glich.<br \/>\nBereits im April 1927 traten eingreifende Sperrma\u00dfnahmen in Kraft. So durften u.a.keine Grabstellen zu Lebzeiten gel\u00f6st und keine Ausw\u00e4rtigen bestattet werden. Auch wurden die Beerdigungen in Doppeltiefe empfohlen. In dieser angespannten Lage diskutierte man \u00fcber einen kommunalen Friedhof. Der Kirchgemeindetag am 1.Advent 1927 forderte von der Gemeinde Klotzsche eine &#8222;baldige Regelung der Friedhofsfrage&#8220;. Die Kommune nahm aber Abstand von der Errichtung eines kommunalen Friedhofes, da dieser eine Ausgabe von etwa 150.000 RM bedeuten w\u00fcrde. Eine Erweiterung des bestehenden Friedhofes w\u00e4re billiger. Das erwies sich sp\u00e4ter als falsch. Im Sommer 1930 sah man von den Erweiterungspl\u00e4nen ab und orientierte sich au eine Neuanlegung eines kirchlichen Friedhofes. Im Herbst 1930 entschied man sich f\u00fcr das Gel\u00e4nde hinter dem Jugendheim (jetzt Kirchgemeindehaus) in Richtung Nordost.<br \/>\nF\u00fcr die neue Friedhofsanlage lagen 1931 vier Entw\u00fcrfe vor. Bei der Entscheidung half das Ortbauamt mit. Einstimmig wurde der Entwurf von Herrn Gartenarchitekt Wilhelm R\u00f6hnick aus Dresden angenommen. Es war ein naturnaher Friedhof nach den damals neuen Gestaltungsrichtlinien.<br \/>\nSo konnte am 19.10.1931 der erste Spatenstich erfolgen. Im Fr\u00fchkahr 1932 begannen die Arbeiten an den Geb\u00e4uden.<br \/>\nAm 28.August 1932 zur Mittagsstunde wurde der Friedhof geweiht.<\/p>\n<p>Im Zweiten Weltkrieg wurde ein Ehrenhain f\u00fcr gefallene Wehrmachtsangeh\u00f6rige angelegt. Nach den Bombenangriffen auf Dresden im Februar 1945 brachte man die Verletzten nach Klotzsche in die eigens daf\u00fcr eingerichteten Notstationen. Von den dort Verstorbenen fanden 33 Personen in einem Gemeinschaftsgrab ihr letzte Ruhe.<br \/>\nAm 16.M\u00e4rz 1999 ist die Gesamtanlage des Friedhofes als Gartendenkmal unter Denkmalschutz gestellt worden.<\/p>\n<hr \/>\n<p>Als letztes Foto,die Grabstelle der Flugzeugbestzung die bei dem Absturz am 4.3.1959 ums Leben gekommen sind.<\/p>\n<div id='gallery-1' class='gallery galleryid-7702 gallery-columns-4 gallery-size-thumbnail'><dl class='gallery-item'>\n\t\t\t<dt class='gallery-icon landscape'>\n\t\t\t\t<a href='http:\/\/www.denkfried.de\/wp\/?attachment_id=7703'><img loading=\"lazy\" decoding=\"async\" width=\"150\" height=\"150\" src=\"http:\/\/www.denkfried.de\/wp\/wp-content\/uploads\/2011\/05\/P1010065-150x150.jpg\" class=\"attachment-thumbnail size-thumbnail\" alt=\"\" \/><\/a>\n\t\t\t<\/dt><\/dl><dl class='gallery-item'>\n\t\t\t<dt class='gallery-icon landscape'>\n\t\t\t\t<a href='http:\/\/www.denkfried.de\/wp\/?attachment_id=7704'><img loading=\"lazy\" decoding=\"async\" width=\"150\" height=\"150\" src=\"http:\/\/www.denkfried.de\/wp\/wp-content\/uploads\/2011\/05\/P1010066-150x150.jpg\" class=\"attachment-thumbnail size-thumbnail\" alt=\"\" \/><\/a>\n\t\t\t<\/dt><\/dl><dl class='gallery-item'>\n\t\t\t<dt class='gallery-icon landscape'>\n\t\t\t\t<a href='http:\/\/www.denkfried.de\/wp\/?attachment_id=7705'><img loading=\"lazy\" decoding=\"async\" width=\"150\" height=\"150\" src=\"http:\/\/www.denkfried.de\/wp\/wp-content\/uploads\/2011\/05\/P1010068-150x150.jpg\" class=\"attachment-thumbnail size-thumbnail\" alt=\"\" \/><\/a>\n\t\t\t<\/dt><\/dl><dl class='gallery-item'>\n\t\t\t<dt class='gallery-icon landscape'>\n\t\t\t\t<a href='http:\/\/www.denkfried.de\/wp\/?attachment_id=7706'><img loading=\"lazy\" decoding=\"async\" width=\"150\" height=\"150\" src=\"http:\/\/www.denkfried.de\/wp\/wp-content\/uploads\/2011\/05\/PC090001-150x150.jpg\" class=\"attachment-thumbnail size-thumbnail\" alt=\"\" \/><\/a>\n\t\t\t<\/dt><\/dl><br style=\"clear: both\" \/><dl class='gallery-item'>\n\t\t\t<dt class='gallery-icon landscape'>\n\t\t\t\t<a href='http:\/\/www.denkfried.de\/wp\/?attachment_id=7707'><img loading=\"lazy\" decoding=\"async\" width=\"150\" height=\"150\" src=\"http:\/\/www.denkfried.de\/wp\/wp-content\/uploads\/2011\/05\/vermutliche-Grabst\u00e4tte-Bombenopfer-2-150x150.jpg\" class=\"attachment-thumbnail size-thumbnail\" alt=\"\" \/><\/a>\n\t\t\t<\/dt><\/dl><dl class='gallery-item'>\n\t\t\t<dt class='gallery-icon landscape'>\n\t\t\t\t<a href='http:\/\/www.denkfried.de\/wp\/?attachment_id=7708'><img loading=\"lazy\" decoding=\"async\" width=\"150\" height=\"150\" src=\"http:\/\/www.denkfried.de\/wp\/wp-content\/uploads\/2011\/05\/Kriegsgr\u00e4ber-ohne-Namenstafel-150x150.jpg\" class=\"attachment-thumbnail size-thumbnail\" alt=\"\" \/><\/a>\n\t\t\t<\/dt><\/dl><dl class='gallery-item'>\n\t\t\t<dt class='gallery-icon landscape'>\n\t\t\t\t<a href='http:\/\/www.denkfried.de\/wp\/?attachment_id=7709'><img loading=\"lazy\" decoding=\"async\" width=\"150\" height=\"150\" src=\"http:\/\/www.denkfried.de\/wp\/wp-content\/uploads\/2011\/05\/P1010062-150x150.jpg\" class=\"attachment-thumbnail size-thumbnail\" alt=\"\" \/><\/a>\n\t\t\t<\/dt><\/dl><dl class='gallery-item'>\n\t\t\t<dt class='gallery-icon landscape'>\n\t\t\t\t<a href='http:\/\/www.denkfried.de\/wp\/?attachment_id=7710'><img loading=\"lazy\" decoding=\"async\" width=\"150\" height=\"150\" src=\"http:\/\/www.denkfried.de\/wp\/wp-content\/uploads\/2011\/05\/P1010063-150x150.jpg\" class=\"attachment-thumbnail size-thumbnail\" alt=\"\" \/><\/a>\n\t\t\t<\/dt><\/dl><br style=\"clear: both\" \/>\n\t\t<\/div>\n\n","protected":false},"excerpt":{"rendered":"<p>&nbsp; 01109 Dresden &#8211; Klotzsche Friedhof \u00a0 \u00a0 \u00a0 \u00a0 \u00a0 \u00a0 \u00a0 \u00a0 \u00a0 \u00a0 \u00a0 \u00a0 \u00a0 \u00a0 \u00a0 Deutschland\/Dresden-Klotzsche(Neuer Friedhof) Deutschland\/Dresden-Klotzsche (Alter Friedhof) Adresse: Neuer Friedhof Klotzsche Am Friedhof 6 01109 Dresden http:\/\/www.kirchgemeinde-klotzsche.de\/index.php?id=5 Hier etwas zur Geschichte &hellip; <a href=\"http:\/\/www.denkfried.de\/wp\/?page_id=7702\">Weiterlesen <span class=\"meta-nav\">&rarr;<\/span><\/a><\/p>\n","protected":false},"author":2,"featured_media":0,"parent":7637,"menu_order":0,"comment_status":"closed","ping_status":"open","template":"","meta":{"footnotes":""},"class_list":["post-7702","page","type-page","status-publish","hentry"],"_links":{"self":[{"href":"http:\/\/www.denkfried.de\/wp\/index.php?rest_route=\/wp\/v2\/pages\/7702","targetHints":{"allow":["GET"]}}],"collection":[{"href":"http:\/\/www.denkfried.de\/wp\/index.php?rest_route=\/wp\/v2\/pages"}],"about":[{"href":"http:\/\/www.denkfried.de\/wp\/index.php?rest_route=\/wp\/v2\/types\/page"}],"author":[{"embeddable":true,"href":"http:\/\/www.denkfried.de\/wp\/index.php?rest_route=\/wp\/v2\/users\/2"}],"replies":[{"embeddable":true,"href":"http:\/\/www.denkfried.de\/wp\/index.php?rest_route=%2Fwp%2Fv2%2Fcomments&post=7702"}],"version-history":[{"count":3,"href":"http:\/\/www.denkfried.de\/wp\/index.php?rest_route=\/wp\/v2\/pages\/7702\/revisions"}],"predecessor-version":[{"id":11190,"href":"http:\/\/www.denkfried.de\/wp\/index.php?rest_route=\/wp\/v2\/pages\/7702\/revisions\/11190"}],"up":[{"embeddable":true,"href":"http:\/\/www.denkfried.de\/wp\/index.php?rest_route=\/wp\/v2\/pages\/7637"}],"wp:attachment":[{"href":"http:\/\/www.denkfried.de\/wp\/index.php?rest_route=%2Fwp%2Fv2%2Fmedia&parent=7702"}],"curies":[{"name":"wp","href":"https:\/\/api.w.org\/{rel}","templated":true}]}}