{"id":7640,"date":"2011-05-11T20:16:52","date_gmt":"2011-05-11T18:16:52","guid":{"rendered":"http:\/\/www.denkfried.de\/wp\/?page_id=7640"},"modified":"2013-10-19T21:45:06","modified_gmt":"2013-10-19T19:45:06","slug":"kreisfreie-stadt-leipzig","status":"publish","type":"page","link":"http:\/\/www.denkfried.de\/wp\/?page_id=7640","title":{"rendered":"Kreisfreie Stadt: LEIPZIG"},"content":{"rendered":"<p>&nbsp;<\/p>\n<p>Verwaltungssitz: 04109 Leipzig, Neues Rathaus Martin-Luther-Ring 4-6<\/p>\n<p>**************************************************************<\/p>\n<p>Leipzig ist in 10 Stadtbezirke gegliedert, darin enthalten sind 63 Ortsteile.<\/p>\n<p>9 Kriegsgr\u00e4berst\u00e4tten mit 8.444 Toten<\/p>\n<blockquote>\n<ul>\n<li><a title=\"Leipzig  (S\u00fcdfriedhof)\" href=\"http:\/\/www.denkfried.de\/wp\/?page_id=7652\">S\u00fcdfriedhof &#8211; KGST<\/a><\/li>\n<li><a href=\"http:\/\/www.denkfried.de\/wp\/?page_id=33512\">S\u00fcdfriedhof &#8211; Denkm\u00e4ler<\/a><\/li>\n<li><a title=\"Leipzig (Ostfriedhof)\" href=\"http:\/\/www.denkfried.de\/wp\/?page_id=7649\">Ostfriedhof<\/a><\/li>\n<li><a href=\"http:\/\/www.denkfried.de\/wp\/?page_id=33525\">V\u00f6lkerschlachtdenkmal<\/a><\/li>\n<\/ul>\n<p><strong>Stadtbezirke:<\/strong><\/p>\n<ul>\n<li><a href=\"http:\/\/www.denkfried.de\/wp\/?page_id=33435\">Altwest<\/a><\/li>\n<li><a href=\"http:\/\/www.denkfried.de\/wp\/?page_id=33440\">Mitte<\/a><\/li>\n<li><a href=\"http:\/\/www.denkfried.de\/wp\/?page_id=33477\">Nord<\/a><\/li>\n<li><a href=\"http:\/\/www.denkfried.de\/wp\/?page_id=33446\">Nordost<\/a><\/li>\n<li><a href=\"http:\/\/www.denkfried.de\/wp\/?page_id=33473\">Nordwest<\/a><\/li>\n<li><a href=\"http:\/\/www.denkfried.de\/wp\/?page_id=33451\">Ost<\/a><\/li>\n<li><a href=\"http:\/\/www.denkfried.de\/wp\/?page_id=33461\">S\u00fcd<\/a><\/li>\n<li><a href=\"http:\/\/www.denkfried.de\/wp\/?page_id=33456\">S\u00fcdost<\/a><\/li>\n<li><a href=\"http:\/\/www.denkfried.de\/wp\/?page_id=33465\">S\u00fcdwest<\/a><\/li>\n<li><a href=\"http:\/\/www.denkfried.de\/wp\/?page_id=33469\">West<\/a><\/li>\n<\/ul>\n<p>&nbsp;<\/p>\n<p>&nbsp;<\/p>\n<ul>\n<li><a title=\"Leipzig-Althen\" href=\"http:\/\/www.denkfried.de\/wp\/?page_id=7889\">Leipzig-Althen<\/a><\/li>\n<li><a title=\"Leipzig-Breitenfeld\" href=\"http:\/\/www.denkfried.de\/wp\/?page_id=7646\">Leipzig-Breitenfeld<\/a><\/li>\n<li><a title=\"Leipzig \u2013 M\u00f6ckern\" href=\"http:\/\/www.denkfried.de\/wp\/?page_id=16331\">Leipzig-M\u00f6ckern<\/a><\/li>\n<li><a title=\"Leipzig-M\u00f6lkau\" href=\"http:\/\/www.denkfried.de\/wp\/?page_id=7643\">Leipzig-M\u00f6lkau<\/a><\/li>\n<li><a title=\"Leipzig \u2013 Plagwitz\" href=\"http:\/\/www.denkfried.de\/wp\/?page_id=16348\">Leipzig-Plagwitz<\/a><\/li>\n<li><\/li>\n<li><a title=\"Leipzig \u2013 Seehausen\" href=\"http:\/\/www.denkfried.de\/wp\/?page_id=16324\">Leipzig-Seehausen<\/a><\/li>\n<\/ul>\n<\/blockquote>\n<p>&nbsp;<\/p>\n","protected":false},"excerpt":{"rendered":"<p>&nbsp; Verwaltungssitz: 04109 Leipzig, Neues Rathaus Martin-Luther-Ring 4-6 ************************************************************** Leipzig ist in 10 Stadtbezirke gegliedert, darin enthalten sind 63 Ortsteile. 9 Kriegsgr\u00e4berst\u00e4tten mit 8.444 Toten S\u00fcdfriedhof &#8211; KGST S\u00fcdfriedhof &#8211; Denkm\u00e4ler Ostfriedhof V\u00f6lkerschlachtdenkmal Stadtbezirke: Altwest Mitte Nord Nordost Nordwest Ost &hellip; <a href=\"http:\/\/www.denkfried.de\/wp\/?page_id=7640\">Weiterlesen <span class=\"meta-nav\">&rarr;<\/span><\/a><\/p>\n","protected":false},"author":2,"featured_media":0,"parent":399,"menu_order":0,"comment_status":"closed","ping_status":"open","template":"","meta":{"footnotes":""},"class_list":["post-7640","page","type-page","status-publish","hentry"],"_links":{"self":[{"href":"http:\/\/www.denkfried.de\/wp\/index.php?rest_route=\/wp\/v2\/pages\/7640","targetHints":{"allow":["GET"]}}],"collection":[{"href":"http:\/\/www.denkfried.de\/wp\/index.php?rest_route=\/wp\/v2\/pages"}],"about":[{"href":"http:\/\/www.denkfried.de\/wp\/index.php?rest_route=\/wp\/v2\/types\/page"}],"author":[{"embeddable":true,"href":"http:\/\/www.denkfried.de\/wp\/index.php?rest_route=\/wp\/v2\/users\/2"}],"replies":[{"embeddable":true,"href":"http:\/\/www.denkfried.de\/wp\/index.php?rest_route=%2Fwp%2Fv2%2Fcomments&post=7640"}],"version-history":[{"count":25,"href":"http:\/\/www.denkfried.de\/wp\/index.php?rest_route=\/wp\/v2\/pages\/7640\/revisions"}],"predecessor-version":[{"id":33533,"href":"http:\/\/www.denkfried.de\/wp\/index.php?rest_route=\/wp\/v2\/pages\/7640\/revisions\/33533"}],"up":[{"embeddable":true,"href":"http:\/\/www.denkfried.de\/wp\/index.php?rest_route=\/wp\/v2\/pages\/399"}],"wp:attachment":[{"href":"http:\/\/www.denkfried.de\/wp\/index.php?rest_route=%2Fwp%2Fv2%2Fmedia&parent=7640"}],"curies":[{"name":"wp","href":"https:\/\/api.w.org\/{rel}","templated":true}]}}